{"id":914,"date":"2021-01-25T21:08:00","date_gmt":"2021-01-25T21:08:00","guid":{"rendered":"https:\/\/comunicatebymariazabay.wordpress.com\/?page_id=914"},"modified":"2021-08-19T10:16:56","modified_gmt":"2021-08-19T10:16:56","slug":"testimonios-2","status":"publish","type":"page","link":"https:\/\/esteireconsulting.com\/en\/testimonios-2","title":{"rendered":"Testimonials"},"content":{"rendered":"<div style=\"height:13px\" aria-hidden=\"true\" class=\"wp-block-spacer\"><\/div>\n\n\n\n<div class=\"wp-block-buttons alignfull is-content-justification-right home_01 is-layout-flex wp-block-buttons-is-layout-flex\">\n<div class=\"wp-block-button\"><a class=\"wp-block-button__link has-foreground-color has-background-background-color has-text-color has-background\" href=\"http:\/\/esteireconsulting.com\/en\/\">Home<\/a><\/div>\n\n\n\n<div class=\"wp-block-button\"><a class=\"wp-block-button__link has-foreground-color has-background-background-color has-text-color has-background\" href=\"http:\/\/esteireconsulting.com\/en\/sobre-nosotros\/\">About Us<\/a><\/div>\n\n\n\n<div class=\"wp-block-button\"><a class=\"wp-block-button__link has-foreground-color has-background-background-color has-text-color has-background\" href=\"http:\/\/esteireconsulting.com\/en\/partners\/\">Partners<\/a><\/div>\n\n\n\n<div class=\"wp-block-button\"><a class=\"wp-block-button__link has-foreground-color has-background-background-color has-text-color has-background\" href=\"http:\/\/esteireconsulting.com\/en\/paises\/\">Countries<\/a><\/div>\n\n\n\n<div class=\"wp-block-button\"><a class=\"wp-block-button__link has-foreground-color has-background-background-color has-text-color has-background\" href=\"http:\/\/esteireconsulting.com\/en\/testimonios\/\">Testimonials<\/a><\/div>\n\n\n\n<div class=\"wp-block-button\"><a class=\"wp-block-button__link has-foreground-color has-background-background-color has-text-color has-background\" href=\"http:\/\/esteireconsulting.com\/en\/blog-esteire\/\">Blog<\/a><\/div>\n\n\n\n<div class=\"wp-block-button\"><a class=\"wp-block-button__link has-foreground-color has-background-background-color has-text-color has-background\" href=\"http:\/\/esteireconsulting.com\/en\/contacto\/\">Contact us<\/a><\/div>\n<\/div>\n\n\n\n<p><\/p>\n\n\n\n<hr class=\"wp-block-separator alignfull has-text-color has-background has-foreground-dark-background-color has-foreground-dark-color is-style-wide full_width\"\/>\n\n\n\n<div style=\"height:19px\" aria-hidden=\"true\" class=\"wp-block-spacer\"><\/div>\n\n\n\n<figure class=\"wp-block-image alignfull size-large is-style-default testimonios-img-cabecera\"><img decoding=\"async\" loading=\"lazy\" width=\"1024\" height=\"474\" src=\"http:\/\/esteireconsulting.com\/wp-content\/uploads\/2021\/02\/mia_2-1024x474.png\" alt=\"\" class=\"wp-image-1771\" srcset=\"https:\/\/esteireconsulting.com\/wp-content\/uploads\/2021\/02\/mia_2-1024x474.png 1024w, https:\/\/esteireconsulting.com\/wp-content\/uploads\/2021\/02\/mia_2-300x139.png 300w, https:\/\/esteireconsulting.com\/wp-content\/uploads\/2021\/02\/mia_2-768x356.png 768w, https:\/\/esteireconsulting.com\/wp-content\/uploads\/2021\/02\/mia_2.png 1174w\" sizes=\"(max-width: 1024px) 100vw, 1024px\" \/><\/figure>\n\n\n\n<div style=\"height:81px\" aria-hidden=\"true\" class=\"wp-block-spacer\"><\/div>\n\n\n\n<div class=\"wp-block-group alignfull has-background-background-color has-background\"><div class=\"wp-block-group__inner-container is-layout-flow wp-block-group-is-layout-flow\">\n<div class=\"wp-block-jetpack-layout-grid alignfull column1-desktop-grid__span-8 column1-desktop-grid__start-3 column1-desktop-grid__row-1 column1-tablet-grid__span-8 column1-tablet-grid__row-1 column1-mobile-grid__span-4 column1-mobile-grid__row-1\">\n<div class=\"wp-block-jetpack-layout-grid-column wp-block-jetpack-layout-grid__padding-none\">\n<h1 class=\"has-text-align-center wp-block-heading\">Our clients are<\/h1>\n\n\n\n<h1 class=\"has-text-align-center wp-block-heading\">our best guarantee<\/h1>\n\n\n\n<p><\/p>\n<\/div>\n<\/div>\n<\/div><\/div>\n\n\n\n<p class=\"has-text-align-center has-small-font-size\">\u201cWorking with Esteire Consulting has been a great decision for our expansion in the Middle East. Thanks to them, we are closing big contracts in Egypt, Qatar and Saudi Arabia \u00bb.<\/p>\n\n\n\n<p class=\"has-text-align-center has-small-font-size\"><strong>Jos\u00e9 Manuel Gonz\u00e1lez, CEO CUSTOS<\/strong><\/p>\n\n\n\n<div style=\"height:30px\" aria-hidden=\"true\" class=\"wp-block-spacer\"><\/div>\n\n\n\n<p class=\"has-text-align-center has-small-font-size\">\"What has surprised me the most about Esteire Consulting is its efficiency and quickness in opening great contacts.\"<\/p>\n\n\n\n<p class=\"has-text-align-center has-small-font-size\"><strong>Carlos S\u00e1nchez Arenas, CEO SNIPPET<\/strong><\/p>\n\n\n\n<div style=\"height:30px\" aria-hidden=\"true\" class=\"wp-block-spacer\"><\/div>\n\n\n\n<p class=\"has-text-align-center has-small-font-size\">\u201cI have known Carlos for 15 years, when he first came to Qatar. Since then, and even more so with the creation of Esteire Consulting, I have always been amazed by their ability to identify opportunities in Qatar and find the right partners and products, in the various sectors in which we have collaborated \u201d.<\/p>\n\n\n\n<p class=\"has-text-align-center has-small-font-size\"><strong>Salah Maktari, CEO Basmaa Marketing<\/strong><\/p>\n\n\n\n<div style=\"height:30px\" aria-hidden=\"true\" class=\"wp-block-spacer\"><\/div>\n\n\n\n<p class=\"has-text-align-center has-small-font-size\">\u201cThrough Esteire Consulting we have been able to bring to Iraqi Kurdistan, products, technologies and services in various sectors such as mobility, health, construction or engineering, which have contributed to the growth of my region. Spanish companies are one of our favorite partners and we invite everyone to visit us in Erbil \u00bb.<\/p>\n\n\n\n<p class=\"has-text-align-center has-small-font-size\"><strong>Mokhls Barzani, CEO MTC Trading<\/strong><\/p>\n\n\n\n<div style=\"height:30px\" aria-hidden=\"true\" class=\"wp-block-spacer\"><\/div>\n\n\n\n<p><\/p>\n\n\n\n<div class=\"wp-block-group alignfull has-text-color has-background\" style=\"background-color:#f1f1ee;color:#000000\"><div class=\"wp-block-group__inner-container is-layout-flow wp-block-group-is-layout-flow\">\n<div style=\"height:106px\" aria-hidden=\"true\" class=\"wp-block-spacer\"><\/div>\n\n\n\n<h2 class=\"alignfull has-text-align-center wp-block-heading\">Our goal is to fulfill yours<\/h2>\n\n\n\n<div class=\"wp-block-jetpack-layout-grid alignfull column1-desktop-grid__span-8 column1-desktop-grid__start-3 column1-desktop-grid__row-1 column1-tablet-grid__span-8 column1-tablet-grid__row-1 column1-mobile-grid__span-4 column1-mobile-grid__row-1\">\n<div class=\"wp-block-jetpack-layout-grid-column wp-block-jetpack-layout-grid__padding-none\"><\/div>\n<\/div>\n\n\n\n<div style=\"height:60px\" aria-hidden=\"true\" class=\"wp-block-spacer\"><\/div>\n<\/div><\/div>\n\n\n\n<div class=\"wp-block-columns are-vertically-aligned-center footer_1 is-layout-flex wp-container-core-columns-is-layout-1 wp-block-columns-is-layout-flex\">\n<div class=\"wp-block-column is-layout-flow wp-block-column-is-layout-flow\">\n<p class=\"has-text-align-center\">2021<\/p>\n<\/div>\n\n\n\n<div class=\"wp-block-column is-vertically-aligned-center is-layout-flow wp-block-column-is-layout-flow\">\n<div class=\"wp-block-buttons is-content-justification-center is-layout-flex wp-block-buttons-is-layout-flex\">\n<div class=\"wp-block-button botenes-footer is-style-outline\"><a class=\"wp-block-button__link has-foreground-color has-background-background-color has-text-color has-background\" href=\"http:\/\/esteireconsulting.com\/en\/aviso-legal\/\">Legal warning<\/a><\/div>\n<\/div>\n<\/div>\n\n\n\n<div class=\"wp-block-column is-vertically-aligned-center is-layout-flow wp-block-column-is-layout-flow\">\n<div class=\"wp-block-buttons is-content-justification-center is-layout-flex wp-block-buttons-is-layout-flex\">\n<div class=\"wp-block-button is-style-outline\"><a class=\"wp-block-button__link has-foreground-color has-background-background-color has-text-color has-background\" href=\"http:\/\/esteireconsulting.com\/en\/cookies\/\">Cookies<\/a><\/div>\n<\/div>\n<\/div>\n\n\n\n<div class=\"wp-block-column is-vertically-aligned-center is-layout-flow wp-block-column-is-layout-flow\">\n<div class=\"wp-block-buttons is-content-justification-center is-layout-flex wp-block-buttons-is-layout-flex\">\n<div class=\"wp-block-button is-style-outline\"><a class=\"wp-block-button__link has-foreground-color has-background-background-color has-text-color has-background\" href=\"http:\/\/esteireconsulting.com\/en\/contacto-est\/\">Contact us<\/a><\/div>\n<\/div>\n<\/div>\n<\/div>","protected":false},"excerpt":{"rendered":"<p>Nuestros clientes son nuestro mejor aval \u00abTrabajar con Esteire Consulting ha sido una gran decisi\u00f3n para nuestra expansi\u00f3n en Oriente Medio. Gracias a ellos estamos cerrando grandes contratos en Egipto, Qatar y Arabia Saud\u00ed\u00bb. Jos\u00e9 Manuel Gonz\u00e1lez, CEO CUSTOS \u00abLo que m\u00e1s me ha sorprendido de Esteire Consulting es su eficiencia y rapidez abriendo grandes<a class=\"more-link\" href=\"https:\/\/esteireconsulting.com\/en\/testimonios-2\">Continue reading <span class=\"screen-reader-text\">\u00abTestimonios\u00bb<\/span><\/a><\/p>","protected":false},"author":1,"featured_media":0,"parent":0,"menu_order":0,"comment_status":"closed","ping_status":"closed","template":"","meta":{"footnotes":""},"yoast_head":"<!-- This site is optimized with the Yoast SEO plugin v22.6 - https:\/\/yoast.com\/wordpress\/plugins\/seo\/ -->\n<title>Testimonios -<\/title>\n<meta name=\"robots\" content=\"index, follow, max-snippet:-1, max-image-preview:large, max-video-preview:-1\" \/>\n<link rel=\"canonical\" href=\"https:\/\/esteireconsulting.com\/en\/testimonios-2\" \/>\n<meta property=\"og:locale\" content=\"en_US\" \/>\n<meta property=\"og:type\" content=\"article\" \/>\n<meta property=\"og:title\" content=\"Testimonios -\" \/>\n<meta property=\"og:description\" content=\"Nuestros clientes son nuestro mejor aval \u00abTrabajar con Esteire Consulting ha sido una gran decisi\u00f3n para nuestra expansi\u00f3n en Oriente Medio. Gracias a ellos estamos cerrando grandes contratos en Egipto, Qatar y Arabia Saud\u00ed\u00bb. Jos\u00e9 Manuel Gonz\u00e1lez, CEO CUSTOS \u00abLo que m\u00e1s me ha sorprendido de Esteire Consulting es su eficiencia y rapidez abriendo grandesContinue reading &quot;Testimonios&quot;\" \/>\n<meta property=\"og:url\" content=\"https:\/\/esteireconsulting.com\/en\/testimonios-2\" \/>\n<meta property=\"article:modified_time\" content=\"2021-08-19T10:16:56+00:00\" \/>\n<meta property=\"og:image\" content=\"http:\/\/esteireconsulting.com\/wp-content\/uploads\/2021\/02\/mia_2-1024x474.png\" \/>\n<meta name=\"twitter:card\" content=\"summary_large_image\" \/>\n<meta name=\"twitter:label1\" content=\"Est. reading time\" \/>\n\t<meta name=\"twitter:data1\" content=\"1 minute\" \/>\n<script type=\"application\/ld+json\" class=\"yoast-schema-graph\">{\"@context\":\"https:\/\/schema.org\",\"@graph\":[{\"@type\":\"WebPage\",\"@id\":\"https:\/\/esteireconsulting.com\/en\/testimonios-2\",\"url\":\"https:\/\/esteireconsulting.com\/en\/testimonios-2\",\"name\":\"Testimonios -\",\"isPartOf\":{\"@id\":\"https:\/\/esteireconsulting.com\/#website\"},\"primaryImageOfPage\":{\"@id\":\"https:\/\/esteireconsulting.com\/en\/testimonios-2#primaryimage\"},\"image\":{\"@id\":\"https:\/\/esteireconsulting.com\/en\/testimonios-2#primaryimage\"},\"thumbnailUrl\":\"http:\/\/esteireconsulting.com\/wp-content\/uploads\/2021\/02\/mia_2-1024x474.png\",\"datePublished\":\"2021-01-25T21:08:00+00:00\",\"dateModified\":\"2021-08-19T10:16:56+00:00\",\"breadcrumb\":{\"@id\":\"https:\/\/esteireconsulting.com\/en\/testimonios-2#breadcrumb\"},\"inLanguage\":\"en-US\",\"potentialAction\":[{\"@type\":\"ReadAction\",\"target\":[\"https:\/\/esteireconsulting.com\/en\/testimonios-2\"]}]},{\"@type\":\"ImageObject\",\"inLanguage\":\"en-US\",\"@id\":\"https:\/\/esteireconsulting.com\/en\/testimonios-2#primaryimage\",\"url\":\"http:\/\/esteireconsulting.com\/wp-content\/uploads\/2021\/02\/mia_2-1024x474.png\",\"contentUrl\":\"http:\/\/esteireconsulting.com\/wp-content\/uploads\/2021\/02\/mia_2-1024x474.png\"},{\"@type\":\"BreadcrumbList\",\"@id\":\"https:\/\/esteireconsulting.com\/en\/testimonios-2#breadcrumb\",\"itemListElement\":[{\"@type\":\"ListItem\",\"position\":1,\"name\":\"Portada\",\"item\":\"https:\/\/esteireconsulting.com\/\"},{\"@type\":\"ListItem\",\"position\":2,\"name\":\"Testimonios\"}]},{\"@type\":\"WebSite\",\"@id\":\"https:\/\/esteireconsulting.com\/#website\",\"url\":\"https:\/\/esteireconsulting.com\/\",\"name\":\"\",\"description\":\"\",\"potentialAction\":[{\"@type\":\"SearchAction\",\"target\":{\"@type\":\"EntryPoint\",\"urlTemplate\":\"https:\/\/esteireconsulting.com\/?s={search_term_string}\"},\"query-input\":\"required name=search_term_string\"}],\"inLanguage\":\"en-US\"}]}<\/script>\n<!-- \/ Yoast SEO plugin. -->","yoast_head_json":{"title":"Testimonios -","robots":{"index":"index","follow":"follow","max-snippet":"max-snippet:-1","max-image-preview":"max-image-preview:large","max-video-preview":"max-video-preview:-1"},"canonical":"https:\/\/esteireconsulting.com\/en\/testimonios-2","og_locale":"en_US","og_type":"article","og_title":"Testimonios -","og_description":"Nuestros clientes son nuestro mejor aval \u00abTrabajar con Esteire Consulting ha sido una gran decisi\u00f3n para nuestra expansi\u00f3n en Oriente Medio. Gracias a ellos estamos cerrando grandes contratos en Egipto, Qatar y Arabia Saud\u00ed\u00bb. Jos\u00e9 Manuel Gonz\u00e1lez, CEO CUSTOS \u00abLo que m\u00e1s me ha sorprendido de Esteire Consulting es su eficiencia y rapidez abriendo grandesContinue reading \"Testimonios\"","og_url":"https:\/\/esteireconsulting.com\/en\/testimonios-2","article_modified_time":"2021-08-19T10:16:56+00:00","og_image":[{"url":"http:\/\/esteireconsulting.com\/wp-content\/uploads\/2021\/02\/mia_2-1024x474.png"}],"twitter_card":"summary_large_image","twitter_misc":{"Est. reading time":"1 minute"},"schema":{"@context":"https:\/\/schema.org","@graph":[{"@type":"WebPage","@id":"https:\/\/esteireconsulting.com\/en\/testimonios-2","url":"https:\/\/esteireconsulting.com\/en\/testimonios-2","name":"Testimonios -","isPartOf":{"@id":"https:\/\/esteireconsulting.com\/#website"},"primaryImageOfPage":{"@id":"https:\/\/esteireconsulting.com\/en\/testimonios-2#primaryimage"},"image":{"@id":"https:\/\/esteireconsulting.com\/en\/testimonios-2#primaryimage"},"thumbnailUrl":"http:\/\/esteireconsulting.com\/wp-content\/uploads\/2021\/02\/mia_2-1024x474.png","datePublished":"2021-01-25T21:08:00+00:00","dateModified":"2021-08-19T10:16:56+00:00","breadcrumb":{"@id":"https:\/\/esteireconsulting.com\/en\/testimonios-2#breadcrumb"},"inLanguage":"en-US","potentialAction":[{"@type":"ReadAction","target":["https:\/\/esteireconsulting.com\/en\/testimonios-2"]}]},{"@type":"ImageObject","inLanguage":"en-US","@id":"https:\/\/esteireconsulting.com\/en\/testimonios-2#primaryimage","url":"http:\/\/esteireconsulting.com\/wp-content\/uploads\/2021\/02\/mia_2-1024x474.png","contentUrl":"http:\/\/esteireconsulting.com\/wp-content\/uploads\/2021\/02\/mia_2-1024x474.png"},{"@type":"BreadcrumbList","@id":"https:\/\/esteireconsulting.com\/en\/testimonios-2#breadcrumb","itemListElement":[{"@type":"ListItem","position":1,"name":"Portada","item":"https:\/\/esteireconsulting.com\/"},{"@type":"ListItem","position":2,"name":"Testimonios"}]},{"@type":"WebSite","@id":"https:\/\/esteireconsulting.com\/#website","url":"https:\/\/esteireconsulting.com\/","name":"","description":"","potentialAction":[{"@type":"SearchAction","target":{"@type":"EntryPoint","urlTemplate":"https:\/\/esteireconsulting.com\/?s={search_term_string}"},"query-input":"required name=search_term_string"}],"inLanguage":"en-US"}]}},"_links":{"self":[{"href":"https:\/\/esteireconsulting.com\/en\/wp-json\/wp\/v2\/pages\/914"}],"collection":[{"href":"https:\/\/esteireconsulting.com\/en\/wp-json\/wp\/v2\/pages"}],"about":[{"href":"https:\/\/esteireconsulting.com\/en\/wp-json\/wp\/v2\/types\/page"}],"author":[{"embeddable":true,"href":"https:\/\/esteireconsulting.com\/en\/wp-json\/wp\/v2\/users\/1"}],"replies":[{"embeddable":true,"href":"https:\/\/esteireconsulting.com\/en\/wp-json\/wp\/v2\/comments?post=914"}],"version-history":[{"count":13,"href":"https:\/\/esteireconsulting.com\/en\/wp-json\/wp\/v2\/pages\/914\/revisions"}],"predecessor-version":[{"id":2585,"href":"https:\/\/esteireconsulting.com\/en\/wp-json\/wp\/v2\/pages\/914\/revisions\/2585"}],"wp:attachment":[{"href":"https:\/\/esteireconsulting.com\/en\/wp-json\/wp\/v2\/media?parent=914"}],"curies":[{"name":"wp","href":"https:\/\/api.w.org\/{rel}","templated":true}]}}