{"id":775,"date":"2021-01-23T09:33:47","date_gmt":"2021-01-23T09:33:47","guid":{"rendered":"https:\/\/comunicatebymariazabay.wordpress.com\/?page_id=775"},"modified":"2022-03-04T10:54:39","modified_gmt":"2022-03-04T10:54:39","slug":"construccion-materiales","status":"publish","type":"page","link":"https:\/\/esteireconsulting.com\/en\/construccion-materiales","title":{"rendered":"Construcci\u00f3n\/materiales"},"content":{"rendered":"<div style=\"height:24px\" aria-hidden=\"true\" class=\"wp-block-spacer\"><\/div>\n\n\n\n<div class=\"wp-block-buttons alignfull is-content-justification-right home_01 is-layout-flex wp-block-buttons-is-layout-flex\">\n<div class=\"wp-block-button\"><a class=\"wp-block-button__link has-foreground-color has-background-background-color has-text-color has-background\" href=\"http:\/\/esteireconsulting.com\/en\/\">Home<\/a><\/div>\n\n\n\n<div class=\"wp-block-button\"><a class=\"wp-block-button__link has-foreground-color has-background-background-color has-text-color has-background\" href=\"http:\/\/esteireconsulting.com\/en\/sobre-nosotros\/\">About Us<\/a><\/div>\n\n\n\n<div class=\"wp-block-button\"><a class=\"wp-block-button__link has-foreground-color has-background-background-color has-text-color has-background\" href=\"http:\/\/esteireconsulting.com\/en\/partners\/\">Partners<\/a><\/div>\n\n\n\n<div class=\"wp-block-button\"><a class=\"wp-block-button__link has-foreground-color has-background-background-color has-text-color has-background\" href=\"http:\/\/esteireconsulting.com\/en\/paises\/\">Countries<\/a><\/div>\n\n\n\n<div class=\"wp-block-button\"><a class=\"wp-block-button__link has-foreground-color has-background-background-color has-text-color has-background\" href=\"http:\/\/esteireconsulting.com\/en\/testimonios\/\">Testimonials<\/a><\/div>\n\n\n\n<div class=\"wp-block-button\"><a class=\"wp-block-button__link has-foreground-color has-background-background-color has-text-color has-background\" href=\"http:\/\/esteireconsulting.com\/en\/blog-esteire\/\">Blog<\/a><\/div>\n\n\n\n<div class=\"wp-block-button\"><a class=\"wp-block-button__link has-foreground-color has-background-background-color has-text-color has-background\" href=\"http:\/\/esteireconsulting.com\/en\/contacto\/\">Contact us<\/a><\/div>\n<\/div>\n\n\n\n<p><\/p>\n\n\n\n<hr class=\"wp-block-separator alignfull has-text-color has-background has-foreground-dark-background-color has-foreground-dark-color is-style-wide full_width\"\/>\n\n\n\n<div class=\"wp-block-media-text alignwide has-media-on-the-right is-image-fill is-stacked-on-mobile\" style=\"grid-template-columns:auto 49%\"><figure class=\"wp-block-media-text__media\" style=\"background-image:url(http:\/\/esteireconsulting.com\/wp-content\/uploads\/2022\/03\/Captura-de-pantalla-2022-03-04-a-las-11.53.15.png);background-position:50% 50%\"><img decoding=\"async\" loading=\"lazy\" width=\"676\" height=\"454\" src=\"http:\/\/esteireconsulting.com\/wp-content\/uploads\/2022\/03\/Captura-de-pantalla-2022-03-04-a-las-11.53.15.png\" alt=\"\" class=\"wp-image-2881 size-full\" srcset=\"https:\/\/esteireconsulting.com\/wp-content\/uploads\/2022\/03\/Captura-de-pantalla-2022-03-04-a-las-11.53.15.png 676w, https:\/\/esteireconsulting.com\/wp-content\/uploads\/2022\/03\/Captura-de-pantalla-2022-03-04-a-las-11.53.15-300x201.png 300w, https:\/\/esteireconsulting.com\/wp-content\/uploads\/2022\/03\/Captura-de-pantalla-2022-03-04-a-las-11.53.15-18x12.png 18w\" sizes=\"(max-width: 676px) 100vw, 676px\" \/><\/figure><div class=\"wp-block-media-text__content\">\n<h2 class=\"has-text-align-left wp-block-heading\"><a href=\"https:\/\/greeneco.info\/\">Green Eco<\/a><\/h2>\n\n\n\n<p class=\"has-small-font-size\"><\/p>\n\n\n\n<p class=\"has-small-font-size\">80% energy saving high-efficiency air conditioning equipment R&amp;D, distribution and projects design with these air conditioning units based on adiabatic cooling technologies including Hybrid. The air conditioning units do not use refrigerants gases to perform, they cool the air evaporating water. Therefore no Direct Expansion technology is involved, and they operate 10% fresh air. Green Eco uses water evaporation to cool the air, and the cooling process operates with enthalpy variation. The design of projects, apart from the usual ones for buildings and large areas, even diaphanous and high-rise, includes applications in outdoor spaces such as leisure and sports areas, theme parks, streets, etc. The saving in electricity consumption is up to 80% versus mechanical compression systems, they work for total air renewal (without recirculation), and +10 COP<\/p>\n\n\n\n<p class=\"has-text-align-left\" style=\"font-size:16px\"><\/p>\n<\/div><\/div>\n\n\n\n<div class=\"wp-block-media-text alignwide is-image-fill is-stacked-on-mobile\" style=\"grid-template-columns:49% auto\"><figure class=\"wp-block-media-text__media\" style=\"background-image:url(http:\/\/esteireconsulting.com\/wp-content\/uploads\/2021\/02\/Captura-de-pantalla-2021-02-03-a-las-12.19.08-746x1024.png);background-position:50% 50%\"><img decoding=\"async\" loading=\"lazy\" width=\"746\" height=\"1024\" src=\"http:\/\/esteireconsulting.com\/wp-content\/uploads\/2021\/02\/Captura-de-pantalla-2021-02-03-a-las-12.19.08-746x1024.png\" alt=\"\" class=\"wp-image-1787 size-full\" srcset=\"https:\/\/esteireconsulting.com\/wp-content\/uploads\/2021\/02\/Captura-de-pantalla-2021-02-03-a-las-12.19.08-746x1024.png 746w, https:\/\/esteireconsulting.com\/wp-content\/uploads\/2021\/02\/Captura-de-pantalla-2021-02-03-a-las-12.19.08-218x300.png 218w, https:\/\/esteireconsulting.com\/wp-content\/uploads\/2021\/02\/Captura-de-pantalla-2021-02-03-a-las-12.19.08-768x1055.png 768w, https:\/\/esteireconsulting.com\/wp-content\/uploads\/2021\/02\/Captura-de-pantalla-2021-02-03-a-las-12.19.08.png 938w\" sizes=\"(max-width: 746px) 100vw, 746px\" \/><\/figure><div class=\"wp-block-media-text__content\">\n<h2 class=\"has-text-align-left wp-block-heading\"><a href=\"http:\/\/www.neolith.com\" target=\"_blank\" rel=\"noreferrer noopener\">Neolith<\/a><\/h2>\n\n\n\n<p class=\"has-small-font-size\">Neolith is a leading player in the technical sintered stone sector, which is the fastest growing segment of stone performance surfaces, and with a size of 1.8 million sqm sold in 2018.<\/p>\n\n\n\n<p class=\"has-small-font-size\">The company was founded in 2009 with the aim of designing and producing large format sintered surfaces created from 100% natural raw materials and with unique characteristics serving multiple end markets, including bathroom, wall coverings, furniture, flooring, etc. facades and with a special focus on high-end kitchens. The success and rapid development of the company have benefited from the 40 years of experience of the founders, the Esteve brothers, in the natural stone sector.<\/p>\n\n\n\n<p class=\"has-text-align-left\" style=\"font-size:16px\"><\/p>\n<\/div><\/div>\n\n\n\n<div class=\"wp-block-media-text alignwide has-media-on-the-right is-image-fill is-stacked-on-mobile\"><figure class=\"wp-block-media-text__media\" style=\"background-image:url(http:\/\/esteireconsulting.com\/wp-content\/uploads\/2021\/08\/polyvision-1024x578.jpg);background-position:50% 50%\"><img decoding=\"async\" loading=\"lazy\" width=\"1024\" height=\"578\" src=\"http:\/\/esteireconsulting.com\/wp-content\/uploads\/2021\/08\/polyvision-1024x578.jpg\" alt=\"\" class=\"wp-image-2487 size-full\" srcset=\"https:\/\/esteireconsulting.com\/wp-content\/uploads\/2021\/08\/polyvision-1024x578.jpg 1024w, https:\/\/esteireconsulting.com\/wp-content\/uploads\/2021\/08\/polyvision-300x169.jpg 300w, https:\/\/esteireconsulting.com\/wp-content\/uploads\/2021\/08\/polyvision-768x433.jpg 768w, https:\/\/esteireconsulting.com\/wp-content\/uploads\/2021\/08\/polyvision.jpg 1200w\" sizes=\"(max-width: 1024px) 100vw, 1024px\" \/><\/figure><div class=\"wp-block-media-text__content\">\n<h2 class=\"has-text-align-right wp-block-heading\"><a href=\"http:\/\/www.polyvision.com\">PolyVision<\/a><\/h2>\n\n\n\n<p class=\"has-text-align-right has-small-font-size translation-block\">PolyVision features innovative surfaces that make spaces safer and germ-free with Hygienic CeramicSteel.\nMany organizations need to adapt classrooms, offices and hospitals to adhere to the new regulations established to take care of us. For more than 60 years, PolyVision has consistently manufactured ceramic-on-steel surfaces that stand the test of time even in the most demanding environments. From chalkboards and whiteboards in more than 25,000,000 classrooms, to architectural coatings in train and subway stations, tunnels, hotels and hospitals, PolyVision CeramicSteel covers more than 185 million square meters (2 billion square feet) of architecture around of the world.<\/p>\n\n\n\n<p class=\"has-text-align-right has-small-font-size\">Recognized around the world for creating complex architecture made up of thousands of unique pieces<\/p>\n<\/div><\/div>\n\n\n\n<div class=\"wp-block-media-text alignwide is-image-fill is-stacked-on-mobile\"><figure class=\"wp-block-media-text__media\" style=\"background-image:url(https:\/\/comunicatebymariazabay.files.wordpress.com\/2021\/01\/captura-de-pantalla-2021-01-23-a-las-10.23.35.png?w=592);background-position:50% 50%\"><img decoding=\"async\" src=\"https:\/\/comunicatebymariazabay.files.wordpress.com\/2021\/01\/captura-de-pantalla-2021-01-23-a-las-10.23.35.png?w=592\" alt=\"\" class=\"wp-image-782 size-full\"\/><\/figure><div class=\"wp-block-media-text__content\">\n<h2 class=\"has-text-align-left wp-block-heading\"><a href=\"http:\/\/www.metalltech.it\" target=\"_blank\" rel=\"noreferrer noopener\">Metalltech<\/a><\/h2>\n\n\n\n<p class=\"has-small-font-size\">Metalltech was founded in 2008 due to the growing demand for expanded metal sheets in architecture, by the Fumagalli brothers who had worked in expanded metal since 1984. Since its inception Metalltech has distinguished itself by its ability to listen and understand the requirements of the clients and provide assistance during all phases of the project; from conception to maintenance. At the same time, it has focused on the introduction and development of new robotic machines specialized in the industrial production of the unique assembled pieces that characterize the majority of Metalltech facades. Throughout its history, it has continued to improve concealed welding processes. He has to his credit iconic projects such as the Louvre in Paris.<\/p>\n<\/div><\/div>\n\n\n\n<div style=\"height:24px\" aria-hidden=\"true\" class=\"wp-block-spacer\"><\/div>\n\n\n\n<hr class=\"wp-block-separator\"\/>\n\n\n\n<div style=\"height:24px\" aria-hidden=\"true\" class=\"wp-block-spacer\"><\/div>\n\n\n\n<h2 class=\"has-text-align-center wp-block-heading\">Because we offer excellence<\/h2>\n\n\n\n<div style=\"height:24px\" aria-hidden=\"true\" class=\"wp-block-spacer\"><\/div>\n\n\n\n<hr class=\"wp-block-separator\"\/>\n\n\n\n<div class=\"wp-block-columns are-vertically-aligned-center footer_1 is-layout-flex wp-container-core-columns-is-layout-1 wp-block-columns-is-layout-flex\">\n<div class=\"wp-block-column is-layout-flow wp-block-column-is-layout-flow\">\n<p class=\"has-text-align-center\">2021<\/p>\n<\/div>\n\n\n\n<div class=\"wp-block-column is-vertically-aligned-center is-layout-flow wp-block-column-is-layout-flow\">\n<div class=\"wp-block-buttons is-horizontal is-content-justification-center is-layout-flex wp-container-core-buttons-is-layout-2 wp-block-buttons-is-layout-flex\">\n<div class=\"wp-block-button botenes-footer is-style-outline\"><a class=\"wp-block-button__link has-foreground-color has-background-background-color has-text-color has-background\" href=\"http:\/\/esteireconsulting.com\/en\/aviso-legal\/\">Legal warning<\/a><\/div>\n<\/div>\n<\/div>\n\n\n\n<div class=\"wp-block-column is-vertically-aligned-center is-layout-flow wp-block-column-is-layout-flow\">\n<div class=\"wp-block-buttons is-horizontal is-content-justification-center is-layout-flex wp-container-core-buttons-is-layout-3 wp-block-buttons-is-layout-flex\">\n<div class=\"wp-block-button is-style-outline\"><a class=\"wp-block-button__link has-foreground-color has-background-background-color has-text-color has-background\" href=\"http:\/\/esteireconsulting.com\/en\/cookies\/\">Cookies<\/a><\/div>\n<\/div>\n<\/div>\n\n\n\n<div class=\"wp-block-column is-vertically-aligned-center is-layout-flow wp-block-column-is-layout-flow\">\n<div class=\"wp-block-buttons is-horizontal is-content-justification-center is-layout-flex wp-container-core-buttons-is-layout-4 wp-block-buttons-is-layout-flex\">\n<div class=\"wp-block-button is-style-outline\"><a class=\"wp-block-button__link has-foreground-color has-background-background-color has-text-color has-background\" href=\"http:\/\/esteireconsulting.com\/en\/contacto-est\/\">Contact us<\/a><\/div>\n<\/div>\n<\/div>\n<\/div>","protected":false},"excerpt":{"rendered":"<p>Green Eco Ahorro del 80% en equipos de aire acondicionado de alta eficiencia I+D+i, distribuci\u00f3n y dise\u00f1o de proyectos con estos equipos de aire acondicionado basados \u200b\u200ben tecnolog\u00edas de refrigeraci\u00f3n adiab\u00e1tica incluida h\u00edbrida. Las unidades de aire acondicionado no utilizan gases refrigerantes para funcionar, enfr\u00edan el aire evaporando agua. Por lo tanto, no se utiliza<a class=\"more-link\" href=\"https:\/\/esteireconsulting.com\/en\/construccion-materiales\">Continue reading <span class=\"screen-reader-text\">\u00abConstrucci\u00f3n\/materiales\u00bb<\/span><\/a><\/p>","protected":false},"author":1,"featured_media":0,"parent":0,"menu_order":0,"comment_status":"closed","ping_status":"closed","template":"","meta":{"footnotes":""},"yoast_head":"<!-- This site is optimized with the Yoast SEO plugin v22.6 - https:\/\/yoast.com\/wordpress\/plugins\/seo\/ -->\n<title>Construcci\u00f3n\/materiales -<\/title>\n<meta name=\"robots\" content=\"index, follow, max-snippet:-1, max-image-preview:large, max-video-preview:-1\" \/>\n<link rel=\"canonical\" href=\"https:\/\/esteireconsulting.com\/en\/construccion-materiales\/\" \/>\n<meta property=\"og:locale\" content=\"en_US\" \/>\n<meta property=\"og:type\" content=\"article\" \/>\n<meta property=\"og:title\" content=\"Construcci\u00f3n\/materiales -\" \/>\n<meta property=\"og:description\" content=\"Green Eco Ahorro del 80% en equipos de aire acondicionado de alta eficiencia I+D+i, distribuci\u00f3n y dise\u00f1o de proyectos con estos equipos de aire acondicionado basados \u200b\u200ben tecnolog\u00edas de refrigeraci\u00f3n adiab\u00e1tica incluida h\u00edbrida. Las unidades de aire acondicionado no utilizan gases refrigerantes para funcionar, enfr\u00edan el aire evaporando agua. Por lo tanto, no se utilizaContinue reading &quot;Construcci\u00f3n\/materiales&quot;\" \/>\n<meta property=\"og:url\" content=\"https:\/\/esteireconsulting.com\/en\/construccion-materiales\/\" \/>\n<meta property=\"article:modified_time\" content=\"2022-03-04T10:54:39+00:00\" \/>\n<meta property=\"og:image\" content=\"http:\/\/esteireconsulting.com\/wp-content\/uploads\/2022\/03\/Captura-de-pantalla-2022-03-04-a-las-11.53.15.png\" \/>\n<meta name=\"twitter:card\" content=\"summary_large_image\" \/>\n<meta name=\"twitter:label1\" content=\"Est. reading time\" \/>\n\t<meta name=\"twitter:data1\" content=\"4 minutes\" \/>\n<script type=\"application\/ld+json\" class=\"yoast-schema-graph\">{\"@context\":\"https:\/\/schema.org\",\"@graph\":[{\"@type\":\"WebPage\",\"@id\":\"https:\/\/esteireconsulting.com\/construccion-materiales\",\"url\":\"https:\/\/esteireconsulting.com\/construccion-materiales\",\"name\":\"Construcci\u00f3n\/materiales -\",\"isPartOf\":{\"@id\":\"https:\/\/esteireconsulting.com\/#website\"},\"primaryImageOfPage\":{\"@id\":\"https:\/\/esteireconsulting.com\/construccion-materiales#primaryimage\"},\"image\":{\"@id\":\"https:\/\/esteireconsulting.com\/construccion-materiales#primaryimage\"},\"thumbnailUrl\":\"http:\/\/esteireconsulting.com\/wp-content\/uploads\/2022\/03\/Captura-de-pantalla-2022-03-04-a-las-11.53.15.png\",\"datePublished\":\"2021-01-23T09:33:47+00:00\",\"dateModified\":\"2022-03-04T10:54:39+00:00\",\"breadcrumb\":{\"@id\":\"https:\/\/esteireconsulting.com\/construccion-materiales#breadcrumb\"},\"inLanguage\":\"en-US\",\"potentialAction\":[{\"@type\":\"ReadAction\",\"target\":[\"https:\/\/esteireconsulting.com\/construccion-materiales\"]}]},{\"@type\":\"ImageObject\",\"inLanguage\":\"en-US\",\"@id\":\"https:\/\/esteireconsulting.com\/construccion-materiales#primaryimage\",\"url\":\"http:\/\/esteireconsulting.com\/wp-content\/uploads\/2022\/03\/Captura-de-pantalla-2022-03-04-a-las-11.53.15.png\",\"contentUrl\":\"http:\/\/esteireconsulting.com\/wp-content\/uploads\/2022\/03\/Captura-de-pantalla-2022-03-04-a-las-11.53.15.png\"},{\"@type\":\"BreadcrumbList\",\"@id\":\"https:\/\/esteireconsulting.com\/construccion-materiales#breadcrumb\",\"itemListElement\":[{\"@type\":\"ListItem\",\"position\":1,\"name\":\"Portada\",\"item\":\"https:\/\/esteireconsulting.com\/\"},{\"@type\":\"ListItem\",\"position\":2,\"name\":\"Construcci\u00f3n\/materiales\"}]},{\"@type\":\"WebSite\",\"@id\":\"https:\/\/esteireconsulting.com\/#website\",\"url\":\"https:\/\/esteireconsulting.com\/\",\"name\":\"\",\"description\":\"\",\"potentialAction\":[{\"@type\":\"SearchAction\",\"target\":{\"@type\":\"EntryPoint\",\"urlTemplate\":\"https:\/\/esteireconsulting.com\/?s={search_term_string}\"},\"query-input\":\"required name=search_term_string\"}],\"inLanguage\":\"en-US\"}]}<\/script>\n<!-- \/ Yoast SEO plugin. -->","yoast_head_json":{"title":"Construcci\u00f3n\/materiales -","robots":{"index":"index","follow":"follow","max-snippet":"max-snippet:-1","max-image-preview":"max-image-preview:large","max-video-preview":"max-video-preview:-1"},"canonical":"https:\/\/esteireconsulting.com\/en\/construccion-materiales\/","og_locale":"en_US","og_type":"article","og_title":"Construcci\u00f3n\/materiales -","og_description":"Green Eco Ahorro del 80% en equipos de aire acondicionado de alta eficiencia I+D+i, distribuci\u00f3n y dise\u00f1o de proyectos con estos equipos de aire acondicionado basados \u200b\u200ben tecnolog\u00edas de refrigeraci\u00f3n adiab\u00e1tica incluida h\u00edbrida. Las unidades de aire acondicionado no utilizan gases refrigerantes para funcionar, enfr\u00edan el aire evaporando agua. Por lo tanto, no se utilizaContinue reading \"Construcci\u00f3n\/materiales\"","og_url":"https:\/\/esteireconsulting.com\/en\/construccion-materiales\/","article_modified_time":"2022-03-04T10:54:39+00:00","og_image":[{"url":"http:\/\/esteireconsulting.com\/wp-content\/uploads\/2022\/03\/Captura-de-pantalla-2022-03-04-a-las-11.53.15.png"}],"twitter_card":"summary_large_image","twitter_misc":{"Est. reading time":"4 minutes"},"schema":{"@context":"https:\/\/schema.org","@graph":[{"@type":"WebPage","@id":"https:\/\/esteireconsulting.com\/construccion-materiales","url":"https:\/\/esteireconsulting.com\/construccion-materiales","name":"Construcci\u00f3n\/materiales -","isPartOf":{"@id":"https:\/\/esteireconsulting.com\/#website"},"primaryImageOfPage":{"@id":"https:\/\/esteireconsulting.com\/construccion-materiales#primaryimage"},"image":{"@id":"https:\/\/esteireconsulting.com\/construccion-materiales#primaryimage"},"thumbnailUrl":"http:\/\/esteireconsulting.com\/wp-content\/uploads\/2022\/03\/Captura-de-pantalla-2022-03-04-a-las-11.53.15.png","datePublished":"2021-01-23T09:33:47+00:00","dateModified":"2022-03-04T10:54:39+00:00","breadcrumb":{"@id":"https:\/\/esteireconsulting.com\/construccion-materiales#breadcrumb"},"inLanguage":"en-US","potentialAction":[{"@type":"ReadAction","target":["https:\/\/esteireconsulting.com\/construccion-materiales"]}]},{"@type":"ImageObject","inLanguage":"en-US","@id":"https:\/\/esteireconsulting.com\/construccion-materiales#primaryimage","url":"http:\/\/esteireconsulting.com\/wp-content\/uploads\/2022\/03\/Captura-de-pantalla-2022-03-04-a-las-11.53.15.png","contentUrl":"http:\/\/esteireconsulting.com\/wp-content\/uploads\/2022\/03\/Captura-de-pantalla-2022-03-04-a-las-11.53.15.png"},{"@type":"BreadcrumbList","@id":"https:\/\/esteireconsulting.com\/construccion-materiales#breadcrumb","itemListElement":[{"@type":"ListItem","position":1,"name":"Portada","item":"https:\/\/esteireconsulting.com\/"},{"@type":"ListItem","position":2,"name":"Construcci\u00f3n\/materiales"}]},{"@type":"WebSite","@id":"https:\/\/esteireconsulting.com\/#website","url":"https:\/\/esteireconsulting.com\/","name":"","description":"","potentialAction":[{"@type":"SearchAction","target":{"@type":"EntryPoint","urlTemplate":"https:\/\/esteireconsulting.com\/?s={search_term_string}"},"query-input":"required name=search_term_string"}],"inLanguage":"en-US"}]}},"_links":{"self":[{"href":"https:\/\/esteireconsulting.com\/en\/wp-json\/wp\/v2\/pages\/775"}],"collection":[{"href":"https:\/\/esteireconsulting.com\/en\/wp-json\/wp\/v2\/pages"}],"about":[{"href":"https:\/\/esteireconsulting.com\/en\/wp-json\/wp\/v2\/types\/page"}],"author":[{"embeddable":true,"href":"https:\/\/esteireconsulting.com\/en\/wp-json\/wp\/v2\/users\/1"}],"replies":[{"embeddable":true,"href":"https:\/\/esteireconsulting.com\/en\/wp-json\/wp\/v2\/comments?post=775"}],"version-history":[{"count":14,"href":"https:\/\/esteireconsulting.com\/en\/wp-json\/wp\/v2\/pages\/775\/revisions"}],"predecessor-version":[{"id":2883,"href":"https:\/\/esteireconsulting.com\/en\/wp-json\/wp\/v2\/pages\/775\/revisions\/2883"}],"wp:attachment":[{"href":"https:\/\/esteireconsulting.com\/en\/wp-json\/wp\/v2\/media?parent=775"}],"curies":[{"name":"wp","href":"https:\/\/api.w.org\/{rel}","templated":true}]}}