{"id":761,"date":"2021-01-22T17:11:38","date_gmt":"2021-01-22T17:11:38","guid":{"rendered":"https:\/\/comunicatebymariazabay.wordpress.com\/?page_id=761"},"modified":"2022-03-04T11:03:30","modified_gmt":"2022-03-04T11:03:30","slug":"hospitality","status":"publish","type":"page","link":"https:\/\/esteireconsulting.com\/en\/hospitality","title":{"rendered":"Hospitality"},"content":{"rendered":"<div style=\"height:24px\" aria-hidden=\"true\" class=\"wp-block-spacer\"><\/div>\n\n\n\n<div class=\"wp-block-buttons alignfull is-content-justification-right home_01 is-layout-flex wp-block-buttons-is-layout-flex\">\n<div class=\"wp-block-button\"><a class=\"wp-block-button__link has-foreground-color has-background-background-color has-text-color has-background\" href=\"http:\/\/esteireconsulting.com\/en\/\">Home<\/a><\/div>\n\n\n\n<div class=\"wp-block-button\"><a class=\"wp-block-button__link has-foreground-color has-background-background-color has-text-color has-background\" href=\"http:\/\/esteireconsulting.com\/en\/sobre-nosotros\/\">About Us<\/a><\/div>\n\n\n\n<div class=\"wp-block-button\"><a class=\"wp-block-button__link has-foreground-color has-background-background-color has-text-color has-background\" href=\"http:\/\/esteireconsulting.com\/en\/partners\/\">Partners<\/a><\/div>\n\n\n\n<div class=\"wp-block-button\"><a class=\"wp-block-button__link has-foreground-color has-background-background-color has-text-color has-background\" href=\"http:\/\/esteireconsulting.com\/en\/paises\/\">Countries<\/a><\/div>\n\n\n\n<div class=\"wp-block-button\"><a class=\"wp-block-button__link has-foreground-color has-background-background-color has-text-color has-background\" href=\"http:\/\/esteireconsulting.com\/en\/testimonios\/\">Testimonials<\/a><\/div>\n\n\n\n<div class=\"wp-block-button\"><a class=\"wp-block-button__link has-foreground-color has-background-background-color has-text-color has-background\" href=\"http:\/\/esteireconsulting.com\/en\/blog-esteire\/\">Blog<\/a><\/div>\n\n\n\n<div class=\"wp-block-button\"><a class=\"wp-block-button__link has-foreground-color has-background-background-color has-text-color has-background\" href=\"http:\/\/esteireconsulting.com\/en\/contacto\/\">Contact us<\/a><\/div>\n<\/div>\n\n\n\n<p><\/p>\n\n\n\n<hr class=\"wp-block-separator alignfull has-text-color has-background has-foreground-dark-background-color has-foreground-dark-color is-style-wide full_width\"\/>\n\n\n\n<div class=\"wp-block-media-text alignwide has-media-on-the-right is-image-fill is-stacked-on-mobile\" style=\"grid-template-columns:auto 47%\"><figure class=\"wp-block-media-text__media\" style=\"background-image:url(http:\/\/esteireconsulting.com\/wp-content\/uploads\/2022\/03\/Captura-de-pantalla-2022-03-04-a-las-12.02.31.png);background-position:50% 50%\"><img decoding=\"async\" loading=\"lazy\" width=\"643\" height=\"460\" src=\"http:\/\/esteireconsulting.com\/wp-content\/uploads\/2022\/03\/Captura-de-pantalla-2022-03-04-a-las-12.02.31.png\" alt=\"\" class=\"wp-image-2885 size-full\" srcset=\"https:\/\/esteireconsulting.com\/wp-content\/uploads\/2022\/03\/Captura-de-pantalla-2022-03-04-a-las-12.02.31.png 643w, https:\/\/esteireconsulting.com\/wp-content\/uploads\/2022\/03\/Captura-de-pantalla-2022-03-04-a-las-12.02.31-300x215.png 300w, https:\/\/esteireconsulting.com\/wp-content\/uploads\/2022\/03\/Captura-de-pantalla-2022-03-04-a-las-12.02.31-18x12.png 18w\" sizes=\"(max-width: 643px) 100vw, 643px\" \/><\/figure><div class=\"wp-block-media-text__content\">\n<h2 class=\"has-text-align-left wp-block-heading\"><a href=\"https:\/\/greeneco.info\/\">Green Eco<\/a><\/h2>\n\n\n\n<p class=\"has-text-align-left has-small-font-size\">80% energy saving high-efficiency air conditioning equipment R&amp;D, distribution and projects design with these air conditioning units based on adiabatic cooling technologies including Hybrid. The air conditioning units do not use refrigerants gases to perform, they cool the air evaporating water. Therefore no Direct Expansion technology is involved, and they operate 10% fresh air. Green Eco uses water evaporation to cool the air, and the cooling process operates with enthalpy variation. The design of projects, apart from the usual ones for buildings and large areas, even diaphanous and high-rise, includes applications in outdoor spaces such as leisure and sports areas, theme parks, streets, etc. The saving in electricity consumption is up to 80% versus mechanical compression systems, they work for total air renewal (without recirculation), and +10 COP<\/p>\n\n\n\n<p class=\"has-text-align-left has-small-font-size\"><\/p>\n\n\n\n<p class=\"has-text-align-left has-small-font-size\"><\/p>\n<\/div><\/div>\n\n\n\n<div class=\"wp-block-media-text alignwide is-image-fill is-stacked-on-mobile\" style=\"grid-template-columns:47% auto\"><figure class=\"wp-block-media-text__media\" style=\"background-image:url(http:\/\/esteireconsulting.com\/wp-content\/uploads\/2021\/01\/Beau-Rivage-5-tubbo-outdoor-bubble-dome-winter-terrace-hospitality-business-restaurant-hotel-bar-1024x683.jpg);background-position:50% 50%\"><img decoding=\"async\" loading=\"lazy\" width=\"1024\" height=\"683\" src=\"http:\/\/esteireconsulting.com\/wp-content\/uploads\/2021\/01\/Beau-Rivage-5-tubbo-outdoor-bubble-dome-winter-terrace-hospitality-business-restaurant-hotel-bar-1024x683.jpg\" alt=\"\" class=\"wp-image-1252 size-full\" srcset=\"https:\/\/esteireconsulting.com\/wp-content\/uploads\/2021\/01\/Beau-Rivage-5-tubbo-outdoor-bubble-dome-winter-terrace-hospitality-business-restaurant-hotel-bar-1024x683.jpg 1024w, https:\/\/esteireconsulting.com\/wp-content\/uploads\/2021\/01\/Beau-Rivage-5-tubbo-outdoor-bubble-dome-winter-terrace-hospitality-business-restaurant-hotel-bar-300x200.jpg 300w, https:\/\/esteireconsulting.com\/wp-content\/uploads\/2021\/01\/Beau-Rivage-5-tubbo-outdoor-bubble-dome-winter-terrace-hospitality-business-restaurant-hotel-bar-768x512.jpg 768w, https:\/\/esteireconsulting.com\/wp-content\/uploads\/2021\/01\/Beau-Rivage-5-tubbo-outdoor-bubble-dome-winter-terrace-hospitality-business-restaurant-hotel-bar.jpg 1500w\" sizes=\"(max-width: 1024px) 100vw, 1024px\" \/><\/figure><div class=\"wp-block-media-text__content\">\n<h2 class=\"has-text-align-left wp-block-heading\"><a href=\"https:\/\/www.tubbo.com\/\" target=\"_blank\" rel=\"noreferrer noopener\">Tubbo<\/a><\/h2>\n\n\n\n<p class=\"has-text-align-left has-small-font-size\">Effective solutions against COVID-19 to protect your guests and visitors.<\/p>\n\n\n\n<p class=\"has-text-align-left has-small-font-size\">It is the perfect solution to increase bookings and attract new customers outdoors.<\/p>\n\n\n\n<p class=\"has-text-align-left has-small-font-size\">During the summer, the terrace spaces are usually full. Restaurants, rooftops, bars\u2026 earn great income from their outdoor Food and Beverage areas. But when winter comes\u2026 Most of the hospitality companies that have an outdoor space are forced to close their terraces due to bad weather. The days of rain, snow, wind ... scare away customers. With Tubbo you can open your terrace throughout the year, so you can substantially increase your income.<\/p>\n<\/div><\/div>\n\n\n\n<hr class=\"wp-block-separator\"\/>\n\n\n\n<h2 class=\"has-text-align-center wp-block-heading\">Always looking for solutions<\/h2>\n\n\n\n<hr class=\"wp-block-separator\"\/>\n\n\n\n<div class=\"wp-block-columns are-vertically-aligned-center footer_1 is-layout-flex wp-container-core-columns-is-layout-1 wp-block-columns-is-layout-flex\">\n<div class=\"wp-block-column is-layout-flow wp-block-column-is-layout-flow\">\n<p class=\"has-text-align-center\">2021<\/p>\n<\/div>\n\n\n\n<div class=\"wp-block-column is-vertically-aligned-center is-layout-flow wp-block-column-is-layout-flow\">\n<div class=\"wp-block-buttons is-horizontal is-content-justification-center is-layout-flex wp-container-core-buttons-is-layout-2 wp-block-buttons-is-layout-flex\">\n<div class=\"wp-block-button botenes-footer is-style-outline\"><a class=\"wp-block-button__link has-foreground-color has-background-background-color has-text-color has-background\" href=\"http:\/\/esteireconsulting.com\/en\/aviso-legal\/\">Legal warning<\/a><\/div>\n<\/div>\n<\/div>\n\n\n\n<div class=\"wp-block-column is-vertically-aligned-center is-layout-flow wp-block-column-is-layout-flow\">\n<div class=\"wp-block-buttons is-horizontal is-content-justification-center is-layout-flex wp-container-core-buttons-is-layout-3 wp-block-buttons-is-layout-flex\">\n<div class=\"wp-block-button is-style-outline\"><a class=\"wp-block-button__link has-foreground-color has-background-background-color has-text-color has-background\" href=\"http:\/\/esteireconsulting.com\/en\/cookies\/\">Cookies<\/a><\/div>\n<\/div>\n<\/div>\n\n\n\n<div class=\"wp-block-column is-vertically-aligned-center is-layout-flow wp-block-column-is-layout-flow\">\n<div class=\"wp-block-buttons is-horizontal is-content-justification-center is-layout-flex wp-container-core-buttons-is-layout-4 wp-block-buttons-is-layout-flex\">\n<div class=\"wp-block-button is-style-outline\"><a class=\"wp-block-button__link has-foreground-color has-background-background-color has-text-color has-background\" href=\"http:\/\/esteireconsulting.com\/en\/contacto-est\/\">Contact us<\/a><\/div>\n<\/div>\n<\/div>\n<\/div>","protected":false},"excerpt":{"rendered":"<p>Green Eco Ahorro del 80% en equipos de aire acondicionado de alta eficiencia I+D+i, distribuci\u00f3n y dise\u00f1o de proyectos con estos equipos de aire acondicionado basados \u200b\u200ben tecnolog\u00edas de refrigeraci\u00f3n adiab\u00e1tica incluida h\u00edbrida. Las unidades de aire acondicionado no utilizan gases refrigerantes para funcionar, enfr\u00edan el aire evaporando agua. Por lo tanto, no se utiliza<a class=\"more-link\" href=\"https:\/\/esteireconsulting.com\/en\/hospitality\">Continue reading <span class=\"screen-reader-text\">\u00abHospitality\u00bb<\/span><\/a><\/p>","protected":false},"author":1,"featured_media":0,"parent":0,"menu_order":0,"comment_status":"closed","ping_status":"closed","template":"","meta":{"footnotes":""},"yoast_head":"<!-- This site is optimized with the Yoast SEO plugin v22.6 - https:\/\/yoast.com\/wordpress\/plugins\/seo\/ -->\n<title>Hospitality -<\/title>\n<meta name=\"robots\" content=\"index, follow, max-snippet:-1, max-image-preview:large, max-video-preview:-1\" \/>\n<link rel=\"canonical\" href=\"https:\/\/esteireconsulting.com\/en\/hospitality\/\" \/>\n<meta property=\"og:locale\" content=\"en_US\" \/>\n<meta property=\"og:type\" content=\"article\" \/>\n<meta property=\"og:title\" content=\"Hospitality -\" \/>\n<meta property=\"og:description\" content=\"Green Eco Ahorro del 80% en equipos de aire acondicionado de alta eficiencia I+D+i, distribuci\u00f3n y dise\u00f1o de proyectos con estos equipos de aire acondicionado basados \u200b\u200ben tecnolog\u00edas de refrigeraci\u00f3n adiab\u00e1tica incluida h\u00edbrida. Las unidades de aire acondicionado no utilizan gases refrigerantes para funcionar, enfr\u00edan el aire evaporando agua. Por lo tanto, no se utilizaContinue reading &quot;Hospitality&quot;\" \/>\n<meta property=\"og:url\" content=\"https:\/\/esteireconsulting.com\/en\/hospitality\/\" \/>\n<meta property=\"article:modified_time\" content=\"2022-03-04T11:03:30+00:00\" \/>\n<meta property=\"og:image\" content=\"http:\/\/esteireconsulting.com\/wp-content\/uploads\/2022\/03\/Captura-de-pantalla-2022-03-04-a-las-12.02.31.png\" \/>\n<meta name=\"twitter:card\" content=\"summary_large_image\" \/>\n<meta name=\"twitter:label1\" content=\"Est. reading time\" \/>\n\t<meta name=\"twitter:data1\" content=\"2 minutes\" \/>\n<script type=\"application\/ld+json\" class=\"yoast-schema-graph\">{\"@context\":\"https:\/\/schema.org\",\"@graph\":[{\"@type\":\"WebPage\",\"@id\":\"https:\/\/esteireconsulting.com\/hospitality\",\"url\":\"https:\/\/esteireconsulting.com\/hospitality\",\"name\":\"Hospitality -\",\"isPartOf\":{\"@id\":\"https:\/\/esteireconsulting.com\/#website\"},\"primaryImageOfPage\":{\"@id\":\"https:\/\/esteireconsulting.com\/hospitality#primaryimage\"},\"image\":{\"@id\":\"https:\/\/esteireconsulting.com\/hospitality#primaryimage\"},\"thumbnailUrl\":\"http:\/\/esteireconsulting.com\/wp-content\/uploads\/2022\/03\/Captura-de-pantalla-2022-03-04-a-las-12.02.31.png\",\"datePublished\":\"2021-01-22T17:11:38+00:00\",\"dateModified\":\"2022-03-04T11:03:30+00:00\",\"breadcrumb\":{\"@id\":\"https:\/\/esteireconsulting.com\/hospitality#breadcrumb\"},\"inLanguage\":\"en-US\",\"potentialAction\":[{\"@type\":\"ReadAction\",\"target\":[\"https:\/\/esteireconsulting.com\/hospitality\"]}]},{\"@type\":\"ImageObject\",\"inLanguage\":\"en-US\",\"@id\":\"https:\/\/esteireconsulting.com\/hospitality#primaryimage\",\"url\":\"http:\/\/esteireconsulting.com\/wp-content\/uploads\/2022\/03\/Captura-de-pantalla-2022-03-04-a-las-12.02.31.png\",\"contentUrl\":\"http:\/\/esteireconsulting.com\/wp-content\/uploads\/2022\/03\/Captura-de-pantalla-2022-03-04-a-las-12.02.31.png\"},{\"@type\":\"BreadcrumbList\",\"@id\":\"https:\/\/esteireconsulting.com\/hospitality#breadcrumb\",\"itemListElement\":[{\"@type\":\"ListItem\",\"position\":1,\"name\":\"Portada\",\"item\":\"https:\/\/esteireconsulting.com\/\"},{\"@type\":\"ListItem\",\"position\":2,\"name\":\"Hospitality\"}]},{\"@type\":\"WebSite\",\"@id\":\"https:\/\/esteireconsulting.com\/#website\",\"url\":\"https:\/\/esteireconsulting.com\/\",\"name\":\"\",\"description\":\"\",\"potentialAction\":[{\"@type\":\"SearchAction\",\"target\":{\"@type\":\"EntryPoint\",\"urlTemplate\":\"https:\/\/esteireconsulting.com\/?s={search_term_string}\"},\"query-input\":\"required name=search_term_string\"}],\"inLanguage\":\"en-US\"}]}<\/script>\n<!-- \/ Yoast SEO plugin. -->","yoast_head_json":{"title":"Hospitality -","robots":{"index":"index","follow":"follow","max-snippet":"max-snippet:-1","max-image-preview":"max-image-preview:large","max-video-preview":"max-video-preview:-1"},"canonical":"https:\/\/esteireconsulting.com\/en\/hospitality\/","og_locale":"en_US","og_type":"article","og_title":"Hospitality -","og_description":"Green Eco Ahorro del 80% en equipos de aire acondicionado de alta eficiencia I+D+i, distribuci\u00f3n y dise\u00f1o de proyectos con estos equipos de aire acondicionado basados \u200b\u200ben tecnolog\u00edas de refrigeraci\u00f3n adiab\u00e1tica incluida h\u00edbrida. Las unidades de aire acondicionado no utilizan gases refrigerantes para funcionar, enfr\u00edan el aire evaporando agua. Por lo tanto, no se utilizaContinue reading \"Hospitality\"","og_url":"https:\/\/esteireconsulting.com\/en\/hospitality\/","article_modified_time":"2022-03-04T11:03:30+00:00","og_image":[{"url":"http:\/\/esteireconsulting.com\/wp-content\/uploads\/2022\/03\/Captura-de-pantalla-2022-03-04-a-las-12.02.31.png"}],"twitter_card":"summary_large_image","twitter_misc":{"Est. reading time":"2 minutes"},"schema":{"@context":"https:\/\/schema.org","@graph":[{"@type":"WebPage","@id":"https:\/\/esteireconsulting.com\/hospitality","url":"https:\/\/esteireconsulting.com\/hospitality","name":"Hospitality -","isPartOf":{"@id":"https:\/\/esteireconsulting.com\/#website"},"primaryImageOfPage":{"@id":"https:\/\/esteireconsulting.com\/hospitality#primaryimage"},"image":{"@id":"https:\/\/esteireconsulting.com\/hospitality#primaryimage"},"thumbnailUrl":"http:\/\/esteireconsulting.com\/wp-content\/uploads\/2022\/03\/Captura-de-pantalla-2022-03-04-a-las-12.02.31.png","datePublished":"2021-01-22T17:11:38+00:00","dateModified":"2022-03-04T11:03:30+00:00","breadcrumb":{"@id":"https:\/\/esteireconsulting.com\/hospitality#breadcrumb"},"inLanguage":"en-US","potentialAction":[{"@type":"ReadAction","target":["https:\/\/esteireconsulting.com\/hospitality"]}]},{"@type":"ImageObject","inLanguage":"en-US","@id":"https:\/\/esteireconsulting.com\/hospitality#primaryimage","url":"http:\/\/esteireconsulting.com\/wp-content\/uploads\/2022\/03\/Captura-de-pantalla-2022-03-04-a-las-12.02.31.png","contentUrl":"http:\/\/esteireconsulting.com\/wp-content\/uploads\/2022\/03\/Captura-de-pantalla-2022-03-04-a-las-12.02.31.png"},{"@type":"BreadcrumbList","@id":"https:\/\/esteireconsulting.com\/hospitality#breadcrumb","itemListElement":[{"@type":"ListItem","position":1,"name":"Portada","item":"https:\/\/esteireconsulting.com\/"},{"@type":"ListItem","position":2,"name":"Hospitality"}]},{"@type":"WebSite","@id":"https:\/\/esteireconsulting.com\/#website","url":"https:\/\/esteireconsulting.com\/","name":"","description":"","potentialAction":[{"@type":"SearchAction","target":{"@type":"EntryPoint","urlTemplate":"https:\/\/esteireconsulting.com\/?s={search_term_string}"},"query-input":"required name=search_term_string"}],"inLanguage":"en-US"}]}},"_links":{"self":[{"href":"https:\/\/esteireconsulting.com\/en\/wp-json\/wp\/v2\/pages\/761"}],"collection":[{"href":"https:\/\/esteireconsulting.com\/en\/wp-json\/wp\/v2\/pages"}],"about":[{"href":"https:\/\/esteireconsulting.com\/en\/wp-json\/wp\/v2\/types\/page"}],"author":[{"embeddable":true,"href":"https:\/\/esteireconsulting.com\/en\/wp-json\/wp\/v2\/users\/1"}],"replies":[{"embeddable":true,"href":"https:\/\/esteireconsulting.com\/en\/wp-json\/wp\/v2\/comments?post=761"}],"version-history":[{"count":15,"href":"https:\/\/esteireconsulting.com\/en\/wp-json\/wp\/v2\/pages\/761\/revisions"}],"predecessor-version":[{"id":2886,"href":"https:\/\/esteireconsulting.com\/en\/wp-json\/wp\/v2\/pages\/761\/revisions\/2886"}],"wp:attachment":[{"href":"https:\/\/esteireconsulting.com\/en\/wp-json\/wp\/v2\/media?parent=761"}],"curies":[{"name":"wp","href":"https:\/\/api.w.org\/{rel}","templated":true}]}}