{"id":759,"date":"2021-01-22T17:11:01","date_gmt":"2021-01-22T17:11:01","guid":{"rendered":"https:\/\/comunicatebymariazabay.wordpress.com\/?page_id=759"},"modified":"2021-08-11T12:08:11","modified_gmt":"2021-08-11T12:08:11","slug":"banca-finanzas","status":"publish","type":"page","link":"https:\/\/esteireconsulting.com\/en\/banca-finanzas","title":{"rendered":"Banking \/ Finance"},"content":{"rendered":"<div style=\"height:24px\" aria-hidden=\"true\" class=\"wp-block-spacer\"><\/div>\n\n\n\n<div class=\"wp-block-buttons alignfull is-content-justification-right home_01 is-layout-flex wp-block-buttons-is-layout-flex\">\n<div class=\"wp-block-button\"><a class=\"wp-block-button__link has-foreground-color has-background-background-color has-text-color has-background\" href=\"http:\/\/esteireconsulting.com\/en\/\">Home<\/a><\/div>\n\n\n\n<div class=\"wp-block-button\"><a class=\"wp-block-button__link has-foreground-color has-background-background-color has-text-color has-background\" href=\"http:\/\/esteireconsulting.com\/en\/sobre-nosotros\/\">About Us<\/a><\/div>\n\n\n\n<div class=\"wp-block-button\"><a class=\"wp-block-button__link has-foreground-color has-background-background-color has-text-color has-background\" href=\"http:\/\/esteireconsulting.com\/en\/partners\/\">Partners<\/a><\/div>\n\n\n\n<div class=\"wp-block-button\"><a class=\"wp-block-button__link has-foreground-color has-background-background-color has-text-color has-background\" href=\"http:\/\/esteireconsulting.com\/en\/paises\/\">Countries<\/a><\/div>\n\n\n\n<div class=\"wp-block-button\"><a class=\"wp-block-button__link has-foreground-color has-background-background-color has-text-color has-background\" href=\"http:\/\/esteireconsulting.com\/en\/testimonios\/\">Testimonials<\/a><\/div>\n\n\n\n<div class=\"wp-block-button\"><a class=\"wp-block-button__link has-foreground-color has-background-background-color has-text-color has-background\" href=\"http:\/\/esteireconsulting.com\/en\/blog-esteire\/\">Blog<\/a><\/div>\n\n\n\n<div class=\"wp-block-button\"><a class=\"wp-block-button__link has-foreground-color has-background-background-color has-text-color has-background\" href=\"http:\/\/esteireconsulting.com\/en\/contacto\/\">Contact us<\/a><\/div>\n<\/div>\n\n\n\n<p><\/p>\n\n\n\n<hr class=\"wp-block-separator alignfull has-text-color has-background has-foreground-dark-background-color has-foreground-dark-color is-style-wide full_width\"\/>\n\n\n\n<div class=\"wp-block-media-text alignwide is-image-fill is-stacked-on-mobile\" style=\"grid-template-columns:51% auto\"><figure class=\"wp-block-media-text__media\" style=\"background-image:url(http:\/\/esteireconsulting.com\/wp-content\/uploads\/2021\/01\/pexels-norma-mortenson-4393444-682x1024.jpg);background-position:50% 68%\"><img decoding=\"async\" loading=\"lazy\" width=\"682\" height=\"1024\" src=\"http:\/\/esteireconsulting.com\/wp-content\/uploads\/2021\/01\/pexels-norma-mortenson-4393444-682x1024.jpg\" alt=\"\" class=\"wp-image-1259 size-full\" srcset=\"https:\/\/esteireconsulting.com\/wp-content\/uploads\/2021\/01\/pexels-norma-mortenson-4393444-682x1024.jpg 682w, https:\/\/esteireconsulting.com\/wp-content\/uploads\/2021\/01\/pexels-norma-mortenson-4393444-200x300.jpg 200w, https:\/\/esteireconsulting.com\/wp-content\/uploads\/2021\/01\/pexels-norma-mortenson-4393444-768x1152.jpg 768w, https:\/\/esteireconsulting.com\/wp-content\/uploads\/2021\/01\/pexels-norma-mortenson-4393444-1600x2401.jpg 1600w, https:\/\/esteireconsulting.com\/wp-content\/uploads\/2021\/01\/pexels-norma-mortenson-4393444-1024x1536.jpg 1024w, https:\/\/esteireconsulting.com\/wp-content\/uploads\/2021\/01\/pexels-norma-mortenson-4393444-1365x2048.jpg 1365w, https:\/\/esteireconsulting.com\/wp-content\/uploads\/2021\/01\/pexels-norma-mortenson-4393444-1568x2353.jpg 1568w, https:\/\/esteireconsulting.com\/wp-content\/uploads\/2021\/01\/pexels-norma-mortenson-4393444-scaled.jpg 1706w\" sizes=\"(max-width: 682px) 100vw, 682px\" \/><\/figure><div class=\"wp-block-media-text__content\">\n<h2 class=\"has-text-align-left wp-block-heading\"><a href=\"http:\/\/custosmobile.com\/\" target=\"_blank\" rel=\"noreferrer noopener\">Custos Mobile<\/a><\/h2>\n\n\n\n<p class=\"has-small-font-size\">An R + D + i company with 20 years experience in the world of engineering and software, a worldwide reference in payment gateways. Its team is made up of a multidisciplinary team of engineers, highly qualified and specialized, with a high commitment to innovation and new technologies. It develops and offers new products and services in all the areas in which they work, developed in-house. Custos Mobile works in more than 20 countries on five continents, with clients such as Mastercard, Visa, Santander or Cocacola. Its Unattended Points of Sale division is experiencing tremendous growth.<\/p>\n<\/div><\/div>\n\n\n\n<div style=\"height:24px\" aria-hidden=\"true\" class=\"wp-block-spacer\"><\/div>\n\n\n\n<hr class=\"wp-block-separator\"\/>\n\n\n\n<div style=\"height:13px\" aria-hidden=\"true\" class=\"wp-block-spacer\"><\/div>\n\n\n\n<h2 class=\"has-text-align-center wp-block-heading\">Payment security<\/h2>\n\n\n\n<div style=\"height:37px\" aria-hidden=\"true\" class=\"wp-block-spacer\"><\/div>\n\n\n\n<hr class=\"wp-block-separator\"\/>\n\n\n\n<div class=\"wp-block-columns are-vertically-aligned-center footer_1 is-layout-flex wp-container-core-columns-is-layout-1 wp-block-columns-is-layout-flex\">\n<div class=\"wp-block-column is-layout-flow wp-block-column-is-layout-flow\">\n<p class=\"has-text-align-center\">2021<\/p>\n<\/div>\n\n\n\n<div class=\"wp-block-column is-vertically-aligned-center is-layout-flow wp-block-column-is-layout-flow\">\n<div class=\"wp-block-buttons is-content-justification-center is-layout-flex wp-block-buttons-is-layout-flex\">\n<div class=\"wp-block-button botenes-footer is-style-outline\"><a class=\"wp-block-button__link has-foreground-color has-background-background-color has-text-color has-background\" href=\"http:\/\/esteireconsulting.com\/en\/aviso-legal\/\">Legal warning<\/a><\/div>\n<\/div>\n<\/div>\n\n\n\n<div class=\"wp-block-column is-vertically-aligned-center is-layout-flow wp-block-column-is-layout-flow\">\n<div class=\"wp-block-buttons is-content-justification-center is-layout-flex wp-block-buttons-is-layout-flex\">\n<div class=\"wp-block-button is-style-outline\"><a class=\"wp-block-button__link has-foreground-color has-background-background-color has-text-color has-background\" href=\"http:\/\/esteireconsulting.com\/en\/cookies\/\">Cookies<\/a><\/div>\n<\/div>\n<\/div>\n\n\n\n<div class=\"wp-block-column is-vertically-aligned-center is-layout-flow wp-block-column-is-layout-flow\">\n<div class=\"wp-block-buttons is-content-justification-center is-layout-flex wp-block-buttons-is-layout-flex\">\n<div class=\"wp-block-button is-style-outline\"><a class=\"wp-block-button__link has-foreground-color has-background-background-color has-text-color has-background\" href=\"http:\/\/esteireconsulting.com\/en\/contacto-est\/\">Contato<\/a><\/div>\n<\/div>\n<\/div>\n<\/div>","protected":false},"excerpt":{"rendered":"<p>Custos Mobile Es una compa\u00f1\u00eda de I+D+i con m\u00e1s de 15 a\u00f1os de experiencia en el mundo de la ingenier\u00eda y el software, referente a nivel mundial en pasarelas de pago. Su equipo lo forma un equipo multidisciplinar de ingenieros, altamente cualificados y especializados, con un alto compromiso con la innovaci\u00f3n y las nuevas tecnolog\u00edas.<a class=\"more-link\" href=\"https:\/\/esteireconsulting.com\/en\/banca-finanzas\">Continue reading <span class=\"screen-reader-text\">\u00abBanca\/Finanzas\u00bb<\/span><\/a><\/p>","protected":false},"author":1,"featured_media":0,"parent":0,"menu_order":0,"comment_status":"closed","ping_status":"closed","template":"","meta":{"footnotes":""},"yoast_head":"<!-- This site is optimized with the Yoast SEO plugin v22.6 - https:\/\/yoast.com\/wordpress\/plugins\/seo\/ -->\n<title>Banca\/Finanzas -<\/title>\n<meta name=\"robots\" content=\"index, follow, max-snippet:-1, max-image-preview:large, max-video-preview:-1\" \/>\n<link rel=\"canonical\" href=\"https:\/\/esteireconsulting.com\/en\/banca-finanzas\/\" \/>\n<meta property=\"og:locale\" content=\"en_US\" \/>\n<meta property=\"og:type\" content=\"article\" \/>\n<meta property=\"og:title\" content=\"Banca\/Finanzas -\" \/>\n<meta property=\"og:description\" content=\"Custos Mobile Es una compa\u00f1\u00eda de I+D+i con m\u00e1s de 15 a\u00f1os de experiencia en el mundo de la ingenier\u00eda y el software, referente a nivel mundial en pasarelas de pago. Su equipo lo forma un equipo multidisciplinar de ingenieros, altamente cualificados y especializados, con un alto compromiso con la innovaci\u00f3n y las nuevas tecnolog\u00edas.Continue reading &quot;Banca\/Finanzas&quot;\" \/>\n<meta property=\"og:url\" content=\"https:\/\/esteireconsulting.com\/en\/banca-finanzas\/\" \/>\n<meta property=\"article:modified_time\" content=\"2021-08-11T12:08:11+00:00\" \/>\n<meta property=\"og:image\" content=\"http:\/\/esteireconsulting.com\/wp-content\/uploads\/2021\/01\/pexels-norma-mortenson-4393444-682x1024.jpg\" \/>\n<meta name=\"twitter:card\" content=\"summary_large_image\" \/>\n<meta name=\"twitter:label1\" content=\"Est. reading time\" \/>\n\t<meta name=\"twitter:data1\" content=\"1 minute\" \/>\n<script type=\"application\/ld+json\" class=\"yoast-schema-graph\">{\"@context\":\"https:\/\/schema.org\",\"@graph\":[{\"@type\":\"WebPage\",\"@id\":\"https:\/\/esteireconsulting.com\/banca-finanzas\",\"url\":\"https:\/\/esteireconsulting.com\/banca-finanzas\",\"name\":\"Banca\/Finanzas -\",\"isPartOf\":{\"@id\":\"https:\/\/esteireconsulting.com\/#website\"},\"primaryImageOfPage\":{\"@id\":\"https:\/\/esteireconsulting.com\/banca-finanzas#primaryimage\"},\"image\":{\"@id\":\"https:\/\/esteireconsulting.com\/banca-finanzas#primaryimage\"},\"thumbnailUrl\":\"http:\/\/esteireconsulting.com\/wp-content\/uploads\/2021\/01\/pexels-norma-mortenson-4393444-682x1024.jpg\",\"datePublished\":\"2021-01-22T17:11:01+00:00\",\"dateModified\":\"2021-08-11T12:08:11+00:00\",\"breadcrumb\":{\"@id\":\"https:\/\/esteireconsulting.com\/banca-finanzas#breadcrumb\"},\"inLanguage\":\"en-US\",\"potentialAction\":[{\"@type\":\"ReadAction\",\"target\":[\"https:\/\/esteireconsulting.com\/banca-finanzas\"]}]},{\"@type\":\"ImageObject\",\"inLanguage\":\"en-US\",\"@id\":\"https:\/\/esteireconsulting.com\/banca-finanzas#primaryimage\",\"url\":\"http:\/\/esteireconsulting.com\/wp-content\/uploads\/2021\/01\/pexels-norma-mortenson-4393444-682x1024.jpg\",\"contentUrl\":\"http:\/\/esteireconsulting.com\/wp-content\/uploads\/2021\/01\/pexels-norma-mortenson-4393444-682x1024.jpg\"},{\"@type\":\"BreadcrumbList\",\"@id\":\"https:\/\/esteireconsulting.com\/banca-finanzas#breadcrumb\",\"itemListElement\":[{\"@type\":\"ListItem\",\"position\":1,\"name\":\"Portada\",\"item\":\"https:\/\/esteireconsulting.com\/\"},{\"@type\":\"ListItem\",\"position\":2,\"name\":\"Banca\/Finanzas\"}]},{\"@type\":\"WebSite\",\"@id\":\"https:\/\/esteireconsulting.com\/#website\",\"url\":\"https:\/\/esteireconsulting.com\/\",\"name\":\"\",\"description\":\"\",\"potentialAction\":[{\"@type\":\"SearchAction\",\"target\":{\"@type\":\"EntryPoint\",\"urlTemplate\":\"https:\/\/esteireconsulting.com\/?s={search_term_string}\"},\"query-input\":\"required name=search_term_string\"}],\"inLanguage\":\"en-US\"}]}<\/script>\n<!-- \/ Yoast SEO plugin. -->","yoast_head_json":{"title":"Banca\/Finanzas -","robots":{"index":"index","follow":"follow","max-snippet":"max-snippet:-1","max-image-preview":"max-image-preview:large","max-video-preview":"max-video-preview:-1"},"canonical":"https:\/\/esteireconsulting.com\/en\/banca-finanzas\/","og_locale":"en_US","og_type":"article","og_title":"Banca\/Finanzas -","og_description":"Custos Mobile Es una compa\u00f1\u00eda de I+D+i con m\u00e1s de 15 a\u00f1os de experiencia en el mundo de la ingenier\u00eda y el software, referente a nivel mundial en pasarelas de pago. Su equipo lo forma un equipo multidisciplinar de ingenieros, altamente cualificados y especializados, con un alto compromiso con la innovaci\u00f3n y las nuevas tecnolog\u00edas.Continue reading \"Banca\/Finanzas\"","og_url":"https:\/\/esteireconsulting.com\/en\/banca-finanzas\/","article_modified_time":"2021-08-11T12:08:11+00:00","og_image":[{"url":"http:\/\/esteireconsulting.com\/wp-content\/uploads\/2021\/01\/pexels-norma-mortenson-4393444-682x1024.jpg"}],"twitter_card":"summary_large_image","twitter_misc":{"Est. reading time":"1 minute"},"schema":{"@context":"https:\/\/schema.org","@graph":[{"@type":"WebPage","@id":"https:\/\/esteireconsulting.com\/banca-finanzas","url":"https:\/\/esteireconsulting.com\/banca-finanzas","name":"Banca\/Finanzas -","isPartOf":{"@id":"https:\/\/esteireconsulting.com\/#website"},"primaryImageOfPage":{"@id":"https:\/\/esteireconsulting.com\/banca-finanzas#primaryimage"},"image":{"@id":"https:\/\/esteireconsulting.com\/banca-finanzas#primaryimage"},"thumbnailUrl":"http:\/\/esteireconsulting.com\/wp-content\/uploads\/2021\/01\/pexels-norma-mortenson-4393444-682x1024.jpg","datePublished":"2021-01-22T17:11:01+00:00","dateModified":"2021-08-11T12:08:11+00:00","breadcrumb":{"@id":"https:\/\/esteireconsulting.com\/banca-finanzas#breadcrumb"},"inLanguage":"en-US","potentialAction":[{"@type":"ReadAction","target":["https:\/\/esteireconsulting.com\/banca-finanzas"]}]},{"@type":"ImageObject","inLanguage":"en-US","@id":"https:\/\/esteireconsulting.com\/banca-finanzas#primaryimage","url":"http:\/\/esteireconsulting.com\/wp-content\/uploads\/2021\/01\/pexels-norma-mortenson-4393444-682x1024.jpg","contentUrl":"http:\/\/esteireconsulting.com\/wp-content\/uploads\/2021\/01\/pexels-norma-mortenson-4393444-682x1024.jpg"},{"@type":"BreadcrumbList","@id":"https:\/\/esteireconsulting.com\/banca-finanzas#breadcrumb","itemListElement":[{"@type":"ListItem","position":1,"name":"Portada","item":"https:\/\/esteireconsulting.com\/"},{"@type":"ListItem","position":2,"name":"Banca\/Finanzas"}]},{"@type":"WebSite","@id":"https:\/\/esteireconsulting.com\/#website","url":"https:\/\/esteireconsulting.com\/","name":"","description":"","potentialAction":[{"@type":"SearchAction","target":{"@type":"EntryPoint","urlTemplate":"https:\/\/esteireconsulting.com\/?s={search_term_string}"},"query-input":"required name=search_term_string"}],"inLanguage":"en-US"}]}},"_links":{"self":[{"href":"https:\/\/esteireconsulting.com\/en\/wp-json\/wp\/v2\/pages\/759"}],"collection":[{"href":"https:\/\/esteireconsulting.com\/en\/wp-json\/wp\/v2\/pages"}],"about":[{"href":"https:\/\/esteireconsulting.com\/en\/wp-json\/wp\/v2\/types\/page"}],"author":[{"embeddable":true,"href":"https:\/\/esteireconsulting.com\/en\/wp-json\/wp\/v2\/users\/1"}],"replies":[{"embeddable":true,"href":"https:\/\/esteireconsulting.com\/en\/wp-json\/wp\/v2\/comments?post=759"}],"version-history":[{"count":21,"href":"https:\/\/esteireconsulting.com\/en\/wp-json\/wp\/v2\/pages\/759\/revisions"}],"predecessor-version":[{"id":2540,"href":"https:\/\/esteireconsulting.com\/en\/wp-json\/wp\/v2\/pages\/759\/revisions\/2540"}],"wp:attachment":[{"href":"https:\/\/esteireconsulting.com\/en\/wp-json\/wp\/v2\/media?parent=759"}],"curies":[{"name":"wp","href":"https:\/\/api.w.org\/{rel}","templated":true}]}}