{"id":757,"date":"2021-01-22T17:10:02","date_gmt":"2021-01-22T17:10:02","guid":{"rendered":"https:\/\/comunicatebymariazabay.wordpress.com\/?page_id=757"},"modified":"2021-08-16T06:25:13","modified_gmt":"2021-08-16T06:25:13","slug":"digital","status":"publish","type":"page","link":"https:\/\/esteireconsulting.com\/en\/digital","title":{"rendered":"Digital"},"content":{"rendered":"<div style=\"height:24px\" aria-hidden=\"true\" class=\"wp-block-spacer\"><\/div>\n\n\n\n<div class=\"wp-block-buttons alignfull is-content-justification-right home_01 is-layout-flex wp-block-buttons-is-layout-flex\">\n<div class=\"wp-block-button\"><a class=\"wp-block-button__link has-foreground-color has-background-background-color has-text-color has-background\" href=\"http:\/\/esteireconsulting.com\/en\/\">Home<\/a><\/div>\n\n\n\n<div class=\"wp-block-button\"><a class=\"wp-block-button__link has-foreground-color has-background-background-color has-text-color has-background\" href=\"http:\/\/esteireconsulting.com\/en\/sobre-nosotros\/\">About Us<\/a><\/div>\n\n\n\n<div class=\"wp-block-button\"><a class=\"wp-block-button__link has-foreground-color has-background-background-color has-text-color has-background\" href=\"http:\/\/esteireconsulting.com\/en\/partners\/\">Partners<\/a><\/div>\n\n\n\n<div class=\"wp-block-button\"><a class=\"wp-block-button__link has-foreground-color has-background-background-color has-text-color has-background\" href=\"http:\/\/esteireconsulting.com\/en\/paises\/\">Countries<\/a><\/div>\n\n\n\n<div class=\"wp-block-button\"><a class=\"wp-block-button__link has-foreground-color has-background-background-color has-text-color has-background\" href=\"http:\/\/esteireconsulting.com\/en\/testimonios\/\">Testimonials<\/a><\/div>\n\n\n\n<div class=\"wp-block-button\"><a class=\"wp-block-button__link has-foreground-color has-background-background-color has-text-color has-background\" href=\"http:\/\/esteireconsulting.com\/en\/blog-esteire\/\">Blog<\/a><\/div>\n\n\n\n<div class=\"wp-block-button\"><a class=\"wp-block-button__link has-foreground-color has-background-background-color has-text-color has-background\" href=\"http:\/\/esteireconsulting.com\/en\/contacto\/\">Contact us<\/a><\/div>\n<\/div>\n\n\n\n<p><\/p>\n\n\n\n<hr class=\"wp-block-separator alignfull has-text-color has-background has-foreground-dark-background-color has-foreground-dark-color is-style-wide full_width\"\/>\n\n\n\n<div class=\"wp-block-media-text alignwide is-image-fill is-stacked-on-mobile\" style=\"grid-template-columns:49% auto\"><figure class=\"wp-block-media-text__media\" style=\"background-image:url(https:\/\/comunicatebymariazabay.files.wordpress.com\/2021\/01\/captura-de-pantalla-2021-01-24-a-las-10.24.17.png?w=754);background-position:39% 100%\"><img decoding=\"async\" src=\"https:\/\/comunicatebymariazabay.files.wordpress.com\/2021\/01\/captura-de-pantalla-2021-01-24-a-las-10.24.17.png?w=754\" alt=\"\" class=\"wp-image-825 size-full\"\/><\/figure><div class=\"wp-block-media-text__content\">\n<h2 class=\"has-text-align-left wp-block-heading\"><a href=\"https:\/\/www.snippet.es\/\">Snippet<\/a><\/h2>\n\n\n\n<p class=\"has-small-font-size\">Spanish company with a unique technology in the world of personalized videos capable of segmenting any type of campaign based on the data of its clients. Because there is an audiovisual experience for each user. From customization to individualization. 1 person, 1 tailor-made experience. Snippet campaigns achieve an exponential increase in leads. Companies such as Real Madrid, Vodafone, Carrefour or Maphre have already relied on their technology.<\/p>\n<\/div><\/div>\n\n\n\n<div class=\"wp-block-media-text alignwide has-media-on-the-right is-image-fill is-stacked-on-mobile\" style=\"grid-template-columns:auto 47%\"><figure class=\"wp-block-media-text__media\" style=\"background-image:url(https:\/\/comunicatebymariazabay.files.wordpress.com\/2021\/01\/captura-de-pantalla-2021-01-24-a-las-10.13.59.png?w=705);background-position:0% 47%\"><img decoding=\"async\" src=\"https:\/\/comunicatebymariazabay.files.wordpress.com\/2021\/01\/captura-de-pantalla-2021-01-24-a-las-10.13.59.png?w=705\" alt=\"\" class=\"wp-image-820 size-full\"\/><\/figure><div class=\"wp-block-media-text__content\">\n<h2 class=\"has-text-align-right wp-block-heading\"><a href=\"https:\/\/thekeenfolks.com\/\">The KEENFOLKS<\/a><\/h2>\n\n\n\n<p class=\"has-text-align-right has-small-font-size\">Spanish company with a unique technology in the world of personalized videos capable of segmenting any type of campaign based on the data of its clients. Because there is an audiovisual experience for each user. From customization to individualization. 1 person, 1 tailor-made experience. Snippet campaigns achieve an exponential increase in leads. Companies such as Real Madrid, Vodafone, Carrefour or Maphre have already relied on their technology.<\/p>\n\n\n\n<p class=\"has-text-align-right has-small-font-size\">What makes them different? They implement their own methodology called \"The Seven Steps of Sharp Transformation\" that provides the right mechanism to accelerate improvements and build a sustainable business for their clients.&nbsp;<\/p>\n\n\n\n<p class=\"has-text-align-right has-small-font-size\">Their nature constantly drives them to challenging projects, changing the boundaries of interaction between objects and people for which they are designed. Considering what is desirable from the human point of view and what is technologically feasible and economically viable, they provide a novel approach to new business projects and challenges, with the sole objective of growing and building their relationship with their clients and their environment.<\/p>\n<\/div><\/div>\n\n\n\n<div class=\"wp-block-media-text alignwide is-image-fill is-stacked-on-mobile\"><figure class=\"wp-block-media-text__media\" style=\"background-image:url(http:\/\/esteireconsulting.com\/wp-content\/uploads\/2021\/08\/Smartvel.png);background-position:9% 66%\"><img decoding=\"async\" loading=\"lazy\" width=\"786\" height=\"386\" src=\"http:\/\/esteireconsulting.com\/wp-content\/uploads\/2021\/08\/Smartvel.png\" alt=\"\" class=\"wp-image-2489 size-full\" srcset=\"https:\/\/esteireconsulting.com\/wp-content\/uploads\/2021\/08\/Smartvel.png 786w, https:\/\/esteireconsulting.com\/wp-content\/uploads\/2021\/08\/Smartvel-300x147.png 300w, https:\/\/esteireconsulting.com\/wp-content\/uploads\/2021\/08\/Smartvel-768x377.png 768w\" sizes=\"(max-width: 786px) 100vw, 786px\" \/><\/figure><div class=\"wp-block-media-text__content\">\n<h2 class=\"has-text-align-left wp-block-heading\"><a href=\"http:\/\/www.smartvel.com\">Smartvel<\/a><\/h2>\n\n\n\n<p class=\"has-small-font-size translation-block\">Travelers usually visit an average of 38 websites to plan a trip. From there came Smartvel, which has designed a system that generates live guides of different cities for airlines, hotel chains, travel agencies and tourism entities that can be integrated into their clients' websites and apps. Smartvel gathers, structures, translates and geocodes both the live agenda of cities, from concerts to temporary exhibitions, as well as static content (museums, monuments, restaurants ...). The startup uses artificial intelligence with Big Data and Machine Learning techniques in order to collect information from any destination in the world.<\/p>\n<\/div><\/div>\n\n\n\n<div style=\"height:24px\" aria-hidden=\"true\" class=\"wp-block-spacer\"><\/div>\n\n\n\n<div class=\"wp-block-media-text alignwide has-media-on-the-right is-image-fill is-stacked-on-mobile\" style=\"grid-template-columns:auto 49%\"><figure class=\"wp-block-media-text__media\" style=\"background-image:url(http:\/\/esteireconsulting.com\/wp-content\/uploads\/2021\/01\/pexels-norma-mortenson-4393444-682x1024.jpg);background-position:76% 57.99999999999999%\"><img decoding=\"async\" loading=\"lazy\" width=\"682\" height=\"1024\" src=\"http:\/\/esteireconsulting.com\/wp-content\/uploads\/2021\/01\/pexels-norma-mortenson-4393444-682x1024.jpg\" alt=\"\" class=\"wp-image-1259 size-full\" srcset=\"https:\/\/esteireconsulting.com\/wp-content\/uploads\/2021\/01\/pexels-norma-mortenson-4393444-682x1024.jpg 682w, https:\/\/esteireconsulting.com\/wp-content\/uploads\/2021\/01\/pexels-norma-mortenson-4393444-200x300.jpg 200w, https:\/\/esteireconsulting.com\/wp-content\/uploads\/2021\/01\/pexels-norma-mortenson-4393444-768x1152.jpg 768w, https:\/\/esteireconsulting.com\/wp-content\/uploads\/2021\/01\/pexels-norma-mortenson-4393444-1600x2401.jpg 1600w, https:\/\/esteireconsulting.com\/wp-content\/uploads\/2021\/01\/pexels-norma-mortenson-4393444-1024x1536.jpg 1024w, https:\/\/esteireconsulting.com\/wp-content\/uploads\/2021\/01\/pexels-norma-mortenson-4393444-1365x2048.jpg 1365w, https:\/\/esteireconsulting.com\/wp-content\/uploads\/2021\/01\/pexels-norma-mortenson-4393444-1568x2353.jpg 1568w, https:\/\/esteireconsulting.com\/wp-content\/uploads\/2021\/01\/pexels-norma-mortenson-4393444-scaled.jpg 1706w\" sizes=\"(max-width: 682px) 100vw, 682px\" \/><\/figure><div class=\"wp-block-media-text__content\">\n<h2 class=\"has-text-align-right wp-block-heading\"><a href=\"http:\/\/custosmobile.com\/\" target=\"_blank\" rel=\"noreferrer noopener\">Custos Mobile<\/a><\/h2>\n\n\n\n<p class=\"has-text-align-right has-small-font-size\">An R + D + i company with 20 years experience in the world of engineering and software, a worldwide reference in payment gateways. Its team is made up of a multidisciplinary team of engineers, highly qualified and specialized, with a high commitment to innovation and new technologies. It develops and offers new products and services in all the areas in which they work, developed in-house. Custos Mobile works in more than 20 countries on five continents, with clients such as Mastercard, Visa, Santander or Cocacola. Its Unattended Points of Sale division is experiencing tremendous growth.<\/p>\n<\/div><\/div>\n\n\n\n<hr class=\"wp-block-separator\"\/>\n\n\n\n<div style=\"height:24px\" aria-hidden=\"true\" class=\"wp-block-spacer\"><\/div>\n\n\n\n<h2 class=\"has-text-align-center wp-block-heading\">Betting on technology<\/h2>\n\n\n\n<div style=\"height:24px\" aria-hidden=\"true\" class=\"wp-block-spacer\"><\/div>\n\n\n\n<div style=\"height:34px\" aria-hidden=\"true\" class=\"wp-block-spacer\"><\/div>\n\n\n\n<hr class=\"wp-block-separator\"\/>\n\n\n\n<div class=\"wp-block-columns are-vertically-aligned-center footer_1 is-layout-flex wp-container-core-columns-is-layout-1 wp-block-columns-is-layout-flex\">\n<div class=\"wp-block-column is-layout-flow wp-block-column-is-layout-flow\">\n<p class=\"has-text-align-center\">2021<\/p>\n<\/div>\n\n\n\n<div class=\"wp-block-column is-vertically-aligned-center is-layout-flow wp-block-column-is-layout-flow\">\n<div class=\"wp-block-buttons is-content-justification-center is-layout-flex wp-block-buttons-is-layout-flex\">\n<div class=\"wp-block-button botenes-footer is-style-outline\"><a class=\"wp-block-button__link has-foreground-color has-background-background-color has-text-color has-background\" href=\"http:\/\/esteireconsulting.com\/en\/aviso-legal\/\">Legal warning<\/a><\/div>\n<\/div>\n<\/div>\n\n\n\n<div class=\"wp-block-column is-vertically-aligned-center is-layout-flow wp-block-column-is-layout-flow\">\n<div class=\"wp-block-buttons is-content-justification-center is-layout-flex wp-block-buttons-is-layout-flex\">\n<div class=\"wp-block-button is-style-outline\"><a class=\"wp-block-button__link has-foreground-color has-background-background-color has-text-color has-background\" href=\"http:\/\/esteireconsulting.com\/en\/cookies\/\">Cookies<\/a><\/div>\n<\/div>\n<\/div>\n\n\n\n<div class=\"wp-block-column is-vertically-aligned-center is-layout-flow wp-block-column-is-layout-flow\">\n<div class=\"wp-block-buttons is-content-justification-center is-layout-flex wp-block-buttons-is-layout-flex\">\n<div class=\"wp-block-button is-style-outline\"><a class=\"wp-block-button__link has-foreground-color has-background-background-color has-text-color has-background\" href=\"http:\/\/esteireconsulting.com\/en\/contacto-est\/\">Contact us<\/a><\/div>\n<\/div>\n<\/div>\n<\/div>","protected":false},"excerpt":{"rendered":"<p>Snippet Compa\u00f1\u00eda espa\u00f1ola con una tecnolog\u00eda \u00fanica en el mundo de v\u00eddeos personalizados capaz de segmentar cualquier tipo de campa\u00f1a en funci\u00f3n de la data de sus clientes. Porque existe una experiencia audiovisual para cada usuario. De la personalizaci\u00f3n a la individualizaci\u00f3n. 1 persona, 1 experiencia a su medida. Las campa\u00f1as con Snippet consiguen un<a class=\"more-link\" href=\"https:\/\/esteireconsulting.com\/en\/digital\">Continue reading <span class=\"screen-reader-text\">\u00abDigital\u00bb<\/span><\/a><\/p>","protected":false},"author":1,"featured_media":0,"parent":0,"menu_order":0,"comment_status":"closed","ping_status":"closed","template":"","meta":{"footnotes":""},"yoast_head":"<!-- This site is optimized with the Yoast SEO plugin v22.6 - https:\/\/yoast.com\/wordpress\/plugins\/seo\/ -->\n<title>Digital -<\/title>\n<meta name=\"robots\" content=\"index, follow, max-snippet:-1, max-image-preview:large, max-video-preview:-1\" \/>\n<link rel=\"canonical\" href=\"https:\/\/esteireconsulting.com\/en\/digital\/\" \/>\n<meta property=\"og:locale\" content=\"en_US\" \/>\n<meta property=\"og:type\" content=\"article\" \/>\n<meta property=\"og:title\" content=\"Digital -\" \/>\n<meta property=\"og:description\" content=\"Snippet Compa\u00f1\u00eda espa\u00f1ola con una tecnolog\u00eda \u00fanica en el mundo de v\u00eddeos personalizados capaz de segmentar cualquier tipo de campa\u00f1a en funci\u00f3n de la data de sus clientes. Porque existe una experiencia audiovisual para cada usuario. De la personalizaci\u00f3n a la individualizaci\u00f3n. 1 persona, 1 experiencia a su medida. Las campa\u00f1as con Snippet consiguen unContinue reading &quot;Digital&quot;\" \/>\n<meta property=\"og:url\" content=\"https:\/\/esteireconsulting.com\/en\/digital\/\" \/>\n<meta property=\"article:modified_time\" content=\"2021-08-16T06:25:13+00:00\" \/>\n<meta property=\"og:image\" content=\"https:\/\/comunicatebymariazabay.files.wordpress.com\/2021\/01\/captura-de-pantalla-2021-01-24-a-las-10.24.17.png?w=754\" \/>\n<meta name=\"twitter:card\" content=\"summary_large_image\" \/>\n<meta name=\"twitter:label1\" content=\"Est. reading time\" \/>\n\t<meta name=\"twitter:data1\" content=\"3 minutes\" \/>\n<script type=\"application\/ld+json\" class=\"yoast-schema-graph\">{\"@context\":\"https:\/\/schema.org\",\"@graph\":[{\"@type\":\"WebPage\",\"@id\":\"https:\/\/esteireconsulting.com\/digital\",\"url\":\"https:\/\/esteireconsulting.com\/digital\",\"name\":\"Digital -\",\"isPartOf\":{\"@id\":\"https:\/\/esteireconsulting.com\/#website\"},\"primaryImageOfPage\":{\"@id\":\"https:\/\/esteireconsulting.com\/digital#primaryimage\"},\"image\":{\"@id\":\"https:\/\/esteireconsulting.com\/digital#primaryimage\"},\"thumbnailUrl\":\"https:\/\/comunicatebymariazabay.files.wordpress.com\/2021\/01\/captura-de-pantalla-2021-01-24-a-las-10.24.17.png?w=754\",\"datePublished\":\"2021-01-22T17:10:02+00:00\",\"dateModified\":\"2021-08-16T06:25:13+00:00\",\"breadcrumb\":{\"@id\":\"https:\/\/esteireconsulting.com\/digital#breadcrumb\"},\"inLanguage\":\"en-US\",\"potentialAction\":[{\"@type\":\"ReadAction\",\"target\":[\"https:\/\/esteireconsulting.com\/digital\"]}]},{\"@type\":\"ImageObject\",\"inLanguage\":\"en-US\",\"@id\":\"https:\/\/esteireconsulting.com\/digital#primaryimage\",\"url\":\"https:\/\/comunicatebymariazabay.files.wordpress.com\/2021\/01\/captura-de-pantalla-2021-01-24-a-las-10.24.17.png?w=754\",\"contentUrl\":\"https:\/\/comunicatebymariazabay.files.wordpress.com\/2021\/01\/captura-de-pantalla-2021-01-24-a-las-10.24.17.png?w=754\"},{\"@type\":\"BreadcrumbList\",\"@id\":\"https:\/\/esteireconsulting.com\/digital#breadcrumb\",\"itemListElement\":[{\"@type\":\"ListItem\",\"position\":1,\"name\":\"Portada\",\"item\":\"https:\/\/esteireconsulting.com\/\"},{\"@type\":\"ListItem\",\"position\":2,\"name\":\"Digital\"}]},{\"@type\":\"WebSite\",\"@id\":\"https:\/\/esteireconsulting.com\/#website\",\"url\":\"https:\/\/esteireconsulting.com\/\",\"name\":\"\",\"description\":\"\",\"potentialAction\":[{\"@type\":\"SearchAction\",\"target\":{\"@type\":\"EntryPoint\",\"urlTemplate\":\"https:\/\/esteireconsulting.com\/?s={search_term_string}\"},\"query-input\":\"required name=search_term_string\"}],\"inLanguage\":\"en-US\"}]}<\/script>\n<!-- \/ Yoast SEO plugin. -->","yoast_head_json":{"title":"Digital -","robots":{"index":"index","follow":"follow","max-snippet":"max-snippet:-1","max-image-preview":"max-image-preview:large","max-video-preview":"max-video-preview:-1"},"canonical":"https:\/\/esteireconsulting.com\/en\/digital\/","og_locale":"en_US","og_type":"article","og_title":"Digital -","og_description":"Snippet Compa\u00f1\u00eda espa\u00f1ola con una tecnolog\u00eda \u00fanica en el mundo de v\u00eddeos personalizados capaz de segmentar cualquier tipo de campa\u00f1a en funci\u00f3n de la data de sus clientes. Porque existe una experiencia audiovisual para cada usuario. De la personalizaci\u00f3n a la individualizaci\u00f3n. 1 persona, 1 experiencia a su medida. Las campa\u00f1as con Snippet consiguen unContinue reading \"Digital\"","og_url":"https:\/\/esteireconsulting.com\/en\/digital\/","article_modified_time":"2021-08-16T06:25:13+00:00","og_image":[{"url":"https:\/\/comunicatebymariazabay.files.wordpress.com\/2021\/01\/captura-de-pantalla-2021-01-24-a-las-10.24.17.png?w=754"}],"twitter_card":"summary_large_image","twitter_misc":{"Est. reading time":"3 minutes"},"schema":{"@context":"https:\/\/schema.org","@graph":[{"@type":"WebPage","@id":"https:\/\/esteireconsulting.com\/digital","url":"https:\/\/esteireconsulting.com\/digital","name":"Digital -","isPartOf":{"@id":"https:\/\/esteireconsulting.com\/#website"},"primaryImageOfPage":{"@id":"https:\/\/esteireconsulting.com\/digital#primaryimage"},"image":{"@id":"https:\/\/esteireconsulting.com\/digital#primaryimage"},"thumbnailUrl":"https:\/\/comunicatebymariazabay.files.wordpress.com\/2021\/01\/captura-de-pantalla-2021-01-24-a-las-10.24.17.png?w=754","datePublished":"2021-01-22T17:10:02+00:00","dateModified":"2021-08-16T06:25:13+00:00","breadcrumb":{"@id":"https:\/\/esteireconsulting.com\/digital#breadcrumb"},"inLanguage":"en-US","potentialAction":[{"@type":"ReadAction","target":["https:\/\/esteireconsulting.com\/digital"]}]},{"@type":"ImageObject","inLanguage":"en-US","@id":"https:\/\/esteireconsulting.com\/digital#primaryimage","url":"https:\/\/comunicatebymariazabay.files.wordpress.com\/2021\/01\/captura-de-pantalla-2021-01-24-a-las-10.24.17.png?w=754","contentUrl":"https:\/\/comunicatebymariazabay.files.wordpress.com\/2021\/01\/captura-de-pantalla-2021-01-24-a-las-10.24.17.png?w=754"},{"@type":"BreadcrumbList","@id":"https:\/\/esteireconsulting.com\/digital#breadcrumb","itemListElement":[{"@type":"ListItem","position":1,"name":"Portada","item":"https:\/\/esteireconsulting.com\/"},{"@type":"ListItem","position":2,"name":"Digital"}]},{"@type":"WebSite","@id":"https:\/\/esteireconsulting.com\/#website","url":"https:\/\/esteireconsulting.com\/","name":"","description":"","potentialAction":[{"@type":"SearchAction","target":{"@type":"EntryPoint","urlTemplate":"https:\/\/esteireconsulting.com\/?s={search_term_string}"},"query-input":"required name=search_term_string"}],"inLanguage":"en-US"}]}},"_links":{"self":[{"href":"https:\/\/esteireconsulting.com\/en\/wp-json\/wp\/v2\/pages\/757"}],"collection":[{"href":"https:\/\/esteireconsulting.com\/en\/wp-json\/wp\/v2\/pages"}],"about":[{"href":"https:\/\/esteireconsulting.com\/en\/wp-json\/wp\/v2\/types\/page"}],"author":[{"embeddable":true,"href":"https:\/\/esteireconsulting.com\/en\/wp-json\/wp\/v2\/users\/1"}],"replies":[{"embeddable":true,"href":"https:\/\/esteireconsulting.com\/en\/wp-json\/wp\/v2\/comments?post=757"}],"version-history":[{"count":24,"href":"https:\/\/esteireconsulting.com\/en\/wp-json\/wp\/v2\/pages\/757\/revisions"}],"predecessor-version":[{"id":2580,"href":"https:\/\/esteireconsulting.com\/en\/wp-json\/wp\/v2\/pages\/757\/revisions\/2580"}],"wp:attachment":[{"href":"https:\/\/esteireconsulting.com\/en\/wp-json\/wp\/v2\/media?parent=757"}],"curies":[{"name":"wp","href":"https:\/\/api.w.org\/{rel}","templated":true}]}}