{"id":755,"date":"2021-01-22T17:09:14","date_gmt":"2021-01-22T17:09:14","guid":{"rendered":"https:\/\/comunicatebymariazabay.wordpress.com\/?page_id=755"},"modified":"2021-08-12T18:26:44","modified_gmt":"2021-08-12T18:26:44","slug":"oil-gas","status":"publish","type":"page","link":"https:\/\/esteireconsulting.com\/en\/oil-gas","title":{"rendered":"Oil &#038; gas"},"content":{"rendered":"<div style=\"height:24px\" aria-hidden=\"true\" class=\"wp-block-spacer\"><\/div>\n\n\n\n<div class=\"wp-block-buttons alignfull is-content-justification-right home_01 is-layout-flex wp-block-buttons-is-layout-flex\">\n<div class=\"wp-block-button\"><a class=\"wp-block-button__link has-foreground-color has-background-background-color has-text-color has-background\" href=\"http:\/\/esteireconsulting.com\/en\/\">Home<\/a><\/div>\n\n\n\n<div class=\"wp-block-button\"><a class=\"wp-block-button__link has-foreground-color has-background-background-color has-text-color has-background\" href=\"http:\/\/esteireconsulting.com\/en\/sobre-nosotros\/\">About Us<\/a><\/div>\n\n\n\n<div class=\"wp-block-button\"><a class=\"wp-block-button__link has-foreground-color has-background-background-color has-text-color has-background\" href=\"http:\/\/esteireconsulting.com\/en\/partners\/\">Partners<\/a><\/div>\n\n\n\n<div class=\"wp-block-button\"><a class=\"wp-block-button__link has-foreground-color has-background-background-color has-text-color has-background\" href=\"http:\/\/esteireconsulting.com\/en\/paises\/\">Countries<\/a><\/div>\n\n\n\n<div class=\"wp-block-button\"><a class=\"wp-block-button__link has-foreground-color has-background-background-color has-text-color has-background\" href=\"http:\/\/esteireconsulting.com\/en\/testimonios\/\">Testimonials<\/a><\/div>\n\n\n\n<div class=\"wp-block-button\"><a class=\"wp-block-button__link has-foreground-color has-background-background-color has-text-color has-background\" href=\"http:\/\/esteireconsulting.com\/en\/blog-esteire\/\">Blog<\/a><\/div>\n\n\n\n<div class=\"wp-block-button\"><a class=\"wp-block-button__link has-foreground-color has-background-background-color has-text-color has-background\" href=\"http:\/\/esteireconsulting.com\/en\/contacto\/\">Contact us<\/a><\/div>\n<\/div>\n\n\n\n<p><\/p>\n\n\n\n<hr class=\"wp-block-separator alignfull has-text-color has-background has-foreground-dark-background-color has-foreground-dark-color is-style-wide full_width\"\/>\n\n\n\n<div class=\"wp-block-media-text alignwide is-image-fill is-stacked-on-mobile\" style=\"grid-template-columns:49% auto\"><figure class=\"wp-block-media-text__media\" style=\"background-image:url(http:\/\/esteireconsulting.com\/wp-content\/uploads\/2021\/01\/pexels-tomas-anunziata-3876435-682x1024.jpg);background-position:50% 50%\"><img decoding=\"async\" loading=\"lazy\" width=\"682\" height=\"1024\" src=\"http:\/\/esteireconsulting.com\/wp-content\/uploads\/2021\/01\/pexels-tomas-anunziata-3876435-682x1024.jpg\" alt=\"\" class=\"wp-image-1128 size-full\" srcset=\"https:\/\/esteireconsulting.com\/wp-content\/uploads\/2021\/01\/pexels-tomas-anunziata-3876435-682x1024.jpg 682w, https:\/\/esteireconsulting.com\/wp-content\/uploads\/2021\/01\/pexels-tomas-anunziata-3876435-200x300.jpg 200w, https:\/\/esteireconsulting.com\/wp-content\/uploads\/2021\/01\/pexels-tomas-anunziata-3876435-768x1153.jpg 768w, https:\/\/esteireconsulting.com\/wp-content\/uploads\/2021\/01\/pexels-tomas-anunziata-3876435-1600x2402.jpg 1600w, https:\/\/esteireconsulting.com\/wp-content\/uploads\/2021\/01\/pexels-tomas-anunziata-3876435-1023x1536.jpg 1023w, https:\/\/esteireconsulting.com\/wp-content\/uploads\/2021\/01\/pexels-tomas-anunziata-3876435-1364x2048.jpg 1364w, https:\/\/esteireconsulting.com\/wp-content\/uploads\/2021\/01\/pexels-tomas-anunziata-3876435-1568x2354.jpg 1568w, https:\/\/esteireconsulting.com\/wp-content\/uploads\/2021\/01\/pexels-tomas-anunziata-3876435-scaled.jpg 1706w\" sizes=\"(max-width: 682px) 100vw, 682px\" \/><\/figure><div class=\"wp-block-media-text__content\">\n<h2 class=\"has-text-align-left wp-block-heading\"><a href=\"https:\/\/www.globalcen.com\/\" target=\"_blank\" rel=\"noreferrer noopener\">Global Cen<\/a><\/h2>\n\n\n\n<p class=\"has-small-font-size\">Compa\u00f1\u00eda espa\u00f1ola dedicada a explorar nuevas posibilidades para contribuir al bienestar y salud de las personas. Las diferencias sutiles de potencial el\u00e9ctrico que existen en la superficie y en el interior de la Tierra, aunque sutiles, son importantes a la hora de entender procesos fisicoqu\u00edmicos subsuperficiales que afectan a las actividades humanas o que pueden tener en \u00e9stas su origen causal. Global Cen es capaz de identificar las diferencias en el potencial del campo el\u00e9ctrico natural que se asocian a procesos que tienen lugar en el suelo y en el subsuelo y a sus caracter\u00edsticas f\u00edsico qu\u00edmicas, principalmente: flujos de agua subterr\u00e1nea, reacciones t\u00e9rmicas internas, presencia de minerales met\u00e1licos o sales, actividad bioel\u00e9ctrica, etc.<\/p>\n<\/div><\/div>\n\n\n\n<div style=\"height:24px\" aria-hidden=\"true\" class=\"wp-block-spacer\"><\/div>\n\n\n\n<hr class=\"wp-block-separator\"\/>\n\n\n\n<div style=\"height:24px\" aria-hidden=\"true\" class=\"wp-block-spacer\"><\/div>\n\n\n\n<h2 class=\"has-text-align-center wp-block-heading\">Making the oil industry cleaner<\/h2>\n\n\n\n<div style=\"height:24px\" aria-hidden=\"true\" class=\"wp-block-spacer\"><\/div>\n\n\n\n<hr class=\"wp-block-separator\"\/>\n\n\n\n<div class=\"wp-block-columns are-vertically-aligned-center footer_1 is-layout-flex wp-container-core-columns-is-layout-1 wp-block-columns-is-layout-flex\">\n<div class=\"wp-block-column is-layout-flow wp-block-column-is-layout-flow\">\n<p class=\"has-text-align-center\">2021<\/p>\n<\/div>\n\n\n\n<div class=\"wp-block-column is-vertically-aligned-center is-layout-flow wp-block-column-is-layout-flow\">\n<div class=\"wp-block-buttons is-content-justification-center is-layout-flex wp-block-buttons-is-layout-flex\">\n<div class=\"wp-block-button botenes-footer is-style-outline\"><a class=\"wp-block-button__link has-foreground-color has-background-background-color has-text-color has-background\" href=\"http:\/\/esteireconsulting.com\/en\/aviso-legal\/\">Legal warning<\/a><\/div>\n<\/div>\n<\/div>\n\n\n\n<div class=\"wp-block-column is-vertically-aligned-center is-layout-flow wp-block-column-is-layout-flow\">\n<div class=\"wp-block-buttons is-content-justification-center is-layout-flex wp-block-buttons-is-layout-flex\">\n<div class=\"wp-block-button is-style-outline\"><a class=\"wp-block-button__link has-foreground-color has-background-background-color has-text-color has-background\" href=\"http:\/\/esteireconsulting.com\/en\/cookies\/\">Cookies<\/a><\/div>\n<\/div>\n<\/div>\n\n\n\n<div class=\"wp-block-column is-vertically-aligned-center is-layout-flow wp-block-column-is-layout-flow\">\n<div class=\"wp-block-buttons is-content-justification-center is-layout-flex wp-block-buttons-is-layout-flex\">\n<div class=\"wp-block-button is-style-outline\"><a class=\"wp-block-button__link has-foreground-color has-background-background-color has-text-color has-background\" href=\"http:\/\/esteireconsulting.com\/en\/contacto-est\/\">Contact us<\/a><\/div>\n<\/div>\n<\/div>\n<\/div>","protected":false},"excerpt":{"rendered":"<p>Global Cen Compa\u00f1\u00eda espa\u00f1ola dedicada a explorar nuevas posibilidades para contribuir al bienestar y salud de las personas. Las diferencias sutiles de potencial el\u00e9ctrico que existen en la superficie y en el interior de la Tierra, aunque sutiles, son importantes a la hora de entender procesos fisicoqu\u00edmicos subsuperficiales que afectan a las actividades humanas o<a class=\"more-link\" href=\"https:\/\/esteireconsulting.com\/en\/oil-gas\">Continue reading <span class=\"screen-reader-text\">\u00abOil &#038; gas\u00bb<\/span><\/a><\/p>","protected":false},"author":1,"featured_media":0,"parent":0,"menu_order":0,"comment_status":"closed","ping_status":"closed","template":"","meta":{"footnotes":""},"yoast_head":"<!-- This site is optimized with the Yoast SEO plugin v22.6 - https:\/\/yoast.com\/wordpress\/plugins\/seo\/ -->\n<title>Oil &amp; gas -<\/title>\n<meta name=\"robots\" content=\"index, follow, max-snippet:-1, max-image-preview:large, max-video-preview:-1\" \/>\n<link rel=\"canonical\" href=\"https:\/\/esteireconsulting.com\/en\/oil-gas\/\" \/>\n<meta property=\"og:locale\" content=\"en_US\" \/>\n<meta property=\"og:type\" content=\"article\" \/>\n<meta property=\"og:title\" content=\"Oil &amp; gas -\" \/>\n<meta property=\"og:description\" content=\"Global Cen Compa\u00f1\u00eda espa\u00f1ola dedicada a explorar nuevas posibilidades para contribuir al bienestar y salud de las personas. Las diferencias sutiles de potencial el\u00e9ctrico que existen en la superficie y en el interior de la Tierra, aunque sutiles, son importantes a la hora de entender procesos fisicoqu\u00edmicos subsuperficiales que afectan a las actividades humanas oContinue reading &quot;Oil &#038; gas&quot;\" \/>\n<meta property=\"og:url\" content=\"https:\/\/esteireconsulting.com\/en\/oil-gas\/\" \/>\n<meta property=\"article:modified_time\" content=\"2021-08-12T18:26:44+00:00\" \/>\n<meta property=\"og:image\" content=\"http:\/\/esteireconsulting.com\/wp-content\/uploads\/2021\/01\/pexels-tomas-anunziata-3876435-682x1024.jpg\" \/>\n<meta name=\"twitter:card\" content=\"summary_large_image\" \/>\n<meta name=\"twitter:label1\" content=\"Est. reading time\" \/>\n\t<meta name=\"twitter:data1\" content=\"1 minute\" \/>\n<script type=\"application\/ld+json\" class=\"yoast-schema-graph\">{\"@context\":\"https:\/\/schema.org\",\"@graph\":[{\"@type\":\"WebPage\",\"@id\":\"https:\/\/esteireconsulting.com\/oil-gas\",\"url\":\"https:\/\/esteireconsulting.com\/oil-gas\",\"name\":\"Oil & gas -\",\"isPartOf\":{\"@id\":\"https:\/\/esteireconsulting.com\/#website\"},\"primaryImageOfPage\":{\"@id\":\"https:\/\/esteireconsulting.com\/oil-gas#primaryimage\"},\"image\":{\"@id\":\"https:\/\/esteireconsulting.com\/oil-gas#primaryimage\"},\"thumbnailUrl\":\"http:\/\/esteireconsulting.com\/wp-content\/uploads\/2021\/01\/pexels-tomas-anunziata-3876435-682x1024.jpg\",\"datePublished\":\"2021-01-22T17:09:14+00:00\",\"dateModified\":\"2021-08-12T18:26:44+00:00\",\"breadcrumb\":{\"@id\":\"https:\/\/esteireconsulting.com\/oil-gas#breadcrumb\"},\"inLanguage\":\"en-US\",\"potentialAction\":[{\"@type\":\"ReadAction\",\"target\":[\"https:\/\/esteireconsulting.com\/oil-gas\"]}]},{\"@type\":\"ImageObject\",\"inLanguage\":\"en-US\",\"@id\":\"https:\/\/esteireconsulting.com\/oil-gas#primaryimage\",\"url\":\"http:\/\/esteireconsulting.com\/wp-content\/uploads\/2021\/01\/pexels-tomas-anunziata-3876435-682x1024.jpg\",\"contentUrl\":\"http:\/\/esteireconsulting.com\/wp-content\/uploads\/2021\/01\/pexels-tomas-anunziata-3876435-682x1024.jpg\"},{\"@type\":\"BreadcrumbList\",\"@id\":\"https:\/\/esteireconsulting.com\/oil-gas#breadcrumb\",\"itemListElement\":[{\"@type\":\"ListItem\",\"position\":1,\"name\":\"Portada\",\"item\":\"https:\/\/esteireconsulting.com\/\"},{\"@type\":\"ListItem\",\"position\":2,\"name\":\"Oil &#038; gas\"}]},{\"@type\":\"WebSite\",\"@id\":\"https:\/\/esteireconsulting.com\/#website\",\"url\":\"https:\/\/esteireconsulting.com\/\",\"name\":\"\",\"description\":\"\",\"potentialAction\":[{\"@type\":\"SearchAction\",\"target\":{\"@type\":\"EntryPoint\",\"urlTemplate\":\"https:\/\/esteireconsulting.com\/?s={search_term_string}\"},\"query-input\":\"required name=search_term_string\"}],\"inLanguage\":\"en-US\"}]}<\/script>\n<!-- \/ Yoast SEO plugin. -->","yoast_head_json":{"title":"Oil & gas -","robots":{"index":"index","follow":"follow","max-snippet":"max-snippet:-1","max-image-preview":"max-image-preview:large","max-video-preview":"max-video-preview:-1"},"canonical":"https:\/\/esteireconsulting.com\/en\/oil-gas\/","og_locale":"en_US","og_type":"article","og_title":"Oil & gas -","og_description":"Global Cen Compa\u00f1\u00eda espa\u00f1ola dedicada a explorar nuevas posibilidades para contribuir al bienestar y salud de las personas. Las diferencias sutiles de potencial el\u00e9ctrico que existen en la superficie y en el interior de la Tierra, aunque sutiles, son importantes a la hora de entender procesos fisicoqu\u00edmicos subsuperficiales que afectan a las actividades humanas oContinue reading \"Oil &#038; gas\"","og_url":"https:\/\/esteireconsulting.com\/en\/oil-gas\/","article_modified_time":"2021-08-12T18:26:44+00:00","og_image":[{"url":"http:\/\/esteireconsulting.com\/wp-content\/uploads\/2021\/01\/pexels-tomas-anunziata-3876435-682x1024.jpg"}],"twitter_card":"summary_large_image","twitter_misc":{"Est. reading time":"1 minute"},"schema":{"@context":"https:\/\/schema.org","@graph":[{"@type":"WebPage","@id":"https:\/\/esteireconsulting.com\/oil-gas","url":"https:\/\/esteireconsulting.com\/oil-gas","name":"Oil & gas -","isPartOf":{"@id":"https:\/\/esteireconsulting.com\/#website"},"primaryImageOfPage":{"@id":"https:\/\/esteireconsulting.com\/oil-gas#primaryimage"},"image":{"@id":"https:\/\/esteireconsulting.com\/oil-gas#primaryimage"},"thumbnailUrl":"http:\/\/esteireconsulting.com\/wp-content\/uploads\/2021\/01\/pexels-tomas-anunziata-3876435-682x1024.jpg","datePublished":"2021-01-22T17:09:14+00:00","dateModified":"2021-08-12T18:26:44+00:00","breadcrumb":{"@id":"https:\/\/esteireconsulting.com\/oil-gas#breadcrumb"},"inLanguage":"en-US","potentialAction":[{"@type":"ReadAction","target":["https:\/\/esteireconsulting.com\/oil-gas"]}]},{"@type":"ImageObject","inLanguage":"en-US","@id":"https:\/\/esteireconsulting.com\/oil-gas#primaryimage","url":"http:\/\/esteireconsulting.com\/wp-content\/uploads\/2021\/01\/pexels-tomas-anunziata-3876435-682x1024.jpg","contentUrl":"http:\/\/esteireconsulting.com\/wp-content\/uploads\/2021\/01\/pexels-tomas-anunziata-3876435-682x1024.jpg"},{"@type":"BreadcrumbList","@id":"https:\/\/esteireconsulting.com\/oil-gas#breadcrumb","itemListElement":[{"@type":"ListItem","position":1,"name":"Portada","item":"https:\/\/esteireconsulting.com\/"},{"@type":"ListItem","position":2,"name":"Oil &#038; gas"}]},{"@type":"WebSite","@id":"https:\/\/esteireconsulting.com\/#website","url":"https:\/\/esteireconsulting.com\/","name":"","description":"","potentialAction":[{"@type":"SearchAction","target":{"@type":"EntryPoint","urlTemplate":"https:\/\/esteireconsulting.com\/?s={search_term_string}"},"query-input":"required name=search_term_string"}],"inLanguage":"en-US"}]}},"_links":{"self":[{"href":"https:\/\/esteireconsulting.com\/en\/wp-json\/wp\/v2\/pages\/755"}],"collection":[{"href":"https:\/\/esteireconsulting.com\/en\/wp-json\/wp\/v2\/pages"}],"about":[{"href":"https:\/\/esteireconsulting.com\/en\/wp-json\/wp\/v2\/types\/page"}],"author":[{"embeddable":true,"href":"https:\/\/esteireconsulting.com\/en\/wp-json\/wp\/v2\/users\/1"}],"replies":[{"embeddable":true,"href":"https:\/\/esteireconsulting.com\/en\/wp-json\/wp\/v2\/comments?post=755"}],"version-history":[{"count":12,"href":"https:\/\/esteireconsulting.com\/en\/wp-json\/wp\/v2\/pages\/755\/revisions"}],"predecessor-version":[{"id":2573,"href":"https:\/\/esteireconsulting.com\/en\/wp-json\/wp\/v2\/pages\/755\/revisions\/2573"}],"wp:attachment":[{"href":"https:\/\/esteireconsulting.com\/en\/wp-json\/wp\/v2\/media?parent=755"}],"curies":[{"name":"wp","href":"https:\/\/api.w.org\/{rel}","templated":true}]}}