{"id":746,"date":"2021-01-22T17:04:25","date_gmt":"2021-01-22T17:04:25","guid":{"rendered":"https:\/\/comunicatebymariazabay.wordpress.com\/?page_id=746"},"modified":"2022-03-04T10:42:32","modified_gmt":"2022-03-04T10:42:32","slug":"renovables","status":"publish","type":"page","link":"https:\/\/esteireconsulting.com\/en\/renovables","title":{"rendered":"Sustainability"},"content":{"rendered":"<div style=\"height:24px\" aria-hidden=\"true\" class=\"wp-block-spacer\"><\/div>\n\n\n\n<div class=\"wp-block-buttons alignfull is-content-justification-right home_01 is-layout-flex wp-block-buttons-is-layout-flex\">\n<div class=\"wp-block-button\"><a class=\"wp-block-button__link has-foreground-color has-background-background-color has-text-color has-background\" href=\"http:\/\/esteireconsulting.com\/en\/\">Home<\/a><\/div>\n\n\n\n<div class=\"wp-block-button\"><a class=\"wp-block-button__link has-foreground-color has-background-background-color has-text-color has-background\" href=\"http:\/\/esteireconsulting.com\/en\/sobre-nosotros\/\">About Us<\/a><\/div>\n\n\n\n<div class=\"wp-block-button\"><a class=\"wp-block-button__link has-foreground-color has-background-background-color has-text-color has-background\" href=\"http:\/\/esteireconsulting.com\/en\/partners\/\">Partners<\/a><\/div>\n\n\n\n<div class=\"wp-block-button\"><a class=\"wp-block-button__link has-foreground-color has-background-background-color has-text-color has-background\" href=\"http:\/\/esteireconsulting.com\/en\/paises\/\">Countries<\/a><\/div>\n\n\n\n<div class=\"wp-block-button\"><a class=\"wp-block-button__link has-foreground-color has-background-background-color has-text-color has-background\" href=\"http:\/\/esteireconsulting.com\/en\/testimonios\/\">Testimonials<\/a><\/div>\n\n\n\n<div class=\"wp-block-button\"><a class=\"wp-block-button__link has-foreground-color has-background-background-color has-text-color has-background\" href=\"http:\/\/esteireconsulting.com\/en\/blog-esteire\/\">Blog<\/a><\/div>\n\n\n\n<div class=\"wp-block-button\"><a class=\"wp-block-button__link has-foreground-color has-background-background-color has-text-color has-background\" href=\"http:\/\/esteireconsulting.com\/en\/contacto\/\">Contact us<\/a><\/div>\n<\/div>\n\n\n\n<p><\/p>\n\n\n\n<hr class=\"wp-block-separator alignfull has-text-color has-background has-foreground-dark-background-color has-foreground-dark-color is-style-wide full_width\"\/>\n\n\n\n<div class=\"wp-block-media-text alignwide is-image-fill is-stacked-on-mobile\" style=\"grid-template-columns:49% auto\"><figure class=\"wp-block-media-text__media\" style=\"background-image:url(https:\/\/comunicatebymariazabay.files.wordpress.com\/2021\/01\/captura-de-pantalla-2021-01-23-a-las-10.43.33.png?w=634);background-position:54% 81%\"><img decoding=\"async\" src=\"https:\/\/comunicatebymariazabay.files.wordpress.com\/2021\/01\/captura-de-pantalla-2021-01-23-a-las-10.43.33.png?w=634\" alt=\"\" class=\"wp-image-791 size-full\"\/><\/figure><div class=\"wp-block-media-text__content\">\n<h2 class=\"has-text-align-left wp-block-heading\"><a href=\"http:\/\/www.abora-solar.com\">Abora Solar<\/a><\/h2>\n\n\n\n<p class=\"has-small-font-size\">Abora Solar was born in 2017 with the idea of \u200b\u200bproducing the most efficient, thus most profitable, solar panel in the world. It is a hybrid solar panel that generates the same energy as 5 photovoltaic solar panels because it takes advantage of 89% of solar irradiation. Abora is a Spanish company formed by a human team with extensive experience and track record in the solar energy sector specialized in the design, development and manufacture of hybrid solar panels. Fully committed to the sustainability of the planet and with responsibility towards people based on its code of ethics<\/p>\n<\/div><\/div>\n\n\n\n<div class=\"wp-block-media-text alignwide has-media-on-the-right is-image-fill is-stacked-on-mobile\" style=\"grid-template-columns:auto 49%\"><figure class=\"wp-block-media-text__media\" style=\"background-image:url(http:\/\/esteireconsulting.com\/wp-content\/uploads\/2022\/03\/Captura-de-pantalla-2022-03-04-a-las-11.34.06.png);background-position:0% 70%\"><img decoding=\"async\" loading=\"lazy\" width=\"693\" height=\"453\" src=\"http:\/\/esteireconsulting.com\/wp-content\/uploads\/2022\/03\/Captura-de-pantalla-2022-03-04-a-las-11.34.06.png\" alt=\"\" class=\"wp-image-2875 size-full\" srcset=\"https:\/\/esteireconsulting.com\/wp-content\/uploads\/2022\/03\/Captura-de-pantalla-2022-03-04-a-las-11.34.06.png 693w, https:\/\/esteireconsulting.com\/wp-content\/uploads\/2022\/03\/Captura-de-pantalla-2022-03-04-a-las-11.34.06-300x196.png 300w, https:\/\/esteireconsulting.com\/wp-content\/uploads\/2022\/03\/Captura-de-pantalla-2022-03-04-a-las-11.34.06-18x12.png 18w\" sizes=\"(max-width: 693px) 100vw, 693px\" \/><\/figure><div class=\"wp-block-media-text__content\">\n<h2 class=\"has-text-align-left wp-block-heading\"><a href=\"https:\/\/greeneco.info\/\">Green Eco<\/a><\/h2>\n\n\n\n<p class=\"has-small-font-size\">80% energy saving high-efficiency air conditioning equipment R&amp;D, distribution and projects design with these air conditioning units based on adiabatic cooling technologies including Hybrid. The air conditioning units do not use refrigerants gases to perform, they cool the air evaporating water. Therefore no Direct Expansion technology is involved, and they operate 10% fresh air. Green Eco uses water evaporation to cool the air, and the cooling process operates with enthalpy variation. The design of projects, apart from the usual ones for buildings and large areas, even diaphanous and high-rise, includes applications in outdoor spaces such as leisure and sports areas, theme parks, streets, etc. The saving in electricity consumption is up to 80% versus mechanical compression systems, they work for total air renewal (without recirculation), and +10 COP<\/p>\n<\/div><\/div>\n\n\n\n<div class=\"wp-block-media-text alignwide is-image-fill is-stacked-on-mobile\" style=\"grid-template-columns:49% auto\"><figure class=\"wp-block-media-text__media\" style=\"background-image:url(http:\/\/esteireconsulting.com\/wp-content\/uploads\/2021\/08\/ima-de-agua.jpg);background-position:26% 59%\"><img decoding=\"async\" loading=\"lazy\" width=\"919\" height=\"499\" src=\"http:\/\/esteireconsulting.com\/wp-content\/uploads\/2021\/08\/ima-de-agua.jpg\" alt=\"\" class=\"wp-image-2451 size-full\" srcset=\"https:\/\/esteireconsulting.com\/wp-content\/uploads\/2021\/08\/ima-de-agua.jpg 919w, https:\/\/esteireconsulting.com\/wp-content\/uploads\/2021\/08\/ima-de-agua-300x163.jpg 300w, https:\/\/esteireconsulting.com\/wp-content\/uploads\/2021\/08\/ima-de-agua-768x417.jpg 768w\" sizes=\"(max-width: 919px) 100vw, 919px\" \/><\/figure><div class=\"wp-block-media-text__content\">\n<h2 class=\"has-text-align-right wp-block-heading\"><a href=\"https:\/\/www.plantasdeosmosis.com\/\">Ima Water<\/a><\/h2>\n\n\n\n<p class=\"has-text-align-right has-small-font-size\">For 30 years, IMA water technicians have been dedicated to the design and development of industrial filters and compact water treatment plants. The main objective of IMA water since its inception, was to bet on the research and development of new products that are not only innovative but also useful for the customer. For them, all the technologies for which we have bet on R&amp;D and that we commercialize meet four essential requirements. All our technologies and equipment are installed in compact water plants in a frame or adapted container that are fully assembled in our factory, leaving anywhere in Spain and the world ready to start up without the need for civil works.<\/p>\n<\/div><\/div>\n\n\n\n<div class=\"wp-block-media-text alignwide has-media-on-the-right is-image-fill is-stacked-on-mobile\" style=\"grid-template-columns:auto 49%\"><figure class=\"wp-block-media-text__media\" style=\"background-image:url(https:\/\/comunicatebymariazabay.files.wordpress.com\/2021\/01\/captura-de-pantalla-2021-01-23-a-las-12.06.23.png?w=783);background-position:32% 9%\"><img decoding=\"async\" src=\"https:\/\/comunicatebymariazabay.files.wordpress.com\/2021\/01\/captura-de-pantalla-2021-01-23-a-las-12.06.23.png?w=783\" alt=\"\" class=\"wp-image-809 size-full\"\/><\/figure><div class=\"wp-block-media-text__content\">\n<h2 class=\"has-text-align-left wp-block-heading\"><a href=\"https:\/\/www.omniflow.io\/\">Omniflow<\/a><\/h2>\n\n\n\n<p class=\"has-small-font-size\">Soluciones para construir smart cities. Omniflow ofrece soluciones de movilidad e iluminaci\u00f3n absolutamente disruptivas. La plataforma de energ\u00eda inteligente Omniled, agrega m\u00faltiples capas de servicio para ser utilizadas en muchas aplicaciones como Smart Lighting con integraci\u00f3n de 5G \/ LTE \/ WIFI, soluciones de movilidad, seguridad con an\u00e1lisis inteligente y Edge Computing. Con su soluci\u00f3n, las ciudades pueden transformar una simple farola en un objeto carbono neutral que se puede utilizar para m\u00faltiples prop\u00f3sitos de IoT en una sola infraestructura sin la necesidad de crear nuevas. Proporcion espacio y energ\u00eda \/ UPS para las funcionalidades del futuro, con un modelo de negocio que puede generar ingresos para el propietario del dispositivo alquilando el espacio interior para aplicaciones finales.<\/p>\n<\/div><\/div>\n\n\n\n<div class=\"wp-block-media-text alignwide is-image-fill is-stacked-on-mobile\" style=\"grid-template-columns:49% auto\"><figure class=\"wp-block-media-text__media\" style=\"background-image:url(http:\/\/esteireconsulting.com\/wp-content\/uploads\/2021\/08\/the-water-cleanser.jpg);background-position:50% 50%\"><img decoding=\"async\" loading=\"lazy\" width=\"440\" height=\"220\" src=\"http:\/\/esteireconsulting.com\/wp-content\/uploads\/2021\/08\/the-water-cleanser.jpg\" alt=\"\" class=\"wp-image-2452 size-full\" srcset=\"https:\/\/esteireconsulting.com\/wp-content\/uploads\/2021\/08\/the-water-cleanser.jpg 440w, https:\/\/esteireconsulting.com\/wp-content\/uploads\/2021\/08\/the-water-cleanser-300x150.jpg 300w\" sizes=\"(max-width: 440px) 100vw, 440px\" \/><\/figure><div class=\"wp-block-media-text__content\">\n<h2 class=\"has-text-align-right wp-block-heading\"><a href=\"https:\/\/www.thewatercleanser.com\/\" target=\"_blank\" rel=\"noreferrer noopener\">The Water Cleanser<\/a><\/h2>\n\n\n\n<p class=\"has-text-align-right has-small-font-size\">The Water Cleanser is an all-natural, chemical-free solution for controlling algae, cleaning water, and restoring water health. It is a disruptive technology invented and manufactured in Australia that restores long-term water health by harnessing nature's cleaning power rather than using popular chemicals that provide a short-term solution but can often cause damage to water. fish, plants and other marine species. This product is a block of wax that serves as a protective base for organic microbes that feed on oils and provides essential reproductive trace elements to multiply to their optimal levels so that they can then consume the organic waste in the water at a rate accelerated.<\/p>\n<\/div><\/div>\n\n\n\n<div class=\"wp-block-media-text alignwide has-media-on-the-right is-image-fill is-stacked-on-mobile\" style=\"grid-template-columns:auto 51%\"><figure class=\"wp-block-media-text__media\" style=\"background-image:url(http:\/\/esteireconsulting.com\/wp-content\/uploads\/2021\/04\/FOTO-GESTION-AGUA-2-1024x576.jpg);background-position:57.99999999999999% 47%\"><img decoding=\"async\" loading=\"lazy\" width=\"1024\" height=\"576\" src=\"http:\/\/esteireconsulting.com\/wp-content\/uploads\/2021\/04\/FOTO-GESTION-AGUA-2-1024x576.jpg\" alt=\"\" class=\"wp-image-2220 size-full\" srcset=\"https:\/\/esteireconsulting.com\/wp-content\/uploads\/2021\/04\/FOTO-GESTION-AGUA-2-1024x576.jpg 1024w, https:\/\/esteireconsulting.com\/wp-content\/uploads\/2021\/04\/FOTO-GESTION-AGUA-2-300x169.jpg 300w, https:\/\/esteireconsulting.com\/wp-content\/uploads\/2021\/04\/FOTO-GESTION-AGUA-2-768x432.jpg 768w, https:\/\/esteireconsulting.com\/wp-content\/uploads\/2021\/04\/FOTO-GESTION-AGUA-2-1536x864.jpg 1536w, https:\/\/esteireconsulting.com\/wp-content\/uploads\/2021\/04\/FOTO-GESTION-AGUA-2-1568x882.jpg 1568w, https:\/\/esteireconsulting.com\/wp-content\/uploads\/2021\/04\/FOTO-GESTION-AGUA-2.jpg 1600w\" sizes=\"(max-width: 1024px) 100vw, 1024px\" \/><\/figure><div class=\"wp-block-media-text__content\">\n<h2 class=\"has-text-align-left wp-block-heading\"><a href=\"http:\/\/www.geodesic-i.com\/\">Geodesic<\/a><\/h2>\n\n\n\n<p class=\"has-text-align-left has-small-font-size\">Technology for the disinfection and conservation of water, at the service of the health and well-being of people.<\/p>\n\n\n\n<p class=\"has-text-align-left has-small-font-size\">Geodesic has developed the most advanced water conservation and disinfection systems in the market. Capable of autonomously executing their preventive maintenance, with a completely modular design that allows covering all types of volumes or flows, their equipment is avant-garde not only because of the techniques they apply, but also because of its connectivity and advanced ability to interact with the cloud. and data analysis<\/p>\n\n\n\n<p class=\"has-text-align-left\" style=\"font-size:16px\">.<\/p>\n<\/div><\/div>\n\n\n\n<div class=\"wp-block-media-text alignwide is-image-fill is-stacked-on-mobile\" style=\"grid-template-columns:49% auto\"><figure class=\"wp-block-media-text__media\" style=\"background-image:url(http:\/\/esteireconsulting.com\/wp-content\/uploads\/2021\/01\/pexels-tomas-anunziata-3876435-682x1024.jpg);background-position:50% 50%\"><img decoding=\"async\" loading=\"lazy\" width=\"682\" height=\"1024\" src=\"http:\/\/esteireconsulting.com\/wp-content\/uploads\/2021\/01\/pexels-tomas-anunziata-3876435-682x1024.jpg\" alt=\"\" class=\"wp-image-1128 size-full\" srcset=\"https:\/\/esteireconsulting.com\/wp-content\/uploads\/2021\/01\/pexels-tomas-anunziata-3876435-682x1024.jpg 682w, https:\/\/esteireconsulting.com\/wp-content\/uploads\/2021\/01\/pexels-tomas-anunziata-3876435-200x300.jpg 200w, https:\/\/esteireconsulting.com\/wp-content\/uploads\/2021\/01\/pexels-tomas-anunziata-3876435-768x1153.jpg 768w, https:\/\/esteireconsulting.com\/wp-content\/uploads\/2021\/01\/pexels-tomas-anunziata-3876435-1600x2402.jpg 1600w, https:\/\/esteireconsulting.com\/wp-content\/uploads\/2021\/01\/pexels-tomas-anunziata-3876435-1023x1536.jpg 1023w, https:\/\/esteireconsulting.com\/wp-content\/uploads\/2021\/01\/pexels-tomas-anunziata-3876435-1364x2048.jpg 1364w, https:\/\/esteireconsulting.com\/wp-content\/uploads\/2021\/01\/pexels-tomas-anunziata-3876435-1568x2354.jpg 1568w, https:\/\/esteireconsulting.com\/wp-content\/uploads\/2021\/01\/pexels-tomas-anunziata-3876435-scaled.jpg 1706w\" sizes=\"(max-width: 682px) 100vw, 682px\" \/><\/figure><div class=\"wp-block-media-text__content\">\n<h2 class=\"has-text-align-right wp-block-heading\"><a href=\"https:\/\/www.globalcen.com\/\"><\/a><a href=\"https:\/\/www.globalcen.com\/\">Global Cen<\/a><\/h2>\n\n\n\n<p class=\"has-text-align-right has-small-font-size\">Spanish company dedicated to exploring new possibilities to contribute to people's well-being and health. The subtle differences in electrical potential that exist on the surface and inside the Earth, although subtle, are important when it comes to understanding subsurface physicochemical processes that affect human activities or that may have their causal origin. Global Cen is able to identify the differences in the potential of the natural electric field that are associated with processes that take place in the soil and in the subsoil and their physical-chemical characteristics, mainly: underground water flows, internal thermal reactions, presence of minerals. metals or salts, bioelectric activity, etc.<\/p>\n<\/div><\/div>\n\n\n\n<div style=\"height:24px\" aria-hidden=\"true\" class=\"wp-block-spacer\"><\/div>\n\n\n\n<hr class=\"wp-block-separator\"\/>\n\n\n\n<div style=\"height:24px\" aria-hidden=\"true\" class=\"wp-block-spacer\"><\/div>\n\n\n\n<h2 class=\"has-text-align-center wp-block-heading\">Mindful of our planet<\/h2>\n\n\n\n<div style=\"height:24px\" aria-hidden=\"true\" class=\"wp-block-spacer\"><\/div>\n\n\n\n<div class=\"wp-block-columns are-vertically-aligned-center footer_1 is-layout-flex wp-container-core-columns-is-layout-1 wp-block-columns-is-layout-flex\">\n<div class=\"wp-block-column is-layout-flow wp-block-column-is-layout-flow\">\n<p class=\"has-text-align-center\">2021<\/p>\n<\/div>\n\n\n\n<div class=\"wp-block-column is-vertically-aligned-center is-layout-flow wp-block-column-is-layout-flow\">\n<div class=\"wp-block-buttons is-horizontal is-content-justification-center is-layout-flex wp-container-core-buttons-is-layout-2 wp-block-buttons-is-layout-flex\">\n<div class=\"wp-block-button botenes-footer is-style-outline\"><a class=\"wp-block-button__link has-foreground-color has-background-background-color has-text-color has-background\" href=\"http:\/\/esteireconsulting.com\/en\/aviso-legal\/\">Legal warning<\/a><\/div>\n<\/div>\n<\/div>\n\n\n\n<div class=\"wp-block-column is-vertically-aligned-center is-layout-flow wp-block-column-is-layout-flow\">\n<div class=\"wp-block-buttons is-horizontal is-content-justification-center is-layout-flex wp-container-core-buttons-is-layout-3 wp-block-buttons-is-layout-flex\">\n<div class=\"wp-block-button is-style-outline\"><a class=\"wp-block-button__link has-foreground-color has-background-background-color has-text-color has-background\" href=\"http:\/\/esteireconsulting.com\/en\/cookies\/\">Cookies<\/a><\/div>\n<\/div>\n<\/div>\n\n\n\n<div class=\"wp-block-column is-vertically-aligned-center is-layout-flow wp-block-column-is-layout-flow\">\n<div class=\"wp-block-buttons is-horizontal is-content-justification-center is-layout-flex wp-container-core-buttons-is-layout-4 wp-block-buttons-is-layout-flex\">\n<div class=\"wp-block-button is-style-outline\"><a class=\"wp-block-button__link has-foreground-color has-background-background-color has-text-color has-background\" href=\"http:\/\/esteireconsulting.com\/en\/contacto-est\/\">Contact us<\/a><\/div>\n<\/div>\n<\/div>\n<\/div>\n\n\n\n<p><\/p>","protected":false},"excerpt":{"rendered":"<p>Abora Solar Abora Solar nace en 2017 con la idea de productir el panel solar m\u00e1s eficiente del mundo. Es un panel solar h\u00edbrido que genera la misma energ\u00eda que 5 paneles solares fotovoltaicos porque aprovecha el 89% de la irradiaci\u00f3n solar. Abora es una empresa espa\u00f1ola formada por un equipo&nbsp;humano con una amplia experiencia<a class=\"more-link\" href=\"https:\/\/esteireconsulting.com\/en\/renovables\">Continue reading <span class=\"screen-reader-text\">\u00abSostenibilidad\u00bb<\/span><\/a><\/p>","protected":false},"author":1,"featured_media":0,"parent":0,"menu_order":0,"comment_status":"closed","ping_status":"closed","template":"","meta":{"footnotes":""},"yoast_head":"<!-- This site is optimized with the Yoast SEO plugin v22.6 - https:\/\/yoast.com\/wordpress\/plugins\/seo\/ -->\n<title>Sostenibilidad -<\/title>\n<meta name=\"robots\" content=\"index, follow, max-snippet:-1, max-image-preview:large, max-video-preview:-1\" \/>\n<link rel=\"canonical\" href=\"https:\/\/esteireconsulting.com\/en\/renovables\/\" \/>\n<meta property=\"og:locale\" content=\"en_US\" \/>\n<meta property=\"og:type\" content=\"article\" \/>\n<meta property=\"og:title\" content=\"Sostenibilidad -\" \/>\n<meta property=\"og:description\" content=\"Abora Solar Abora Solar nace en 2017 con la idea de productir el panel solar m\u00e1s eficiente del mundo. Es un panel solar h\u00edbrido que genera la misma energ\u00eda que 5 paneles solares fotovoltaicos porque aprovecha el 89% de la irradiaci\u00f3n solar. Abora es una empresa espa\u00f1ola formada por un equipo&nbsp;humano con una amplia experienciaContinue reading &quot;Sostenibilidad&quot;\" \/>\n<meta property=\"og:url\" content=\"https:\/\/esteireconsulting.com\/en\/renovables\/\" \/>\n<meta property=\"article:modified_time\" content=\"2022-03-04T10:42:32+00:00\" \/>\n<meta property=\"og:image\" content=\"https:\/\/comunicatebymariazabay.files.wordpress.com\/2021\/01\/captura-de-pantalla-2021-01-23-a-las-10.43.33.png?w=634\" \/>\n<meta name=\"twitter:card\" content=\"summary_large_image\" \/>\n<meta name=\"twitter:label1\" content=\"Est. reading time\" \/>\n\t<meta name=\"twitter:data1\" content=\"6 minutes\" \/>\n<script type=\"application\/ld+json\" class=\"yoast-schema-graph\">{\"@context\":\"https:\/\/schema.org\",\"@graph\":[{\"@type\":\"WebPage\",\"@id\":\"https:\/\/esteireconsulting.com\/renovables\",\"url\":\"https:\/\/esteireconsulting.com\/renovables\",\"name\":\"Sostenibilidad -\",\"isPartOf\":{\"@id\":\"https:\/\/esteireconsulting.com\/#website\"},\"primaryImageOfPage\":{\"@id\":\"https:\/\/esteireconsulting.com\/renovables#primaryimage\"},\"image\":{\"@id\":\"https:\/\/esteireconsulting.com\/renovables#primaryimage\"},\"thumbnailUrl\":\"https:\/\/comunicatebymariazabay.files.wordpress.com\/2021\/01\/captura-de-pantalla-2021-01-23-a-las-10.43.33.png?w=634\",\"datePublished\":\"2021-01-22T17:04:25+00:00\",\"dateModified\":\"2022-03-04T10:42:32+00:00\",\"breadcrumb\":{\"@id\":\"https:\/\/esteireconsulting.com\/renovables#breadcrumb\"},\"inLanguage\":\"en-US\",\"potentialAction\":[{\"@type\":\"ReadAction\",\"target\":[\"https:\/\/esteireconsulting.com\/renovables\"]}]},{\"@type\":\"ImageObject\",\"inLanguage\":\"en-US\",\"@id\":\"https:\/\/esteireconsulting.com\/renovables#primaryimage\",\"url\":\"https:\/\/comunicatebymariazabay.files.wordpress.com\/2021\/01\/captura-de-pantalla-2021-01-23-a-las-10.43.33.png?w=634\",\"contentUrl\":\"https:\/\/comunicatebymariazabay.files.wordpress.com\/2021\/01\/captura-de-pantalla-2021-01-23-a-las-10.43.33.png?w=634\"},{\"@type\":\"BreadcrumbList\",\"@id\":\"https:\/\/esteireconsulting.com\/renovables#breadcrumb\",\"itemListElement\":[{\"@type\":\"ListItem\",\"position\":1,\"name\":\"Portada\",\"item\":\"https:\/\/esteireconsulting.com\/\"},{\"@type\":\"ListItem\",\"position\":2,\"name\":\"Sostenibilidad\"}]},{\"@type\":\"WebSite\",\"@id\":\"https:\/\/esteireconsulting.com\/#website\",\"url\":\"https:\/\/esteireconsulting.com\/\",\"name\":\"\",\"description\":\"\",\"potentialAction\":[{\"@type\":\"SearchAction\",\"target\":{\"@type\":\"EntryPoint\",\"urlTemplate\":\"https:\/\/esteireconsulting.com\/?s={search_term_string}\"},\"query-input\":\"required name=search_term_string\"}],\"inLanguage\":\"en-US\"}]}<\/script>\n<!-- \/ Yoast SEO plugin. -->","yoast_head_json":{"title":"Sostenibilidad -","robots":{"index":"index","follow":"follow","max-snippet":"max-snippet:-1","max-image-preview":"max-image-preview:large","max-video-preview":"max-video-preview:-1"},"canonical":"https:\/\/esteireconsulting.com\/en\/renovables\/","og_locale":"en_US","og_type":"article","og_title":"Sostenibilidad -","og_description":"Abora Solar Abora Solar nace en 2017 con la idea de productir el panel solar m\u00e1s eficiente del mundo. Es un panel solar h\u00edbrido que genera la misma energ\u00eda que 5 paneles solares fotovoltaicos porque aprovecha el 89% de la irradiaci\u00f3n solar. Abora es una empresa espa\u00f1ola formada por un equipo&nbsp;humano con una amplia experienciaContinue reading \"Sostenibilidad\"","og_url":"https:\/\/esteireconsulting.com\/en\/renovables\/","article_modified_time":"2022-03-04T10:42:32+00:00","og_image":[{"url":"https:\/\/comunicatebymariazabay.files.wordpress.com\/2021\/01\/captura-de-pantalla-2021-01-23-a-las-10.43.33.png?w=634"}],"twitter_card":"summary_large_image","twitter_misc":{"Est. reading time":"6 minutes"},"schema":{"@context":"https:\/\/schema.org","@graph":[{"@type":"WebPage","@id":"https:\/\/esteireconsulting.com\/renovables","url":"https:\/\/esteireconsulting.com\/renovables","name":"Sostenibilidad -","isPartOf":{"@id":"https:\/\/esteireconsulting.com\/#website"},"primaryImageOfPage":{"@id":"https:\/\/esteireconsulting.com\/renovables#primaryimage"},"image":{"@id":"https:\/\/esteireconsulting.com\/renovables#primaryimage"},"thumbnailUrl":"https:\/\/comunicatebymariazabay.files.wordpress.com\/2021\/01\/captura-de-pantalla-2021-01-23-a-las-10.43.33.png?w=634","datePublished":"2021-01-22T17:04:25+00:00","dateModified":"2022-03-04T10:42:32+00:00","breadcrumb":{"@id":"https:\/\/esteireconsulting.com\/renovables#breadcrumb"},"inLanguage":"en-US","potentialAction":[{"@type":"ReadAction","target":["https:\/\/esteireconsulting.com\/renovables"]}]},{"@type":"ImageObject","inLanguage":"en-US","@id":"https:\/\/esteireconsulting.com\/renovables#primaryimage","url":"https:\/\/comunicatebymariazabay.files.wordpress.com\/2021\/01\/captura-de-pantalla-2021-01-23-a-las-10.43.33.png?w=634","contentUrl":"https:\/\/comunicatebymariazabay.files.wordpress.com\/2021\/01\/captura-de-pantalla-2021-01-23-a-las-10.43.33.png?w=634"},{"@type":"BreadcrumbList","@id":"https:\/\/esteireconsulting.com\/renovables#breadcrumb","itemListElement":[{"@type":"ListItem","position":1,"name":"Portada","item":"https:\/\/esteireconsulting.com\/"},{"@type":"ListItem","position":2,"name":"Sostenibilidad"}]},{"@type":"WebSite","@id":"https:\/\/esteireconsulting.com\/#website","url":"https:\/\/esteireconsulting.com\/","name":"","description":"","potentialAction":[{"@type":"SearchAction","target":{"@type":"EntryPoint","urlTemplate":"https:\/\/esteireconsulting.com\/?s={search_term_string}"},"query-input":"required name=search_term_string"}],"inLanguage":"en-US"}]}},"_links":{"self":[{"href":"https:\/\/esteireconsulting.com\/en\/wp-json\/wp\/v2\/pages\/746"}],"collection":[{"href":"https:\/\/esteireconsulting.com\/en\/wp-json\/wp\/v2\/pages"}],"about":[{"href":"https:\/\/esteireconsulting.com\/en\/wp-json\/wp\/v2\/types\/page"}],"author":[{"embeddable":true,"href":"https:\/\/esteireconsulting.com\/en\/wp-json\/wp\/v2\/users\/1"}],"replies":[{"embeddable":true,"href":"https:\/\/esteireconsulting.com\/en\/wp-json\/wp\/v2\/comments?post=746"}],"version-history":[{"count":23,"href":"https:\/\/esteireconsulting.com\/en\/wp-json\/wp\/v2\/pages\/746\/revisions"}],"predecessor-version":[{"id":2878,"href":"https:\/\/esteireconsulting.com\/en\/wp-json\/wp\/v2\/pages\/746\/revisions\/2878"}],"wp:attachment":[{"href":"https:\/\/esteireconsulting.com\/en\/wp-json\/wp\/v2\/media?parent=746"}],"curies":[{"name":"wp","href":"https:\/\/api.w.org\/{rel}","templated":true}]}}