{"id":744,"date":"2021-01-22T17:03:34","date_gmt":"2021-01-22T17:03:34","guid":{"rendered":"https:\/\/comunicatebymariazabay.wordpress.com\/?page_id=744"},"modified":"2021-08-12T11:07:48","modified_gmt":"2021-08-12T11:07:48","slug":"gestion-agua","status":"publish","type":"page","link":"https:\/\/esteireconsulting.com\/en\/gestion-agua","title":{"rendered":"Water Management"},"content":{"rendered":"<div style=\"height:24px\" aria-hidden=\"true\" class=\"wp-block-spacer\"><\/div>\n\n\n\n<div class=\"wp-block-buttons alignfull is-content-justification-right home_01 is-layout-flex wp-block-buttons-is-layout-flex\">\n<div class=\"wp-block-button\"><a class=\"wp-block-button__link has-foreground-color has-background-background-color has-text-color has-background\" href=\"http:\/\/esteireconsulting.com\/en\/\">Home<\/a><\/div>\n\n\n\n<div class=\"wp-block-button\"><a class=\"wp-block-button__link has-foreground-color has-background-background-color has-text-color has-background\" href=\"http:\/\/esteireconsulting.com\/en\/sobre-nosotros\/\">About Us<\/a><\/div>\n\n\n\n<div class=\"wp-block-button\"><a class=\"wp-block-button__link has-foreground-color has-background-background-color has-text-color has-background\" href=\"http:\/\/esteireconsulting.com\/en\/partners\/\">Partners<\/a><\/div>\n\n\n\n<div class=\"wp-block-button\"><a class=\"wp-block-button__link has-foreground-color has-background-background-color has-text-color has-background\" href=\"http:\/\/esteireconsulting.com\/en\/paises\/\">Countries<\/a><\/div>\n\n\n\n<div class=\"wp-block-button\"><a class=\"wp-block-button__link has-foreground-color has-background-background-color has-text-color has-background\" href=\"http:\/\/esteireconsulting.com\/en\/testimonios\/\">Testimonials<\/a><\/div>\n\n\n\n<div class=\"wp-block-button\"><a class=\"wp-block-button__link has-foreground-color has-background-background-color has-text-color has-background\" href=\"http:\/\/esteireconsulting.com\/en\/blog-esteire\/\">Blog<\/a><\/div>\n\n\n\n<div class=\"wp-block-button\"><a class=\"wp-block-button__link has-foreground-color has-background-background-color has-text-color has-background\" href=\"http:\/\/esteireconsulting.com\/en\/contacto\/\">Contact us<\/a><\/div>\n<\/div>\n\n\n\n<p><\/p>\n\n\n\n<hr class=\"wp-block-separator alignfull has-text-color has-background has-foreground-dark-background-color has-foreground-dark-color is-style-wide full_width\"\/>\n\n\n\n<div class=\"wp-block-media-text alignwide is-image-fill is-stacked-on-mobile\" style=\"grid-template-columns:49% auto\"><figure class=\"wp-block-media-text__media\" style=\"background-image:url(https:\/\/comunicatebymariazabay.files.wordpress.com\/2021\/01\/captura-de-pantalla-2021-01-24-a-las-11.18.22.png?w=378);background-position:55.00000000000001% 48%\"><img decoding=\"async\" src=\"https:\/\/comunicatebymariazabay.files.wordpress.com\/2021\/01\/captura-de-pantalla-2021-01-24-a-las-11.18.22.png?w=378\" alt=\"\" class=\"wp-image-865 size-full\"\/><\/figure><div class=\"wp-block-media-text__content\">\n<h2 class=\"has-text-align-left wp-block-heading\"><a href=\"https:\/\/molecor.com\/es\" target=\"_blank\" rel=\"noreferrer noopener\">Molecor<\/a><\/h2>\n\n\n\n<p class=\"has-text-align-left has-small-font-size\">It is a leading Spanish company in the development of Molecular Orientation technology applied to pressurized water pipes. Founded in 2006 by qualified specialists with proven experience in this field, it has developed a revolutionary and unique process that provides efficient and ecological systems that expand global business possibilities.<\/p>\n\n\n\n<p class=\"has-text-align-left has-small-font-size\">Its human capital is made up of a team of the highest level. More than half of the staff are engineers with degrees in various technological branches, this being the company's greatest asset and the basis for continuous innovation.<\/p>\n<\/div><\/div>\n\n\n\n<div class=\"wp-block-media-text alignwide has-media-on-the-right is-image-fill is-stacked-on-mobile\" style=\"grid-template-columns:auto 51%\"><figure class=\"wp-block-media-text__media\" style=\"background-image:url(http:\/\/esteireconsulting.com\/wp-content\/uploads\/2021\/03\/Captura-de-pantalla-2021-03-01-a-las-13.08.27-732x1024.png);background-position:50% 50%\"><img decoding=\"async\" loading=\"lazy\" width=\"732\" height=\"1024\" src=\"http:\/\/esteireconsulting.com\/wp-content\/uploads\/2021\/03\/Captura-de-pantalla-2021-03-01-a-las-13.08.27-732x1024.png\" alt=\"\" class=\"wp-image-2163 size-full\" srcset=\"https:\/\/esteireconsulting.com\/wp-content\/uploads\/2021\/03\/Captura-de-pantalla-2021-03-01-a-las-13.08.27-732x1024.png 732w, https:\/\/esteireconsulting.com\/wp-content\/uploads\/2021\/03\/Captura-de-pantalla-2021-03-01-a-las-13.08.27-214x300.png 214w, https:\/\/esteireconsulting.com\/wp-content\/uploads\/2021\/03\/Captura-de-pantalla-2021-03-01-a-las-13.08.27-768x1075.png 768w, https:\/\/esteireconsulting.com\/wp-content\/uploads\/2021\/03\/Captura-de-pantalla-2021-03-01-a-las-13.08.27.png 996w\" sizes=\"(max-width: 732px) 100vw, 732px\" \/><\/figure><div class=\"wp-block-media-text__content\">\n<h2 class=\"has-text-align-right wp-block-heading\"><a href=\"http:\/\/www.geodesic-i.com\/\" target=\"_blank\" rel=\"noreferrer noopener\">Geodesic<\/a><\/h2>\n\n\n\n<p class=\"has-text-align-left\" style=\"font-size:16px\">Technology for the disinfection and conservation of water, at the service of the health and well-being of people.<\/p>\n\n\n\n<p class=\"has-text-align-left\" style=\"font-size:16px\">Geodesic has developed the most advanced water conservation and disinfection systems in the market. Capable of autonomously executing their preventive maintenance, with a completely modular design that allows covering all types of volumes or flows, their equipment is avant-garde not only because of the techniques they apply, but also because of its connectivity and advanced ability to interact with the cloud. and data analysis<\/p>\n<\/div><\/div>\n\n\n\n<div class=\"wp-block-media-text alignwide is-image-fill is-stacked-on-mobile\" style=\"grid-template-columns:49% auto\"><figure class=\"wp-block-media-text__media\" style=\"background-image:url(http:\/\/esteireconsulting.com\/wp-content\/uploads\/2021\/08\/the-water-cleanser.jpg);background-position:50% 50%\"><img decoding=\"async\" loading=\"lazy\" width=\"440\" height=\"220\" src=\"http:\/\/esteireconsulting.com\/wp-content\/uploads\/2021\/08\/the-water-cleanser.jpg\" alt=\"\" class=\"wp-image-2452 size-full\" srcset=\"https:\/\/esteireconsulting.com\/wp-content\/uploads\/2021\/08\/the-water-cleanser.jpg 440w, https:\/\/esteireconsulting.com\/wp-content\/uploads\/2021\/08\/the-water-cleanser-300x150.jpg 300w\" sizes=\"(max-width: 440px) 100vw, 440px\" \/><\/figure><div class=\"wp-block-media-text__content\">\n<h2 class=\"has-text-align-left wp-block-heading\"><a rel=\"noreferrer noopener\" href=\"https:\/\/molecor.com\/es\" target=\"_blank\">The Water Cleanser<\/a><\/h2>\n\n\n\n<p class=\"has-small-font-size\">The Water Cleanser is an all-natural, chemical-free solution for controlling algae, cleaning water, and restoring water health. It is a disruptive technology invented and manufactured in Australia that restores long-term water health by harnessing nature's cleaning power rather than using popular chemicals that provide a short-term solution but can often cause damage to water. fish, plants and other marine species. This product is a block of wax that serves as a protective base for organic microbes that feed on oils and provides essential reproductive trace elements to multiply to their optimal levels so that they can then consume the organic waste in the water at a rate accelerated.<\/p>\n<\/div><\/div>\n\n\n\n<div class=\"wp-block-media-text alignwide has-media-on-the-right is-image-fill is-stacked-on-mobile\" style=\"grid-template-columns:auto 49%\"><figure class=\"wp-block-media-text__media\" style=\"background-image:url(http:\/\/esteireconsulting.com\/wp-content\/uploads\/2021\/08\/ima-de-agua.jpg);background-position:14.000000000000002% 69%\"><img decoding=\"async\" loading=\"lazy\" width=\"919\" height=\"499\" src=\"http:\/\/esteireconsulting.com\/wp-content\/uploads\/2021\/08\/ima-de-agua.jpg\" alt=\"\" class=\"wp-image-2451 size-full\" srcset=\"https:\/\/esteireconsulting.com\/wp-content\/uploads\/2021\/08\/ima-de-agua.jpg 919w, https:\/\/esteireconsulting.com\/wp-content\/uploads\/2021\/08\/ima-de-agua-300x163.jpg 300w, https:\/\/esteireconsulting.com\/wp-content\/uploads\/2021\/08\/ima-de-agua-768x417.jpg 768w\" sizes=\"(max-width: 919px) 100vw, 919px\" \/><\/figure><div class=\"wp-block-media-text__content\">\n<h2 class=\"has-text-align-right wp-block-heading\"><a rel=\"noreferrer noopener\" href=\"https:\/\/molecor.com\/es\" target=\"_blank\">Ima<\/a><a rel=\"noreferrer noopener\" href=\"https:\/\/www.plantasdeosmosis.com\/\" target=\"_blank\"> Water<\/a><\/h2>\n\n\n\n<p class=\"has-text-align-right has-small-font-size\">For 30 years, IMA water technicians have been dedicated to the design and development of industrial filters and compact water treatment plants. The main objective of IMA water since its inception, was to bet on the research and development of new products that are not only innovative but also useful for the customer. For them, all the technologies for which we have bet on R&amp;D and that we commercialize meet four essential requirements. All our technologies and equipment are installed in compact water plants in a frame or adapted container that are fully assembled in our factory, leaving anywhere in Spain and the world ready to start up without the need for civil works.<\/p>\n<\/div><\/div>\n\n\n\n<div style=\"height:24px\" aria-hidden=\"true\" class=\"wp-block-spacer\"><\/div>\n\n\n\n<hr class=\"wp-block-separator\"\/>\n\n\n\n<div style=\"height:24px\" aria-hidden=\"true\" class=\"wp-block-spacer\"><\/div>\n\n\n\n<h2 class=\"has-text-align-center wp-block-heading\">Nursing the water resources<\/h2>\n\n\n\n<div style=\"height:24px\" aria-hidden=\"true\" class=\"wp-block-spacer\"><\/div>\n\n\n\n<hr class=\"wp-block-separator\"\/>\n\n\n\n<div class=\"wp-block-columns are-vertically-aligned-center footer_1 is-layout-flex wp-container-core-columns-is-layout-1 wp-block-columns-is-layout-flex\">\n<div class=\"wp-block-column is-layout-flow wp-block-column-is-layout-flow\">\n<p class=\"has-text-align-center\">2021<\/p>\n<\/div>\n\n\n\n<div class=\"wp-block-column is-vertically-aligned-center is-layout-flow wp-block-column-is-layout-flow\">\n<div class=\"wp-block-buttons is-content-justification-center is-layout-flex wp-block-buttons-is-layout-flex\">\n<div class=\"wp-block-button botenes-footer is-style-outline\"><a class=\"wp-block-button__link has-foreground-color has-background-background-color has-text-color has-background\" href=\"http:\/\/esteireconsulting.com\/en\/aviso-legal\/\">Legal warning<\/a><\/div>\n<\/div>\n<\/div>\n\n\n\n<div class=\"wp-block-column is-vertically-aligned-center is-layout-flow wp-block-column-is-layout-flow\">\n<div class=\"wp-block-buttons is-content-justification-center is-layout-flex wp-block-buttons-is-layout-flex\">\n<div class=\"wp-block-button is-style-outline\"><a class=\"wp-block-button__link has-foreground-color has-background-background-color has-text-color has-background\" href=\"http:\/\/esteireconsulting.com\/en\/cookies\/\">Cookies<\/a><\/div>\n<\/div>\n<\/div>\n\n\n\n<div class=\"wp-block-column is-vertically-aligned-center is-layout-flow wp-block-column-is-layout-flow\">\n<div class=\"wp-block-buttons is-content-justification-center is-layout-flex wp-block-buttons-is-layout-flex\">\n<div class=\"wp-block-button is-style-outline\"><a class=\"wp-block-button__link has-foreground-color has-background-background-color has-text-color has-background\" href=\"http:\/\/esteireconsulting.com\/en\/contacto-est\/\">Contact us<\/a><\/div>\n<\/div>\n<\/div>\n<\/div>","protected":false},"excerpt":{"rendered":"<p>Molecor Es una compa\u00f1\u00eda espa\u00f1ola l\u00edder en el desarrollo de\u00a0tecnolog\u00eda de Orientaci\u00f3n Molecular\u00a0aplicada a\u00a0canalizaciones de agua a presi\u00f3n. Fundada en 2006 por especialistas cualificados con experiencia probada en este \u00e1mbito, ha desarrollado un proceso revolucionario que proporciona\u00a0sistemas eficientes y ecol\u00f3gicos\u00a0que ampl\u00eda las posibilidades globales de negocio. Su capital humano est\u00e1 integrado por un equipo del<a class=\"more-link\" href=\"https:\/\/esteireconsulting.com\/en\/gestion-agua\">Continue reading <span class=\"screen-reader-text\">\u00abGesti\u00f3n agua\u00bb<\/span><\/a><\/p>","protected":false},"author":1,"featured_media":0,"parent":0,"menu_order":0,"comment_status":"closed","ping_status":"closed","template":"","meta":{"footnotes":""},"yoast_head":"<!-- This site is optimized with the Yoast SEO plugin v22.6 - https:\/\/yoast.com\/wordpress\/plugins\/seo\/ -->\n<title>Gesti\u00f3n agua -<\/title>\n<meta name=\"robots\" content=\"index, follow, max-snippet:-1, max-image-preview:large, max-video-preview:-1\" \/>\n<link rel=\"canonical\" href=\"https:\/\/esteireconsulting.com\/en\/gestion-agua\/\" \/>\n<meta property=\"og:locale\" content=\"en_US\" \/>\n<meta property=\"og:type\" content=\"article\" \/>\n<meta property=\"og:title\" content=\"Gesti\u00f3n agua -\" \/>\n<meta property=\"og:description\" content=\"Molecor Es una compa\u00f1\u00eda espa\u00f1ola l\u00edder en el desarrollo de\u00a0tecnolog\u00eda de Orientaci\u00f3n Molecular\u00a0aplicada a\u00a0canalizaciones de agua a presi\u00f3n. Fundada en 2006 por especialistas cualificados con experiencia probada en este \u00e1mbito, ha desarrollado un proceso revolucionario que proporciona\u00a0sistemas eficientes y ecol\u00f3gicos\u00a0que ampl\u00eda las posibilidades globales de negocio. Su capital humano est\u00e1 integrado por un equipo delContinue reading &quot;Gesti\u00f3n agua&quot;\" \/>\n<meta property=\"og:url\" content=\"https:\/\/esteireconsulting.com\/en\/gestion-agua\/\" \/>\n<meta property=\"article:modified_time\" content=\"2021-08-12T11:07:48+00:00\" \/>\n<meta property=\"og:image\" content=\"https:\/\/comunicatebymariazabay.files.wordpress.com\/2021\/01\/captura-de-pantalla-2021-01-24-a-las-11.18.22.png?w=378\" \/>\n<meta name=\"twitter:card\" content=\"summary_large_image\" \/>\n<meta name=\"twitter:label1\" content=\"Est. reading time\" \/>\n\t<meta name=\"twitter:data1\" content=\"2 minutes\" \/>\n<script type=\"application\/ld+json\" class=\"yoast-schema-graph\">{\"@context\":\"https:\/\/schema.org\",\"@graph\":[{\"@type\":\"WebPage\",\"@id\":\"https:\/\/esteireconsulting.com\/gestion-agua\",\"url\":\"https:\/\/esteireconsulting.com\/gestion-agua\",\"name\":\"Gesti\u00f3n agua -\",\"isPartOf\":{\"@id\":\"https:\/\/esteireconsulting.com\/#website\"},\"primaryImageOfPage\":{\"@id\":\"https:\/\/esteireconsulting.com\/gestion-agua#primaryimage\"},\"image\":{\"@id\":\"https:\/\/esteireconsulting.com\/gestion-agua#primaryimage\"},\"thumbnailUrl\":\"https:\/\/comunicatebymariazabay.files.wordpress.com\/2021\/01\/captura-de-pantalla-2021-01-24-a-las-11.18.22.png?w=378\",\"datePublished\":\"2021-01-22T17:03:34+00:00\",\"dateModified\":\"2021-08-12T11:07:48+00:00\",\"breadcrumb\":{\"@id\":\"https:\/\/esteireconsulting.com\/gestion-agua#breadcrumb\"},\"inLanguage\":\"en-US\",\"potentialAction\":[{\"@type\":\"ReadAction\",\"target\":[\"https:\/\/esteireconsulting.com\/gestion-agua\"]}]},{\"@type\":\"ImageObject\",\"inLanguage\":\"en-US\",\"@id\":\"https:\/\/esteireconsulting.com\/gestion-agua#primaryimage\",\"url\":\"https:\/\/comunicatebymariazabay.files.wordpress.com\/2021\/01\/captura-de-pantalla-2021-01-24-a-las-11.18.22.png?w=378\",\"contentUrl\":\"https:\/\/comunicatebymariazabay.files.wordpress.com\/2021\/01\/captura-de-pantalla-2021-01-24-a-las-11.18.22.png?w=378\"},{\"@type\":\"BreadcrumbList\",\"@id\":\"https:\/\/esteireconsulting.com\/gestion-agua#breadcrumb\",\"itemListElement\":[{\"@type\":\"ListItem\",\"position\":1,\"name\":\"Portada\",\"item\":\"https:\/\/esteireconsulting.com\/\"},{\"@type\":\"ListItem\",\"position\":2,\"name\":\"Gesti\u00f3n agua\"}]},{\"@type\":\"WebSite\",\"@id\":\"https:\/\/esteireconsulting.com\/#website\",\"url\":\"https:\/\/esteireconsulting.com\/\",\"name\":\"\",\"description\":\"\",\"potentialAction\":[{\"@type\":\"SearchAction\",\"target\":{\"@type\":\"EntryPoint\",\"urlTemplate\":\"https:\/\/esteireconsulting.com\/?s={search_term_string}\"},\"query-input\":\"required name=search_term_string\"}],\"inLanguage\":\"en-US\"}]}<\/script>\n<!-- \/ Yoast SEO plugin. -->","yoast_head_json":{"title":"Gesti\u00f3n agua -","robots":{"index":"index","follow":"follow","max-snippet":"max-snippet:-1","max-image-preview":"max-image-preview:large","max-video-preview":"max-video-preview:-1"},"canonical":"https:\/\/esteireconsulting.com\/en\/gestion-agua\/","og_locale":"en_US","og_type":"article","og_title":"Gesti\u00f3n agua -","og_description":"Molecor Es una compa\u00f1\u00eda espa\u00f1ola l\u00edder en el desarrollo de\u00a0tecnolog\u00eda de Orientaci\u00f3n Molecular\u00a0aplicada a\u00a0canalizaciones de agua a presi\u00f3n. Fundada en 2006 por especialistas cualificados con experiencia probada en este \u00e1mbito, ha desarrollado un proceso revolucionario que proporciona\u00a0sistemas eficientes y ecol\u00f3gicos\u00a0que ampl\u00eda las posibilidades globales de negocio. Su capital humano est\u00e1 integrado por un equipo delContinue reading \"Gesti\u00f3n agua\"","og_url":"https:\/\/esteireconsulting.com\/en\/gestion-agua\/","article_modified_time":"2021-08-12T11:07:48+00:00","og_image":[{"url":"https:\/\/comunicatebymariazabay.files.wordpress.com\/2021\/01\/captura-de-pantalla-2021-01-24-a-las-11.18.22.png?w=378"}],"twitter_card":"summary_large_image","twitter_misc":{"Est. reading time":"2 minutes"},"schema":{"@context":"https:\/\/schema.org","@graph":[{"@type":"WebPage","@id":"https:\/\/esteireconsulting.com\/gestion-agua","url":"https:\/\/esteireconsulting.com\/gestion-agua","name":"Gesti\u00f3n agua -","isPartOf":{"@id":"https:\/\/esteireconsulting.com\/#website"},"primaryImageOfPage":{"@id":"https:\/\/esteireconsulting.com\/gestion-agua#primaryimage"},"image":{"@id":"https:\/\/esteireconsulting.com\/gestion-agua#primaryimage"},"thumbnailUrl":"https:\/\/comunicatebymariazabay.files.wordpress.com\/2021\/01\/captura-de-pantalla-2021-01-24-a-las-11.18.22.png?w=378","datePublished":"2021-01-22T17:03:34+00:00","dateModified":"2021-08-12T11:07:48+00:00","breadcrumb":{"@id":"https:\/\/esteireconsulting.com\/gestion-agua#breadcrumb"},"inLanguage":"en-US","potentialAction":[{"@type":"ReadAction","target":["https:\/\/esteireconsulting.com\/gestion-agua"]}]},{"@type":"ImageObject","inLanguage":"en-US","@id":"https:\/\/esteireconsulting.com\/gestion-agua#primaryimage","url":"https:\/\/comunicatebymariazabay.files.wordpress.com\/2021\/01\/captura-de-pantalla-2021-01-24-a-las-11.18.22.png?w=378","contentUrl":"https:\/\/comunicatebymariazabay.files.wordpress.com\/2021\/01\/captura-de-pantalla-2021-01-24-a-las-11.18.22.png?w=378"},{"@type":"BreadcrumbList","@id":"https:\/\/esteireconsulting.com\/gestion-agua#breadcrumb","itemListElement":[{"@type":"ListItem","position":1,"name":"Portada","item":"https:\/\/esteireconsulting.com\/"},{"@type":"ListItem","position":2,"name":"Gesti\u00f3n agua"}]},{"@type":"WebSite","@id":"https:\/\/esteireconsulting.com\/#website","url":"https:\/\/esteireconsulting.com\/","name":"","description":"","potentialAction":[{"@type":"SearchAction","target":{"@type":"EntryPoint","urlTemplate":"https:\/\/esteireconsulting.com\/?s={search_term_string}"},"query-input":"required name=search_term_string"}],"inLanguage":"en-US"}]}},"_links":{"self":[{"href":"https:\/\/esteireconsulting.com\/en\/wp-json\/wp\/v2\/pages\/744"}],"collection":[{"href":"https:\/\/esteireconsulting.com\/en\/wp-json\/wp\/v2\/pages"}],"about":[{"href":"https:\/\/esteireconsulting.com\/en\/wp-json\/wp\/v2\/types\/page"}],"author":[{"embeddable":true,"href":"https:\/\/esteireconsulting.com\/en\/wp-json\/wp\/v2\/users\/1"}],"replies":[{"embeddable":true,"href":"https:\/\/esteireconsulting.com\/en\/wp-json\/wp\/v2\/comments?post=744"}],"version-history":[{"count":16,"href":"https:\/\/esteireconsulting.com\/en\/wp-json\/wp\/v2\/pages\/744\/revisions"}],"predecessor-version":[{"id":2560,"href":"https:\/\/esteireconsulting.com\/en\/wp-json\/wp\/v2\/pages\/744\/revisions\/2560"}],"wp:attachment":[{"href":"https:\/\/esteireconsulting.com\/en\/wp-json\/wp\/v2\/media?parent=744"}],"curies":[{"name":"wp","href":"https:\/\/api.w.org\/{rel}","templated":true}]}}