{"id":741,"date":"2021-01-22T17:02:36","date_gmt":"2021-01-22T17:02:36","guid":{"rendered":"https:\/\/comunicatebymariazabay.wordpress.com\/?page_id=741"},"modified":"2021-08-11T12:13:50","modified_gmt":"2021-08-11T12:13:50","slug":"salud","status":"publish","type":"page","link":"https:\/\/esteireconsulting.com\/en\/salud","title":{"rendered":"Health"},"content":{"rendered":"<div style=\"height:24px\" aria-hidden=\"true\" class=\"wp-block-spacer\"><\/div>\n\n\n\n<div class=\"wp-block-buttons alignfull is-content-justification-right home_01 is-layout-flex wp-block-buttons-is-layout-flex\">\n<div class=\"wp-block-button\"><a class=\"wp-block-button__link has-foreground-color has-background-background-color has-text-color has-background\" href=\"http:\/\/esteireconsulting.com\/en\/\">Home<\/a><\/div>\n\n\n\n<div class=\"wp-block-button\"><a class=\"wp-block-button__link has-foreground-color has-background-background-color has-text-color has-background\" href=\"http:\/\/esteireconsulting.com\/en\/sobre-nosotros\/\">About Us<\/a><\/div>\n\n\n\n<div class=\"wp-block-button\"><a class=\"wp-block-button__link has-foreground-color has-background-background-color has-text-color has-background\" href=\"http:\/\/esteireconsulting.com\/en\/partners\/\">Partners<\/a><\/div>\n\n\n\n<div class=\"wp-block-button\"><a class=\"wp-block-button__link has-foreground-color has-background-background-color has-text-color has-background\" href=\"http:\/\/esteireconsulting.com\/en\/paises\/\">Countries<\/a><\/div>\n\n\n\n<div class=\"wp-block-button\"><a class=\"wp-block-button__link has-foreground-color has-background-background-color has-text-color has-background\" href=\"http:\/\/esteireconsulting.com\/en\/testimonios\/\">Testimonials<\/a><\/div>\n\n\n\n<div class=\"wp-block-button\"><a class=\"wp-block-button__link has-foreground-color has-background-background-color has-text-color has-background\" href=\"http:\/\/esteireconsulting.com\/en\/blog-esteire\/\">Blog<\/a><\/div>\n\n\n\n<div class=\"wp-block-button\"><a class=\"wp-block-button__link has-foreground-color has-background-background-color has-text-color has-background\" href=\"http:\/\/esteireconsulting.com\/en\/contacto\/\">Contact us<\/a><\/div>\n<\/div>\n\n\n\n<p><\/p>\n\n\n\n<hr class=\"wp-block-separator alignfull has-text-color has-background has-foreground-dark-background-color has-foreground-dark-color is-style-wide full_width\"\/>\n\n\n\n<div class=\"wp-block-media-text alignwide is-image-fill is-stacked-on-mobile\" style=\"grid-template-columns:49% auto\"><figure class=\"wp-block-media-text__media\" style=\"background-image:url(http:\/\/esteireconsulting.com\/wp-content\/uploads\/2021\/02\/Captura-de-pantalla-2021-02-03-a-las-13.07.43-755x1024.png);background-position:50% 50%\"><img decoding=\"async\" loading=\"lazy\" width=\"755\" height=\"1024\" src=\"http:\/\/esteireconsulting.com\/wp-content\/uploads\/2021\/02\/Captura-de-pantalla-2021-02-03-a-las-13.07.43-755x1024.png\" alt=\"\" class=\"wp-image-1826 size-full\" srcset=\"https:\/\/esteireconsulting.com\/wp-content\/uploads\/2021\/02\/Captura-de-pantalla-2021-02-03-a-las-13.07.43-755x1024.png 755w, https:\/\/esteireconsulting.com\/wp-content\/uploads\/2021\/02\/Captura-de-pantalla-2021-02-03-a-las-13.07.43-221x300.png 221w, https:\/\/esteireconsulting.com\/wp-content\/uploads\/2021\/02\/Captura-de-pantalla-2021-02-03-a-las-13.07.43-768x1042.png 768w, https:\/\/esteireconsulting.com\/wp-content\/uploads\/2021\/02\/Captura-de-pantalla-2021-02-03-a-las-13.07.43.png 1060w\" sizes=\"(max-width: 755px) 100vw, 755px\" \/><\/figure><div class=\"wp-block-media-text__content\">\n<h2 class=\"has-text-align-left wp-block-heading\"><a href=\"http:\/\/www.cssh.es\/\" target=\"_blank\" rel=\"noreferrer noopener\">CSSH<\/a><\/h2>\n\n\n\n<p class=\"has-text-align-left has-small-font-size\">They are integral managers of hospital equipment. They are dedicated to the supply of hospital products and services and to consulting for the start-up of new projects.<\/p>\n\n\n\n<p class=\"has-text-align-left has-small-font-size\">Its objective is the optimal management of all services and the rapid solution of problems that may affect the proper functioning of hospital entities. <\/p>\n\n\n\n<p class=\"has-text-align-left has-small-font-size\">They collaborate in the most active way in the health organization mechanisms, increasing the effectiveness and efficiency of the various hospital procedures.<\/p>\n\n\n\n<p class=\"has-text-align-left has-small-font-size\">They are supported by partners of recognized national and international prestige <\/p>\n<\/div><\/div>\n\n\n\n<div class=\"wp-block-media-text alignwide has-media-on-the-right is-image-fill is-stacked-on-mobile\" style=\"grid-template-columns:auto 46%\"><figure class=\"wp-block-media-text__media\" style=\"background-image:url(https:\/\/comunicatebymariazabay.files.wordpress.com\/2021\/01\/captura-de-pantalla-2021-01-24-a-las-11.26.17.png?w=770);background-position:50% 50%\"><img decoding=\"async\" src=\"https:\/\/comunicatebymariazabay.files.wordpress.com\/2021\/01\/captura-de-pantalla-2021-01-24-a-las-11.26.17.png?w=770\" alt=\"\" class=\"wp-image-874 size-full\"\/><\/figure><div class=\"wp-block-media-text__content\">\n<h2 class=\"has-text-align-right wp-block-heading\"><a href=\"https:\/\/green-cycles.com\/\" target=\"_blank\" rel=\"noreferrer noopener\">Green Cycles<\/a><\/h2>\n\n\n\n<p class=\"has-text-align-right has-small-font-size translation-block\">A Spanish company dedicated to the production of water-soluble, biodegradable and compostable solutions. To do this, they have adapted the manufacturing systems and methods, which allows Green Cycles to obtain a wide range of environmentally friendly applications. It began operating in 2006 in collaboration with the Center for Industrial Technological Development (CTDI) and the Valencian Institute of Finance (IVF) to produce water-soluble and biodegradable materials. That same year GC won the NOVA award for business innovation.<\/p>\n\n\n\n<p class=\"has-text-align-right has-small-font-size\">Green Cycles collaborates with a multitude of companies and organizations in several co-creation projects, with the purpose of discovering new intelligent solutions to help industries, consumers and the environment alike.&nbsp;<\/p>\n<\/div><\/div>\n\n\n\n<div class=\"wp-block-media-text alignwide is-stacked-on-mobile\"><figure class=\"wp-block-media-text__media\"><img decoding=\"async\" loading=\"lazy\" width=\"1000\" height=\"1000\" src=\"http:\/\/esteireconsulting.com\/wp-content\/uploads\/2021\/02\/fridge-1.png\" alt=\"\" class=\"wp-image-1823 size-full\" srcset=\"https:\/\/esteireconsulting.com\/wp-content\/uploads\/2021\/02\/fridge-1.png 1000w, https:\/\/esteireconsulting.com\/wp-content\/uploads\/2021\/02\/fridge-1-300x300.png 300w, https:\/\/esteireconsulting.com\/wp-content\/uploads\/2021\/02\/fridge-1-150x150.png 150w, https:\/\/esteireconsulting.com\/wp-content\/uploads\/2021\/02\/fridge-1-768x768.png 768w\" sizes=\"(max-width: 1000px) 100vw, 1000px\" \/><\/figure><div class=\"wp-block-media-text__content\">\n<h2 class=\"has-text-align-left wp-block-heading\"><a rel=\"noreferrer noopener\" href=\"https:\/\/groenlandia.tech\/\" target=\"_blank\">Groenlandia Tech<\/a><\/h2>\n\n\n\n<p class=\"has-small-font-size\">Greenland Tech, the startup specializing in cold mobility solutions, has launched Nuuk. This is the first smart fridge for the management and traceability of any item and sample. The Nuuk refrigerator has applications in different sectors, such as pharmaceuticals, medical and logistics; Although it has been specially designed to transport vaccines, biological samples and medical and judicial tests, within what is known as health logistics.<\/p>\n\n\n\n<p class=\"has-small-font-size\">Likewise, the technical characteristics of the device have made it possible to develop a version adapted also for the transport of gourmet food. Some of them are truffles, caviar and other gastronomic products of great value.<\/p>\n\n\n\n<p class=\"has-small-font-size\">Greenland technology offers an extra layer of security for those organizations and companies that want to have tight control of the samples they transport<\/p>\n\n\n\n<p class=\"has-text-align-left has-small-font-size\"><\/p>\n<\/div><\/div>\n\n\n\n<div style=\"height:24px\" aria-hidden=\"true\" class=\"wp-block-spacer\"><\/div>\n\n\n\n<hr class=\"wp-block-separator\"\/>\n\n\n\n<div style=\"height:24px\" aria-hidden=\"true\" class=\"wp-block-spacer\"><\/div>\n\n\n\n<h2 class=\"has-text-align-center wp-block-heading\">Caring for health<\/h2>\n\n\n\n<div style=\"height:24px\" aria-hidden=\"true\" class=\"wp-block-spacer\"><\/div>\n\n\n\n<hr class=\"wp-block-separator\"\/>\n\n\n\n<div class=\"wp-block-columns are-vertically-aligned-center footer_1 is-layout-flex wp-container-core-columns-is-layout-1 wp-block-columns-is-layout-flex\">\n<div class=\"wp-block-column is-layout-flow wp-block-column-is-layout-flow\">\n<p class=\"has-text-align-center\">2021<\/p>\n<\/div>\n\n\n\n<div class=\"wp-block-column is-vertically-aligned-center is-layout-flow wp-block-column-is-layout-flow\">\n<div class=\"wp-block-buttons is-content-justification-center is-layout-flex wp-block-buttons-is-layout-flex\">\n<div class=\"wp-block-button botenes-footer is-style-outline\"><a class=\"wp-block-button__link has-foreground-color has-background-background-color has-text-color has-background\" href=\"http:\/\/esteireconsulting.com\/en\/aviso-legal\/\">Legal warning<\/a><\/div>\n<\/div>\n<\/div>\n\n\n\n<div class=\"wp-block-column is-vertically-aligned-center is-layout-flow wp-block-column-is-layout-flow\">\n<div class=\"wp-block-buttons is-content-justification-center is-layout-flex wp-block-buttons-is-layout-flex\">\n<div class=\"wp-block-button is-style-outline\"><a class=\"wp-block-button__link has-foreground-color has-background-background-color has-text-color has-background\" href=\"http:\/\/esteireconsulting.com\/en\/cookies\/\">Cookies<\/a><\/div>\n<\/div>\n<\/div>\n\n\n\n<div class=\"wp-block-column is-vertically-aligned-center is-layout-flow wp-block-column-is-layout-flow\">\n<div class=\"wp-block-buttons is-content-justification-center is-layout-flex wp-block-buttons-is-layout-flex\">\n<div class=\"wp-block-button is-style-outline\"><a class=\"wp-block-button__link has-foreground-color has-background-background-color has-text-color has-background\" href=\"http:\/\/esteireconsulting.com\/en\/contacto-est\/\">Contact us<\/a><\/div>\n<\/div>\n<\/div>\n<\/div>","protected":false},"excerpt":{"rendered":"<p>CSSH Son gestores integrales de equipamiento hospitalario. Se dedican al suministro de productos y servicios hospitalarios y a la consultor\u00eda para la puesta en marcha de nuevos proyectos. Su objetivo es la \u00f3ptima gesti\u00f3n de todos los servicios y la r\u00e1pida soluci\u00f3n de los problemas que pueden afectar el buen funcionamiento de las entidades hospitalarias.<a class=\"more-link\" href=\"https:\/\/esteireconsulting.com\/en\/salud\">Continue reading <span class=\"screen-reader-text\">\u00abSanidad\u00bb<\/span><\/a><\/p>","protected":false},"author":1,"featured_media":0,"parent":0,"menu_order":0,"comment_status":"closed","ping_status":"closed","template":"","meta":{"footnotes":""},"yoast_head":"<!-- This site is optimized with the Yoast SEO plugin v22.6 - https:\/\/yoast.com\/wordpress\/plugins\/seo\/ -->\n<title>Sanidad -<\/title>\n<meta name=\"robots\" content=\"index, follow, max-snippet:-1, max-image-preview:large, max-video-preview:-1\" \/>\n<link rel=\"canonical\" href=\"https:\/\/esteireconsulting.com\/en\/salud\/\" \/>\n<meta property=\"og:locale\" content=\"en_US\" \/>\n<meta property=\"og:type\" content=\"article\" \/>\n<meta property=\"og:title\" content=\"Sanidad -\" \/>\n<meta property=\"og:description\" content=\"CSSH Son gestores integrales de equipamiento hospitalario. Se dedican al suministro de productos y servicios hospitalarios y a la consultor\u00eda para la puesta en marcha de nuevos proyectos. Su objetivo es la \u00f3ptima gesti\u00f3n de todos los servicios y la r\u00e1pida soluci\u00f3n de los problemas que pueden afectar el buen funcionamiento de las entidades hospitalarias.Continue reading &quot;Sanidad&quot;\" \/>\n<meta property=\"og:url\" content=\"https:\/\/esteireconsulting.com\/en\/salud\/\" \/>\n<meta property=\"article:modified_time\" content=\"2021-08-11T12:13:50+00:00\" \/>\n<meta property=\"og:image\" content=\"http:\/\/esteireconsulting.com\/wp-content\/uploads\/2021\/02\/Captura-de-pantalla-2021-02-03-a-las-13.07.43-755x1024.png\" \/>\n<meta name=\"twitter:card\" content=\"summary_large_image\" \/>\n<meta name=\"twitter:label1\" content=\"Est. reading time\" \/>\n\t<meta name=\"twitter:data1\" content=\"2 minutes\" \/>\n<script type=\"application\/ld+json\" class=\"yoast-schema-graph\">{\"@context\":\"https:\/\/schema.org\",\"@graph\":[{\"@type\":\"WebPage\",\"@id\":\"https:\/\/esteireconsulting.com\/salud\",\"url\":\"https:\/\/esteireconsulting.com\/salud\",\"name\":\"Sanidad -\",\"isPartOf\":{\"@id\":\"https:\/\/esteireconsulting.com\/#website\"},\"primaryImageOfPage\":{\"@id\":\"https:\/\/esteireconsulting.com\/salud#primaryimage\"},\"image\":{\"@id\":\"https:\/\/esteireconsulting.com\/salud#primaryimage\"},\"thumbnailUrl\":\"http:\/\/esteireconsulting.com\/wp-content\/uploads\/2021\/02\/Captura-de-pantalla-2021-02-03-a-las-13.07.43-755x1024.png\",\"datePublished\":\"2021-01-22T17:02:36+00:00\",\"dateModified\":\"2021-08-11T12:13:50+00:00\",\"breadcrumb\":{\"@id\":\"https:\/\/esteireconsulting.com\/salud#breadcrumb\"},\"inLanguage\":\"en-US\",\"potentialAction\":[{\"@type\":\"ReadAction\",\"target\":[\"https:\/\/esteireconsulting.com\/salud\"]}]},{\"@type\":\"ImageObject\",\"inLanguage\":\"en-US\",\"@id\":\"https:\/\/esteireconsulting.com\/salud#primaryimage\",\"url\":\"http:\/\/esteireconsulting.com\/wp-content\/uploads\/2021\/02\/Captura-de-pantalla-2021-02-03-a-las-13.07.43-755x1024.png\",\"contentUrl\":\"http:\/\/esteireconsulting.com\/wp-content\/uploads\/2021\/02\/Captura-de-pantalla-2021-02-03-a-las-13.07.43-755x1024.png\"},{\"@type\":\"BreadcrumbList\",\"@id\":\"https:\/\/esteireconsulting.com\/salud#breadcrumb\",\"itemListElement\":[{\"@type\":\"ListItem\",\"position\":1,\"name\":\"Portada\",\"item\":\"https:\/\/esteireconsulting.com\/\"},{\"@type\":\"ListItem\",\"position\":2,\"name\":\"Sanidad\"}]},{\"@type\":\"WebSite\",\"@id\":\"https:\/\/esteireconsulting.com\/#website\",\"url\":\"https:\/\/esteireconsulting.com\/\",\"name\":\"\",\"description\":\"\",\"potentialAction\":[{\"@type\":\"SearchAction\",\"target\":{\"@type\":\"EntryPoint\",\"urlTemplate\":\"https:\/\/esteireconsulting.com\/?s={search_term_string}\"},\"query-input\":\"required name=search_term_string\"}],\"inLanguage\":\"en-US\"}]}<\/script>\n<!-- \/ Yoast SEO plugin. -->","yoast_head_json":{"title":"Sanidad -","robots":{"index":"index","follow":"follow","max-snippet":"max-snippet:-1","max-image-preview":"max-image-preview:large","max-video-preview":"max-video-preview:-1"},"canonical":"https:\/\/esteireconsulting.com\/en\/salud\/","og_locale":"en_US","og_type":"article","og_title":"Sanidad -","og_description":"CSSH Son gestores integrales de equipamiento hospitalario. Se dedican al suministro de productos y servicios hospitalarios y a la consultor\u00eda para la puesta en marcha de nuevos proyectos. Su objetivo es la \u00f3ptima gesti\u00f3n de todos los servicios y la r\u00e1pida soluci\u00f3n de los problemas que pueden afectar el buen funcionamiento de las entidades hospitalarias.Continue reading \"Sanidad\"","og_url":"https:\/\/esteireconsulting.com\/en\/salud\/","article_modified_time":"2021-08-11T12:13:50+00:00","og_image":[{"url":"http:\/\/esteireconsulting.com\/wp-content\/uploads\/2021\/02\/Captura-de-pantalla-2021-02-03-a-las-13.07.43-755x1024.png"}],"twitter_card":"summary_large_image","twitter_misc":{"Est. reading time":"2 minutes"},"schema":{"@context":"https:\/\/schema.org","@graph":[{"@type":"WebPage","@id":"https:\/\/esteireconsulting.com\/salud","url":"https:\/\/esteireconsulting.com\/salud","name":"Sanidad -","isPartOf":{"@id":"https:\/\/esteireconsulting.com\/#website"},"primaryImageOfPage":{"@id":"https:\/\/esteireconsulting.com\/salud#primaryimage"},"image":{"@id":"https:\/\/esteireconsulting.com\/salud#primaryimage"},"thumbnailUrl":"http:\/\/esteireconsulting.com\/wp-content\/uploads\/2021\/02\/Captura-de-pantalla-2021-02-03-a-las-13.07.43-755x1024.png","datePublished":"2021-01-22T17:02:36+00:00","dateModified":"2021-08-11T12:13:50+00:00","breadcrumb":{"@id":"https:\/\/esteireconsulting.com\/salud#breadcrumb"},"inLanguage":"en-US","potentialAction":[{"@type":"ReadAction","target":["https:\/\/esteireconsulting.com\/salud"]}]},{"@type":"ImageObject","inLanguage":"en-US","@id":"https:\/\/esteireconsulting.com\/salud#primaryimage","url":"http:\/\/esteireconsulting.com\/wp-content\/uploads\/2021\/02\/Captura-de-pantalla-2021-02-03-a-las-13.07.43-755x1024.png","contentUrl":"http:\/\/esteireconsulting.com\/wp-content\/uploads\/2021\/02\/Captura-de-pantalla-2021-02-03-a-las-13.07.43-755x1024.png"},{"@type":"BreadcrumbList","@id":"https:\/\/esteireconsulting.com\/salud#breadcrumb","itemListElement":[{"@type":"ListItem","position":1,"name":"Portada","item":"https:\/\/esteireconsulting.com\/"},{"@type":"ListItem","position":2,"name":"Sanidad"}]},{"@type":"WebSite","@id":"https:\/\/esteireconsulting.com\/#website","url":"https:\/\/esteireconsulting.com\/","name":"","description":"","potentialAction":[{"@type":"SearchAction","target":{"@type":"EntryPoint","urlTemplate":"https:\/\/esteireconsulting.com\/?s={search_term_string}"},"query-input":"required name=search_term_string"}],"inLanguage":"en-US"}]}},"_links":{"self":[{"href":"https:\/\/esteireconsulting.com\/en\/wp-json\/wp\/v2\/pages\/741"}],"collection":[{"href":"https:\/\/esteireconsulting.com\/en\/wp-json\/wp\/v2\/pages"}],"about":[{"href":"https:\/\/esteireconsulting.com\/en\/wp-json\/wp\/v2\/types\/page"}],"author":[{"embeddable":true,"href":"https:\/\/esteireconsulting.com\/en\/wp-json\/wp\/v2\/users\/1"}],"replies":[{"embeddable":true,"href":"https:\/\/esteireconsulting.com\/en\/wp-json\/wp\/v2\/comments?post=741"}],"version-history":[{"count":26,"href":"https:\/\/esteireconsulting.com\/en\/wp-json\/wp\/v2\/pages\/741\/revisions"}],"predecessor-version":[{"id":2543,"href":"https:\/\/esteireconsulting.com\/en\/wp-json\/wp\/v2\/pages\/741\/revisions\/2543"}],"wp:attachment":[{"href":"https:\/\/esteireconsulting.com\/en\/wp-json\/wp\/v2\/media?parent=741"}],"curies":[{"name":"wp","href":"https:\/\/api.w.org\/{rel}","templated":true}]}}