{"id":738,"date":"2021-01-22T17:01:01","date_gmt":"2021-01-22T17:01:01","guid":{"rendered":"https:\/\/comunicatebymariazabay.wordpress.com\/?page_id=738"},"modified":"2021-08-04T08:02:19","modified_gmt":"2021-08-04T08:02:19","slug":"mineria-industria","status":"publish","type":"page","link":"https:\/\/esteireconsulting.com\/en\/mineria-industria","title":{"rendered":"Mining \/ Industry"},"content":{"rendered":"<div style=\"height:24px\" aria-hidden=\"true\" class=\"wp-block-spacer\"><\/div>\n\n\n\n<div class=\"wp-block-buttons alignfull is-content-justification-right home_01 is-layout-flex wp-block-buttons-is-layout-flex\">\n<div class=\"wp-block-button\"><a class=\"wp-block-button__link has-foreground-color has-background-background-color has-text-color has-background\" href=\"http:\/\/esteireconsulting.com\/en\/\">Home<\/a><\/div>\n\n\n\n<div class=\"wp-block-button\"><a class=\"wp-block-button__link has-foreground-color has-background-background-color has-text-color has-background\" href=\"http:\/\/esteireconsulting.com\/en\/sobre-nosotros\/\">About Us<\/a><\/div>\n\n\n\n<div class=\"wp-block-button\"><a class=\"wp-block-button__link has-foreground-color has-background-background-color has-text-color has-background\" href=\"http:\/\/esteireconsulting.com\/en\/partners\/\">Partners<\/a><\/div>\n\n\n\n<div class=\"wp-block-button\"><a class=\"wp-block-button__link has-foreground-color has-background-background-color has-text-color has-background\" href=\"http:\/\/esteireconsulting.com\/en\/paises\/\">Countries<\/a><\/div>\n\n\n\n<div class=\"wp-block-button\"><a class=\"wp-block-button__link has-foreground-color has-background-background-color has-text-color has-background\" href=\"http:\/\/esteireconsulting.com\/en\/testimonios\/\">Testimonials<\/a><\/div>\n\n\n\n<div class=\"wp-block-button\"><a class=\"wp-block-button__link has-foreground-color has-background-background-color has-text-color has-background\" href=\"http:\/\/esteireconsulting.com\/en\/blog-esteire\/\">Blog<\/a><\/div>\n\n\n\n<div class=\"wp-block-button\"><a class=\"wp-block-button__link has-foreground-color has-background-background-color has-text-color has-background\" href=\"http:\/\/esteireconsulting.com\/en\/contacto\/\">Contact us<\/a><\/div>\n<\/div>\n\n\n\n<p><\/p>\n\n\n\n<hr class=\"wp-block-separator alignfull has-text-color has-background has-foreground-dark-background-color has-foreground-dark-color is-style-wide full_width\"\/>\n\n\n\n<div class=\"wp-block-media-text alignwide is-image-fill is-stacked-on-mobile\" style=\"grid-template-columns:51% auto\"><figure class=\"wp-block-media-text__media\" style=\"background-image:url(http:\/\/esteireconsulting.com\/wp-content\/uploads\/2021\/04\/CAPOTEX-MINERIA-1024x768.jpg);background-position:88% 64%\"><img decoding=\"async\" loading=\"lazy\" width=\"1024\" height=\"768\" src=\"http:\/\/esteireconsulting.com\/wp-content\/uploads\/2021\/04\/CAPOTEX-MINERIA-1024x768.jpg\" alt=\"\" class=\"wp-image-2218 size-full\" srcset=\"https:\/\/esteireconsulting.com\/wp-content\/uploads\/2021\/04\/CAPOTEX-MINERIA-1024x768.jpg 1024w, https:\/\/esteireconsulting.com\/wp-content\/uploads\/2021\/04\/CAPOTEX-MINERIA-300x225.jpg 300w, https:\/\/esteireconsulting.com\/wp-content\/uploads\/2021\/04\/CAPOTEX-MINERIA-768x576.jpg 768w, https:\/\/esteireconsulting.com\/wp-content\/uploads\/2021\/04\/CAPOTEX-MINERIA-1600x1200.jpg 1600w, https:\/\/esteireconsulting.com\/wp-content\/uploads\/2021\/04\/CAPOTEX-MINERIA-1536x1152.jpg 1536w, https:\/\/esteireconsulting.com\/wp-content\/uploads\/2021\/04\/CAPOTEX-MINERIA-1568x1176.jpg 1568w, https:\/\/esteireconsulting.com\/wp-content\/uploads\/2021\/04\/CAPOTEX-MINERIA.jpg 1844w\" sizes=\"(max-width: 1024px) 100vw, 1024px\" \/><\/figure><div class=\"wp-block-media-text__content\">\n<h2 class=\"has-text-align-left wp-block-heading\"><a href=\"https:\/\/www.capotex.com\/\" target=\"_blank\" rel=\"noreferrer noopener\">Capotex<\/a><\/h2>\n\n\n\n<p class=\"has-small-font-size\">Capotex is the leading global Spanish company in conveyor belt covers since 1996. They design, manufacture and market conveyor belt covers.<\/p>\n\n\n\n<p class=\"has-small-font-size\">The are dedicated only to covers, that is why they are specialists. They work with the main engineering companies and mining operations around the world and develop customized solutions for every need.<\/p>\n\n\n\n<p class=\"has-small-font-size\">Their hoods reduce the impact on the environment on the five continents ...<\/p>\n\n\n\n<p class=\"has-small-font-size\">Capotex develops, designs and manufactures different types of covers for the most varied conditions and markets, making innovation one of our main values \u200b\u200bfor our clients<\/p>\n\n\n\n<p class=\"has-text-align-left\" style=\"font-size:16px\"><\/p>\n<\/div><\/div>\n\n\n\n<div style=\"height:24px\" aria-hidden=\"true\" class=\"wp-block-spacer\"><\/div>\n\n\n\n<hr class=\"wp-block-separator\"\/>\n\n\n\n<div style=\"height:24px\" aria-hidden=\"true\" class=\"wp-block-spacer\"><\/div>\n\n\n\n<h2 class=\"has-text-align-center wp-block-heading\">We take care of the environment<\/h2>\n\n\n\n<div style=\"height:29px\" aria-hidden=\"true\" class=\"wp-block-spacer\"><\/div>\n\n\n\n<div style=\"height:24px\" aria-hidden=\"true\" class=\"wp-block-spacer\"><\/div>\n\n\n\n<hr class=\"wp-block-separator\"\/>\n\n\n\n<div class=\"wp-block-columns are-vertically-aligned-center footer_1 is-layout-flex wp-container-core-columns-is-layout-1 wp-block-columns-is-layout-flex\">\n<div class=\"wp-block-column is-layout-flow wp-block-column-is-layout-flow\">\n<p class=\"has-text-align-center\">2021<\/p>\n<\/div>\n\n\n\n<div class=\"wp-block-column is-vertically-aligned-center is-layout-flow wp-block-column-is-layout-flow\">\n<div class=\"wp-block-buttons is-content-justification-center is-layout-flex wp-block-buttons-is-layout-flex\">\n<div class=\"wp-block-button botenes-footer is-style-outline\"><a class=\"wp-block-button__link has-foreground-color has-background-background-color has-text-color has-background\" href=\"http:\/\/esteireconsulting.com\/en\/aviso-legal\/\">Legal warning<\/a><\/div>\n<\/div>\n<\/div>\n\n\n\n<div class=\"wp-block-column is-vertically-aligned-center is-layout-flow wp-block-column-is-layout-flow\">\n<div class=\"wp-block-buttons is-content-justification-center is-layout-flex wp-block-buttons-is-layout-flex\">\n<div class=\"wp-block-button is-style-outline\"><a class=\"wp-block-button__link has-foreground-color has-background-background-color has-text-color has-background\" href=\"http:\/\/esteireconsulting.com\/en\/cookies\/\">Cookies<\/a><\/div>\n<\/div>\n<\/div>\n\n\n\n<div class=\"wp-block-column is-vertically-aligned-center is-layout-flow wp-block-column-is-layout-flow\">\n<div class=\"wp-block-buttons is-content-justification-center is-layout-flex wp-block-buttons-is-layout-flex\">\n<div class=\"wp-block-button is-style-outline\"><a class=\"wp-block-button__link has-foreground-color has-background-background-color has-text-color has-background\" href=\"http:\/\/esteireconsulting.com\/en\/contacto-est\/\">Contact us<\/a><\/div>\n<\/div>\n<\/div>\n<\/div>","protected":false},"excerpt":{"rendered":"<p>Capotex Capotex es la compa\u00f1\u00eda espa\u00f1ola l\u00edder global en cubiertas para cintas transportadoras desde 1996. Dise\u00f1amos, fabricamos y comercializamos cubiertas para cintas transportadoras. Nos dedicamos solo a capotajes, por eso&nbsp;somos especialistas.&nbsp;Trabajamos con las principales ingenier\u00edas y explotaciones mineras de todo el mundo y desarrollamos soluciones personalizadas para cada necesidad. Nuestras capotas reducen el impacto sobre<a class=\"more-link\" href=\"https:\/\/esteireconsulting.com\/en\/mineria-industria\">Continue reading <span class=\"screen-reader-text\">\u00abMiner\u00eda\/Industria\u00bb<\/span><\/a><\/p>","protected":false},"author":1,"featured_media":0,"parent":0,"menu_order":0,"comment_status":"closed","ping_status":"closed","template":"","meta":{"footnotes":""},"yoast_head":"<!-- This site is optimized with the Yoast SEO plugin v22.6 - https:\/\/yoast.com\/wordpress\/plugins\/seo\/ -->\n<title>Miner\u00eda\/Industria -<\/title>\n<meta name=\"robots\" content=\"index, follow, max-snippet:-1, max-image-preview:large, max-video-preview:-1\" \/>\n<link rel=\"canonical\" href=\"https:\/\/esteireconsulting.com\/en\/mineria-industria\/\" \/>\n<meta property=\"og:locale\" content=\"en_US\" \/>\n<meta property=\"og:type\" content=\"article\" \/>\n<meta property=\"og:title\" content=\"Miner\u00eda\/Industria -\" \/>\n<meta property=\"og:description\" content=\"Capotex Capotex es la compa\u00f1\u00eda espa\u00f1ola l\u00edder global en cubiertas para cintas transportadoras desde 1996. Dise\u00f1amos, fabricamos y comercializamos cubiertas para cintas transportadoras. Nos dedicamos solo a capotajes, por eso&nbsp;somos especialistas.&nbsp;Trabajamos con las principales ingenier\u00edas y explotaciones mineras de todo el mundo y desarrollamos soluciones personalizadas para cada necesidad. Nuestras capotas reducen el impacto sobreContinue reading &quot;Miner\u00eda\/Industria&quot;\" \/>\n<meta property=\"og:url\" content=\"https:\/\/esteireconsulting.com\/en\/mineria-industria\/\" \/>\n<meta property=\"article:modified_time\" content=\"2021-08-04T08:02:19+00:00\" \/>\n<meta property=\"og:image\" content=\"http:\/\/esteireconsulting.com\/wp-content\/uploads\/2021\/04\/CAPOTEX-MINERIA-1024x768.jpg\" \/>\n<meta name=\"twitter:card\" content=\"summary_large_image\" \/>\n<meta name=\"twitter:label1\" content=\"Est. reading time\" \/>\n\t<meta name=\"twitter:data1\" content=\"1 minute\" \/>\n<script type=\"application\/ld+json\" class=\"yoast-schema-graph\">{\"@context\":\"https:\/\/schema.org\",\"@graph\":[{\"@type\":\"WebPage\",\"@id\":\"https:\/\/esteireconsulting.com\/mineria-industria\",\"url\":\"https:\/\/esteireconsulting.com\/mineria-industria\",\"name\":\"Miner\u00eda\/Industria -\",\"isPartOf\":{\"@id\":\"https:\/\/esteireconsulting.com\/#website\"},\"primaryImageOfPage\":{\"@id\":\"https:\/\/esteireconsulting.com\/mineria-industria#primaryimage\"},\"image\":{\"@id\":\"https:\/\/esteireconsulting.com\/mineria-industria#primaryimage\"},\"thumbnailUrl\":\"http:\/\/esteireconsulting.com\/wp-content\/uploads\/2021\/04\/CAPOTEX-MINERIA-1024x768.jpg\",\"datePublished\":\"2021-01-22T17:01:01+00:00\",\"dateModified\":\"2021-08-04T08:02:19+00:00\",\"breadcrumb\":{\"@id\":\"https:\/\/esteireconsulting.com\/mineria-industria#breadcrumb\"},\"inLanguage\":\"en-US\",\"potentialAction\":[{\"@type\":\"ReadAction\",\"target\":[\"https:\/\/esteireconsulting.com\/mineria-industria\"]}]},{\"@type\":\"ImageObject\",\"inLanguage\":\"en-US\",\"@id\":\"https:\/\/esteireconsulting.com\/mineria-industria#primaryimage\",\"url\":\"http:\/\/esteireconsulting.com\/wp-content\/uploads\/2021\/04\/CAPOTEX-MINERIA-1024x768.jpg\",\"contentUrl\":\"http:\/\/esteireconsulting.com\/wp-content\/uploads\/2021\/04\/CAPOTEX-MINERIA-1024x768.jpg\"},{\"@type\":\"BreadcrumbList\",\"@id\":\"https:\/\/esteireconsulting.com\/mineria-industria#breadcrumb\",\"itemListElement\":[{\"@type\":\"ListItem\",\"position\":1,\"name\":\"Portada\",\"item\":\"https:\/\/esteireconsulting.com\/\"},{\"@type\":\"ListItem\",\"position\":2,\"name\":\"Miner\u00eda\/Industria\"}]},{\"@type\":\"WebSite\",\"@id\":\"https:\/\/esteireconsulting.com\/#website\",\"url\":\"https:\/\/esteireconsulting.com\/\",\"name\":\"\",\"description\":\"\",\"potentialAction\":[{\"@type\":\"SearchAction\",\"target\":{\"@type\":\"EntryPoint\",\"urlTemplate\":\"https:\/\/esteireconsulting.com\/?s={search_term_string}\"},\"query-input\":\"required name=search_term_string\"}],\"inLanguage\":\"en-US\"}]}<\/script>\n<!-- \/ Yoast SEO plugin. -->","yoast_head_json":{"title":"Miner\u00eda\/Industria -","robots":{"index":"index","follow":"follow","max-snippet":"max-snippet:-1","max-image-preview":"max-image-preview:large","max-video-preview":"max-video-preview:-1"},"canonical":"https:\/\/esteireconsulting.com\/en\/mineria-industria\/","og_locale":"en_US","og_type":"article","og_title":"Miner\u00eda\/Industria -","og_description":"Capotex Capotex es la compa\u00f1\u00eda espa\u00f1ola l\u00edder global en cubiertas para cintas transportadoras desde 1996. Dise\u00f1amos, fabricamos y comercializamos cubiertas para cintas transportadoras. Nos dedicamos solo a capotajes, por eso&nbsp;somos especialistas.&nbsp;Trabajamos con las principales ingenier\u00edas y explotaciones mineras de todo el mundo y desarrollamos soluciones personalizadas para cada necesidad. Nuestras capotas reducen el impacto sobreContinue reading \"Miner\u00eda\/Industria\"","og_url":"https:\/\/esteireconsulting.com\/en\/mineria-industria\/","article_modified_time":"2021-08-04T08:02:19+00:00","og_image":[{"url":"http:\/\/esteireconsulting.com\/wp-content\/uploads\/2021\/04\/CAPOTEX-MINERIA-1024x768.jpg"}],"twitter_card":"summary_large_image","twitter_misc":{"Est. reading time":"1 minute"},"schema":{"@context":"https:\/\/schema.org","@graph":[{"@type":"WebPage","@id":"https:\/\/esteireconsulting.com\/mineria-industria","url":"https:\/\/esteireconsulting.com\/mineria-industria","name":"Miner\u00eda\/Industria -","isPartOf":{"@id":"https:\/\/esteireconsulting.com\/#website"},"primaryImageOfPage":{"@id":"https:\/\/esteireconsulting.com\/mineria-industria#primaryimage"},"image":{"@id":"https:\/\/esteireconsulting.com\/mineria-industria#primaryimage"},"thumbnailUrl":"http:\/\/esteireconsulting.com\/wp-content\/uploads\/2021\/04\/CAPOTEX-MINERIA-1024x768.jpg","datePublished":"2021-01-22T17:01:01+00:00","dateModified":"2021-08-04T08:02:19+00:00","breadcrumb":{"@id":"https:\/\/esteireconsulting.com\/mineria-industria#breadcrumb"},"inLanguage":"en-US","potentialAction":[{"@type":"ReadAction","target":["https:\/\/esteireconsulting.com\/mineria-industria"]}]},{"@type":"ImageObject","inLanguage":"en-US","@id":"https:\/\/esteireconsulting.com\/mineria-industria#primaryimage","url":"http:\/\/esteireconsulting.com\/wp-content\/uploads\/2021\/04\/CAPOTEX-MINERIA-1024x768.jpg","contentUrl":"http:\/\/esteireconsulting.com\/wp-content\/uploads\/2021\/04\/CAPOTEX-MINERIA-1024x768.jpg"},{"@type":"BreadcrumbList","@id":"https:\/\/esteireconsulting.com\/mineria-industria#breadcrumb","itemListElement":[{"@type":"ListItem","position":1,"name":"Portada","item":"https:\/\/esteireconsulting.com\/"},{"@type":"ListItem","position":2,"name":"Miner\u00eda\/Industria"}]},{"@type":"WebSite","@id":"https:\/\/esteireconsulting.com\/#website","url":"https:\/\/esteireconsulting.com\/","name":"","description":"","potentialAction":[{"@type":"SearchAction","target":{"@type":"EntryPoint","urlTemplate":"https:\/\/esteireconsulting.com\/?s={search_term_string}"},"query-input":"required name=search_term_string"}],"inLanguage":"en-US"}]}},"_links":{"self":[{"href":"https:\/\/esteireconsulting.com\/en\/wp-json\/wp\/v2\/pages\/738"}],"collection":[{"href":"https:\/\/esteireconsulting.com\/en\/wp-json\/wp\/v2\/pages"}],"about":[{"href":"https:\/\/esteireconsulting.com\/en\/wp-json\/wp\/v2\/types\/page"}],"author":[{"embeddable":true,"href":"https:\/\/esteireconsulting.com\/en\/wp-json\/wp\/v2\/users\/1"}],"replies":[{"embeddable":true,"href":"https:\/\/esteireconsulting.com\/en\/wp-json\/wp\/v2\/comments?post=738"}],"version-history":[{"count":19,"href":"https:\/\/esteireconsulting.com\/en\/wp-json\/wp\/v2\/pages\/738\/revisions"}],"predecessor-version":[{"id":2442,"href":"https:\/\/esteireconsulting.com\/en\/wp-json\/wp\/v2\/pages\/738\/revisions\/2442"}],"wp:attachment":[{"href":"https:\/\/esteireconsulting.com\/en\/wp-json\/wp\/v2\/media?parent=738"}],"curies":[{"name":"wp","href":"https:\/\/api.w.org\/{rel}","templated":true}]}}