{"id":636,"date":"2021-01-22T06:02:15","date_gmt":"2021-01-22T06:02:15","guid":{"rendered":"https:\/\/comunicatebymariazabay.wordpress.com\/?page_id=636"},"modified":"2021-08-12T11:09:23","modified_gmt":"2021-08-12T11:09:23","slug":"alimentacion","status":"publish","type":"page","link":"https:\/\/esteireconsulting.com\/en\/alimentacion","title":{"rendered":"Gourmet products"},"content":{"rendered":"<div style=\"height:24px\" aria-hidden=\"true\" class=\"wp-block-spacer\"><\/div>\n\n\n\n<div style=\"height:59px\" aria-hidden=\"true\" class=\"wp-block-spacer\"><\/div>\n\n\n\n<div class=\"wp-block-buttons alignfull is-content-justification-right home_01 is-layout-flex wp-block-buttons-is-layout-flex\">\n<div class=\"wp-block-button\"><a class=\"wp-block-button__link has-foreground-color has-background-background-color has-text-color has-background\" href=\"http:\/\/esteireconsulting.com\/en\/\">Home<\/a><\/div>\n\n\n\n<div class=\"wp-block-button\"><a class=\"wp-block-button__link has-foreground-color has-background-background-color has-text-color has-background\" href=\"http:\/\/esteireconsulting.com\/en\/sobre-nosotros\/\">About Us<\/a><\/div>\n\n\n\n<div class=\"wp-block-button\"><a class=\"wp-block-button__link has-foreground-color has-background-background-color has-text-color has-background\" href=\"http:\/\/esteireconsulting.com\/en\/partners\/\">Partners<\/a><\/div>\n\n\n\n<div class=\"wp-block-button\"><a class=\"wp-block-button__link has-foreground-color has-background-background-color has-text-color has-background\" href=\"http:\/\/esteireconsulting.com\/en\/paises\/\">Countries<\/a><\/div>\n\n\n\n<div class=\"wp-block-button\"><a class=\"wp-block-button__link has-foreground-color has-background-background-color has-text-color has-background\" href=\"http:\/\/esteireconsulting.com\/en\/testimonios\/\">Testimonials<\/a><\/div>\n\n\n\n<div class=\"wp-block-button\"><a class=\"wp-block-button__link has-foreground-color has-background-background-color has-text-color has-background\" href=\"http:\/\/esteireconsulting.com\/en\/blog-esteire\/\">Blog<\/a><\/div>\n\n\n\n<div class=\"wp-block-button\"><a class=\"wp-block-button__link has-foreground-color has-background-background-color has-text-color has-background\" href=\"http:\/\/esteireconsulting.com\/en\/contacto\/\">Contact us<\/a><\/div>\n<\/div>\n\n\n\n<p><\/p>\n\n\n\n<hr class=\"wp-block-separator alignfull has-text-color has-background has-foreground-dark-background-color has-foreground-dark-color is-style-wide full_width\"\/>\n\n\n\n<div style=\"height:46px\" aria-hidden=\"true\" class=\"wp-block-spacer\"><\/div>\n\n\n\n<div class=\"wp-block-media-text alignwide is-image-fill is-stacked-on-mobile\" style=\"grid-template-columns:51% auto\"><figure class=\"wp-block-media-text__media\" style=\"background-image:url(https:\/\/comunicatebymariazabay.files.wordpress.com\/2021\/01\/flos_olei_2020_family_reserve_picual_castillo_de_canena_hall_of_fame-4-819x1024-1.jpg?w=819);background-position:50% 50%\"><img decoding=\"async\" src=\"https:\/\/comunicatebymariazabay.files.wordpress.com\/2021\/01\/flos_olei_2020_family_reserve_picual_castillo_de_canena_hall_of_fame-4-819x1024-1.jpg?w=819\" alt=\"\" class=\"wp-image-639 size-full\"\/><\/figure><div class=\"wp-block-media-text__content\">\n<h2 class=\"has-text-align-left wp-block-heading\"><a href=\"http:\/\/www.castillodecanena.com\" target=\"_blank\" rel=\"noreferrer noopener\">Castillo de Canena<\/a><\/h2>\n\n\n\n<p class=\"has-small-font-size translation-block\">With an olive-growing history that begins in 1780, it is currently among the most awarded oil companies in the world, being considered the 'Vega Sicilia' of olive oil.1 The prestigious international guide Flos Olei 2020 chose, for the eighth year in a row, its extra virgin oils as the best in the world by giving them the highest possible score (100\/100 points). Castillo de Canena exports to more than 40 countries on the five continents, which represents around 80% of its turnover. 23 Among its most recognized brands are: Family Reserve, First Harvest Day, Biodynamic Picual, Arbequino with Oak Smoke and Royal Early. They produce oil for many Michelin-starred restaurants as well as 5-star hotel chains.<\/p>\n\n\n\n<p class=\"has-text-align-left\" style=\"font-size:18px\"><\/p>\n<\/div><\/div>\n\n\n\n<div class=\"wp-block-media-text alignwide has-media-on-the-right is-image-fill is-stacked-on-mobile\" style=\"grid-template-columns:auto 49%\"><figure class=\"wp-block-media-text__media\" style=\"background-image:url(https:\/\/comunicatebymariazabay.files.wordpress.com\/2021\/01\/conserva-10.png?w=683);background-position:76% 86%\"><img decoding=\"async\" src=\"https:\/\/comunicatebymariazabay.files.wordpress.com\/2021\/01\/conserva-10.png?w=683\" alt=\"\" class=\"wp-image-672 size-full\"\/><\/figure><div class=\"wp-block-media-text__content\">\n<h2 class=\"has-text-align-right wp-block-heading\"><a href=\"http:\/\/www.artemonte.com\" target=\"_blank\" rel=\"noreferrer noopener\">ArteMonte<\/a><\/h2>\n\n\n\n<p class=\"has-text-align-right has-small-font-size\">Artemonte wants to raise awareness and promote bushmeat consumption both inside and outside our borders. Its mission is to merge tradition and innovation in a Modern Gastronomy and that is why they make known the potential offered by this excellent raw material. Located in Sierra Morena in the heart of Despe\u00f1aperros Natural Park, its location is characterized by a mountainous environment isolated from large cities, which allows the animals to be raised in full freedom and wilderness, which later translates into meats with the highest quality and naturalness possible. It complies with the main international quality standards which allows it to have the IFS certification.<\/p>\n<\/div><\/div>\n\n\n\n<div style=\"height:24px\" aria-hidden=\"true\" class=\"wp-block-spacer\"><\/div>\n\n\n\n<hr class=\"wp-block-separator\"\/>\n\n\n\n<h2 class=\"alignfull has-text-align-center wp-block-heading\">      The best gourmet brands <\/h2>\n\n\n\n<hr class=\"wp-block-separator\"\/>\n\n\n\n<div class=\"wp-block-columns are-vertically-aligned-center footer_1 is-layout-flex wp-container-core-columns-is-layout-1 wp-block-columns-is-layout-flex\">\n<div class=\"wp-block-column is-layout-flow wp-block-column-is-layout-flow\">\n<p class=\"has-text-align-center\">2021<\/p>\n<\/div>\n\n\n\n<div class=\"wp-block-column is-vertically-aligned-center is-layout-flow wp-block-column-is-layout-flow\">\n<div class=\"wp-block-buttons is-content-justification-center is-layout-flex wp-block-buttons-is-layout-flex\">\n<div class=\"wp-block-button botenes-footer is-style-outline\"><a class=\"wp-block-button__link has-foreground-color has-background-background-color has-text-color has-background\" href=\"http:\/\/esteireconsulting.com\/en\/aviso-legal\/\">Legal warning<\/a><\/div>\n<\/div>\n<\/div>\n\n\n\n<div class=\"wp-block-column is-vertically-aligned-center is-layout-flow wp-block-column-is-layout-flow\">\n<div class=\"wp-block-buttons is-content-justification-center is-layout-flex wp-block-buttons-is-layout-flex\">\n<div class=\"wp-block-button is-style-outline\"><a class=\"wp-block-button__link has-foreground-color has-background-background-color has-text-color has-background\" href=\"http:\/\/esteireconsulting.com\/en\/cookies\/\">Cookies<\/a><\/div>\n<\/div>\n<\/div>\n\n\n\n<div class=\"wp-block-column is-vertically-aligned-center is-layout-flow wp-block-column-is-layout-flow\">\n<div class=\"wp-block-buttons is-content-justification-center is-layout-flex wp-block-buttons-is-layout-flex\">\n<div class=\"wp-block-button is-style-outline\"><a class=\"wp-block-button__link has-foreground-color has-background-background-color has-text-color has-background\" href=\"http:\/\/esteireconsulting.com\/en\/contacto-est\/\">Contact us<\/a><\/div>\n<\/div>\n<\/div>\n<\/div>","protected":false},"excerpt":{"rendered":"<p>Castillo de Canena Con una historia olivarera que arranca en 1780, en la actualidad se encuentra entre las empresas aceiteras m\u00e1s premiadas de todo del mundo llegando a considerarse el &#8216;Vega Sicilia&#8217; del aceite de oliva.1 La prestigiosa gu\u00eda internacional\u00a0Flos Olei 2020\u00a0eligi\u00f3, por octavo a\u00f1o consecutivo, sus aceites extra v\u00edrgenes como los mejores del mundo<a class=\"more-link\" href=\"https:\/\/esteireconsulting.com\/en\/alimentacion\">Continue reading <span class=\"screen-reader-text\">\u00abProductos gourmet\u00bb<\/span><\/a><\/p>","protected":false},"author":1,"featured_media":0,"parent":0,"menu_order":0,"comment_status":"closed","ping_status":"closed","template":"","meta":{"footnotes":""},"yoast_head":"<!-- This site is optimized with the Yoast SEO plugin v22.6 - https:\/\/yoast.com\/wordpress\/plugins\/seo\/ -->\n<title>Productos gourmet -<\/title>\n<meta name=\"robots\" content=\"index, follow, max-snippet:-1, max-image-preview:large, max-video-preview:-1\" \/>\n<link rel=\"canonical\" href=\"https:\/\/esteireconsulting.com\/en\/alimentacion\/\" \/>\n<meta property=\"og:locale\" content=\"en_US\" \/>\n<meta property=\"og:type\" content=\"article\" \/>\n<meta property=\"og:title\" content=\"Productos gourmet -\" \/>\n<meta property=\"og:description\" content=\"Castillo de Canena Con una historia olivarera que arranca en 1780, en la actualidad se encuentra entre las empresas aceiteras m\u00e1s premiadas de todo del mundo llegando a considerarse el &#8216;Vega Sicilia&#8217; del aceite de oliva.1 La prestigiosa gu\u00eda internacional\u00a0Flos Olei 2020\u00a0eligi\u00f3, por octavo a\u00f1o consecutivo, sus aceites extra v\u00edrgenes como los mejores del mundoContinue reading &quot;Productos gourmet&quot;\" \/>\n<meta property=\"og:url\" content=\"https:\/\/esteireconsulting.com\/en\/alimentacion\/\" \/>\n<meta property=\"article:modified_time\" content=\"2021-08-12T11:09:23+00:00\" \/>\n<meta property=\"og:image\" content=\"https:\/\/comunicatebymariazabay.files.wordpress.com\/2021\/01\/flos_olei_2020_family_reserve_picual_castillo_de_canena_hall_of_fame-4-819x1024-1.jpg?w=819\" \/>\n<meta name=\"twitter:card\" content=\"summary_large_image\" \/>\n<meta name=\"twitter:label1\" content=\"Est. reading time\" \/>\n\t<meta name=\"twitter:data1\" content=\"1 minute\" \/>\n<script type=\"application\/ld+json\" class=\"yoast-schema-graph\">{\"@context\":\"https:\/\/schema.org\",\"@graph\":[{\"@type\":\"WebPage\",\"@id\":\"https:\/\/esteireconsulting.com\/alimentacion\",\"url\":\"https:\/\/esteireconsulting.com\/alimentacion\",\"name\":\"Productos gourmet -\",\"isPartOf\":{\"@id\":\"https:\/\/esteireconsulting.com\/#website\"},\"primaryImageOfPage\":{\"@id\":\"https:\/\/esteireconsulting.com\/alimentacion#primaryimage\"},\"image\":{\"@id\":\"https:\/\/esteireconsulting.com\/alimentacion#primaryimage\"},\"thumbnailUrl\":\"https:\/\/comunicatebymariazabay.files.wordpress.com\/2021\/01\/flos_olei_2020_family_reserve_picual_castillo_de_canena_hall_of_fame-4-819x1024-1.jpg?w=819\",\"datePublished\":\"2021-01-22T06:02:15+00:00\",\"dateModified\":\"2021-08-12T11:09:23+00:00\",\"breadcrumb\":{\"@id\":\"https:\/\/esteireconsulting.com\/alimentacion#breadcrumb\"},\"inLanguage\":\"en-US\",\"potentialAction\":[{\"@type\":\"ReadAction\",\"target\":[\"https:\/\/esteireconsulting.com\/alimentacion\"]}]},{\"@type\":\"ImageObject\",\"inLanguage\":\"en-US\",\"@id\":\"https:\/\/esteireconsulting.com\/alimentacion#primaryimage\",\"url\":\"https:\/\/comunicatebymariazabay.files.wordpress.com\/2021\/01\/flos_olei_2020_family_reserve_picual_castillo_de_canena_hall_of_fame-4-819x1024-1.jpg?w=819\",\"contentUrl\":\"https:\/\/comunicatebymariazabay.files.wordpress.com\/2021\/01\/flos_olei_2020_family_reserve_picual_castillo_de_canena_hall_of_fame-4-819x1024-1.jpg?w=819\"},{\"@type\":\"BreadcrumbList\",\"@id\":\"https:\/\/esteireconsulting.com\/alimentacion#breadcrumb\",\"itemListElement\":[{\"@type\":\"ListItem\",\"position\":1,\"name\":\"Portada\",\"item\":\"https:\/\/esteireconsulting.com\/\"},{\"@type\":\"ListItem\",\"position\":2,\"name\":\"Productos gourmet\"}]},{\"@type\":\"WebSite\",\"@id\":\"https:\/\/esteireconsulting.com\/#website\",\"url\":\"https:\/\/esteireconsulting.com\/\",\"name\":\"\",\"description\":\"\",\"potentialAction\":[{\"@type\":\"SearchAction\",\"target\":{\"@type\":\"EntryPoint\",\"urlTemplate\":\"https:\/\/esteireconsulting.com\/?s={search_term_string}\"},\"query-input\":\"required name=search_term_string\"}],\"inLanguage\":\"en-US\"}]}<\/script>\n<!-- \/ Yoast SEO plugin. -->","yoast_head_json":{"title":"Productos gourmet -","robots":{"index":"index","follow":"follow","max-snippet":"max-snippet:-1","max-image-preview":"max-image-preview:large","max-video-preview":"max-video-preview:-1"},"canonical":"https:\/\/esteireconsulting.com\/en\/alimentacion\/","og_locale":"en_US","og_type":"article","og_title":"Productos gourmet -","og_description":"Castillo de Canena Con una historia olivarera que arranca en 1780, en la actualidad se encuentra entre las empresas aceiteras m\u00e1s premiadas de todo del mundo llegando a considerarse el &#8216;Vega Sicilia&#8217; del aceite de oliva.1 La prestigiosa gu\u00eda internacional\u00a0Flos Olei 2020\u00a0eligi\u00f3, por octavo a\u00f1o consecutivo, sus aceites extra v\u00edrgenes como los mejores del mundoContinue reading \"Productos gourmet\"","og_url":"https:\/\/esteireconsulting.com\/en\/alimentacion\/","article_modified_time":"2021-08-12T11:09:23+00:00","og_image":[{"url":"https:\/\/comunicatebymariazabay.files.wordpress.com\/2021\/01\/flos_olei_2020_family_reserve_picual_castillo_de_canena_hall_of_fame-4-819x1024-1.jpg?w=819"}],"twitter_card":"summary_large_image","twitter_misc":{"Est. reading time":"1 minute"},"schema":{"@context":"https:\/\/schema.org","@graph":[{"@type":"WebPage","@id":"https:\/\/esteireconsulting.com\/alimentacion","url":"https:\/\/esteireconsulting.com\/alimentacion","name":"Productos gourmet -","isPartOf":{"@id":"https:\/\/esteireconsulting.com\/#website"},"primaryImageOfPage":{"@id":"https:\/\/esteireconsulting.com\/alimentacion#primaryimage"},"image":{"@id":"https:\/\/esteireconsulting.com\/alimentacion#primaryimage"},"thumbnailUrl":"https:\/\/comunicatebymariazabay.files.wordpress.com\/2021\/01\/flos_olei_2020_family_reserve_picual_castillo_de_canena_hall_of_fame-4-819x1024-1.jpg?w=819","datePublished":"2021-01-22T06:02:15+00:00","dateModified":"2021-08-12T11:09:23+00:00","breadcrumb":{"@id":"https:\/\/esteireconsulting.com\/alimentacion#breadcrumb"},"inLanguage":"en-US","potentialAction":[{"@type":"ReadAction","target":["https:\/\/esteireconsulting.com\/alimentacion"]}]},{"@type":"ImageObject","inLanguage":"en-US","@id":"https:\/\/esteireconsulting.com\/alimentacion#primaryimage","url":"https:\/\/comunicatebymariazabay.files.wordpress.com\/2021\/01\/flos_olei_2020_family_reserve_picual_castillo_de_canena_hall_of_fame-4-819x1024-1.jpg?w=819","contentUrl":"https:\/\/comunicatebymariazabay.files.wordpress.com\/2021\/01\/flos_olei_2020_family_reserve_picual_castillo_de_canena_hall_of_fame-4-819x1024-1.jpg?w=819"},{"@type":"BreadcrumbList","@id":"https:\/\/esteireconsulting.com\/alimentacion#breadcrumb","itemListElement":[{"@type":"ListItem","position":1,"name":"Portada","item":"https:\/\/esteireconsulting.com\/"},{"@type":"ListItem","position":2,"name":"Productos gourmet"}]},{"@type":"WebSite","@id":"https:\/\/esteireconsulting.com\/#website","url":"https:\/\/esteireconsulting.com\/","name":"","description":"","potentialAction":[{"@type":"SearchAction","target":{"@type":"EntryPoint","urlTemplate":"https:\/\/esteireconsulting.com\/?s={search_term_string}"},"query-input":"required name=search_term_string"}],"inLanguage":"en-US"}]}},"_links":{"self":[{"href":"https:\/\/esteireconsulting.com\/en\/wp-json\/wp\/v2\/pages\/636"}],"collection":[{"href":"https:\/\/esteireconsulting.com\/en\/wp-json\/wp\/v2\/pages"}],"about":[{"href":"https:\/\/esteireconsulting.com\/en\/wp-json\/wp\/v2\/types\/page"}],"author":[{"embeddable":true,"href":"https:\/\/esteireconsulting.com\/en\/wp-json\/wp\/v2\/users\/1"}],"replies":[{"embeddable":true,"href":"https:\/\/esteireconsulting.com\/en\/wp-json\/wp\/v2\/comments?post=636"}],"version-history":[{"count":14,"href":"https:\/\/esteireconsulting.com\/en\/wp-json\/wp\/v2\/pages\/636\/revisions"}],"predecessor-version":[{"id":2562,"href":"https:\/\/esteireconsulting.com\/en\/wp-json\/wp\/v2\/pages\/636\/revisions\/2562"}],"wp:attachment":[{"href":"https:\/\/esteireconsulting.com\/en\/wp-json\/wp\/v2\/media?parent=636"}],"curies":[{"name":"wp","href":"https:\/\/api.w.org\/{rel}","templated":true}]}}