{"id":423,"date":"2021-01-20T13:11:39","date_gmt":"2021-01-20T13:11:39","guid":{"rendered":"https:\/\/comunicatebymariazabay.wordpress.com\/?page_id=423"},"modified":"2021-01-28T17:16:31","modified_gmt":"2021-01-28T17:16:31","slug":"cookies","status":"publish","type":"page","link":"https:\/\/esteireconsulting.com\/en\/cookies","title":{"rendered":"Cookies"},"content":{"rendered":"<h1 class=\"wp-block-heading\">Condiciones de Cookies<\/h1>\n\n\n\n<p><strong>DATOS IDENTIFICATIVOS<\/strong>: En cumplimiento con el deber de informaci\u00f3n recogido en art\u00edculo 10 de la Ley 34\/2002, de 11 de julio, de Servicios de la Sociedad de la Informaci\u00f3n y del Comercio Electr\u00f3nico, a continuaci\u00f3n, se reflejan los siguientes datos:<\/p>\n\n\n\n<ul><li><strong>Titular: Carlos Esteire<\/strong><\/li><li><strong>Tel\u00e9fono: (34) <strong>91 515 8132<\/strong><\/strong><\/li><li><strong>Correo electr\u00f3nico:\u00a0carlos@esteireconsulting.com<\/strong><\/li><li><strong><a href=\"NIF: 07472998E\">NIF: 18438813N<\/a><\/strong><\/li><\/ul>\n\n\n\n<p><\/p>","protected":false},"excerpt":{"rendered":"<p>Condiciones de Cookies DATOS IDENTIFICATIVOS: En cumplimiento con el deber de informaci\u00f3n recogido en art\u00edculo 10 de la Ley 34\/2002, de 11 de julio, de Servicios de la Sociedad de la Informaci\u00f3n y del Comercio Electr\u00f3nico, a continuaci\u00f3n, se reflejan los siguientes datos: Titular: Carlos Esteire Tel\u00e9fono: (34) 91 515 8132 Correo electr\u00f3nico:\u00a0carlos@esteireconsulting.com NIF: 18438813N<\/p>","protected":false},"author":1,"featured_media":0,"parent":0,"menu_order":0,"comment_status":"closed","ping_status":"closed","template":"","meta":{"footnotes":""},"yoast_head":"<!-- This site is optimized with the Yoast SEO plugin v22.6 - https:\/\/yoast.com\/wordpress\/plugins\/seo\/ -->\n<title>Cookies -<\/title>\n<meta name=\"robots\" content=\"index, follow, max-snippet:-1, max-image-preview:large, max-video-preview:-1\" \/>\n<link rel=\"canonical\" href=\"https:\/\/esteireconsulting.com\/en\/cookies\/\" \/>\n<meta property=\"og:locale\" content=\"en_US\" \/>\n<meta property=\"og:type\" content=\"article\" \/>\n<meta property=\"og:title\" content=\"Cookies -\" \/>\n<meta property=\"og:description\" content=\"Condiciones de Cookies DATOS IDENTIFICATIVOS: En cumplimiento con el deber de informaci\u00f3n recogido en art\u00edculo 10 de la Ley 34\/2002, de 11 de julio, de Servicios de la Sociedad de la Informaci\u00f3n y del Comercio Electr\u00f3nico, a continuaci\u00f3n, se reflejan los siguientes datos: Titular: Carlos Esteire Tel\u00e9fono: (34) 91 515 8132 Correo electr\u00f3nico:\u00a0carlos@esteireconsulting.com NIF: 18438813N\" \/>\n<meta property=\"og:url\" content=\"https:\/\/esteireconsulting.com\/en\/cookies\/\" \/>\n<meta property=\"article:modified_time\" content=\"2021-01-28T17:16:31+00:00\" \/>\n<meta name=\"twitter:card\" content=\"summary_large_image\" \/>\n<script type=\"application\/ld+json\" class=\"yoast-schema-graph\">{\"@context\":\"https:\/\/schema.org\",\"@graph\":[{\"@type\":\"WebPage\",\"@id\":\"https:\/\/esteireconsulting.com\/cookies\",\"url\":\"https:\/\/esteireconsulting.com\/cookies\",\"name\":\"Cookies -\",\"isPartOf\":{\"@id\":\"https:\/\/esteireconsulting.com\/#website\"},\"datePublished\":\"2021-01-20T13:11:39+00:00\",\"dateModified\":\"2021-01-28T17:16:31+00:00\",\"breadcrumb\":{\"@id\":\"https:\/\/esteireconsulting.com\/cookies#breadcrumb\"},\"inLanguage\":\"en-US\",\"potentialAction\":[{\"@type\":\"ReadAction\",\"target\":[\"https:\/\/esteireconsulting.com\/cookies\"]}]},{\"@type\":\"BreadcrumbList\",\"@id\":\"https:\/\/esteireconsulting.com\/cookies#breadcrumb\",\"itemListElement\":[{\"@type\":\"ListItem\",\"position\":1,\"name\":\"Portada\",\"item\":\"https:\/\/esteireconsulting.com\/\"},{\"@type\":\"ListItem\",\"position\":2,\"name\":\"Cookies\"}]},{\"@type\":\"WebSite\",\"@id\":\"https:\/\/esteireconsulting.com\/#website\",\"url\":\"https:\/\/esteireconsulting.com\/\",\"name\":\"\",\"description\":\"\",\"potentialAction\":[{\"@type\":\"SearchAction\",\"target\":{\"@type\":\"EntryPoint\",\"urlTemplate\":\"https:\/\/esteireconsulting.com\/?s={search_term_string}\"},\"query-input\":\"required name=search_term_string\"}],\"inLanguage\":\"en-US\"}]}<\/script>\n<!-- \/ Yoast SEO plugin. -->","yoast_head_json":{"title":"Cookies -","robots":{"index":"index","follow":"follow","max-snippet":"max-snippet:-1","max-image-preview":"max-image-preview:large","max-video-preview":"max-video-preview:-1"},"canonical":"https:\/\/esteireconsulting.com\/en\/cookies\/","og_locale":"en_US","og_type":"article","og_title":"Cookies -","og_description":"Condiciones de Cookies DATOS IDENTIFICATIVOS: En cumplimiento con el deber de informaci\u00f3n recogido en art\u00edculo 10 de la Ley 34\/2002, de 11 de julio, de Servicios de la Sociedad de la Informaci\u00f3n y del Comercio Electr\u00f3nico, a continuaci\u00f3n, se reflejan los siguientes datos: Titular: Carlos Esteire Tel\u00e9fono: (34) 91 515 8132 Correo electr\u00f3nico:\u00a0carlos@esteireconsulting.com NIF: 18438813N","og_url":"https:\/\/esteireconsulting.com\/en\/cookies\/","article_modified_time":"2021-01-28T17:16:31+00:00","twitter_card":"summary_large_image","schema":{"@context":"https:\/\/schema.org","@graph":[{"@type":"WebPage","@id":"https:\/\/esteireconsulting.com\/cookies","url":"https:\/\/esteireconsulting.com\/cookies","name":"Cookies -","isPartOf":{"@id":"https:\/\/esteireconsulting.com\/#website"},"datePublished":"2021-01-20T13:11:39+00:00","dateModified":"2021-01-28T17:16:31+00:00","breadcrumb":{"@id":"https:\/\/esteireconsulting.com\/cookies#breadcrumb"},"inLanguage":"en-US","potentialAction":[{"@type":"ReadAction","target":["https:\/\/esteireconsulting.com\/cookies"]}]},{"@type":"BreadcrumbList","@id":"https:\/\/esteireconsulting.com\/cookies#breadcrumb","itemListElement":[{"@type":"ListItem","position":1,"name":"Portada","item":"https:\/\/esteireconsulting.com\/"},{"@type":"ListItem","position":2,"name":"Cookies"}]},{"@type":"WebSite","@id":"https:\/\/esteireconsulting.com\/#website","url":"https:\/\/esteireconsulting.com\/","name":"","description":"","potentialAction":[{"@type":"SearchAction","target":{"@type":"EntryPoint","urlTemplate":"https:\/\/esteireconsulting.com\/?s={search_term_string}"},"query-input":"required name=search_term_string"}],"inLanguage":"en-US"}]}},"_links":{"self":[{"href":"https:\/\/esteireconsulting.com\/en\/wp-json\/wp\/v2\/pages\/423"}],"collection":[{"href":"https:\/\/esteireconsulting.com\/en\/wp-json\/wp\/v2\/pages"}],"about":[{"href":"https:\/\/esteireconsulting.com\/en\/wp-json\/wp\/v2\/types\/page"}],"author":[{"embeddable":true,"href":"https:\/\/esteireconsulting.com\/en\/wp-json\/wp\/v2\/users\/1"}],"replies":[{"embeddable":true,"href":"https:\/\/esteireconsulting.com\/en\/wp-json\/wp\/v2\/comments?post=423"}],"version-history":[{"count":1,"href":"https:\/\/esteireconsulting.com\/en\/wp-json\/wp\/v2\/pages\/423\/revisions"}],"predecessor-version":[{"id":1118,"href":"https:\/\/esteireconsulting.com\/en\/wp-json\/wp\/v2\/pages\/423\/revisions\/1118"}],"wp:attachment":[{"href":"https:\/\/esteireconsulting.com\/en\/wp-json\/wp\/v2\/media?parent=423"}],"curies":[{"name":"wp","href":"https:\/\/api.w.org\/{rel}","templated":true}]}}