{"id":419,"date":"2021-01-20T13:07:01","date_gmt":"2021-01-20T13:07:01","guid":{"rendered":"https:\/\/comunicatebymariazabay.wordpress.com\/?page_id=419"},"modified":"2021-01-20T13:07:01","modified_gmt":"2021-01-20T13:07:01","slug":"aviso-legal","status":"publish","type":"page","link":"https:\/\/esteireconsulting.com\/en\/aviso-legal","title":{"rendered":"Legal warning"},"content":{"rendered":"<p><strong>DATOS IDENTIFICATIVOS<\/strong>: En cumplimiento con el deber de informaci\u00f3n recogido en art\u00edculo 10 de la Ley 34\/2002, de 11 de julio, de Servicios de la Sociedad de la Informaci\u00f3n y del Comercio Electr\u00f3nico, a continuaci\u00f3n, se reflejan los siguientes datos:<\/p>\n\n\n\n<ul><li><strong>Titular: <\/strong>Carlos Esteire<\/li><li><strong>Tel\u00e9fono: (34) 91 515 8132<\/strong><\/li><li><strong>Correo electr\u00f3nico:\u00a0esteire@cesteireme.com<\/strong><\/li><li><strong>NIF: 07472998E<\/strong><\/li><\/ul>\n\n\n\n<p>Todas las notificaciones y comunicaciones entre los usuarios y el t\u00edtular de la Web se considerar\u00e1n eficaces, a todos los efectos, cuando se realicen a trav\u00e9s de correo postal o cualquier otro medio de los detallados anteriormente.<\/p>","protected":false},"excerpt":{"rendered":"<p>DATOS IDENTIFICATIVOS: En cumplimiento con el deber de informaci\u00f3n recogido en art\u00edculo 10 de la Ley 34\/2002, de 11 de julio, de Servicios de la Sociedad de la Informaci\u00f3n y del Comercio Electr\u00f3nico, a continuaci\u00f3n, se reflejan los siguientes datos: Titular: Carlos Esteire Tel\u00e9fono: (34) 91 515 8132 Correo electr\u00f3nico:\u00a0esteire@cesteireme.com NIF: 07472998E Todas las notificaciones<a class=\"more-link\" href=\"https:\/\/esteireconsulting.com\/en\/aviso-legal\">Continue reading <span class=\"screen-reader-text\">\u00abAviso legal\u00bb<\/span><\/a><\/p>","protected":false},"author":1,"featured_media":0,"parent":0,"menu_order":0,"comment_status":"closed","ping_status":"closed","template":"","meta":{"footnotes":""},"yoast_head":"<!-- This site is optimized with the Yoast SEO plugin v22.6 - https:\/\/yoast.com\/wordpress\/plugins\/seo\/ -->\n<title>Aviso legal -<\/title>\n<meta name=\"robots\" content=\"index, follow, max-snippet:-1, max-image-preview:large, max-video-preview:-1\" \/>\n<link rel=\"canonical\" href=\"https:\/\/esteireconsulting.com\/en\/aviso-legal\/\" \/>\n<meta property=\"og:locale\" content=\"en_US\" \/>\n<meta property=\"og:type\" content=\"article\" \/>\n<meta property=\"og:title\" content=\"Aviso legal -\" \/>\n<meta property=\"og:description\" content=\"DATOS IDENTIFICATIVOS: En cumplimiento con el deber de informaci\u00f3n recogido en art\u00edculo 10 de la Ley 34\/2002, de 11 de julio, de Servicios de la Sociedad de la Informaci\u00f3n y del Comercio Electr\u00f3nico, a continuaci\u00f3n, se reflejan los siguientes datos: Titular: Carlos Esteire Tel\u00e9fono: (34) 91 515 8132 Correo electr\u00f3nico:\u00a0esteire@cesteireme.com NIF: 07472998E Todas las notificacionesContinue reading &quot;Aviso legal&quot;\" \/>\n<meta property=\"og:url\" content=\"https:\/\/esteireconsulting.com\/en\/aviso-legal\/\" \/>\n<meta name=\"twitter:card\" content=\"summary_large_image\" \/>\n<script type=\"application\/ld+json\" class=\"yoast-schema-graph\">{\"@context\":\"https:\/\/schema.org\",\"@graph\":[{\"@type\":\"WebPage\",\"@id\":\"https:\/\/esteireconsulting.com\/aviso-legal\",\"url\":\"https:\/\/esteireconsulting.com\/aviso-legal\",\"name\":\"Aviso legal -\",\"isPartOf\":{\"@id\":\"https:\/\/esteireconsulting.com\/#website\"},\"datePublished\":\"2021-01-20T13:07:01+00:00\",\"dateModified\":\"2021-01-20T13:07:01+00:00\",\"breadcrumb\":{\"@id\":\"https:\/\/esteireconsulting.com\/aviso-legal#breadcrumb\"},\"inLanguage\":\"en-US\",\"potentialAction\":[{\"@type\":\"ReadAction\",\"target\":[\"https:\/\/esteireconsulting.com\/aviso-legal\"]}]},{\"@type\":\"BreadcrumbList\",\"@id\":\"https:\/\/esteireconsulting.com\/aviso-legal#breadcrumb\",\"itemListElement\":[{\"@type\":\"ListItem\",\"position\":1,\"name\":\"Portada\",\"item\":\"https:\/\/esteireconsulting.com\/\"},{\"@type\":\"ListItem\",\"position\":2,\"name\":\"Aviso legal\"}]},{\"@type\":\"WebSite\",\"@id\":\"https:\/\/esteireconsulting.com\/#website\",\"url\":\"https:\/\/esteireconsulting.com\/\",\"name\":\"\",\"description\":\"\",\"potentialAction\":[{\"@type\":\"SearchAction\",\"target\":{\"@type\":\"EntryPoint\",\"urlTemplate\":\"https:\/\/esteireconsulting.com\/?s={search_term_string}\"},\"query-input\":\"required name=search_term_string\"}],\"inLanguage\":\"en-US\"}]}<\/script>\n<!-- \/ Yoast SEO plugin. -->","yoast_head_json":{"title":"Aviso legal -","robots":{"index":"index","follow":"follow","max-snippet":"max-snippet:-1","max-image-preview":"max-image-preview:large","max-video-preview":"max-video-preview:-1"},"canonical":"https:\/\/esteireconsulting.com\/en\/aviso-legal\/","og_locale":"en_US","og_type":"article","og_title":"Aviso legal -","og_description":"DATOS IDENTIFICATIVOS: En cumplimiento con el deber de informaci\u00f3n recogido en art\u00edculo 10 de la Ley 34\/2002, de 11 de julio, de Servicios de la Sociedad de la Informaci\u00f3n y del Comercio Electr\u00f3nico, a continuaci\u00f3n, se reflejan los siguientes datos: Titular: Carlos Esteire Tel\u00e9fono: (34) 91 515 8132 Correo electr\u00f3nico:\u00a0esteire@cesteireme.com NIF: 07472998E Todas las notificacionesContinue reading \"Aviso legal\"","og_url":"https:\/\/esteireconsulting.com\/en\/aviso-legal\/","twitter_card":"summary_large_image","schema":{"@context":"https:\/\/schema.org","@graph":[{"@type":"WebPage","@id":"https:\/\/esteireconsulting.com\/aviso-legal","url":"https:\/\/esteireconsulting.com\/aviso-legal","name":"Aviso legal -","isPartOf":{"@id":"https:\/\/esteireconsulting.com\/#website"},"datePublished":"2021-01-20T13:07:01+00:00","dateModified":"2021-01-20T13:07:01+00:00","breadcrumb":{"@id":"https:\/\/esteireconsulting.com\/aviso-legal#breadcrumb"},"inLanguage":"en-US","potentialAction":[{"@type":"ReadAction","target":["https:\/\/esteireconsulting.com\/aviso-legal"]}]},{"@type":"BreadcrumbList","@id":"https:\/\/esteireconsulting.com\/aviso-legal#breadcrumb","itemListElement":[{"@type":"ListItem","position":1,"name":"Portada","item":"https:\/\/esteireconsulting.com\/"},{"@type":"ListItem","position":2,"name":"Aviso legal"}]},{"@type":"WebSite","@id":"https:\/\/esteireconsulting.com\/#website","url":"https:\/\/esteireconsulting.com\/","name":"","description":"","potentialAction":[{"@type":"SearchAction","target":{"@type":"EntryPoint","urlTemplate":"https:\/\/esteireconsulting.com\/?s={search_term_string}"},"query-input":"required name=search_term_string"}],"inLanguage":"en-US"}]}},"_links":{"self":[{"href":"https:\/\/esteireconsulting.com\/en\/wp-json\/wp\/v2\/pages\/419"}],"collection":[{"href":"https:\/\/esteireconsulting.com\/en\/wp-json\/wp\/v2\/pages"}],"about":[{"href":"https:\/\/esteireconsulting.com\/en\/wp-json\/wp\/v2\/types\/page"}],"author":[{"embeddable":true,"href":"https:\/\/esteireconsulting.com\/en\/wp-json\/wp\/v2\/users\/1"}],"replies":[{"embeddable":true,"href":"https:\/\/esteireconsulting.com\/en\/wp-json\/wp\/v2\/comments?post=419"}],"version-history":[{"count":0,"href":"https:\/\/esteireconsulting.com\/en\/wp-json\/wp\/v2\/pages\/419\/revisions"}],"wp:attachment":[{"href":"https:\/\/esteireconsulting.com\/en\/wp-json\/wp\/v2\/media?parent=419"}],"curies":[{"name":"wp","href":"https:\/\/api.w.org\/{rel}","templated":true}]}}