{"id":332,"date":"2021-01-20T11:05:39","date_gmt":"2021-01-20T11:05:39","guid":{"rendered":"https:\/\/comunicatebymariazabay.wordpress.com\/?page_id=332"},"modified":"2021-08-04T09:41:54","modified_gmt":"2021-08-04T09:41:54","slug":"partners","status":"publish","type":"page","link":"https:\/\/esteireconsulting.com\/en\/partners","title":{"rendered":"Partners"},"content":{"rendered":"<div style=\"height:21px\" aria-hidden=\"true\" class=\"wp-block-spacer\"><\/div>\n\n\n\n<div class=\"wp-block-buttons alignfull is-content-justification-right home_01 is-layout-flex wp-block-buttons-is-layout-flex\">\n<div class=\"wp-block-button\"><a class=\"wp-block-button__link has-foreground-color has-background-background-color has-text-color has-background\" href=\"http:\/\/esteireconsulting.com\/en\/\">Home<\/a><\/div>\n\n\n\n<div class=\"wp-block-button\"><a class=\"wp-block-button__link has-foreground-color has-background-background-color has-text-color has-background\" href=\"http:\/\/esteireconsulting.com\/en\/sobre-nosotros\/\">About Us<\/a><\/div>\n\n\n\n<div class=\"wp-block-button\"><a class=\"wp-block-button__link has-foreground-color has-background-background-color has-text-color has-background\" href=\"http:\/\/esteireconsulting.com\/en\/partners\/\">Partners<\/a><\/div>\n\n\n\n<div class=\"wp-block-button\"><a class=\"wp-block-button__link has-foreground-color has-background-background-color has-text-color has-background\" href=\"http:\/\/esteireconsulting.com\/en\/paises\/\">Countries<\/a><\/div>\n\n\n\n<div class=\"wp-block-button\"><a class=\"wp-block-button__link has-foreground-color has-background-background-color has-text-color has-background\" href=\"http:\/\/esteireconsulting.com\/en\/testimonios\/\">Testimonials<\/a><\/div>\n\n\n\n<div class=\"wp-block-button\"><a class=\"wp-block-button__link has-foreground-color has-background-background-color has-text-color has-background\" href=\"http:\/\/esteireconsulting.com\/en\/blog-esteire\/\">Blog<\/a><\/div>\n\n\n\n<div class=\"wp-block-button\"><a class=\"wp-block-button__link has-foreground-color has-background-background-color has-text-color has-background\" href=\"http:\/\/esteireconsulting.com\/en\/contacto\/\">Contact us<\/a><\/div>\n<\/div>\n\n\n\n<p><\/p>\n\n\n\n<div class=\"wp-block-group alignfull\"><div class=\"wp-block-group__inner-container is-layout-flow wp-block-group-is-layout-flow\">\n<hr class=\"wp-block-separator alignfull has-text-color has-background has-foreground-dark-background-color has-foreground-dark-color is-style-wide full_width\"\/>\n\n\n\n<p><\/p>\n<\/div><\/div>\n\n\n\n<p class=\"is-style-wide full_width\"><\/p>\n\n\n\n<div class=\"wp-block-cover has-background-dim-40 has-foreground-dark-background-color has-background-dim alignfull\" style=\"min-height:316px;aspect-ratio:unset;\"><img decoding=\"async\" class=\"wp-block-cover__image-background wp-image-507\" alt=\"\" src=\"https:\/\/comunicatebymariazabay.files.wordpress.com\/2021\/01\/scott-graham-oqmzwnd3thu-unsplash.jpg\" style=\"object-position:50% 43%\" data-object-fit=\"cover\" data-object-position=\"50% 43%\"\/><div class=\"wp-block-cover__inner-container is-layout-flow wp-block-cover-is-layout-flow\">\n<h1 class=\"has-text-align-center wp-block-heading\">We are the services consultancy for your expansion<\/h1>\n\n\n\n<p class=\"has-text-align-center\">Much more than a consultancy<\/p>\n<\/div><\/div>\n\n\n\n<div style=\"height:45px\" aria-hidden=\"true\" class=\"wp-block-spacer desktop-only\"><\/div>\n\n\n\n<p class=\"has-drop-cap margin-text\" style=\"font-size:18px\">All our partners cover market needs in a disruptive way, always with the highest quality levels.<\/p>\n\n\n\n<p class=\"margin-text partners-img-interior\" style=\"font-size:18px\">Trabajamos con los mejores porque s\u00f3lo con los mejores puede alcanzarse el mejor resultado.<\/p>\n\n\n\n<p class=\"margin-text\" style=\"font-size:18px\">We leave you classified our partners by sectors:<\/p>\n\n\n\n<div style=\"height:17px\" aria-hidden=\"true\" class=\"wp-block-spacer\"><\/div>\n\n\n\n<div class=\"wp-block-columns alignwide is-layout-flex wp-container-core-columns-is-layout-1 wp-block-columns-is-layout-flex\">\n<div class=\"wp-block-column partners-img is-layout-flow wp-block-column-is-layout-flow\">\n<h5 class=\"wp-block-heading\"><a href=\"http:\/\/esteireconsulting.com\/en\/mineria-industria\/\" data-type=\"page\" data-id=\"738\">Mining \/ Industry<\/a><\/h5>\n\n\n\n<figure class=\"wp-block-image size-large is-style-default\"><img decoding=\"async\" loading=\"lazy\" width=\"1024\" height=\"768\" src=\"http:\/\/esteireconsulting.com\/wp-content\/uploads\/2021\/04\/MINERIA-INDUSTRIA-PARTNERS.jpg\" alt=\"\" class=\"wp-image-2230\" srcset=\"https:\/\/esteireconsulting.com\/wp-content\/uploads\/2021\/04\/MINERIA-INDUSTRIA-PARTNERS.jpg 1024w, https:\/\/esteireconsulting.com\/wp-content\/uploads\/2021\/04\/MINERIA-INDUSTRIA-PARTNERS-300x225.jpg 300w, https:\/\/esteireconsulting.com\/wp-content\/uploads\/2021\/04\/MINERIA-INDUSTRIA-PARTNERS-768x576.jpg 768w\" sizes=\"(max-width: 1024px) 100vw, 1024px\" \/><\/figure>\n\n\n\n<p><\/p>\n\n\n\n<h5 class=\"wp-block-heading\"><a href=\"http:\/\/esteireconsulting.com\/en\/hospitality\/\" data-type=\"page\">Hospitality<\/a><\/h5>\n\n\n\n<figure class=\"wp-block-image size-large is-style-default\"><img decoding=\"async\" loading=\"lazy\" width=\"1024\" height=\"682\" src=\"http:\/\/esteireconsulting.com\/wp-content\/uploads\/2021\/02\/Schweizerhof-8-Tubbo-outdoor-bubble-dome-winter-terrace-hospitality-business-restaurant-hotel-bar-web-1024x682.jpg\" alt=\"\" class=\"wp-image-1867\" srcset=\"https:\/\/esteireconsulting.com\/wp-content\/uploads\/2021\/02\/Schweizerhof-8-Tubbo-outdoor-bubble-dome-winter-terrace-hospitality-business-restaurant-hotel-bar-web-1024x682.jpg 1024w, https:\/\/esteireconsulting.com\/wp-content\/uploads\/2021\/02\/Schweizerhof-8-Tubbo-outdoor-bubble-dome-winter-terrace-hospitality-business-restaurant-hotel-bar-web-300x200.jpg 300w, https:\/\/esteireconsulting.com\/wp-content\/uploads\/2021\/02\/Schweizerhof-8-Tubbo-outdoor-bubble-dome-winter-terrace-hospitality-business-restaurant-hotel-bar-web-768x512.jpg 768w, https:\/\/esteireconsulting.com\/wp-content\/uploads\/2021\/02\/Schweizerhof-8-Tubbo-outdoor-bubble-dome-winter-terrace-hospitality-business-restaurant-hotel-bar-web.jpg 1280w\" sizes=\"(max-width: 1024px) 100vw, 1024px\" \/><\/figure>\n\n\n\n<p><\/p>\n\n\n\n<h5 class=\"wp-block-heading\"><a href=\"http:\/\/esteireconsulting.com\/en\/digital\/\" data-type=\"page\" data-id=\"757\">Digital<\/a><\/h5>\n\n\n\n<figure class=\"wp-block-image size-large is-style-default\"><img decoding=\"async\" src=\"https:\/\/comunicatebymariazabay.files.wordpress.com\/2021\/01\/pexels-pixabay-221185.jpg?w=1024\" alt=\"\" class=\"wp-image-527\"\/><\/figure>\n\n\n\n<p><\/p>\n\n\n\n<h5 class=\"wp-block-heading\"><a href=\"http:\/\/esteireconsulting.com\/en\/banca-finanzas\/\" data-type=\"page\" data-id=\"759\">Banking \/ Finance<\/a><\/h5>\n\n\n\n<figure class=\"wp-block-image size-large is-resized is-style-default\"><img decoding=\"async\" loading=\"lazy\" src=\"http:\/\/esteireconsulting.com\/wp-content\/uploads\/2021\/04\/banking-and-finance.jpg\" alt=\"\" class=\"wp-image-2217\" width=\"319\" height=\"179\" srcset=\"https:\/\/esteireconsulting.com\/wp-content\/uploads\/2021\/04\/banking-and-finance.jpg 960w, https:\/\/esteireconsulting.com\/wp-content\/uploads\/2021\/04\/banking-and-finance-300x169.jpg 300w, https:\/\/esteireconsulting.com\/wp-content\/uploads\/2021\/04\/banking-and-finance-768x432.jpg 768w\" sizes=\"(max-width: 319px) 100vw, 319px\" \/><\/figure>\n\n\n\n<p><\/p>\n<\/div>\n\n\n\n<div class=\"wp-block-column partners-img is-layout-flow wp-block-column-is-layout-flow\">\n<h5 class=\"wp-block-heading\"><a href=\"http:\/\/esteireconsulting.com\/en\/salud\/\" data-type=\"page\" data-id=\"741\">Health<\/a><\/h5>\n\n\n\n<figure class=\"wp-block-image size-medium is-resized is-style-default\"><img decoding=\"async\" loading=\"lazy\" src=\"http:\/\/esteireconsulting.com\/wp-content\/uploads\/2021\/04\/Sin-titulo-14-300x200.png\" alt=\"\" class=\"wp-image-2247\" width=\"300\" height=\"200\" srcset=\"https:\/\/esteireconsulting.com\/wp-content\/uploads\/2021\/04\/Sin-titulo-14-300x200.png 300w, https:\/\/esteireconsulting.com\/wp-content\/uploads\/2021\/04\/Sin-titulo-14-1024x683.png 1024w, https:\/\/esteireconsulting.com\/wp-content\/uploads\/2021\/04\/Sin-titulo-14-768x512.png 768w, https:\/\/esteireconsulting.com\/wp-content\/uploads\/2021\/04\/Sin-titulo-14.png 1200w\" sizes=\"(max-width: 300px) 100vw, 300px\" \/><\/figure>\n\n\n\n<p><\/p>\n\n\n\n<h5 class=\"wp-block-heading\"><a href=\"http:\/\/esteireconsulting.com\/en\/oil-gas\/\" data-type=\"page\" data-id=\"755\">Oil\/Gas<\/a><\/h5>\n\n\n\n<figure class=\"wp-block-image size-large is-resized is-style-default\"><img decoding=\"async\" loading=\"lazy\" src=\"http:\/\/esteireconsulting.com\/wp-content\/uploads\/2021\/04\/FOTO-OIL-GAS-HOME-Y-PARTNERS.jpg\" alt=\"\" class=\"wp-image-2225\" width=\"315\" height=\"315\" srcset=\"https:\/\/esteireconsulting.com\/wp-content\/uploads\/2021\/04\/FOTO-OIL-GAS-HOME-Y-PARTNERS.jpg 600w, https:\/\/esteireconsulting.com\/wp-content\/uploads\/2021\/04\/FOTO-OIL-GAS-HOME-Y-PARTNERS-300x300.jpg 300w, https:\/\/esteireconsulting.com\/wp-content\/uploads\/2021\/04\/FOTO-OIL-GAS-HOME-Y-PARTNERS-150x150.jpg 150w\" sizes=\"(max-width: 315px) 100vw, 315px\" \/><\/figure>\n\n\n\n<p><\/p>\n\n\n\n<h5 class=\"wp-block-heading\"><a href=\"http:\/\/esteireconsulting.com\/en\/movilidad\/\" data-type=\"page\" data-id=\"1104\">Mobility<\/a><\/h5>\n\n\n\n<figure class=\"wp-block-image size-large is-resized is-style-default\"><img decoding=\"async\" src=\"https:\/\/comunicatebymariazabay.files.wordpress.com\/2021\/01\/captura-de-pantalla-2021-01-20-a-las-21.29.23.png?w=1024\" alt=\"\" class=\"wp-image-526\" height=\"225\"\/><\/figure>\n\n\n\n<p><\/p>\n\n\n\n<h5 class=\"wp-block-heading\"><a href=\"http:\/\/esteireconsulting.com\/en\/alimentacion\/\" target=\"_self\" rel=\"noreferrer noopener\">Gourmet products<\/a><\/h5>\n\n\n\n<div class=\"wp-block-image is-style-default\"><figure class=\"aligncenter size-large\"><img decoding=\"async\" loading=\"lazy\" width=\"636\" height=\"422\" src=\"http:\/\/esteireconsulting.com\/wp-content\/uploads\/2021\/02\/Captura-de-pantalla-2021-02-09-a-las-16.58.22-1.png\" alt=\"\" class=\"wp-image-1870\" srcset=\"https:\/\/esteireconsulting.com\/wp-content\/uploads\/2021\/02\/Captura-de-pantalla-2021-02-09-a-las-16.58.22-1.png 636w, https:\/\/esteireconsulting.com\/wp-content\/uploads\/2021\/02\/Captura-de-pantalla-2021-02-09-a-las-16.58.22-1-300x199.png 300w\" sizes=\"(max-width: 636px) 100vw, 636px\" \/><\/figure><\/div>\n\n\n\n<p><\/p>\n<\/div>\n\n\n\n<div class=\"wp-block-column partners-img is-layout-flow wp-block-column-is-layout-flow\">\n<h5 class=\"wp-block-heading\"><a href=\"http:\/\/esteireconsulting.com\/en\/renovables\/\" data-type=\"page\" data-id=\"746\">Sustainability<\/a><\/h5>\n\n\n\n<figure class=\"wp-block-image size-large is-style-default\"><img decoding=\"async\" loading=\"lazy\" width=\"1024\" height=\"588\" src=\"http:\/\/esteireconsulting.com\/wp-content\/uploads\/2021\/04\/SOSTENIBILIDAD-PARTNERS-1024x588.jpg\" alt=\"\" class=\"wp-image-2236\" srcset=\"https:\/\/esteireconsulting.com\/wp-content\/uploads\/2021\/04\/SOSTENIBILIDAD-PARTNERS-1024x588.jpg 1024w, https:\/\/esteireconsulting.com\/wp-content\/uploads\/2021\/04\/SOSTENIBILIDAD-PARTNERS-300x172.jpg 300w, https:\/\/esteireconsulting.com\/wp-content\/uploads\/2021\/04\/SOSTENIBILIDAD-PARTNERS-768x441.jpg 768w, https:\/\/esteireconsulting.com\/wp-content\/uploads\/2021\/04\/SOSTENIBILIDAD-PARTNERS.jpg 1080w\" sizes=\"(max-width: 1024px) 100vw, 1024px\" \/><\/figure>\n\n\n\n<p><\/p>\n\n\n\n<h5 class=\"wp-block-heading\"><a href=\"http:\/\/esteireconsulting.com\/en\/gestion-agua\/\" data-type=\"page\" data-id=\"744\">Water Management<\/a><\/h5>\n\n\n\n<figure class=\"wp-block-image size-large is-style-default\"><img decoding=\"async\" src=\"https:\/\/comunicatebymariazabay.files.wordpress.com\/2021\/01\/captura-de-pantalla-2021-01-20-a-las-21.25.33.png?w=978\" alt=\"\" class=\"wp-image-524\"\/><\/figure>\n\n\n\n<p><\/p>\n\n\n\n<h5 class=\"wp-block-heading\"><a href=\"http:\/\/esteireconsulting.com\/en\/construccion-materiales\/\" data-type=\"page\" data-id=\"775\">Construction \/  Materials<\/a><\/h5>\n\n\n\n<figure class=\"wp-block-image size-large is-style-default\"><img decoding=\"async\" loading=\"lazy\" width=\"900\" height=\"677\" src=\"http:\/\/esteireconsulting.com\/wp-content\/uploads\/2021\/04\/NEOLITH-CONSTRUCCION-PARTNERS.jpg\" alt=\"\" class=\"wp-image-2232\" srcset=\"https:\/\/esteireconsulting.com\/wp-content\/uploads\/2021\/04\/NEOLITH-CONSTRUCCION-PARTNERS.jpg 900w, https:\/\/esteireconsulting.com\/wp-content\/uploads\/2021\/04\/NEOLITH-CONSTRUCCION-PARTNERS-300x226.jpg 300w, https:\/\/esteireconsulting.com\/wp-content\/uploads\/2021\/04\/NEOLITH-CONSTRUCCION-PARTNERS-768x578.jpg 768w\" sizes=\"(max-width: 900px) 100vw, 900px\" \/><\/figure>\n\n\n\n<p><\/p>\n\n\n\n<p><\/p>\n<\/div>\n<\/div>\n\n\n\n<hr class=\"wp-block-separator\"\/>\n\n\n\n<div style=\"height:32px\" aria-hidden=\"true\" class=\"wp-block-spacer desktop-only\"><\/div>\n\n\n\n<div style=\"height:26px\" aria-hidden=\"true\" class=\"wp-block-spacer desktop-only\"><\/div>\n\n\n\n<p><\/p>\n\n\n\n<div class=\"wp-block-columns are-vertically-aligned-center footer_1 is-layout-flex wp-container-core-columns-is-layout-2 wp-block-columns-is-layout-flex\">\n<div class=\"wp-block-column is-layout-flow wp-block-column-is-layout-flow\">\n<p class=\"has-text-align-center\">2021<\/p>\n<\/div>\n\n\n\n<div class=\"wp-block-column is-vertically-aligned-center is-layout-flow wp-block-column-is-layout-flow\">\n<div class=\"wp-block-buttons is-content-justification-center is-layout-flex wp-block-buttons-is-layout-flex\">\n<div class=\"wp-block-button botenes-footer is-style-outline\"><a class=\"wp-block-button__link has-foreground-color has-background-background-color has-text-color has-background\" href=\"http:\/\/esteireconsulting.com\/en\/aviso-legal\/\">Legal warning<\/a><\/div>\n<\/div>\n<\/div>\n\n\n\n<div class=\"wp-block-column is-vertically-aligned-center is-layout-flow wp-block-column-is-layout-flow\">\n<div class=\"wp-block-buttons is-content-justification-center is-layout-flex wp-block-buttons-is-layout-flex\">\n<div class=\"wp-block-button is-style-outline\"><a class=\"wp-block-button__link has-foreground-color has-background-background-color has-text-color has-background\" href=\"http:\/\/esteireconsulting.com\/en\/cookies\/\">Cookies<\/a><\/div>\n<\/div>\n<\/div>\n\n\n\n<div class=\"wp-block-column is-vertically-aligned-center is-layout-flow wp-block-column-is-layout-flow\">\n<div class=\"wp-block-buttons is-content-justification-center is-layout-flex wp-block-buttons-is-layout-flex\">\n<div class=\"wp-block-button is-style-outline\"><a class=\"wp-block-button__link has-foreground-color has-background-background-color has-text-color has-background\" href=\"http:\/\/esteireconsulting.com\/en\/contacto-est\/\">Contact us<\/a><\/div>\n<\/div>\n<\/div>\n<\/div>\n\n\n\n<p><\/p>","protected":false},"excerpt":{"rendered":"<p>Todos nuestros partners cubren necesidades del mercado de una manera disruptiva, siempre con los m\u00e1s elevados niveles de calidad. Trabajamos con los mejores porque s\u00f3lo con los mejores puede alcanzarse el mejor resultado. Te dejamos clasificados nuestros partners por sectores: Miner\u00eda\/Industria Hospitality Digital Banca\/Finanzas Sanidad Oil\/Gas Movilidad Productos gourmet Sostenibilidad Gesti\u00f3n agua Construcci\u00f3n\/Materiales 2021<\/p>","protected":false},"author":1,"featured_media":0,"parent":0,"menu_order":0,"comment_status":"closed","ping_status":"closed","template":"","meta":{"footnotes":""},"yoast_head":"<!-- This site is optimized with the Yoast SEO plugin v22.6 - https:\/\/yoast.com\/wordpress\/plugins\/seo\/ -->\n<title>Partners -<\/title>\n<meta name=\"robots\" content=\"index, follow, max-snippet:-1, max-image-preview:large, max-video-preview:-1\" \/>\n<link rel=\"canonical\" href=\"https:\/\/esteireconsulting.com\/en\/partners\/\" \/>\n<meta property=\"og:locale\" content=\"en_US\" \/>\n<meta property=\"og:type\" content=\"article\" \/>\n<meta property=\"og:title\" content=\"Partners -\" \/>\n<meta property=\"og:description\" content=\"Todos nuestros partners cubren necesidades del mercado de una manera disruptiva, siempre con los m\u00e1s elevados niveles de calidad. Trabajamos con los mejores porque s\u00f3lo con los mejores puede alcanzarse el mejor resultado. Te dejamos clasificados nuestros partners por sectores: Miner\u00eda\/Industria Hospitality Digital Banca\/Finanzas Sanidad Oil\/Gas Movilidad Productos gourmet Sostenibilidad Gesti\u00f3n agua Construcci\u00f3n\/Materiales 2021\" \/>\n<meta property=\"og:url\" content=\"https:\/\/esteireconsulting.com\/en\/partners\/\" \/>\n<meta property=\"article:modified_time\" content=\"2021-08-04T09:41:54+00:00\" \/>\n<meta property=\"og:image\" content=\"https:\/\/comunicatebymariazabay.files.wordpress.com\/2021\/01\/scott-graham-oqmzwnd3thu-unsplash.jpg\" \/>\n<meta name=\"twitter:card\" content=\"summary_large_image\" \/>\n<script type=\"application\/ld+json\" class=\"yoast-schema-graph\">{\"@context\":\"https:\/\/schema.org\",\"@graph\":[{\"@type\":\"WebPage\",\"@id\":\"https:\/\/esteireconsulting.com\/partners\",\"url\":\"https:\/\/esteireconsulting.com\/partners\",\"name\":\"Partners -\",\"isPartOf\":{\"@id\":\"https:\/\/esteireconsulting.com\/#website\"},\"primaryImageOfPage\":{\"@id\":\"https:\/\/esteireconsulting.com\/partners#primaryimage\"},\"image\":{\"@id\":\"https:\/\/esteireconsulting.com\/partners#primaryimage\"},\"thumbnailUrl\":\"https:\/\/comunicatebymariazabay.files.wordpress.com\/2021\/01\/scott-graham-oqmzwnd3thu-unsplash.jpg\",\"datePublished\":\"2021-01-20T11:05:39+00:00\",\"dateModified\":\"2021-08-04T09:41:54+00:00\",\"breadcrumb\":{\"@id\":\"https:\/\/esteireconsulting.com\/partners#breadcrumb\"},\"inLanguage\":\"en-US\",\"potentialAction\":[{\"@type\":\"ReadAction\",\"target\":[\"https:\/\/esteireconsulting.com\/partners\"]}]},{\"@type\":\"ImageObject\",\"inLanguage\":\"en-US\",\"@id\":\"https:\/\/esteireconsulting.com\/partners#primaryimage\",\"url\":\"https:\/\/comunicatebymariazabay.files.wordpress.com\/2021\/01\/scott-graham-oqmzwnd3thu-unsplash.jpg\",\"contentUrl\":\"https:\/\/comunicatebymariazabay.files.wordpress.com\/2021\/01\/scott-graham-oqmzwnd3thu-unsplash.jpg\"},{\"@type\":\"BreadcrumbList\",\"@id\":\"https:\/\/esteireconsulting.com\/partners#breadcrumb\",\"itemListElement\":[{\"@type\":\"ListItem\",\"position\":1,\"name\":\"Portada\",\"item\":\"https:\/\/esteireconsulting.com\/\"},{\"@type\":\"ListItem\",\"position\":2,\"name\":\"Partners\"}]},{\"@type\":\"WebSite\",\"@id\":\"https:\/\/esteireconsulting.com\/#website\",\"url\":\"https:\/\/esteireconsulting.com\/\",\"name\":\"\",\"description\":\"\",\"potentialAction\":[{\"@type\":\"SearchAction\",\"target\":{\"@type\":\"EntryPoint\",\"urlTemplate\":\"https:\/\/esteireconsulting.com\/?s={search_term_string}\"},\"query-input\":\"required name=search_term_string\"}],\"inLanguage\":\"en-US\"}]}<\/script>\n<!-- \/ Yoast SEO plugin. -->","yoast_head_json":{"title":"Partners -","robots":{"index":"index","follow":"follow","max-snippet":"max-snippet:-1","max-image-preview":"max-image-preview:large","max-video-preview":"max-video-preview:-1"},"canonical":"https:\/\/esteireconsulting.com\/en\/partners\/","og_locale":"en_US","og_type":"article","og_title":"Partners -","og_description":"Todos nuestros partners cubren necesidades del mercado de una manera disruptiva, siempre con los m\u00e1s elevados niveles de calidad. Trabajamos con los mejores porque s\u00f3lo con los mejores puede alcanzarse el mejor resultado. Te dejamos clasificados nuestros partners por sectores: Miner\u00eda\/Industria Hospitality Digital Banca\/Finanzas Sanidad Oil\/Gas Movilidad Productos gourmet Sostenibilidad Gesti\u00f3n agua Construcci\u00f3n\/Materiales 2021","og_url":"https:\/\/esteireconsulting.com\/en\/partners\/","article_modified_time":"2021-08-04T09:41:54+00:00","og_image":[{"url":"https:\/\/comunicatebymariazabay.files.wordpress.com\/2021\/01\/scott-graham-oqmzwnd3thu-unsplash.jpg"}],"twitter_card":"summary_large_image","schema":{"@context":"https:\/\/schema.org","@graph":[{"@type":"WebPage","@id":"https:\/\/esteireconsulting.com\/partners","url":"https:\/\/esteireconsulting.com\/partners","name":"Partners -","isPartOf":{"@id":"https:\/\/esteireconsulting.com\/#website"},"primaryImageOfPage":{"@id":"https:\/\/esteireconsulting.com\/partners#primaryimage"},"image":{"@id":"https:\/\/esteireconsulting.com\/partners#primaryimage"},"thumbnailUrl":"https:\/\/comunicatebymariazabay.files.wordpress.com\/2021\/01\/scott-graham-oqmzwnd3thu-unsplash.jpg","datePublished":"2021-01-20T11:05:39+00:00","dateModified":"2021-08-04T09:41:54+00:00","breadcrumb":{"@id":"https:\/\/esteireconsulting.com\/partners#breadcrumb"},"inLanguage":"en-US","potentialAction":[{"@type":"ReadAction","target":["https:\/\/esteireconsulting.com\/partners"]}]},{"@type":"ImageObject","inLanguage":"en-US","@id":"https:\/\/esteireconsulting.com\/partners#primaryimage","url":"https:\/\/comunicatebymariazabay.files.wordpress.com\/2021\/01\/scott-graham-oqmzwnd3thu-unsplash.jpg","contentUrl":"https:\/\/comunicatebymariazabay.files.wordpress.com\/2021\/01\/scott-graham-oqmzwnd3thu-unsplash.jpg"},{"@type":"BreadcrumbList","@id":"https:\/\/esteireconsulting.com\/partners#breadcrumb","itemListElement":[{"@type":"ListItem","position":1,"name":"Portada","item":"https:\/\/esteireconsulting.com\/"},{"@type":"ListItem","position":2,"name":"Partners"}]},{"@type":"WebSite","@id":"https:\/\/esteireconsulting.com\/#website","url":"https:\/\/esteireconsulting.com\/","name":"","description":"","potentialAction":[{"@type":"SearchAction","target":{"@type":"EntryPoint","urlTemplate":"https:\/\/esteireconsulting.com\/?s={search_term_string}"},"query-input":"required name=search_term_string"}],"inLanguage":"en-US"}]}},"_links":{"self":[{"href":"https:\/\/esteireconsulting.com\/en\/wp-json\/wp\/v2\/pages\/332"}],"collection":[{"href":"https:\/\/esteireconsulting.com\/en\/wp-json\/wp\/v2\/pages"}],"about":[{"href":"https:\/\/esteireconsulting.com\/en\/wp-json\/wp\/v2\/types\/page"}],"author":[{"embeddable":true,"href":"https:\/\/esteireconsulting.com\/en\/wp-json\/wp\/v2\/users\/1"}],"replies":[{"embeddable":true,"href":"https:\/\/esteireconsulting.com\/en\/wp-json\/wp\/v2\/comments?post=332"}],"version-history":[{"count":71,"href":"https:\/\/esteireconsulting.com\/en\/wp-json\/wp\/v2\/pages\/332\/revisions"}],"predecessor-version":[{"id":2496,"href":"https:\/\/esteireconsulting.com\/en\/wp-json\/wp\/v2\/pages\/332\/revisions\/2496"}],"wp:attachment":[{"href":"https:\/\/esteireconsulting.com\/en\/wp-json\/wp\/v2\/media?parent=332"}],"curies":[{"name":"wp","href":"https:\/\/api.w.org\/{rel}","templated":true}]}}