{"id":2746,"date":"2021-10-04T14:31:09","date_gmt":"2021-10-04T14:31:09","guid":{"rendered":"http:\/\/esteireconsulting.com\/blog-esteire\/el-proyecto-nowaqua-copy"},"modified":"2021-10-25T14:48:13","modified_gmt":"2021-10-25T14:48:13","slug":"el-proyecto-nowaqua-copy","status":"publish","type":"page","link":"https:\/\/esteireconsulting.com\/en\/blog-esteire\/el-proyecto-nowaqua-copy","title":{"rendered":"El proyecto  NOWAQUA"},"content":{"rendered":"<div class=\"wp-block-buttons alignfull is-content-justification-right home_01 is-layout-flex wp-block-buttons-is-layout-flex\">\n<div class=\"wp-block-button\"><a class=\"wp-block-button__link has-foreground-color has-background-background-color has-text-color has-background\" href=\"http:\/\/esteireconsulting.com\/en\/\">Home<\/a><\/div>\n\n\n\n<div class=\"wp-block-button\"><a class=\"wp-block-button__link has-foreground-color has-background-background-color has-text-color has-background\" href=\"http:\/\/esteireconsulting.com\/en\/sobre-nosotros\/\">About Us<\/a><\/div>\n\n\n\n<div class=\"wp-block-button\"><a class=\"wp-block-button__link has-foreground-color has-background-background-color has-text-color has-background\" href=\"http:\/\/esteireconsulting.com\/en\/partners\/\">Partners<\/a><\/div>\n\n\n\n<div class=\"wp-block-button\"><a class=\"wp-block-button__link has-foreground-color has-background-background-color has-text-color has-background\" href=\"http:\/\/esteireconsulting.com\/en\/paises\/\">Countries<\/a><\/div>\n\n\n\n<div class=\"wp-block-button\"><a class=\"wp-block-button__link has-foreground-color has-background-background-color has-text-color has-background\" href=\"http:\/\/esteireconsulting.com\/en\/testimonios\/\">Testimonials<\/a><\/div>\n\n\n\n<div class=\"wp-block-button\"><a class=\"wp-block-button__link has-foreground-color has-background-background-color has-text-color has-background\" href=\"http:\/\/esteireconsulting.com\/en\/blog-esteire\/\">Blog<\/a><\/div>\n\n\n\n<div class=\"wp-block-button\"><a class=\"wp-block-button__link has-foreground-color has-background-background-color has-text-color has-background\" href=\"http:\/\/esteireconsulting.com\/en\/contacto\/\">Contact us<\/a><\/div>\n<\/div>\n\n\n\n<p><\/p>\n\n\n\n<hr class=\"wp-block-separator alignfull has-text-color has-background has-foreground-dark-background-color has-foreground-dark-color is-style-wide full_width\"\/>\n\n\n<div style=\"font-weight:500;\" class=\"has-text-align-center wp-block-post-date has-small-font-size\"><time datetime=\"2021-10-04T14:31:09+00:00\">4 Oct 2021 14:31<\/time><\/div>\n\n\n<div class=\"wp-block-columns alignfull is-layout-flex wp-container-core-columns-is-layout-1 wp-block-columns-is-layout-flex\">\n<div class=\"wp-block-column is-vertically-aligned-center full_width has-background is-layout-flow wp-block-column-is-layout-flow\" style=\"background-color:#e4e4e4;flex-basis:100%\">\n<p class=\"has-text-align-center\"><strong>NOWAQUA agua potable y saneamiento para cualquier parte del mundo<\/strong><\/p>\n<\/div>\n<\/div>\n\n\n\n<div class=\"wp-block-image full_width is-style-default\"><figure class=\"aligncenter size-large\"><img decoding=\"async\" loading=\"lazy\" width=\"1201\" height=\"900\" src=\"http:\/\/esteireconsulting.com\/wp-content\/uploads\/2021\/10\/Planta-potabilizadora-solar-10-m3h-edited.jpeg\" alt=\"\" class=\"wp-image-2693\" srcset=\"https:\/\/esteireconsulting.com\/wp-content\/uploads\/2021\/10\/Planta-potabilizadora-solar-10-m3h-edited.jpeg 1201w, https:\/\/esteireconsulting.com\/wp-content\/uploads\/2021\/10\/Planta-potabilizadora-solar-10-m3h-edited-300x225.jpeg 300w, https:\/\/esteireconsulting.com\/wp-content\/uploads\/2021\/10\/Planta-potabilizadora-solar-10-m3h-edited-1024x767.jpeg 1024w, https:\/\/esteireconsulting.com\/wp-content\/uploads\/2021\/10\/Planta-potabilizadora-solar-10-m3h-edited-768x576.jpeg 768w, https:\/\/esteireconsulting.com\/wp-content\/uploads\/2021\/10\/Planta-potabilizadora-solar-10-m3h-edited-16x12.jpeg 16w\" sizes=\"(max-width: 1201px) 100vw, 1201px\" \/><\/figure><\/div>\n\n\n\n<div class=\"wp-block-columns is-layout-flex wp-container-core-columns-is-layout-3 wp-block-columns-is-layout-flex\">\n<div class=\"wp-block-column is-vertically-aligned-center has-text-color is-layout-flow wp-block-column-is-layout-flow\" style=\"color:#111111;flex-basis:100%\">\n<div class=\"wp-block-columns alignfull is-layout-flex wp-container-core-columns-is-layout-2 wp-block-columns-is-layout-flex\">\n<div class=\"wp-block-column full_width has-background-background-color has-background is-layout-flow wp-block-column-is-layout-flow\" style=\"flex-basis:100%\">\n<p id=\"block-b00a5ea3-cda9-4500-86c8-2530c33a3551\" style=\"font-size:17px\">La privaci\u00f3n de saneamiento &nbsp;y generaci\u00f3n de agua potable conlleva efectos devastadores para la salud y el desarrollo del ser humano. De hecho, la Organizaci\u00f3n Mundial de la Salud coloca a la falta de saneamiento como responsable de la mayor\u00eda de las enfermedades tropicales, encontr\u00e1ndose en \u00c1frica y Latino America la mayor parte de las muertes a causa de las mismas.<\/p>\n\n\n\n<p id=\"block-e4fe4b8b-ceef-4886-9229-c6aad13c5e28\" style=\"font-size:17px\">Un 67% de la poblaci\u00f3n mundial carece de infraestructura de saneamiento y agua potable, muriendo 5000 ni\u00f1os diariamente por diarreas causadas por motivos relacionados a la falta de canalizaci\u00f3n.<\/p>\n\n\n\n<p id=\"block-54d518cd-9f1a-4f90-af6b-13eb7b5aeca0\" style=\"font-size:17px\">Es por tanto, que se hace necesario una soluci\u00f3n al problema de saneamiento y potabilizaci\u00f3n del agua para los n\u00facleos de poblaci\u00f3n, surgiendo iniciativas como AMCOW&nbsp; (African Minister\u2019s Council On Water) y AfricaSan a fin de concienciar en tal \u00e1mbito y con el objetivo de alcanzar los ODS. Se pretende promover un empuje pol\u00edtico en el entorno, mediando por un cambio en el paradigma en el que poder local movilice recursos, tanto financieros como humanos y estructurales, para afrontar el desaf\u00edo del saneamiento presente en el continente.<\/p>\n\n\n\n<p class=\"full_width\" id=\"block-8ce7750a-16d3-46bf-8dcf-894d6acefd8b\" style=\"font-size:17px\">De hecho, la primera de las cuestiones que se trataron en la Conferencia AfricaSan5 en 2019 fue la de \u201cSaneamiento e higiene\u201d, coloc\u00e1ndola as\u00ed como punto de partida en el progreso y prosperidad de la emergente sociedad y cultura africana. Es en este paisaje y como respuesta a un dilema latente que surge y florece la iniciativa y concepto NowAqua.&nbsp;<\/p>\n\n\n\n<p id=\"block-bd4d8959-be71-4978-867e-2d7ed4d65706\" style=\"font-size:17px\">Para el equipo de ingenieros expertos en agua que compone<em>&nbsp;IMA Water technology<\/em>, la voluntad no significa nada sin acci\u00f3n y se hace necesario actuar .<\/p>\n\n\n\n<p><\/p>\n<\/div>\n<\/div>\n\n\n\n<p><\/p>\n<\/div>\n<\/div>\n\n\n\n<div class=\"wp-block-columns is-layout-flex wp-container-core-columns-is-layout-4 wp-block-columns-is-layout-flex\">\n<div class=\"wp-block-column full_width has-background is-layout-flow wp-block-column-is-layout-flow\" style=\"background-color:#e4e4e4;flex-basis:100%\">\n<p class=\"has-text-align-center full_width\"><strong>El proyecto&nbsp; NOWAQUA&nbsp;&nbsp;se comenz\u00f3 a crear hace m\u00e1s de 10 a\u00f1os&nbsp; cuando los ingenieros del equipo IMA water&nbsp; vieron un problema creciente en pa\u00edses de todo el mundo, las necesidad del tratamiento de agua potable y residual en zonas&nbsp; descentralizadas de los grandes n\u00facleos de poblaci\u00f3n.<\/strong><\/p>\n<\/div>\n<\/div>\n\n\n\n<div style=\"height:24px\" aria-hidden=\"true\" class=\"wp-block-spacer\"><\/div>\n\n\n\n<div class=\"wp-block-buttons is-content-justification-center is-layout-flex wp-block-buttons-is-layout-flex\">\n<div class=\"wp-block-button\"><a class=\"wp-block-button__link\" href=\"http:\/\/esteireconsulting.com\/en\/abora-paneles-ah-360\/\">Anterior<\/a><\/div>\n\n\n\n<div class=\"wp-block-button\"><a class=\"wp-block-button__link\" href=\"http:\/\/esteireconsulting.com\/en\/abora-paneles-ah-360\/\">Siguiente<\/a><\/div>\n<\/div>\n\n\n\n<div class=\"wp-block-columns are-vertically-aligned-center footer_1 is-layout-flex wp-container-core-columns-is-layout-5 wp-block-columns-is-layout-flex\">\n<div class=\"wp-block-column is-layout-flow wp-block-column-is-layout-flow\">\n<p class=\"has-text-align-center\">2021<\/p>\n<\/div>\n\n\n\n<div class=\"wp-block-column is-vertically-aligned-center is-layout-flow wp-block-column-is-layout-flow\">\n<div class=\"wp-block-buttons is-content-justification-center is-layout-flex wp-block-buttons-is-layout-flex\">\n<div class=\"wp-block-button botenes-footer is-style-outline\"><a class=\"wp-block-button__link has-foreground-color has-background-background-color has-text-color has-background\" href=\"http:\/\/esteireconsulting.com\/en\/aviso-legal\/\">Legal warning<\/a><\/div>\n<\/div>\n<\/div>\n\n\n\n<div class=\"wp-block-column is-vertically-aligned-center is-layout-flow wp-block-column-is-layout-flow\">\n<div class=\"wp-block-buttons is-content-justification-center is-layout-flex wp-block-buttons-is-layout-flex\">\n<div class=\"wp-block-button is-style-outline\"><a class=\"wp-block-button__link has-foreground-color has-background-background-color has-text-color has-background\" href=\"http:\/\/esteireconsulting.com\/en\/cookies\/\">Cookies<\/a><\/div>\n<\/div>\n<\/div>\n\n\n\n<div class=\"wp-block-column is-vertically-aligned-center is-layout-flow wp-block-column-is-layout-flow\">\n<div class=\"wp-block-buttons is-content-justification-center is-layout-flex wp-block-buttons-is-layout-flex\">\n<div class=\"wp-block-button is-style-outline\"><a class=\"wp-block-button__link has-foreground-color has-background-background-color has-text-color has-background\" href=\"http:\/\/esteireconsulting.com\/en\/contacto-est\/\">Contact us<\/a><\/div>\n<\/div>\n<\/div>\n<\/div>\n\n\n\n<p><\/p>","protected":false},"excerpt":{"rendered":"<p>NOWAQUA agua potable y saneamiento para cualquier parte del mundo La privaci\u00f3n de saneamiento &nbsp;y generaci\u00f3n de agua potable conlleva efectos devastadores para la salud y el desarrollo del ser humano. De hecho, la Organizaci\u00f3n Mundial de la Salud coloca a la falta de saneamiento como responsable de la mayor\u00eda de las enfermedades tropicales, encontr\u00e1ndose<a class=\"more-link\" href=\"https:\/\/esteireconsulting.com\/en\/blog-esteire\/el-proyecto-nowaqua-copy\">Continue reading <span class=\"screen-reader-text\">\u00abEl proyecto  NOWAQUA\u00bb<\/span><\/a><\/p>","protected":false},"author":1,"featured_media":0,"parent":2108,"menu_order":0,"comment_status":"closed","ping_status":"closed","template":"","meta":{"footnotes":""},"yoast_head":"<!-- This site is optimized with the Yoast SEO plugin v22.6 - https:\/\/yoast.com\/wordpress\/plugins\/seo\/ -->\n<title>El proyecto NOWAQUA -<\/title>\n<meta name=\"robots\" content=\"index, follow, max-snippet:-1, max-image-preview:large, max-video-preview:-1\" \/>\n<link rel=\"canonical\" href=\"https:\/\/esteireconsulting.com\/en\/blog-esteire\/el-proyecto-nowaqua-copy\/\" \/>\n<meta property=\"og:locale\" content=\"en_US\" \/>\n<meta property=\"og:type\" content=\"article\" \/>\n<meta property=\"og:title\" content=\"El proyecto NOWAQUA -\" \/>\n<meta property=\"og:description\" content=\"NOWAQUA agua potable y saneamiento para cualquier parte del mundo La privaci\u00f3n de saneamiento &nbsp;y generaci\u00f3n de agua potable conlleva efectos devastadores para la salud y el desarrollo del ser humano. De hecho, la Organizaci\u00f3n Mundial de la Salud coloca a la falta de saneamiento como responsable de la mayor\u00eda de las enfermedades tropicales, encontr\u00e1ndoseContinue reading &quot;El proyecto NOWAQUA&quot;\" \/>\n<meta property=\"og:url\" content=\"https:\/\/esteireconsulting.com\/en\/blog-esteire\/el-proyecto-nowaqua-copy\/\" \/>\n<meta property=\"article:modified_time\" content=\"2021-10-25T14:48:13+00:00\" \/>\n<meta property=\"og:image\" content=\"http:\/\/esteireconsulting.com\/wp-content\/uploads\/2021\/10\/Planta-potabilizadora-solar-10-m3h-edited.jpeg\" \/>\n<meta name=\"twitter:card\" content=\"summary_large_image\" \/>\n<meta name=\"twitter:label1\" content=\"Est. reading time\" \/>\n\t<meta name=\"twitter:data1\" content=\"2 minutes\" \/>\n<script type=\"application\/ld+json\" class=\"yoast-schema-graph\">{\"@context\":\"https:\/\/schema.org\",\"@graph\":[{\"@type\":\"WebPage\",\"@id\":\"https:\/\/esteireconsulting.com\/blog-esteire\/el-proyecto-nowaqua-copy\",\"url\":\"https:\/\/esteireconsulting.com\/blog-esteire\/el-proyecto-nowaqua-copy\",\"name\":\"El proyecto NOWAQUA -\",\"isPartOf\":{\"@id\":\"https:\/\/esteireconsulting.com\/#website\"},\"primaryImageOfPage\":{\"@id\":\"https:\/\/esteireconsulting.com\/blog-esteire\/el-proyecto-nowaqua-copy#primaryimage\"},\"image\":{\"@id\":\"https:\/\/esteireconsulting.com\/blog-esteire\/el-proyecto-nowaqua-copy#primaryimage\"},\"thumbnailUrl\":\"http:\/\/esteireconsulting.com\/wp-content\/uploads\/2021\/10\/Planta-potabilizadora-solar-10-m3h-edited.jpeg\",\"datePublished\":\"2021-10-04T14:31:09+00:00\",\"dateModified\":\"2021-10-25T14:48:13+00:00\",\"breadcrumb\":{\"@id\":\"https:\/\/esteireconsulting.com\/blog-esteire\/el-proyecto-nowaqua-copy#breadcrumb\"},\"inLanguage\":\"en-US\",\"potentialAction\":[{\"@type\":\"ReadAction\",\"target\":[\"https:\/\/esteireconsulting.com\/blog-esteire\/el-proyecto-nowaqua-copy\"]}]},{\"@type\":\"ImageObject\",\"inLanguage\":\"en-US\",\"@id\":\"https:\/\/esteireconsulting.com\/blog-esteire\/el-proyecto-nowaqua-copy#primaryimage\",\"url\":\"http:\/\/esteireconsulting.com\/wp-content\/uploads\/2021\/10\/Planta-potabilizadora-solar-10-m3h-edited.jpeg\",\"contentUrl\":\"http:\/\/esteireconsulting.com\/wp-content\/uploads\/2021\/10\/Planta-potabilizadora-solar-10-m3h-edited.jpeg\"},{\"@type\":\"BreadcrumbList\",\"@id\":\"https:\/\/esteireconsulting.com\/blog-esteire\/el-proyecto-nowaqua-copy#breadcrumb\",\"itemListElement\":[{\"@type\":\"ListItem\",\"position\":1,\"name\":\"Portada\",\"item\":\"https:\/\/esteireconsulting.com\/\"},{\"@type\":\"ListItem\",\"position\":2,\"name\":\"Blog\",\"item\":\"https:\/\/esteireconsulting.com\/blog-esteire\"},{\"@type\":\"ListItem\",\"position\":3,\"name\":\"El proyecto NOWAQUA\"}]},{\"@type\":\"WebSite\",\"@id\":\"https:\/\/esteireconsulting.com\/#website\",\"url\":\"https:\/\/esteireconsulting.com\/\",\"name\":\"\",\"description\":\"\",\"potentialAction\":[{\"@type\":\"SearchAction\",\"target\":{\"@type\":\"EntryPoint\",\"urlTemplate\":\"https:\/\/esteireconsulting.com\/?s={search_term_string}\"},\"query-input\":\"required name=search_term_string\"}],\"inLanguage\":\"en-US\"}]}<\/script>\n<!-- \/ Yoast SEO plugin. -->","yoast_head_json":{"title":"El proyecto NOWAQUA -","robots":{"index":"index","follow":"follow","max-snippet":"max-snippet:-1","max-image-preview":"max-image-preview:large","max-video-preview":"max-video-preview:-1"},"canonical":"https:\/\/esteireconsulting.com\/en\/blog-esteire\/el-proyecto-nowaqua-copy\/","og_locale":"en_US","og_type":"article","og_title":"El proyecto NOWAQUA -","og_description":"NOWAQUA agua potable y saneamiento para cualquier parte del mundo La privaci\u00f3n de saneamiento &nbsp;y generaci\u00f3n de agua potable conlleva efectos devastadores para la salud y el desarrollo del ser humano. De hecho, la Organizaci\u00f3n Mundial de la Salud coloca a la falta de saneamiento como responsable de la mayor\u00eda de las enfermedades tropicales, encontr\u00e1ndoseContinue reading \"El proyecto NOWAQUA\"","og_url":"https:\/\/esteireconsulting.com\/en\/blog-esteire\/el-proyecto-nowaqua-copy\/","article_modified_time":"2021-10-25T14:48:13+00:00","og_image":[{"url":"http:\/\/esteireconsulting.com\/wp-content\/uploads\/2021\/10\/Planta-potabilizadora-solar-10-m3h-edited.jpeg"}],"twitter_card":"summary_large_image","twitter_misc":{"Est. reading time":"2 minutes"},"schema":{"@context":"https:\/\/schema.org","@graph":[{"@type":"WebPage","@id":"https:\/\/esteireconsulting.com\/blog-esteire\/el-proyecto-nowaqua-copy","url":"https:\/\/esteireconsulting.com\/blog-esteire\/el-proyecto-nowaqua-copy","name":"El proyecto NOWAQUA -","isPartOf":{"@id":"https:\/\/esteireconsulting.com\/#website"},"primaryImageOfPage":{"@id":"https:\/\/esteireconsulting.com\/blog-esteire\/el-proyecto-nowaqua-copy#primaryimage"},"image":{"@id":"https:\/\/esteireconsulting.com\/blog-esteire\/el-proyecto-nowaqua-copy#primaryimage"},"thumbnailUrl":"http:\/\/esteireconsulting.com\/wp-content\/uploads\/2021\/10\/Planta-potabilizadora-solar-10-m3h-edited.jpeg","datePublished":"2021-10-04T14:31:09+00:00","dateModified":"2021-10-25T14:48:13+00:00","breadcrumb":{"@id":"https:\/\/esteireconsulting.com\/blog-esteire\/el-proyecto-nowaqua-copy#breadcrumb"},"inLanguage":"en-US","potentialAction":[{"@type":"ReadAction","target":["https:\/\/esteireconsulting.com\/blog-esteire\/el-proyecto-nowaqua-copy"]}]},{"@type":"ImageObject","inLanguage":"en-US","@id":"https:\/\/esteireconsulting.com\/blog-esteire\/el-proyecto-nowaqua-copy#primaryimage","url":"http:\/\/esteireconsulting.com\/wp-content\/uploads\/2021\/10\/Planta-potabilizadora-solar-10-m3h-edited.jpeg","contentUrl":"http:\/\/esteireconsulting.com\/wp-content\/uploads\/2021\/10\/Planta-potabilizadora-solar-10-m3h-edited.jpeg"},{"@type":"BreadcrumbList","@id":"https:\/\/esteireconsulting.com\/blog-esteire\/el-proyecto-nowaqua-copy#breadcrumb","itemListElement":[{"@type":"ListItem","position":1,"name":"Portada","item":"https:\/\/esteireconsulting.com\/"},{"@type":"ListItem","position":2,"name":"Blog","item":"https:\/\/esteireconsulting.com\/blog-esteire"},{"@type":"ListItem","position":3,"name":"El proyecto NOWAQUA"}]},{"@type":"WebSite","@id":"https:\/\/esteireconsulting.com\/#website","url":"https:\/\/esteireconsulting.com\/","name":"","description":"","potentialAction":[{"@type":"SearchAction","target":{"@type":"EntryPoint","urlTemplate":"https:\/\/esteireconsulting.com\/?s={search_term_string}"},"query-input":"required name=search_term_string"}],"inLanguage":"en-US"}]}},"_links":{"self":[{"href":"https:\/\/esteireconsulting.com\/en\/wp-json\/wp\/v2\/pages\/2746"}],"collection":[{"href":"https:\/\/esteireconsulting.com\/en\/wp-json\/wp\/v2\/pages"}],"about":[{"href":"https:\/\/esteireconsulting.com\/en\/wp-json\/wp\/v2\/types\/page"}],"author":[{"embeddable":true,"href":"https:\/\/esteireconsulting.com\/en\/wp-json\/wp\/v2\/users\/1"}],"replies":[{"embeddable":true,"href":"https:\/\/esteireconsulting.com\/en\/wp-json\/wp\/v2\/comments?post=2746"}],"version-history":[{"count":1,"href":"https:\/\/esteireconsulting.com\/en\/wp-json\/wp\/v2\/pages\/2746\/revisions"}],"predecessor-version":[{"id":2752,"href":"https:\/\/esteireconsulting.com\/en\/wp-json\/wp\/v2\/pages\/2746\/revisions\/2752"}],"up":[{"embeddable":true,"href":"https:\/\/esteireconsulting.com\/en\/wp-json\/wp\/v2\/pages\/2108"}],"wp:attachment":[{"href":"https:\/\/esteireconsulting.com\/en\/wp-json\/wp\/v2\/media?parent=2746"}],"curies":[{"name":"wp","href":"https:\/\/api.w.org\/{rel}","templated":true}]}}