{"id":2645,"date":"2021-10-24T15:05:00","date_gmt":"2021-10-24T15:05:00","guid":{"rendered":"http:\/\/esteireconsulting.com\/abora-360-copy"},"modified":"2021-10-28T09:08:40","modified_gmt":"2021-10-28T09:08:40","slug":"molecor-compra-nowaqua","status":"publish","type":"page","link":"https:\/\/esteireconsulting.com\/en\/blog-esteire\/molecor-compra-nowaqua","title":{"rendered":"Molecor compra Adeaqua"},"content":{"rendered":"<div class=\"wp-block-buttons alignfull is-content-justification-right home_01 is-layout-flex wp-block-buttons-is-layout-flex\">\n<div class=\"wp-block-button\"><a class=\"wp-block-button__link has-foreground-color has-background-background-color has-text-color has-background\" href=\"http:\/\/esteireconsulting.com\/en\/\">Home<\/a><\/div>\n\n\n\n<div class=\"wp-block-button\"><a class=\"wp-block-button__link has-foreground-color has-background-background-color has-text-color has-background\" href=\"http:\/\/esteireconsulting.com\/en\/sobre-nosotros\/\">About Us<\/a><\/div>\n\n\n\n<div class=\"wp-block-button\"><a class=\"wp-block-button__link has-foreground-color has-background-background-color has-text-color has-background\" href=\"http:\/\/esteireconsulting.com\/en\/partners\/\">Partners<\/a><\/div>\n\n\n\n<div class=\"wp-block-button\"><a class=\"wp-block-button__link has-foreground-color has-background-background-color has-text-color has-background\" href=\"http:\/\/esteireconsulting.com\/en\/paises\/\">Countries<\/a><\/div>\n\n\n\n<div class=\"wp-block-button\"><a class=\"wp-block-button__link has-foreground-color has-background-background-color has-text-color has-background\" href=\"http:\/\/esteireconsulting.com\/en\/testimonios\/\">Testimonials<\/a><\/div>\n\n\n\n<div class=\"wp-block-button\"><a class=\"wp-block-button__link has-foreground-color has-background-background-color has-text-color has-background\" href=\"http:\/\/esteireconsulting.com\/en\/blog-esteire\/\">Blog<\/a><\/div>\n\n\n\n<div class=\"wp-block-button\"><a class=\"wp-block-button__link has-foreground-color has-background-background-color has-text-color has-background\" href=\"http:\/\/esteireconsulting.com\/en\/contacto\/\">Contact us<\/a><\/div>\n<\/div>\n\n\n\n<p><\/p>\n\n\n\n<hr class=\"wp-block-separator alignfull has-text-color has-background has-foreground-dark-background-color has-foreground-dark-color is-style-wide full_width\"\/>\n\n\n<div style=\"font-weight:500;\" class=\"has-text-align-center wp-block-post-date has-small-font-size\"><time datetime=\"2021-10-24T15:05:00+00:00\">24 Oct 2021 15:05<\/time><\/div>\n\n\n<div class=\"wp-block-columns alignfull is-layout-flex wp-container-core-columns-is-layout-1 wp-block-columns-is-layout-flex\">\n<div class=\"wp-block-column is-vertically-aligned-center full_width has-background is-layout-flow wp-block-column-is-layout-flow\" style=\"background-color:#e4e4e4;flex-basis:100%\">\n<p class=\"has-text-align-center\"><strong>Molecor informa que el pasado 30 de septiembre complet\u00f3 la adquisici\u00f3n de la unidad productiva de Adequa, antigua Uralita Sistemas de Tuber\u00edas.<\/strong><\/p>\n<\/div>\n<\/div>\n\n\n\n<div class=\"wp-block-image full_width is-style-default\"><figure class=\"aligncenter size-full is-resized\"><img decoding=\"async\" loading=\"lazy\" src=\"http:\/\/esteireconsulting.com\/wp-content\/uploads\/2021\/10\/molecoradequa.jpeg\" alt=\"\" class=\"wp-image-2748\" width=\"946\" height=\"681\" srcset=\"https:\/\/esteireconsulting.com\/wp-content\/uploads\/2021\/10\/molecoradequa.jpeg 700w, https:\/\/esteireconsulting.com\/wp-content\/uploads\/2021\/10\/molecoradequa-300x216.jpeg 300w, https:\/\/esteireconsulting.com\/wp-content\/uploads\/2021\/10\/molecoradequa-18x12.jpeg 18w\" sizes=\"(max-width: 946px) 100vw, 946px\" \/><\/figure><\/div>\n\n\n\n<div class=\"wp-block-columns is-layout-flex wp-container-core-columns-is-layout-3 wp-block-columns-is-layout-flex\">\n<div class=\"wp-block-column is-vertically-aligned-center has-text-color is-layout-flow wp-block-column-is-layout-flow\" style=\"color:#111111;flex-basis:100%\">\n<div class=\"wp-block-columns alignfull is-layout-flex wp-container-core-columns-is-layout-2 wp-block-columns-is-layout-flex\">\n<div class=\"wp-block-column full_width has-background-background-color has-background is-layout-flow wp-block-column-is-layout-flow\" style=\"flex-basis:100%\">\n<p style=\"font-size:16px\">De esta manera, esta operaci\u00f3n permitir\u00e1 a Molecor&nbsp;<strong>triplicar su facturaci\u00f3n&nbsp;<\/strong>y convertirse en una de las principales empresas de tuber\u00edas de toda Espa\u00f1a.<\/p>\n\n\n\n<p style=\"font-size:16px\">En este sentido, Molecor sumar\u00e1 a sus plantas madrile\u00f1as de Getafe (fabricaci\u00f3n de tecnolog\u00eda de PVC-Orientado y sede de I+D); y Loeches (fabricaci\u00f3n de tuber\u00eda y accesorios de PVC-Orientado); las de<strong>&nbsp;Alovera (Guadalajara), Alc\u00e1zar de San Juan (Ciudad Real) y Antequera (M\u00e1laga)<\/strong>. Ello se traducir\u00e1 en una considerable ampliaci\u00f3n del cat\u00e1logo de productos de Molecor; que suma a las tuber\u00edas y accesorios de PVC-Orientado que ven\u00eda fabricando,<strong>&nbsp;<\/strong>un amplio portafolio de productos.<\/p>\n\n\n\n<p style=\"font-size:16px\">As\u00ed, entre los nuevos productos que Molecor podr\u00e1 ofrecer a ra\u00edz de la adquisici\u00f3n de Adequa figuran soluciones para edificaci\u00f3n (EVAC+, AR, evacuaci\u00f3n de suelos, sistema de canal\u00f3n, sifones); soluciones para saneamiento y drenaje (saneamiento en PVC corrugado Sanecor, pozos de registro Sanecor, sistema liso Compact SN4, sistema de PVC para drenaje); y productos para abastecimiento y distribuci\u00f3n (PVC liso presi\u00f3n, fittings para tuber\u00edas lisas de PE\u2026).<\/p>\n\n\n\n<p class=\"has-text-align-center\"><strong>Molecor, la compra de Adequa y su negocio de tuber\u00edas<\/strong><\/p>\n\n\n\n<p style=\"font-size:16px\">El negocio que&nbsp;<strong>Molecor&nbsp;<\/strong>ha conseguido poner en marcha en el sector de las tuber\u00edas es \u00fanico; y est\u00e1 sustentado en tres pilares fundamentales: la innovaci\u00f3n, la internacionalizaci\u00f3n y la agilidad en la toma de decisiones. Gracias a estos tres puntos de apoyo, Molecor ha alcanzado unas&nbsp;<strong>cuotas de crecimiento<\/strong>&nbsp;muy por encima de la media del sector a\u00fan en los periodos m\u00e1s duros de las crisis; adem\u00e1s de una presencia internacional considerable.<br><br>El<strong>&nbsp;transporte y la gesti\u00f3n eficiente del agua<\/strong>&nbsp;es una de las bases fundamentales para el progreso de la humanidad y, precisamente por este motivo, presenta un gran potencial de negocio. Con esta adquisici\u00f3n&nbsp;<strong>Molecor&nbsp;<\/strong>contin\u00faa con su proceso de crecimiento cuyo objetivo es llegar a convertirse en un l\u00edder mundial del sector y referente de calidad, eficiencia y sostenibilidad.<\/p>\n\n\n\n<p><\/p>\n<\/div>\n<\/div>\n\n\n\n<p><\/p>\n<\/div>\n<\/div>\n\n\n\n<div class=\"wp-block-columns is-layout-flex wp-container-core-columns-is-layout-4 wp-block-columns-is-layout-flex\">\n<div class=\"wp-block-column is-layout-flow wp-block-column-is-layout-flow\"><\/div>\n<\/div>\n\n\n\n<div style=\"height:24px\" aria-hidden=\"true\" class=\"wp-block-spacer\"><\/div>\n\n\n\n<div class=\"wp-block-buttons is-content-justification-center is-layout-flex wp-block-buttons-is-layout-flex\">\n<div class=\"wp-block-button\"><a class=\"wp-block-button__link\" href=\"http:\/\/esteireconsulting.com\/en\/blog-esteire\/el-proyecto-nowaqua-copy\/\">Anterior<\/a><\/div>\n\n\n\n<div class=\"wp-block-button\"><a class=\"wp-block-button__link\" href=\"http:\/\/esteireconsulting.com\/en\/abora-paneles-ah-360\/\">Siguiente<\/a><\/div>\n<\/div>\n\n\n\n<div class=\"wp-block-columns are-vertically-aligned-center footer_1 is-layout-flex wp-container-core-columns-is-layout-5 wp-block-columns-is-layout-flex\">\n<div class=\"wp-block-column is-layout-flow wp-block-column-is-layout-flow\">\n<p class=\"has-text-align-center\">2021<\/p>\n<\/div>\n\n\n\n<div class=\"wp-block-column is-vertically-aligned-center is-layout-flow wp-block-column-is-layout-flow\">\n<div class=\"wp-block-buttons is-content-justification-center is-layout-flex wp-block-buttons-is-layout-flex\">\n<div class=\"wp-block-button botenes-footer is-style-outline\"><a class=\"wp-block-button__link has-foreground-color has-background-background-color has-text-color has-background\" href=\"http:\/\/esteireconsulting.com\/en\/aviso-legal\/\">Legal warning<\/a><\/div>\n<\/div>\n<\/div>\n\n\n\n<div class=\"wp-block-column is-vertically-aligned-center is-layout-flow wp-block-column-is-layout-flow\">\n<div class=\"wp-block-buttons is-content-justification-center is-layout-flex wp-block-buttons-is-layout-flex\">\n<div class=\"wp-block-button is-style-outline\"><a class=\"wp-block-button__link has-foreground-color has-background-background-color has-text-color has-background\" href=\"http:\/\/esteireconsulting.com\/en\/cookies\/\">Cookies<\/a><\/div>\n<\/div>\n<\/div>\n\n\n\n<div class=\"wp-block-column is-vertically-aligned-center is-layout-flow wp-block-column-is-layout-flow\">\n<div class=\"wp-block-buttons is-content-justification-center is-layout-flex wp-block-buttons-is-layout-flex\">\n<div class=\"wp-block-button is-style-outline\"><a class=\"wp-block-button__link has-foreground-color has-background-background-color has-text-color has-background\" href=\"http:\/\/esteireconsulting.com\/en\/contacto-est\/\">Contact us<\/a><\/div>\n<\/div>\n<\/div>\n<\/div>\n\n\n\n<p><\/p>","protected":false},"excerpt":{"rendered":"<p>Molecor informa que el pasado 30 de septiembre complet\u00f3 la adquisici\u00f3n de la unidad productiva de Adequa, antigua Uralita Sistemas de Tuber\u00edas. De esta manera, esta operaci\u00f3n permitir\u00e1 a Molecor&nbsp;triplicar su facturaci\u00f3n&nbsp;y convertirse en una de las principales empresas de tuber\u00edas de toda Espa\u00f1a. En este sentido, Molecor sumar\u00e1 a sus plantas madrile\u00f1as de Getafe<a class=\"more-link\" href=\"https:\/\/esteireconsulting.com\/en\/blog-esteire\/molecor-compra-nowaqua\">Continue reading <span class=\"screen-reader-text\">\u00abMolecor compra Adeaqua\u00bb<\/span><\/a><\/p>","protected":false},"author":1,"featured_media":0,"parent":2108,"menu_order":0,"comment_status":"closed","ping_status":"closed","template":"","meta":{"footnotes":""},"yoast_head":"<!-- This site is optimized with the Yoast SEO plugin v22.6 - https:\/\/yoast.com\/wordpress\/plugins\/seo\/ -->\n<title>Molecor compra Adeaqua -<\/title>\n<meta name=\"robots\" content=\"index, follow, max-snippet:-1, max-image-preview:large, max-video-preview:-1\" \/>\n<link rel=\"canonical\" href=\"https:\/\/esteireconsulting.com\/en\/blog-esteire\/molecor-compra-nowaqua\/\" \/>\n<meta property=\"og:locale\" content=\"en_US\" \/>\n<meta property=\"og:type\" content=\"article\" \/>\n<meta property=\"og:title\" content=\"Molecor compra Adeaqua -\" \/>\n<meta property=\"og:description\" content=\"Molecor informa que el pasado 30 de septiembre complet\u00f3 la adquisici\u00f3n de la unidad productiva de Adequa, antigua Uralita Sistemas de Tuber\u00edas. De esta manera, esta operaci\u00f3n permitir\u00e1 a Molecor&nbsp;triplicar su facturaci\u00f3n&nbsp;y convertirse en una de las principales empresas de tuber\u00edas de toda Espa\u00f1a. En este sentido, Molecor sumar\u00e1 a sus plantas madrile\u00f1as de GetafeContinue reading &quot;Molecor compra Adeaqua&quot;\" \/>\n<meta property=\"og:url\" content=\"https:\/\/esteireconsulting.com\/en\/blog-esteire\/molecor-compra-nowaqua\/\" \/>\n<meta property=\"article:modified_time\" content=\"2021-10-28T09:08:40+00:00\" \/>\n<meta property=\"og:image\" content=\"http:\/\/esteireconsulting.com\/wp-content\/uploads\/2021\/10\/molecoradequa.jpeg\" \/>\n<meta name=\"twitter:card\" content=\"summary_large_image\" \/>\n<meta name=\"twitter:label1\" content=\"Est. reading time\" \/>\n\t<meta name=\"twitter:data1\" content=\"2 minutes\" \/>\n<script type=\"application\/ld+json\" class=\"yoast-schema-graph\">{\"@context\":\"https:\/\/schema.org\",\"@graph\":[{\"@type\":\"WebPage\",\"@id\":\"https:\/\/esteireconsulting.com\/blog-esteire\/molecor-compra-nowaqua\",\"url\":\"https:\/\/esteireconsulting.com\/blog-esteire\/molecor-compra-nowaqua\",\"name\":\"Molecor compra Adeaqua -\",\"isPartOf\":{\"@id\":\"https:\/\/esteireconsulting.com\/#website\"},\"primaryImageOfPage\":{\"@id\":\"https:\/\/esteireconsulting.com\/blog-esteire\/molecor-compra-nowaqua#primaryimage\"},\"image\":{\"@id\":\"https:\/\/esteireconsulting.com\/blog-esteire\/molecor-compra-nowaqua#primaryimage\"},\"thumbnailUrl\":\"http:\/\/esteireconsulting.com\/wp-content\/uploads\/2021\/10\/molecoradequa.jpeg\",\"datePublished\":\"2021-10-24T15:05:00+00:00\",\"dateModified\":\"2021-10-28T09:08:40+00:00\",\"breadcrumb\":{\"@id\":\"https:\/\/esteireconsulting.com\/blog-esteire\/molecor-compra-nowaqua#breadcrumb\"},\"inLanguage\":\"en-US\",\"potentialAction\":[{\"@type\":\"ReadAction\",\"target\":[\"https:\/\/esteireconsulting.com\/blog-esteire\/molecor-compra-nowaqua\"]}]},{\"@type\":\"ImageObject\",\"inLanguage\":\"en-US\",\"@id\":\"https:\/\/esteireconsulting.com\/blog-esteire\/molecor-compra-nowaqua#primaryimage\",\"url\":\"http:\/\/esteireconsulting.com\/wp-content\/uploads\/2021\/10\/molecoradequa.jpeg\",\"contentUrl\":\"http:\/\/esteireconsulting.com\/wp-content\/uploads\/2021\/10\/molecoradequa.jpeg\"},{\"@type\":\"BreadcrumbList\",\"@id\":\"https:\/\/esteireconsulting.com\/blog-esteire\/molecor-compra-nowaqua#breadcrumb\",\"itemListElement\":[{\"@type\":\"ListItem\",\"position\":1,\"name\":\"Portada\",\"item\":\"https:\/\/esteireconsulting.com\/\"},{\"@type\":\"ListItem\",\"position\":2,\"name\":\"Blog\",\"item\":\"https:\/\/esteireconsulting.com\/blog-esteire\"},{\"@type\":\"ListItem\",\"position\":3,\"name\":\"Molecor compra Adeaqua\"}]},{\"@type\":\"WebSite\",\"@id\":\"https:\/\/esteireconsulting.com\/#website\",\"url\":\"https:\/\/esteireconsulting.com\/\",\"name\":\"\",\"description\":\"\",\"potentialAction\":[{\"@type\":\"SearchAction\",\"target\":{\"@type\":\"EntryPoint\",\"urlTemplate\":\"https:\/\/esteireconsulting.com\/?s={search_term_string}\"},\"query-input\":\"required name=search_term_string\"}],\"inLanguage\":\"en-US\"}]}<\/script>\n<!-- \/ Yoast SEO plugin. -->","yoast_head_json":{"title":"Molecor compra Adeaqua -","robots":{"index":"index","follow":"follow","max-snippet":"max-snippet:-1","max-image-preview":"max-image-preview:large","max-video-preview":"max-video-preview:-1"},"canonical":"https:\/\/esteireconsulting.com\/en\/blog-esteire\/molecor-compra-nowaqua\/","og_locale":"en_US","og_type":"article","og_title":"Molecor compra Adeaqua -","og_description":"Molecor informa que el pasado 30 de septiembre complet\u00f3 la adquisici\u00f3n de la unidad productiva de Adequa, antigua Uralita Sistemas de Tuber\u00edas. De esta manera, esta operaci\u00f3n permitir\u00e1 a Molecor&nbsp;triplicar su facturaci\u00f3n&nbsp;y convertirse en una de las principales empresas de tuber\u00edas de toda Espa\u00f1a. En este sentido, Molecor sumar\u00e1 a sus plantas madrile\u00f1as de GetafeContinue reading \"Molecor compra Adeaqua\"","og_url":"https:\/\/esteireconsulting.com\/en\/blog-esteire\/molecor-compra-nowaqua\/","article_modified_time":"2021-10-28T09:08:40+00:00","og_image":[{"url":"http:\/\/esteireconsulting.com\/wp-content\/uploads\/2021\/10\/molecoradequa.jpeg"}],"twitter_card":"summary_large_image","twitter_misc":{"Est. reading time":"2 minutes"},"schema":{"@context":"https:\/\/schema.org","@graph":[{"@type":"WebPage","@id":"https:\/\/esteireconsulting.com\/blog-esteire\/molecor-compra-nowaqua","url":"https:\/\/esteireconsulting.com\/blog-esteire\/molecor-compra-nowaqua","name":"Molecor compra Adeaqua -","isPartOf":{"@id":"https:\/\/esteireconsulting.com\/#website"},"primaryImageOfPage":{"@id":"https:\/\/esteireconsulting.com\/blog-esteire\/molecor-compra-nowaqua#primaryimage"},"image":{"@id":"https:\/\/esteireconsulting.com\/blog-esteire\/molecor-compra-nowaqua#primaryimage"},"thumbnailUrl":"http:\/\/esteireconsulting.com\/wp-content\/uploads\/2021\/10\/molecoradequa.jpeg","datePublished":"2021-10-24T15:05:00+00:00","dateModified":"2021-10-28T09:08:40+00:00","breadcrumb":{"@id":"https:\/\/esteireconsulting.com\/blog-esteire\/molecor-compra-nowaqua#breadcrumb"},"inLanguage":"en-US","potentialAction":[{"@type":"ReadAction","target":["https:\/\/esteireconsulting.com\/blog-esteire\/molecor-compra-nowaqua"]}]},{"@type":"ImageObject","inLanguage":"en-US","@id":"https:\/\/esteireconsulting.com\/blog-esteire\/molecor-compra-nowaqua#primaryimage","url":"http:\/\/esteireconsulting.com\/wp-content\/uploads\/2021\/10\/molecoradequa.jpeg","contentUrl":"http:\/\/esteireconsulting.com\/wp-content\/uploads\/2021\/10\/molecoradequa.jpeg"},{"@type":"BreadcrumbList","@id":"https:\/\/esteireconsulting.com\/blog-esteire\/molecor-compra-nowaqua#breadcrumb","itemListElement":[{"@type":"ListItem","position":1,"name":"Portada","item":"https:\/\/esteireconsulting.com\/"},{"@type":"ListItem","position":2,"name":"Blog","item":"https:\/\/esteireconsulting.com\/blog-esteire"},{"@type":"ListItem","position":3,"name":"Molecor compra Adeaqua"}]},{"@type":"WebSite","@id":"https:\/\/esteireconsulting.com\/#website","url":"https:\/\/esteireconsulting.com\/","name":"","description":"","potentialAction":[{"@type":"SearchAction","target":{"@type":"EntryPoint","urlTemplate":"https:\/\/esteireconsulting.com\/?s={search_term_string}"},"query-input":"required name=search_term_string"}],"inLanguage":"en-US"}]}},"_links":{"self":[{"href":"https:\/\/esteireconsulting.com\/en\/wp-json\/wp\/v2\/pages\/2645"}],"collection":[{"href":"https:\/\/esteireconsulting.com\/en\/wp-json\/wp\/v2\/pages"}],"about":[{"href":"https:\/\/esteireconsulting.com\/en\/wp-json\/wp\/v2\/types\/page"}],"author":[{"embeddable":true,"href":"https:\/\/esteireconsulting.com\/en\/wp-json\/wp\/v2\/users\/1"}],"replies":[{"embeddable":true,"href":"https:\/\/esteireconsulting.com\/en\/wp-json\/wp\/v2\/comments?post=2645"}],"version-history":[{"count":41,"href":"https:\/\/esteireconsulting.com\/en\/wp-json\/wp\/v2\/pages\/2645\/revisions"}],"predecessor-version":[{"id":2768,"href":"https:\/\/esteireconsulting.com\/en\/wp-json\/wp\/v2\/pages\/2645\/revisions\/2768"}],"up":[{"embeddable":true,"href":"https:\/\/esteireconsulting.com\/en\/wp-json\/wp\/v2\/pages\/2108"}],"wp:attachment":[{"href":"https:\/\/esteireconsulting.com\/en\/wp-json\/wp\/v2\/media?parent=2645"}],"curies":[{"name":"wp","href":"https:\/\/api.w.org\/{rel}","templated":true}]}}