{"id":2605,"date":"2021-09-16T10:39:47","date_gmt":"2021-09-16T10:39:47","guid":{"rendered":"http:\/\/esteireconsulting.com\/construccion-materiales-copy"},"modified":"2021-10-28T08:55:37","modified_gmt":"2021-10-28T08:55:37","slug":"abora-360","status":"publish","type":"page","link":"https:\/\/esteireconsulting.com\/en\/abora-360","title":{"rendered":"Abora Paneles AH 360"},"content":{"rendered":"<div class=\"wp-block-buttons alignfull is-content-justification-right home_01 is-layout-flex wp-block-buttons-is-layout-flex\">\n<div class=\"wp-block-button\"><a class=\"wp-block-button__link has-foreground-color has-background-background-color has-text-color has-background\" href=\"http:\/\/esteireconsulting.com\/en\/\">Home<\/a><\/div>\n\n\n\n<div class=\"wp-block-button\"><a class=\"wp-block-button__link has-foreground-color has-background-background-color has-text-color has-background\" href=\"http:\/\/esteireconsulting.com\/en\/sobre-nosotros\/\">About Us<\/a><\/div>\n\n\n\n<div class=\"wp-block-button\"><a class=\"wp-block-button__link has-foreground-color has-background-background-color has-text-color has-background\" href=\"http:\/\/esteireconsulting.com\/en\/partners\/\">Partners<\/a><\/div>\n\n\n\n<div class=\"wp-block-button\"><a class=\"wp-block-button__link has-foreground-color has-background-background-color has-text-color has-background\" href=\"http:\/\/esteireconsulting.com\/en\/paises\/\">Countries<\/a><\/div>\n\n\n\n<div class=\"wp-block-button\"><a class=\"wp-block-button__link has-foreground-color has-background-background-color has-text-color has-background\" href=\"http:\/\/esteireconsulting.com\/en\/testimonios\/\">Testimonials<\/a><\/div>\n\n\n\n<div class=\"wp-block-button\"><a class=\"wp-block-button__link has-foreground-color has-background-background-color has-text-color has-background\" href=\"http:\/\/esteireconsulting.com\/en\/blog-esteire\/\">Blog<\/a><\/div>\n\n\n\n<div class=\"wp-block-button\"><a class=\"wp-block-button__link has-foreground-color has-background-background-color has-text-color has-background\" href=\"http:\/\/esteireconsulting.com\/en\/contacto\/\">Contact us<\/a><\/div>\n<\/div>\n\n\n\n<p><\/p>\n\n\n\n<hr class=\"wp-block-separator alignfull has-text-color has-background has-foreground-dark-background-color has-foreground-dark-color is-style-wide full_width\"\/>\n\n\n<div class=\"has-text-align-center wp-block-post-date\"><time datetime=\"2021-09-16T10:39:47+00:00\">September 16, 2021<\/time><\/div>\n\n\n<p class=\"has-text-align-center has-large-font-size\">\u00bfEl panel solar h\u00edbrido aH60 de abora produce m\u00e1s que un fotovoltaico y un t\u00e9rmico?<\/p>\n\n\n\n<figure class=\"wp-block-image size-full is-resized is-style-default\"><img decoding=\"async\" loading=\"lazy\" src=\"http:\/\/esteireconsulting.com\/wp-content\/uploads\/2021\/09\/panel-solar-hibrido-ah60-1080x675-1.jpeg\" alt=\"\" class=\"wp-image-2592\" width=\"970\" height=\"606\" srcset=\"https:\/\/esteireconsulting.com\/wp-content\/uploads\/2021\/09\/panel-solar-hibrido-ah60-1080x675-1.jpeg 1080w, https:\/\/esteireconsulting.com\/wp-content\/uploads\/2021\/09\/panel-solar-hibrido-ah60-1080x675-1-300x188.jpeg 300w, https:\/\/esteireconsulting.com\/wp-content\/uploads\/2021\/09\/panel-solar-hibrido-ah60-1080x675-1-1024x640.jpeg 1024w, https:\/\/esteireconsulting.com\/wp-content\/uploads\/2021\/09\/panel-solar-hibrido-ah60-1080x675-1-768x480.jpeg 768w, https:\/\/esteireconsulting.com\/wp-content\/uploads\/2021\/09\/panel-solar-hibrido-ah60-1080x675-1-18x12.jpeg 18w\" sizes=\"(max-width: 970px) 100vw, 970px\" \/><\/figure>\n\n\n\n<hr class=\"wp-block-separator\"\/>\n\n\n\n<p>El panel solar de abora con la \u00faltima tecnolog\u00eda (aHTech) en energ\u00eda solar consigue producir energ\u00eda t\u00e9rmica y energ\u00eda el\u00e9ctrica simult\u00e1neamente, pero, \u00bfproduce m\u00e1s que un t\u00e9rmico y fotovoltaico por separado?<\/p>\n\n\n\n<p>En cuanto a la parte el\u00e9ctrica del panel, en d\u00edas d\u00f3nde hace mucha temperatura ambiente, la teor\u00eda dice que los paneles solares fotovoltaicos convencionales reducen su producci\u00f3n por las altas temperaturas, pero el panel solar h\u00edbrido aH60 de abora solar, gracias a su tecnolog\u00eda hace que la temperatura sea menor en las c\u00e9lulas fotovoltaicas, por la acci\u00f3n refrigerante del l\u00edquido que circular por el panel, aumentando la producci\u00f3n el\u00e9ctrica de hasta un 12%.<\/p>\n\n\n\n<p>Resumiendo, os exponemos las ventajas tiene el panel aH60 de abora solar, frente a paneles t\u00e9rmicos y fotovoltaicos por separado:<\/p>\n\n\n\n<ul><li>La producci\u00f3n el\u00e9ctrica puede llegar a ser hasta un 12% m\u00e1s que un fotovoltaico de las mismas dimensiones y caracter\u00edsticas.<\/li><li>La producci\u00f3n t\u00e9rmica es la misma que un panel t\u00e9rmico de las mismas dimensiones y caracter\u00edsticas.<\/li><li>Se reduce a la mitad el \u00e1rea de instalaci\u00f3n de paneles (cubiertas y tejados). Siendo el m\u00e1s adecuado para edificios con poca cubierta.<\/li><li>Dado a su alto rendimiento, se obtienen amortizaciones de la instalaci\u00f3n completa desde el cuarto a\u00f1o de su instalaci\u00f3n, empezando a obtener beneficios a partir del quinto a\u00f1o, contando que los paneles aH60 pueden tener hasta 25 a\u00f1os de vida.<\/li><\/ul>\n\n\n\n<p>Por lo tanto podemos afirmar que para edificios con altos consumos en electricidad y agua caliente, la mejor opci\u00f3n en instalar paneles solares, y para obtener importantes ahorros, son los paneles aH60 de \u00faltima generaci\u00f3n.<\/p>\n\n\n\n<p>\u00bfEst\u00e1s pensando en poner nuevos o sustituir tus paneles solares? Nosotros te ayudamos, te hacemos un estudio sin ning\u00fan tipo de compromiso de tu instalaci\u00f3n.<\/p>\n\n\n\n<div style=\"height:24px\" aria-hidden=\"true\" class=\"wp-block-spacer\"><\/div>\n\n\n\n<hr class=\"wp-block-separator\"\/>\n\n\n\n<div class=\"wp-block-columns are-vertically-aligned-center footer_1 is-layout-flex wp-container-core-columns-is-layout-1 wp-block-columns-is-layout-flex\">\n<div class=\"wp-block-column is-layout-flow wp-block-column-is-layout-flow\">\n<p class=\"has-text-align-center\">2021<\/p>\n<\/div>\n\n\n\n<div class=\"wp-block-column is-vertically-aligned-center is-layout-flow wp-block-column-is-layout-flow\">\n<div class=\"wp-block-buttons is-content-justification-center is-layout-flex wp-block-buttons-is-layout-flex\">\n<div class=\"wp-block-button botenes-footer is-style-outline\"><a class=\"wp-block-button__link has-foreground-color has-background-background-color has-text-color has-background\" href=\"http:\/\/esteireconsulting.com\/en\/aviso-legal\/\">Legal warning<\/a><\/div>\n<\/div>\n<\/div>\n\n\n\n<div class=\"wp-block-column is-vertically-aligned-center is-layout-flow wp-block-column-is-layout-flow\">\n<div class=\"wp-block-buttons is-content-justification-center is-layout-flex wp-block-buttons-is-layout-flex\">\n<div class=\"wp-block-button is-style-outline\"><a class=\"wp-block-button__link has-foreground-color has-background-background-color has-text-color has-background\" href=\"http:\/\/esteireconsulting.com\/en\/cookies\/\">Cookies<\/a><\/div>\n<\/div>\n<\/div>\n\n\n\n<div class=\"wp-block-column is-vertically-aligned-center is-layout-flow wp-block-column-is-layout-flow\">\n<div class=\"wp-block-buttons is-content-justification-center is-layout-flex wp-block-buttons-is-layout-flex\">\n<div class=\"wp-block-button is-style-outline\"><a class=\"wp-block-button__link has-foreground-color has-background-background-color has-text-color has-background\" href=\"http:\/\/esteireconsulting.com\/en\/contacto-est\/\">Contact us<\/a><\/div>\n<\/div>\n<\/div>\n<\/div>","protected":false},"excerpt":{"rendered":"<p>\u00bfEl panel solar h\u00edbrido aH60 de abora produce m\u00e1s que un fotovoltaico y un t\u00e9rmico? El panel solar de abora con la \u00faltima tecnolog\u00eda (aHTech) en energ\u00eda solar consigue producir energ\u00eda t\u00e9rmica y energ\u00eda el\u00e9ctrica simult\u00e1neamente, pero, \u00bfproduce m\u00e1s que un t\u00e9rmico y fotovoltaico por separado? En cuanto a la parte el\u00e9ctrica del panel, en<a class=\"more-link\" href=\"https:\/\/esteireconsulting.com\/en\/abora-360\">Continue reading <span class=\"screen-reader-text\">\u00abAbora Paneles AH 360\u00bb<\/span><\/a><\/p>","protected":false},"author":1,"featured_media":0,"parent":0,"menu_order":0,"comment_status":"closed","ping_status":"closed","template":"","meta":{"footnotes":""},"yoast_head":"<!-- This site is optimized with the Yoast SEO plugin v22.6 - https:\/\/yoast.com\/wordpress\/plugins\/seo\/ -->\n<title>Abora Paneles AH 360 -<\/title>\n<meta name=\"robots\" content=\"index, follow, max-snippet:-1, max-image-preview:large, max-video-preview:-1\" \/>\n<link rel=\"canonical\" href=\"https:\/\/esteireconsulting.com\/en\/abora-360\/\" \/>\n<meta property=\"og:locale\" content=\"en_US\" \/>\n<meta property=\"og:type\" content=\"article\" \/>\n<meta property=\"og:title\" content=\"Abora Paneles AH 360 -\" \/>\n<meta property=\"og:description\" content=\"\u00bfEl panel solar h\u00edbrido aH60 de abora produce m\u00e1s que un fotovoltaico y un t\u00e9rmico? El panel solar de abora con la \u00faltima tecnolog\u00eda (aHTech) en energ\u00eda solar consigue producir energ\u00eda t\u00e9rmica y energ\u00eda el\u00e9ctrica simult\u00e1neamente, pero, \u00bfproduce m\u00e1s que un t\u00e9rmico y fotovoltaico por separado? En cuanto a la parte el\u00e9ctrica del panel, enContinue reading &quot;Abora Paneles AH 360&quot;\" \/>\n<meta property=\"og:url\" content=\"https:\/\/esteireconsulting.com\/en\/abora-360\/\" \/>\n<meta property=\"article:modified_time\" content=\"2021-10-28T08:55:37+00:00\" \/>\n<meta property=\"og:image\" content=\"http:\/\/esteireconsulting.com\/wp-content\/uploads\/2021\/09\/panel-solar-hibrido-ah60-1080x675-1.jpeg\" \/>\n<meta name=\"twitter:card\" content=\"summary_large_image\" \/>\n<meta name=\"twitter:label1\" content=\"Est. reading time\" \/>\n\t<meta name=\"twitter:data1\" content=\"2 minutes\" \/>\n<script type=\"application\/ld+json\" class=\"yoast-schema-graph\">{\"@context\":\"https:\/\/schema.org\",\"@graph\":[{\"@type\":\"WebPage\",\"@id\":\"https:\/\/esteireconsulting.com\/abora-360\",\"url\":\"https:\/\/esteireconsulting.com\/abora-360\",\"name\":\"Abora Paneles AH 360 -\",\"isPartOf\":{\"@id\":\"https:\/\/esteireconsulting.com\/#website\"},\"primaryImageOfPage\":{\"@id\":\"https:\/\/esteireconsulting.com\/abora-360#primaryimage\"},\"image\":{\"@id\":\"https:\/\/esteireconsulting.com\/abora-360#primaryimage\"},\"thumbnailUrl\":\"http:\/\/esteireconsulting.com\/wp-content\/uploads\/2021\/09\/panel-solar-hibrido-ah60-1080x675-1.jpeg\",\"datePublished\":\"2021-09-16T10:39:47+00:00\",\"dateModified\":\"2021-10-28T08:55:37+00:00\",\"breadcrumb\":{\"@id\":\"https:\/\/esteireconsulting.com\/abora-360#breadcrumb\"},\"inLanguage\":\"en-US\",\"potentialAction\":[{\"@type\":\"ReadAction\",\"target\":[\"https:\/\/esteireconsulting.com\/abora-360\"]}]},{\"@type\":\"ImageObject\",\"inLanguage\":\"en-US\",\"@id\":\"https:\/\/esteireconsulting.com\/abora-360#primaryimage\",\"url\":\"http:\/\/esteireconsulting.com\/wp-content\/uploads\/2021\/09\/panel-solar-hibrido-ah60-1080x675-1.jpeg\",\"contentUrl\":\"http:\/\/esteireconsulting.com\/wp-content\/uploads\/2021\/09\/panel-solar-hibrido-ah60-1080x675-1.jpeg\"},{\"@type\":\"BreadcrumbList\",\"@id\":\"https:\/\/esteireconsulting.com\/abora-360#breadcrumb\",\"itemListElement\":[{\"@type\":\"ListItem\",\"position\":1,\"name\":\"Portada\",\"item\":\"https:\/\/esteireconsulting.com\/\"},{\"@type\":\"ListItem\",\"position\":2,\"name\":\"Abora Paneles AH 360\"}]},{\"@type\":\"WebSite\",\"@id\":\"https:\/\/esteireconsulting.com\/#website\",\"url\":\"https:\/\/esteireconsulting.com\/\",\"name\":\"\",\"description\":\"\",\"potentialAction\":[{\"@type\":\"SearchAction\",\"target\":{\"@type\":\"EntryPoint\",\"urlTemplate\":\"https:\/\/esteireconsulting.com\/?s={search_term_string}\"},\"query-input\":\"required name=search_term_string\"}],\"inLanguage\":\"en-US\"}]}<\/script>\n<!-- \/ Yoast SEO plugin. -->","yoast_head_json":{"title":"Abora Paneles AH 360 -","robots":{"index":"index","follow":"follow","max-snippet":"max-snippet:-1","max-image-preview":"max-image-preview:large","max-video-preview":"max-video-preview:-1"},"canonical":"https:\/\/esteireconsulting.com\/en\/abora-360\/","og_locale":"en_US","og_type":"article","og_title":"Abora Paneles AH 360 -","og_description":"\u00bfEl panel solar h\u00edbrido aH60 de abora produce m\u00e1s que un fotovoltaico y un t\u00e9rmico? El panel solar de abora con la \u00faltima tecnolog\u00eda (aHTech) en energ\u00eda solar consigue producir energ\u00eda t\u00e9rmica y energ\u00eda el\u00e9ctrica simult\u00e1neamente, pero, \u00bfproduce m\u00e1s que un t\u00e9rmico y fotovoltaico por separado? En cuanto a la parte el\u00e9ctrica del panel, enContinue reading \"Abora Paneles AH 360\"","og_url":"https:\/\/esteireconsulting.com\/en\/abora-360\/","article_modified_time":"2021-10-28T08:55:37+00:00","og_image":[{"url":"http:\/\/esteireconsulting.com\/wp-content\/uploads\/2021\/09\/panel-solar-hibrido-ah60-1080x675-1.jpeg"}],"twitter_card":"summary_large_image","twitter_misc":{"Est. reading time":"2 minutes"},"schema":{"@context":"https:\/\/schema.org","@graph":[{"@type":"WebPage","@id":"https:\/\/esteireconsulting.com\/abora-360","url":"https:\/\/esteireconsulting.com\/abora-360","name":"Abora Paneles AH 360 -","isPartOf":{"@id":"https:\/\/esteireconsulting.com\/#website"},"primaryImageOfPage":{"@id":"https:\/\/esteireconsulting.com\/abora-360#primaryimage"},"image":{"@id":"https:\/\/esteireconsulting.com\/abora-360#primaryimage"},"thumbnailUrl":"http:\/\/esteireconsulting.com\/wp-content\/uploads\/2021\/09\/panel-solar-hibrido-ah60-1080x675-1.jpeg","datePublished":"2021-09-16T10:39:47+00:00","dateModified":"2021-10-28T08:55:37+00:00","breadcrumb":{"@id":"https:\/\/esteireconsulting.com\/abora-360#breadcrumb"},"inLanguage":"en-US","potentialAction":[{"@type":"ReadAction","target":["https:\/\/esteireconsulting.com\/abora-360"]}]},{"@type":"ImageObject","inLanguage":"en-US","@id":"https:\/\/esteireconsulting.com\/abora-360#primaryimage","url":"http:\/\/esteireconsulting.com\/wp-content\/uploads\/2021\/09\/panel-solar-hibrido-ah60-1080x675-1.jpeg","contentUrl":"http:\/\/esteireconsulting.com\/wp-content\/uploads\/2021\/09\/panel-solar-hibrido-ah60-1080x675-1.jpeg"},{"@type":"BreadcrumbList","@id":"https:\/\/esteireconsulting.com\/abora-360#breadcrumb","itemListElement":[{"@type":"ListItem","position":1,"name":"Portada","item":"https:\/\/esteireconsulting.com\/"},{"@type":"ListItem","position":2,"name":"Abora Paneles AH 360"}]},{"@type":"WebSite","@id":"https:\/\/esteireconsulting.com\/#website","url":"https:\/\/esteireconsulting.com\/","name":"","description":"","potentialAction":[{"@type":"SearchAction","target":{"@type":"EntryPoint","urlTemplate":"https:\/\/esteireconsulting.com\/?s={search_term_string}"},"query-input":"required name=search_term_string"}],"inLanguage":"en-US"}]}},"_links":{"self":[{"href":"https:\/\/esteireconsulting.com\/en\/wp-json\/wp\/v2\/pages\/2605"}],"collection":[{"href":"https:\/\/esteireconsulting.com\/en\/wp-json\/wp\/v2\/pages"}],"about":[{"href":"https:\/\/esteireconsulting.com\/en\/wp-json\/wp\/v2\/types\/page"}],"author":[{"embeddable":true,"href":"https:\/\/esteireconsulting.com\/en\/wp-json\/wp\/v2\/users\/1"}],"replies":[{"embeddable":true,"href":"https:\/\/esteireconsulting.com\/en\/wp-json\/wp\/v2\/comments?post=2605"}],"version-history":[{"count":10,"href":"https:\/\/esteireconsulting.com\/en\/wp-json\/wp\/v2\/pages\/2605\/revisions"}],"predecessor-version":[{"id":2762,"href":"https:\/\/esteireconsulting.com\/en\/wp-json\/wp\/v2\/pages\/2605\/revisions\/2762"}],"wp:attachment":[{"href":"https:\/\/esteireconsulting.com\/en\/wp-json\/wp\/v2\/media?parent=2605"}],"curies":[{"name":"wp","href":"https:\/\/api.w.org\/{rel}","templated":true}]}}