{"id":2108,"date":"2021-02-15T13:00:27","date_gmt":"2021-02-15T13:00:27","guid":{"rendered":"http:\/\/esteireconsulting.com\/?page_id=2108"},"modified":"2022-02-20T08:14:15","modified_gmt":"2022-02-20T08:14:15","slug":"blog-esteire","status":"publish","type":"page","link":"https:\/\/esteireconsulting.com\/en\/blog-esteire","title":{"rendered":"Blog"},"content":{"rendered":"<div class=\"wp-block-buttons alignfull is-content-justification-right home_01 is-layout-flex wp-block-buttons-is-layout-flex\">\n<div class=\"wp-block-button\"><a class=\"wp-block-button__link has-foreground-color has-background-background-color has-text-color has-background\" href=\"http:\/\/esteireconsulting.com\/en\/\">Home<\/a><\/div>\n\n\n\n<div class=\"wp-block-button\"><a class=\"wp-block-button__link has-foreground-color has-background-background-color has-text-color has-background\" href=\"http:\/\/esteireconsulting.com\/en\/sobre-nosotros\/\">About Us<\/a><\/div>\n\n\n\n<div class=\"wp-block-button\"><a class=\"wp-block-button__link has-foreground-color has-background-background-color has-text-color has-background\" href=\"http:\/\/esteireconsulting.com\/en\/partners\/\">Partners<\/a><\/div>\n\n\n\n<div class=\"wp-block-button\"><a class=\"wp-block-button__link has-foreground-color has-background-background-color has-text-color has-background\" href=\"http:\/\/esteireconsulting.com\/en\/paises\/\">Countries<\/a><\/div>\n\n\n\n<div class=\"wp-block-button\"><a class=\"wp-block-button__link has-foreground-color has-background-background-color has-text-color has-background\" href=\"http:\/\/esteireconsulting.com\/en\/testimonios\/\">Testimonials<\/a><\/div>\n\n\n\n<div class=\"wp-block-button\"><a class=\"wp-block-button__link has-foreground-color has-background-background-color has-text-color has-background\" href=\"http:\/\/esteireconsulting.com\/en\/blog-esteire\/\">Blog<\/a><\/div>\n\n\n\n<div class=\"wp-block-button\"><a class=\"wp-block-button__link has-foreground-color has-background-background-color has-text-color has-background\" href=\"http:\/\/esteireconsulting.com\/en\/contacto\/\">Contact us<\/a><\/div>\n<\/div>\n\n\n\n<p><\/p>\n\n\n\n<hr class=\"wp-block-separator alignfull has-text-color has-background has-foreground-dark-background-color has-foreground-dark-color is-style-wide full_width\"\/>\n\n\n\n<hr class=\"wp-block-separator has-text-color has-background has-background-background-color has-background-color is-style-wide\"\/>\n\n\n\n<div class=\"wp-block-cover alignfull is-light has-parallax a8c-background\" style=\"background-image:url(https:\/\/comunicatebymariazabay.files.wordpress.com\/2021\/01\/media-file-5043-panoramica-de-dubai-emiratos-arabes-unidos.jpg)\"><span aria-hidden=\"true\" class=\"wp-block-cover__background has-secondary-background-color has-background-dim\"><\/span><div class=\"wp-block-cover__inner-container is-layout-flow wp-block-cover-is-layout-flow\">\n<h2 class=\"alignfull has-text-align-center a8c-text-title wp-block-heading\" id=\"sigue-nuestras-noticias\">\u00a1Sigue nuestras noticias!<\/h2>\n<\/div><\/div>\n\n\n\n<div class=\"wp-block-columns alignfull has-background is-layout-flex wp-container-core-columns-is-layout-1 wp-block-columns-is-layout-flex\" style=\"background-color:#f2f4f5\">\n<div class=\"wp-block-column is-layout-flow wp-block-column-is-layout-flow\" style=\"flex-basis:17.1%\"><\/div>\n\n\n\n<div class=\"wp-block-column is-layout-flow wp-block-column-is-layout-flow\">\n<p class=\"has-drop-cap\">In this blog we will update you on the most relevant news and agreements reached by us and by our partners.<\/p>\n\n\n\n<p>The long experience of Esteire Consulting &amp; Trading working with the markets of the Middle East, Africa and Europe, allows us to contact potential clients and suppliers based on the objectives and needs of each project.<\/p>\n\n\n\n<p>Here we are going to tell you the most important.<\/p>\n<\/div>\n\n\n\n<div class=\"wp-block-column is-layout-flow wp-block-column-is-layout-flow\" style=\"flex-basis:15.5%\"><\/div>\n<\/div>\n\n\n\n<h2 class=\"has-text-align-center wp-block-heading\" id=\"octubre-2021\">Febrero, 2022<\/h2>\n\n\n\n<div class=\"wp-block-media-text alignfull has-media-on-the-right is-stacked-on-mobile is-image-fill has-background\" style=\"background-color:#e0e0e0\"><figure class=\"wp-block-media-text__media\" style=\"background-image:url(http:\/\/esteireconsulting.com\/wp-content\/uploads\/2022\/02\/20200919020457457.jpeg);background-position:50% 50%\"><img decoding=\"async\" loading=\"lazy\" width=\"628\" height=\"378\" src=\"http:\/\/esteireconsulting.com\/wp-content\/uploads\/2022\/02\/20200919020457457.jpeg\" alt=\"\" class=\"wp-image-2863 size-full\" srcset=\"https:\/\/esteireconsulting.com\/wp-content\/uploads\/2022\/02\/20200919020457457.jpeg 628w, https:\/\/esteireconsulting.com\/wp-content\/uploads\/2022\/02\/20200919020457457-300x181.jpeg 300w, https:\/\/esteireconsulting.com\/wp-content\/uploads\/2022\/02\/20200919020457457-18x12.jpeg 18w\" sizes=\"(max-width: 628px) 100vw, 628px\" \/><\/figure><div class=\"wp-block-media-text__content\">\n<p class=\"has-large-font-size\"><strong><strong><strong><strong>Green investments allocate 30% of Egypt\u2019s 21\/22 budget<\/strong><\/strong><\/strong><\/strong><\/p>\n\n\n\n<p>CAIRO \u2013 15 February 2022: Green investments amounted to 30 percent of the current fiscal year\u2019s budget, followed by social initiatives such as \u201cHayah Karima\u201d, according to Minister of Finance Mohamed Maait.<\/p>\n\n\n\n<p>Maait elaborated that Hayah Karima is the largest project and one of the best development programs in the world, as it contributes to recording real growth that is more diversified and comprehensive and has an impact on people\u2019s lives.<\/p>\n\n\n\n<div class=\"wp-block-buttons is-horizontal is-content-justification-center is-layout-flex wp-container-core-buttons-is-layout-2 wp-block-buttons-is-layout-flex\">\n<div class=\"wp-block-button\"><a class=\"wp-block-button__link has-background-color has-text-color\" href=\"http:\/\/esteireconsulting.com\/en\/blog-esteire\/green-investments-allocate\/\">Leer M\u00e1s<\/a><\/div>\n<\/div>\n<\/div><\/div>\n\n\n\n<h2 class=\"has-text-align-center wp-block-heading\" id=\"octubre-2021\">Enero, 2022<\/h2>\n\n\n\n<p><\/p>\n\n\n\n<div class=\"wp-block-media-text alignfull is-stacked-on-mobile is-image-fill has-foreground-dark-background-color has-background\"><figure class=\"wp-block-media-text__media\" style=\"background-image:url(http:\/\/esteireconsulting.com\/wp-content\/uploads\/2022\/01\/a422045b8f183244b5f2d1df5cd3846d.jpeg);background-position:50% 50%\"><img decoding=\"async\" loading=\"lazy\" width=\"780\" height=\"490\" src=\"http:\/\/esteireconsulting.com\/wp-content\/uploads\/2022\/01\/a422045b8f183244b5f2d1df5cd3846d.jpeg\" alt=\"\" class=\"wp-image-2800 size-full\" srcset=\"https:\/\/esteireconsulting.com\/wp-content\/uploads\/2022\/01\/a422045b8f183244b5f2d1df5cd3846d.jpeg 780w, https:\/\/esteireconsulting.com\/wp-content\/uploads\/2022\/01\/a422045b8f183244b5f2d1df5cd3846d-300x188.jpeg 300w, https:\/\/esteireconsulting.com\/wp-content\/uploads\/2022\/01\/a422045b8f183244b5f2d1df5cd3846d-768x482.jpeg 768w, https:\/\/esteireconsulting.com\/wp-content\/uploads\/2022\/01\/a422045b8f183244b5f2d1df5cd3846d-18x12.jpeg 18w\" sizes=\"(max-width: 780px) 100vw, 780px\" \/><\/figure><div class=\"wp-block-media-text__content\">\n<p class=\"has-large-font-size\"><strong><strong><strong><strong>Egypt targets 42% renewables by 2030<\/strong><\/strong><\/strong><\/strong><\/p>\n\n\n\n<p style=\"font-size:18px\">November 8 (Renewables Now) \u2013 Egypt aims to reach 42% renewables in its energy mix by 2030, supported by an ambitious action plan for green hydrogen production that the government is devising currently, the country\u2019s minister of petroleum and mineral resources Tarek El-Molla said during the COP 26 summit in Glasgow last week.<\/p>\n\n\n\n<p style=\"font-size:18px\">The North African country will focus on the expansion of blue hydrogen in the short and medium-term as a low-carbon fuel with the aim of moving to green hydrogen in the end, El-Molla said.<\/p>\n\n\n\n<div class=\"wp-block-buttons is-horizontal is-content-justification-center is-layout-flex wp-container-core-buttons-is-layout-3 wp-block-buttons-is-layout-flex\">\n<div class=\"wp-block-button\"><a class=\"wp-block-button__link has-background-color has-text-color\" href=\"http:\/\/esteireconsulting.com\/en\/blog-esteire\/egypt-targets-42\/\">Leer M\u00e1s<\/a><\/div>\n<\/div>\n<\/div><\/div>\n\n\n\n<h2 class=\"has-text-align-center wp-block-heading\" id=\"octubre-2021\">Octubre, 2021<\/h2>\n\n\n\n<div class=\"wp-block-media-text alignfull has-media-on-the-right is-stacked-on-mobile is-image-fill has-background\" style=\"background-color:#ebebeb\"><figure class=\"wp-block-media-text__media\" style=\"background-image:url(http:\/\/esteireconsulting.com\/wp-content\/uploads\/2021\/10\/molecoradequa.jpeg);background-position:50% 50%\"><img decoding=\"async\" loading=\"lazy\" width=\"700\" height=\"504\" src=\"http:\/\/esteireconsulting.com\/wp-content\/uploads\/2021\/10\/molecoradequa.jpeg\" alt=\"\" class=\"wp-image-2748 size-full\" srcset=\"https:\/\/esteireconsulting.com\/wp-content\/uploads\/2021\/10\/molecoradequa.jpeg 700w, https:\/\/esteireconsulting.com\/wp-content\/uploads\/2021\/10\/molecoradequa-300x216.jpeg 300w, https:\/\/esteireconsulting.com\/wp-content\/uploads\/2021\/10\/molecoradequa-18x12.jpeg 18w\" sizes=\"(max-width: 700px) 100vw, 700px\" \/><\/figure><div class=\"wp-block-media-text__content\">\n<p class=\"has-large-font-size\"><strong><strong><strong>Molecor informa que el pasado 30 de septiembre complet\u00f3 la adquisici\u00f3n de la unidad productiva de Adequa, antigua Uralita Sistemas de Tuber\u00edas.<\/strong><\/strong><\/strong><\/p>\n\n\n\n<p style=\"font-size:18px\">De esta manera, esta operaci\u00f3n permitir\u00e1 a Molecor&nbsp;triplicar su facturaci\u00f3n&nbsp;y convertirse en una de las principales empresas de tuber\u00edas de toda Espa\u00f1a.<\/p>\n\n\n\n<p style=\"font-size:18px\">En este sentido, Molecor sumar\u00e1 a sus plantas madrile\u00f1as de Getafe (fabricaci\u00f3n de tecnolog\u00eda de PVC-Orientado y sede de I+D); y Loeches (fabricaci\u00f3n de tuber\u00eda y accesorios de PVC-Orientado); las de&nbsp;Alovera (Guadalajara), Alc\u00e1zar de San Juan (Ciudad Real) y Antequera (M\u00e1laga). Ello se traducir\u00e1 en una considerable ampliaci\u00f3n del cat\u00e1logo de productos de Molecor; que suma a las tuber\u00edas y accesorios de PVC-Orientado que ven\u00eda fabricando,<strong>&nbsp;<\/strong>un amplio portafolio de productos.<\/p>\n\n\n\n<div class=\"wp-block-buttons is-horizontal is-content-justification-center is-layout-flex wp-container-core-buttons-is-layout-4 wp-block-buttons-is-layout-flex\">\n<div class=\"wp-block-button\"><a class=\"wp-block-button__link has-background-color has-text-color\" href=\"http:\/\/esteireconsulting.com\/en\/?page_id=2645\">Leer M\u00e1s<\/a><\/div>\n<\/div>\n<\/div><\/div>\n\n\n\n<hr class=\"wp-block-separator is-style-wide\"\/>\n\n\n\n<div class=\"wp-block-media-text alignfull is-stacked-on-mobile is-image-fill has-foreground-dark-background-color has-background\"><figure class=\"wp-block-media-text__media\" style=\"background-image:url(http:\/\/esteireconsulting.com\/wp-content\/uploads\/2021\/10\/Planta-potabilizadora-solar-10-m3h-edited-1-1024x576.jpeg);background-position:47% 47%\"><img decoding=\"async\" loading=\"lazy\" width=\"1024\" height=\"576\" src=\"http:\/\/esteireconsulting.com\/wp-content\/uploads\/2021\/10\/Planta-potabilizadora-solar-10-m3h-edited-1-1024x576.jpeg\" alt=\"\" class=\"wp-image-2700 size-full\" srcset=\"https:\/\/esteireconsulting.com\/wp-content\/uploads\/2021\/10\/Planta-potabilizadora-solar-10-m3h-edited-1-1024x576.jpeg 1024w, https:\/\/esteireconsulting.com\/wp-content\/uploads\/2021\/10\/Planta-potabilizadora-solar-10-m3h-edited-1-300x169.jpeg 300w, https:\/\/esteireconsulting.com\/wp-content\/uploads\/2021\/10\/Planta-potabilizadora-solar-10-m3h-edited-1-768x432.jpeg 768w, https:\/\/esteireconsulting.com\/wp-content\/uploads\/2021\/10\/Planta-potabilizadora-solar-10-m3h-edited-1-18x10.jpeg 18w, https:\/\/esteireconsulting.com\/wp-content\/uploads\/2021\/10\/Planta-potabilizadora-solar-10-m3h-edited-1.jpeg 1201w\" sizes=\"(max-width: 1024px) 100vw, 1024px\" \/><\/figure><div class=\"wp-block-media-text__content\">\n<p class=\"has-large-font-size\"><strong><strong>NOWAQUA agua potable y saneamiento para cualquier parte del mundo<\/strong><\/strong><\/p>\n\n\n\n<p style=\"font-size:18px\">El proyecto Nowaqua es una l\u00ednea de plantas con tecnolog\u00eda testada llevada al siguiente nivel con una \u00fanica meta, salvar vidas y evitar la contaminaci\u00f3n de los cultivos y aquiferos derivados de las deposiciones y residuos humanos no tratados.Un proyecto de potabilizaci\u00f3n y saneamiento para pa\u00edses en desarrollo, agua potable para cualquier parte del mundo.Las plantas desarrollodaras del proyecto tienen como objetivo solucionar los problemas de aguas contaminadas de poblaciones de todo el mundo, plantas potabilizadoras para tratamientos de aguas potables superficiales y subterr\u00e1neas.<\/p>\n\n\n\n<div class=\"wp-block-buttons is-horizontal is-content-justification-center is-layout-flex wp-container-core-buttons-is-layout-5 wp-block-buttons-is-layout-flex\">\n<div class=\"wp-block-button\"><a class=\"wp-block-button__link\" href=\"http:\/\/esteireconsulting.com\/en\/el-proyecto-nowaqua\/\">Leer M\u00e1s<\/a><\/div>\n<\/div>\n<\/div><\/div>\n\n\n\n<h2 class=\"has-text-align-center wp-block-heading\" id=\"septiembre-2021\"><strong>Septiembre,2021<\/strong><\/h2>\n\n\n\n<div class=\"wp-block-media-text alignfull has-media-on-the-right is-stacked-on-mobile is-image-fill has-background\" style=\"background-color:#ebebeb\"><figure class=\"wp-block-media-text__media\" style=\"background-image:url(http:\/\/esteireconsulting.com\/wp-content\/uploads\/2021\/09\/panel-solar-hibrido-ah60-1080x675-1-1024x640.jpeg);background-position:50% 50%\"><img decoding=\"async\" loading=\"lazy\" width=\"1024\" height=\"640\" src=\"http:\/\/esteireconsulting.com\/wp-content\/uploads\/2021\/09\/panel-solar-hibrido-ah60-1080x675-1-1024x640.jpeg\" alt=\"\" class=\"wp-image-2592 size-full\" srcset=\"https:\/\/esteireconsulting.com\/wp-content\/uploads\/2021\/09\/panel-solar-hibrido-ah60-1080x675-1-1024x640.jpeg 1024w, https:\/\/esteireconsulting.com\/wp-content\/uploads\/2021\/09\/panel-solar-hibrido-ah60-1080x675-1-300x188.jpeg 300w, https:\/\/esteireconsulting.com\/wp-content\/uploads\/2021\/09\/panel-solar-hibrido-ah60-1080x675-1-768x480.jpeg 768w, https:\/\/esteireconsulting.com\/wp-content\/uploads\/2021\/09\/panel-solar-hibrido-ah60-1080x675-1-18x12.jpeg 18w, https:\/\/esteireconsulting.com\/wp-content\/uploads\/2021\/09\/panel-solar-hibrido-ah60-1080x675-1.jpeg 1080w\" sizes=\"(max-width: 1024px) 100vw, 1024px\" \/><\/figure><div class=\"wp-block-media-text__content\">\n<p class=\"has-large-font-size\"><strong><strong>Abora Paneles AH 360<\/strong><\/strong><\/p>\n\n\n\n<p style=\"font-size:18px\">El panel solar de abora con la \u00faltima tecnolog\u00eda (aHTech) en energ\u00eda solar consigue producir energ\u00eda t\u00e9rmica y energ\u00eda el\u00e9ctrica simult\u00e1neamente, pero, \u00bfproduce m\u00e1s que un t\u00e9rmico y fotovoltaico por separado?<\/p>\n\n\n\n<p style=\"font-size:18px\">En cuanto a la parte el\u00e9ctrica del panel, en d\u00edas d\u00f3nde hace mucha temperatura ambiente, la teor\u00eda dice que los paneles solares fotovoltaicos convencionales reducen su producci\u00f3n por las altas temperaturas, pero el panel solar h\u00edbrido aH60 de abora solar, gracias a su tecnolog\u00eda hace que la temperatura sea menor en las c\u00e9lulas fotovoltaicas, por la acci\u00f3n refrigerante del l\u00edquido que circular por el panel, aumentando la producci\u00f3n el\u00e9ctrica de hasta un 12%.<\/p>\n\n\n\n<div class=\"wp-block-buttons is-horizontal is-content-justification-center is-layout-flex wp-container-core-buttons-is-layout-6 wp-block-buttons-is-layout-flex\">\n<div class=\"wp-block-button\"><a class=\"wp-block-button__link has-background-color has-text-color\" href=\"http:\/\/esteireconsulting.com\/en\/abora-paneles-ah-360\/\">Leer M\u00e1s<\/a><\/div>\n<\/div>\n<\/div><\/div>\n\n\n\n<div class=\"wp-block-group\"><div class=\"wp-block-group__inner-container is-layout-flow wp-block-group-is-layout-flow\"><\/div><\/div>\n\n\n\n<div class=\"wp-block-columns are-vertically-aligned-center footer_1 is-layout-flex wp-container-core-columns-is-layout-2 wp-block-columns-is-layout-flex\">\n<div class=\"wp-block-column is-layout-flow wp-block-column-is-layout-flow\">\n<p class=\"has-text-align-center\">2021<\/p>\n<\/div>\n\n\n\n<div class=\"wp-block-column is-vertically-aligned-center is-layout-flow wp-block-column-is-layout-flow\">\n<div class=\"wp-block-buttons is-horizontal is-content-justification-center is-layout-flex wp-container-core-buttons-is-layout-7 wp-block-buttons-is-layout-flex\">\n<div class=\"wp-block-button botenes-footer is-style-outline\"><a class=\"wp-block-button__link has-foreground-color has-background-background-color has-text-color has-background\" href=\"http:\/\/esteireconsulting.com\/en\/aviso-legal\/\">Legal warning<\/a><\/div>\n<\/div>\n<\/div>\n\n\n\n<div class=\"wp-block-column is-vertically-aligned-center is-layout-flow wp-block-column-is-layout-flow\">\n<div class=\"wp-block-buttons is-horizontal is-content-justification-center is-layout-flex wp-container-core-buttons-is-layout-8 wp-block-buttons-is-layout-flex\">\n<div class=\"wp-block-button is-style-outline\"><a class=\"wp-block-button__link has-foreground-color has-background-background-color has-text-color has-background\" href=\"http:\/\/esteireconsulting.com\/en\/cookies\/\">Cookies<\/a><\/div>\n<\/div>\n<\/div>\n\n\n\n<div class=\"wp-block-column is-vertically-aligned-center is-layout-flow wp-block-column-is-layout-flow\">\n<div class=\"wp-block-buttons is-horizontal is-content-justification-center is-layout-flex wp-container-core-buttons-is-layout-9 wp-block-buttons-is-layout-flex\">\n<div class=\"wp-block-button is-style-outline\"><a class=\"wp-block-button__link has-foreground-color has-background-background-color has-text-color has-background\" href=\"http:\/\/esteireconsulting.com\/en\/contacto-est\/\">Contact us<\/a><\/div>\n<\/div>\n<\/div>\n<\/div>\n\n\n\n<p><\/p>","protected":false},"excerpt":{"rendered":"<p>En este blog te vamos a ir actualizando de las noticias y acuerdos m\u00e1s relevantes alcanzados por nosotros y por nuestros partners. La larga experiencia de Esteire Consulting &amp; Trading trabajando con los mercados de Oriente Medio, \u00c1frica y Europa, nos permite contactar con potenciales clientes y proveedores en funci\u00f3n de los objetivos y necesidades<a class=\"more-link\" href=\"https:\/\/esteireconsulting.com\/en\/blog-esteire\">Continue reading <span class=\"screen-reader-text\">\u00abBlog\u00bb<\/span><\/a><\/p>","protected":false},"author":1,"featured_media":0,"parent":0,"menu_order":0,"comment_status":"closed","ping_status":"closed","template":"","meta":{"footnotes":""},"yoast_head":"<!-- This site is optimized with the Yoast SEO plugin v22.6 - https:\/\/yoast.com\/wordpress\/plugins\/seo\/ -->\n<title>Blog -<\/title>\n<meta name=\"description\" content=\"Middle east consulting, trading international , renovables, whater management,improve internationalization,Green investments\" \/>\n<meta name=\"robots\" content=\"index, follow, max-snippet:-1, max-image-preview:large, max-video-preview:-1\" \/>\n<link rel=\"canonical\" href=\"https:\/\/esteireconsulting.com\/en\/blog-esteire\/\" \/>\n<meta property=\"og:locale\" content=\"en_US\" \/>\n<meta property=\"og:type\" content=\"article\" \/>\n<meta property=\"og:title\" content=\"Blog -\" \/>\n<meta property=\"og:description\" content=\"Middle east consulting, trading international , renovables, whater management,improve internationalization,Green investments\" \/>\n<meta property=\"og:url\" content=\"https:\/\/esteireconsulting.com\/en\/blog-esteire\/\" \/>\n<meta property=\"article:modified_time\" content=\"2022-02-20T08:14:15+00:00\" \/>\n<meta property=\"og:image\" content=\"http:\/\/esteireconsulting.com\/wp-content\/uploads\/2022\/02\/20200919020457457.jpeg\" \/>\n<meta name=\"twitter:card\" content=\"summary_large_image\" \/>\n<meta name=\"twitter:label1\" content=\"Est. reading time\" \/>\n\t<meta name=\"twitter:data1\" content=\"4 minutes\" \/>\n<script type=\"application\/ld+json\" class=\"yoast-schema-graph\">{\"@context\":\"https:\/\/schema.org\",\"@graph\":[{\"@type\":\"WebPage\",\"@id\":\"https:\/\/esteireconsulting.com\/blog-esteire\",\"url\":\"https:\/\/esteireconsulting.com\/blog-esteire\",\"name\":\"Blog -\",\"isPartOf\":{\"@id\":\"https:\/\/esteireconsulting.com\/#website\"},\"primaryImageOfPage\":{\"@id\":\"https:\/\/esteireconsulting.com\/blog-esteire#primaryimage\"},\"image\":{\"@id\":\"https:\/\/esteireconsulting.com\/blog-esteire#primaryimage\"},\"thumbnailUrl\":\"http:\/\/esteireconsulting.com\/wp-content\/uploads\/2022\/02\/20200919020457457.jpeg\",\"datePublished\":\"2021-02-15T13:00:27+00:00\",\"dateModified\":\"2022-02-20T08:14:15+00:00\",\"description\":\"Middle east consulting, trading international , renovables, whater management,improve internationalization,Green investments\",\"breadcrumb\":{\"@id\":\"https:\/\/esteireconsulting.com\/blog-esteire#breadcrumb\"},\"inLanguage\":\"en-US\",\"potentialAction\":[{\"@type\":\"ReadAction\",\"target\":[\"https:\/\/esteireconsulting.com\/blog-esteire\"]}]},{\"@type\":\"ImageObject\",\"inLanguage\":\"en-US\",\"@id\":\"https:\/\/esteireconsulting.com\/blog-esteire#primaryimage\",\"url\":\"http:\/\/esteireconsulting.com\/wp-content\/uploads\/2022\/02\/20200919020457457.jpeg\",\"contentUrl\":\"http:\/\/esteireconsulting.com\/wp-content\/uploads\/2022\/02\/20200919020457457.jpeg\"},{\"@type\":\"BreadcrumbList\",\"@id\":\"https:\/\/esteireconsulting.com\/blog-esteire#breadcrumb\",\"itemListElement\":[{\"@type\":\"ListItem\",\"position\":1,\"name\":\"Portada\",\"item\":\"https:\/\/esteireconsulting.com\/\"},{\"@type\":\"ListItem\",\"position\":2,\"name\":\"Blog\"}]},{\"@type\":\"WebSite\",\"@id\":\"https:\/\/esteireconsulting.com\/#website\",\"url\":\"https:\/\/esteireconsulting.com\/\",\"name\":\"\",\"description\":\"\",\"potentialAction\":[{\"@type\":\"SearchAction\",\"target\":{\"@type\":\"EntryPoint\",\"urlTemplate\":\"https:\/\/esteireconsulting.com\/?s={search_term_string}\"},\"query-input\":\"required name=search_term_string\"}],\"inLanguage\":\"en-US\"}]}<\/script>\n<!-- \/ Yoast SEO plugin. -->","yoast_head_json":{"title":"Blog -","description":"Middle east consulting, trading international , renovables, whater management,improve internationalization,Green investments","robots":{"index":"index","follow":"follow","max-snippet":"max-snippet:-1","max-image-preview":"max-image-preview:large","max-video-preview":"max-video-preview:-1"},"canonical":"https:\/\/esteireconsulting.com\/en\/blog-esteire\/","og_locale":"en_US","og_type":"article","og_title":"Blog -","og_description":"Middle east consulting, trading international , renovables, whater management,improve internationalization,Green investments","og_url":"https:\/\/esteireconsulting.com\/en\/blog-esteire\/","article_modified_time":"2022-02-20T08:14:15+00:00","og_image":[{"url":"http:\/\/esteireconsulting.com\/wp-content\/uploads\/2022\/02\/20200919020457457.jpeg"}],"twitter_card":"summary_large_image","twitter_misc":{"Est. reading time":"4 minutes"},"schema":{"@context":"https:\/\/schema.org","@graph":[{"@type":"WebPage","@id":"https:\/\/esteireconsulting.com\/blog-esteire","url":"https:\/\/esteireconsulting.com\/blog-esteire","name":"Blog -","isPartOf":{"@id":"https:\/\/esteireconsulting.com\/#website"},"primaryImageOfPage":{"@id":"https:\/\/esteireconsulting.com\/blog-esteire#primaryimage"},"image":{"@id":"https:\/\/esteireconsulting.com\/blog-esteire#primaryimage"},"thumbnailUrl":"http:\/\/esteireconsulting.com\/wp-content\/uploads\/2022\/02\/20200919020457457.jpeg","datePublished":"2021-02-15T13:00:27+00:00","dateModified":"2022-02-20T08:14:15+00:00","description":"Middle east consulting, trading international , renovables, whater management,improve internationalization,Green investments","breadcrumb":{"@id":"https:\/\/esteireconsulting.com\/blog-esteire#breadcrumb"},"inLanguage":"en-US","potentialAction":[{"@type":"ReadAction","target":["https:\/\/esteireconsulting.com\/blog-esteire"]}]},{"@type":"ImageObject","inLanguage":"en-US","@id":"https:\/\/esteireconsulting.com\/blog-esteire#primaryimage","url":"http:\/\/esteireconsulting.com\/wp-content\/uploads\/2022\/02\/20200919020457457.jpeg","contentUrl":"http:\/\/esteireconsulting.com\/wp-content\/uploads\/2022\/02\/20200919020457457.jpeg"},{"@type":"BreadcrumbList","@id":"https:\/\/esteireconsulting.com\/blog-esteire#breadcrumb","itemListElement":[{"@type":"ListItem","position":1,"name":"Portada","item":"https:\/\/esteireconsulting.com\/"},{"@type":"ListItem","position":2,"name":"Blog"}]},{"@type":"WebSite","@id":"https:\/\/esteireconsulting.com\/#website","url":"https:\/\/esteireconsulting.com\/","name":"","description":"","potentialAction":[{"@type":"SearchAction","target":{"@type":"EntryPoint","urlTemplate":"https:\/\/esteireconsulting.com\/?s={search_term_string}"},"query-input":"required name=search_term_string"}],"inLanguage":"en-US"}]}},"_links":{"self":[{"href":"https:\/\/esteireconsulting.com\/en\/wp-json\/wp\/v2\/pages\/2108"}],"collection":[{"href":"https:\/\/esteireconsulting.com\/en\/wp-json\/wp\/v2\/pages"}],"about":[{"href":"https:\/\/esteireconsulting.com\/en\/wp-json\/wp\/v2\/types\/page"}],"author":[{"embeddable":true,"href":"https:\/\/esteireconsulting.com\/en\/wp-json\/wp\/v2\/users\/1"}],"replies":[{"embeddable":true,"href":"https:\/\/esteireconsulting.com\/en\/wp-json\/wp\/v2\/comments?post=2108"}],"version-history":[{"count":63,"href":"https:\/\/esteireconsulting.com\/en\/wp-json\/wp\/v2\/pages\/2108\/revisions"}],"predecessor-version":[{"id":2872,"href":"https:\/\/esteireconsulting.com\/en\/wp-json\/wp\/v2\/pages\/2108\/revisions\/2872"}],"wp:attachment":[{"href":"https:\/\/esteireconsulting.com\/en\/wp-json\/wp\/v2\/media?parent=2108"}],"curies":[{"name":"wp","href":"https:\/\/api.w.org\/{rel}","templated":true}]}}