{"id":1467,"date":"2021-01-31T12:47:18","date_gmt":"2021-01-31T12:47:18","guid":{"rendered":"http:\/\/esteireconsulting.com\/?page_id=1467"},"modified":"2021-01-31T17:16:28","modified_gmt":"2021-01-31T17:16:28","slug":"expertos-en-oriente-medio","status":"publish","type":"page","link":"https:\/\/esteireconsulting.com\/en\/expertos-en-oriente-medio","title":{"rendered":"Experts in the Middle East"},"content":{"rendered":"<p><\/p>\n\n\n<nav class=\"is-responsive alignfull wp-block-navigation is-layout-flex wp-block-navigation-is-layout-flex\" aria-label=\"\" \n\t\t data-wp-interactive=\"core\/navigation\" data-wp-context='{\"overlayOpenedBy\":{\"click\":false,\"hover\":false,\"focus\":false},\"type\":\"overlay\",\"roleAttribute\":\"\",\"ariaLabel\":\"Menu\"}'><button aria-haspopup=\"dialog\" aria-label=\"Open menu\" class=\"wp-block-navigation__responsive-container-open\" \n\t\t\t\tdata-wp-on--click=\"actions.openMenuOnClick\"\n\t\t\t\tdata-wp-on--keydown=\"actions.handleMenuKeydown\"\n\t\t\t><svg width=\"24\" height=\"24\" xmlns=\"http:\/\/www.w3.org\/2000\/svg\" viewbox=\"0 0 24 24\" aria-hidden=\"true\" focusable=\"false\"><rect x=\"4\" y=\"7.5\" width=\"16\" height=\"1.5\" \/><rect x=\"4\" y=\"15\" width=\"16\" height=\"1.5\" \/><\/svg><\/button>\n\t\t\t\t<div class=\"wp-block-navigation__responsive-container\" style=\"\" id=\"modal-1\" \n\t\t\t\tdata-wp-class--has-modal-open=\"state.isMenuOpen\"\n\t\t\t\tdata-wp-class--is-menu-open=\"state.isMenuOpen\"\n\t\t\t\tdata-wp-watch=\"callbacks.initMenu\"\n\t\t\t\tdata-wp-on--keydown=\"actions.handleMenuKeydown\"\n\t\t\t\tdata-wp-on--focusout=\"actions.handleMenuFocusout\"\n\t\t\t\ttabindex=\"-1\"\n\t\t\t>\n\t\t\t\t\t<div class=\"wp-block-navigation__responsive-close\" tabindex=\"-1\">\n\t\t\t\t\t\t<div class=\"wp-block-navigation__responsive-dialog\" \n\t\t\t\tdata-wp-bind--aria-modal=\"state.ariaModal\"\n\t\t\t\tdata-wp-bind--aria-label=\"state.ariaLabel\"\n\t\t\t\tdata-wp-bind--role=\"state.roleAttribute\"\n\t\t\t>\n\t\t\t\t\t\t\t<button aria-label=\"Close menu\" class=\"wp-block-navigation__responsive-container-close\" \n\t\t\t\tdata-wp-on--click=\"actions.closeMenuOnClick\"\n\t\t\t><svg xmlns=\"http:\/\/www.w3.org\/2000\/svg\" viewbox=\"0 0 24 24\" width=\"24\" height=\"24\" aria-hidden=\"true\" focusable=\"false\"><path d=\"M13 11.8l6.1-6.3-1-1-6.1 6.2-6.1-6.2-1 1 6.1 6.3-6.5 6.7 1 1 6.5-6.6 6.5 6.6 1-1z\"><\/path><\/svg><\/button>\n\t\t\t\t\t\t\t<div class=\"wp-block-navigation__responsive-container-content\" \n\t\t\t\tdata-wp-watch=\"callbacks.focusFirstElement\"\n\t\t\t id=\"modal-1-content\">\n\t\t\t\t\t\t\t\t<ul class=\"wp-block-navigation__container is-responsive alignfull wp-block-navigation\"><li class=\"wp-block-navigation-item wp-block-navigation-link\"><a class=\"wp-block-navigation-item__content\"  href=\"http:\/\/esteireconsulting.com\/en\/\"><span class=\"wp-block-navigation-item__label\">Home<\/span><\/a><\/li><li class=\"wp-block-navigation-item wp-block-navigation-link\"><a class=\"wp-block-navigation-item__content\"  href=\"http:\/\/esteireconsulting.com\/en\/sobre-nosotros\/\"><span class=\"wp-block-navigation-item__label\">About Us<\/span><\/a><\/li><li class=\"wp-block-navigation-item wp-block-navigation-link\"><a class=\"wp-block-navigation-item__content\"  href=\"http:\/\/esteireconsulting.com\/en\/partners\/\"><span class=\"wp-block-navigation-item__label\">Partners<\/span><\/a><\/li><li class=\"wp-block-navigation-item wp-block-navigation-link\"><a class=\"wp-block-navigation-item__content\"  href=\"http:\/\/esteireconsulting.com\/en\/paises\/\"><span class=\"wp-block-navigation-item__label\">Countries<\/span><\/a><\/li><li class=\"wp-block-navigation-item wp-block-navigation-link\"><a class=\"wp-block-navigation-item__content\"  href=\"http:\/\/esteireconsulting.com\/en\/testimonios__trashed\/\"><span class=\"wp-block-navigation-item__label\">Testimonials<\/span><\/a><\/li><li class=\"wp-block-navigation-item wp-block-navigation-link\"><a class=\"wp-block-navigation-item__content\"  href=\"http:\/\/esteireconsulting.com\/en\/blog-esteire\/\"><span class=\"wp-block-navigation-item__label\">Blog<\/span><\/a><\/li><li class=\"wp-block-navigation-item wp-block-navigation-link\"><a class=\"wp-block-navigation-item__content\"  href=\"http:\/\/esteireconsulting.com\/en\/contacto-est\/\"><span class=\"wp-block-navigation-item__label\">Contact us<\/span><\/a><\/li><\/ul>\n\t\t\t\t\t\t\t<\/div>\n\t\t\t\t\t\t<\/div>\n\t\t\t\t\t<\/div>\n\t\t\t\t<\/div><\/nav>\n\n\n<figure class=\"wp-block-image alignfull size-large\"><img decoding=\"async\" loading=\"lazy\" width=\"900\" height=\"630\" src=\"http:\/\/esteireconsulting.com\/wp-content\/uploads\/2021\/01\/Catar-destaque.jpg\" alt=\"\" class=\"wp-image-1468\" srcset=\"https:\/\/esteireconsulting.com\/wp-content\/uploads\/2021\/01\/Catar-destaque.jpg 900w, https:\/\/esteireconsulting.com\/wp-content\/uploads\/2021\/01\/Catar-destaque-300x210.jpg 300w, https:\/\/esteireconsulting.com\/wp-content\/uploads\/2021\/01\/Catar-destaque-768x538.jpg 768w\" sizes=\"(max-width: 900px) 100vw, 900px\" \/><figcaption>Traditional Dhow cruising in Doha Bay towards Doha Skyscraper Skyline. Doha, Qatar, Middle East.<\/figcaption><\/figure>\n\n\n\n<p>La COVID-19 ha exacerbado los riesgos asociados con una ola de acumulaci\u00f3n de deuda a nivel mundial que ha durado una d\u00e9cada. El Banco Mundial prev\u00e9 que la actividad econ\u00f3mica mundial aumentar\u00e1 un 4&nbsp;% en 2021.<\/p>\n\n\n\n<p>En&nbsp;<em>Oriente Medio y Norte de \u00c1frica<\/em>&nbsp;se prev\u00e9 que la actividad econ\u00f3mica regional aumente un 2,1&nbsp;% este a\u00f1o.&nbsp;La mayor\u00eda de las econom\u00edas de la regi\u00f3n han anunciado paquetes de est\u00edmulo fiscal que incluyen un mayor gasto en redes de salud y seguridad social, reducciones y aplazamientos de pago de impuestos, y pr\u00e9stamos y garant\u00edas a empresas. Los ajustes de la pol\u00edtica monetaria tambi\u00e9n han contribuido a amortiguar el impacto econ\u00f3mico de la pandemia, con recortes de tipos de inter\u00e9s medios de m\u00e1s de 125 puntos b\u00e1sicos.<\/p>\n\n\n\n<p>Entre los exportadores de petr\u00f3leo, se espera que el crecimiento se recupere al 1.8% este a\u00f1o. En Arabia Saudita, la actividad se ver\u00e1 respaldada por la reanudaci\u00f3n de los proyectos de inversi\u00f3n de capital p\u00fablico pospuestos durante la pandemia y una recuperaci\u00f3n de la demanda tras la fuerte subida del impuesto al valor agregado.<\/p>\n\n\n\n<p>En la Rep\u00fablica \u00c1rabe de Egipto, se espera que el crecimiento se desacelere al 2,7% en el a\u00f1o fiscal 2020\/2021, en medio de un colapso en el turismo, las industrias de extracci\u00f3n de gas y una desaceleraci\u00f3n en otros sectores clave como la manufactura, no obstante, las oportunidades son numerosas dados los proyectos que hay, especialmente en infraestructuras.<\/p>","protected":false},"excerpt":{"rendered":"<p>La COVID-19 ha exacerbado los riesgos asociados con una ola de acumulaci\u00f3n de deuda a nivel mundial que ha durado una d\u00e9cada. El Banco Mundial prev\u00e9 que la actividad econ\u00f3mica mundial aumentar\u00e1 un 4&nbsp;% en 2021. En&nbsp;Oriente Medio y Norte de \u00c1frica&nbsp;se prev\u00e9 que la actividad econ\u00f3mica regional aumente un 2,1&nbsp;% este a\u00f1o.&nbsp;La mayor\u00eda de<a class=\"more-link\" href=\"https:\/\/esteireconsulting.com\/en\/expertos-en-oriente-medio\">Continue reading <span class=\"screen-reader-text\">\u00abExpertos en Oriente Medio\u00bb<\/span><\/a><\/p>","protected":false},"author":1,"featured_media":0,"parent":0,"menu_order":0,"comment_status":"closed","ping_status":"closed","template":"","meta":{"footnotes":""},"yoast_head":"<!-- This site is optimized with the Yoast SEO plugin v22.6 - https:\/\/yoast.com\/wordpress\/plugins\/seo\/ -->\n<title>Expertos en Oriente Medio -<\/title>\n<meta name=\"robots\" content=\"index, follow, max-snippet:-1, max-image-preview:large, max-video-preview:-1\" \/>\n<link rel=\"canonical\" href=\"https:\/\/esteireconsulting.com\/en\/expertos-en-oriente-medio\/\" \/>\n<meta property=\"og:locale\" content=\"en_US\" \/>\n<meta property=\"og:type\" content=\"article\" \/>\n<meta property=\"og:title\" content=\"Expertos en Oriente Medio -\" \/>\n<meta property=\"og:description\" content=\"La COVID-19 ha exacerbado los riesgos asociados con una ola de acumulaci\u00f3n de deuda a nivel mundial que ha durado una d\u00e9cada. El Banco Mundial prev\u00e9 que la actividad econ\u00f3mica mundial aumentar\u00e1 un 4&nbsp;% en 2021. En&nbsp;Oriente Medio y Norte de \u00c1frica&nbsp;se prev\u00e9 que la actividad econ\u00f3mica regional aumente un 2,1&nbsp;% este a\u00f1o.&nbsp;La mayor\u00eda deContinue reading &quot;Expertos en Oriente Medio&quot;\" \/>\n<meta property=\"og:url\" content=\"https:\/\/esteireconsulting.com\/en\/expertos-en-oriente-medio\/\" \/>\n<meta property=\"article:modified_time\" content=\"2021-01-31T17:16:28+00:00\" \/>\n<meta property=\"og:image\" content=\"http:\/\/esteireconsulting.com\/wp-content\/uploads\/2021\/01\/Catar-destaque.jpg\" \/>\n<meta name=\"twitter:card\" content=\"summary_large_image\" \/>\n<meta name=\"twitter:label1\" content=\"Est. reading time\" \/>\n\t<meta name=\"twitter:data1\" content=\"1 minute\" \/>\n<script type=\"application\/ld+json\" class=\"yoast-schema-graph\">{\"@context\":\"https:\/\/schema.org\",\"@graph\":[{\"@type\":\"WebPage\",\"@id\":\"https:\/\/esteireconsulting.com\/expertos-en-oriente-medio\",\"url\":\"https:\/\/esteireconsulting.com\/expertos-en-oriente-medio\",\"name\":\"Expertos en Oriente Medio -\",\"isPartOf\":{\"@id\":\"https:\/\/esteireconsulting.com\/#website\"},\"primaryImageOfPage\":{\"@id\":\"https:\/\/esteireconsulting.com\/expertos-en-oriente-medio#primaryimage\"},\"image\":{\"@id\":\"https:\/\/esteireconsulting.com\/expertos-en-oriente-medio#primaryimage\"},\"thumbnailUrl\":\"http:\/\/esteireconsulting.com\/wp-content\/uploads\/2021\/01\/Catar-destaque.jpg\",\"datePublished\":\"2021-01-31T12:47:18+00:00\",\"dateModified\":\"2021-01-31T17:16:28+00:00\",\"breadcrumb\":{\"@id\":\"https:\/\/esteireconsulting.com\/expertos-en-oriente-medio#breadcrumb\"},\"inLanguage\":\"en-US\",\"potentialAction\":[{\"@type\":\"ReadAction\",\"target\":[\"https:\/\/esteireconsulting.com\/expertos-en-oriente-medio\"]}]},{\"@type\":\"ImageObject\",\"inLanguage\":\"en-US\",\"@id\":\"https:\/\/esteireconsulting.com\/expertos-en-oriente-medio#primaryimage\",\"url\":\"http:\/\/esteireconsulting.com\/wp-content\/uploads\/2021\/01\/Catar-destaque.jpg\",\"contentUrl\":\"http:\/\/esteireconsulting.com\/wp-content\/uploads\/2021\/01\/Catar-destaque.jpg\"},{\"@type\":\"BreadcrumbList\",\"@id\":\"https:\/\/esteireconsulting.com\/expertos-en-oriente-medio#breadcrumb\",\"itemListElement\":[{\"@type\":\"ListItem\",\"position\":1,\"name\":\"Portada\",\"item\":\"https:\/\/esteireconsulting.com\/\"},{\"@type\":\"ListItem\",\"position\":2,\"name\":\"Expertos en Oriente Medio\"}]},{\"@type\":\"WebSite\",\"@id\":\"https:\/\/esteireconsulting.com\/#website\",\"url\":\"https:\/\/esteireconsulting.com\/\",\"name\":\"\",\"description\":\"\",\"potentialAction\":[{\"@type\":\"SearchAction\",\"target\":{\"@type\":\"EntryPoint\",\"urlTemplate\":\"https:\/\/esteireconsulting.com\/?s={search_term_string}\"},\"query-input\":\"required name=search_term_string\"}],\"inLanguage\":\"en-US\"}]}<\/script>\n<!-- \/ Yoast SEO plugin. -->","yoast_head_json":{"title":"Expertos en Oriente Medio -","robots":{"index":"index","follow":"follow","max-snippet":"max-snippet:-1","max-image-preview":"max-image-preview:large","max-video-preview":"max-video-preview:-1"},"canonical":"https:\/\/esteireconsulting.com\/en\/expertos-en-oriente-medio\/","og_locale":"en_US","og_type":"article","og_title":"Expertos en Oriente Medio -","og_description":"La COVID-19 ha exacerbado los riesgos asociados con una ola de acumulaci\u00f3n de deuda a nivel mundial que ha durado una d\u00e9cada. El Banco Mundial prev\u00e9 que la actividad econ\u00f3mica mundial aumentar\u00e1 un 4&nbsp;% en 2021. En&nbsp;Oriente Medio y Norte de \u00c1frica&nbsp;se prev\u00e9 que la actividad econ\u00f3mica regional aumente un 2,1&nbsp;% este a\u00f1o.&nbsp;La mayor\u00eda deContinue reading \"Expertos en Oriente Medio\"","og_url":"https:\/\/esteireconsulting.com\/en\/expertos-en-oriente-medio\/","article_modified_time":"2021-01-31T17:16:28+00:00","og_image":[{"url":"http:\/\/esteireconsulting.com\/wp-content\/uploads\/2021\/01\/Catar-destaque.jpg"}],"twitter_card":"summary_large_image","twitter_misc":{"Est. reading time":"1 minute"},"schema":{"@context":"https:\/\/schema.org","@graph":[{"@type":"WebPage","@id":"https:\/\/esteireconsulting.com\/expertos-en-oriente-medio","url":"https:\/\/esteireconsulting.com\/expertos-en-oriente-medio","name":"Expertos en Oriente Medio -","isPartOf":{"@id":"https:\/\/esteireconsulting.com\/#website"},"primaryImageOfPage":{"@id":"https:\/\/esteireconsulting.com\/expertos-en-oriente-medio#primaryimage"},"image":{"@id":"https:\/\/esteireconsulting.com\/expertos-en-oriente-medio#primaryimage"},"thumbnailUrl":"http:\/\/esteireconsulting.com\/wp-content\/uploads\/2021\/01\/Catar-destaque.jpg","datePublished":"2021-01-31T12:47:18+00:00","dateModified":"2021-01-31T17:16:28+00:00","breadcrumb":{"@id":"https:\/\/esteireconsulting.com\/expertos-en-oriente-medio#breadcrumb"},"inLanguage":"en-US","potentialAction":[{"@type":"ReadAction","target":["https:\/\/esteireconsulting.com\/expertos-en-oriente-medio"]}]},{"@type":"ImageObject","inLanguage":"en-US","@id":"https:\/\/esteireconsulting.com\/expertos-en-oriente-medio#primaryimage","url":"http:\/\/esteireconsulting.com\/wp-content\/uploads\/2021\/01\/Catar-destaque.jpg","contentUrl":"http:\/\/esteireconsulting.com\/wp-content\/uploads\/2021\/01\/Catar-destaque.jpg"},{"@type":"BreadcrumbList","@id":"https:\/\/esteireconsulting.com\/expertos-en-oriente-medio#breadcrumb","itemListElement":[{"@type":"ListItem","position":1,"name":"Portada","item":"https:\/\/esteireconsulting.com\/"},{"@type":"ListItem","position":2,"name":"Expertos en Oriente Medio"}]},{"@type":"WebSite","@id":"https:\/\/esteireconsulting.com\/#website","url":"https:\/\/esteireconsulting.com\/","name":"","description":"","potentialAction":[{"@type":"SearchAction","target":{"@type":"EntryPoint","urlTemplate":"https:\/\/esteireconsulting.com\/?s={search_term_string}"},"query-input":"required name=search_term_string"}],"inLanguage":"en-US"}]}},"_links":{"self":[{"href":"https:\/\/esteireconsulting.com\/en\/wp-json\/wp\/v2\/pages\/1467"}],"collection":[{"href":"https:\/\/esteireconsulting.com\/en\/wp-json\/wp\/v2\/pages"}],"about":[{"href":"https:\/\/esteireconsulting.com\/en\/wp-json\/wp\/v2\/types\/page"}],"author":[{"embeddable":true,"href":"https:\/\/esteireconsulting.com\/en\/wp-json\/wp\/v2\/users\/1"}],"replies":[{"embeddable":true,"href":"https:\/\/esteireconsulting.com\/en\/wp-json\/wp\/v2\/comments?post=1467"}],"version-history":[{"count":3,"href":"https:\/\/esteireconsulting.com\/en\/wp-json\/wp\/v2\/pages\/1467\/revisions"}],"predecessor-version":[{"id":1510,"href":"https:\/\/esteireconsulting.com\/en\/wp-json\/wp\/v2\/pages\/1467\/revisions\/1510"}],"wp:attachment":[{"href":"https:\/\/esteireconsulting.com\/en\/wp-json\/wp\/v2\/media?parent=1467"}],"curies":[{"name":"wp","href":"https:\/\/api.w.org\/{rel}","templated":true}]}}