{"id":1104,"date":"2021-01-28T17:11:30","date_gmt":"2021-01-28T17:11:30","guid":{"rendered":"http:\/\/esteireconsulting.com\/?page_id=1104"},"modified":"2021-08-16T06:26:05","modified_gmt":"2021-08-16T06:26:05","slug":"movilidad","status":"publish","type":"page","link":"https:\/\/esteireconsulting.com\/en\/movilidad","title":{"rendered":"Mobility"},"content":{"rendered":"<div style=\"height:21px\" aria-hidden=\"true\" class=\"wp-block-spacer\"><\/div>\n\n\n\n<div class=\"wp-block-buttons alignfull is-content-justification-right home_01 is-layout-flex wp-block-buttons-is-layout-flex\">\n<div class=\"wp-block-button\"><a class=\"wp-block-button__link has-foreground-color has-background-background-color has-text-color has-background\" href=\"http:\/\/esteireconsulting.com\/en\/\">Home<\/a><\/div>\n\n\n\n<div class=\"wp-block-button\"><a class=\"wp-block-button__link has-foreground-color has-background-background-color has-text-color has-background\" href=\"http:\/\/esteireconsulting.com\/en\/sobre-nosotros\/\">About Us<\/a><\/div>\n\n\n\n<div class=\"wp-block-button\"><a class=\"wp-block-button__link has-foreground-color has-background-background-color has-text-color has-background\" href=\"http:\/\/esteireconsulting.com\/en\/partners\/\">Partners<\/a><\/div>\n\n\n\n<div class=\"wp-block-button\"><a class=\"wp-block-button__link has-foreground-color has-background-background-color has-text-color has-background\" href=\"http:\/\/esteireconsulting.com\/en\/paises\/\">Countries<\/a><\/div>\n\n\n\n<div class=\"wp-block-button\"><a class=\"wp-block-button__link has-foreground-color has-background-background-color has-text-color has-background\" href=\"http:\/\/esteireconsulting.com\/en\/testimonios\/\">Testimonials<\/a><\/div>\n\n\n\n<div class=\"wp-block-button\"><a class=\"wp-block-button__link has-foreground-color has-background-background-color has-text-color has-background\" href=\"http:\/\/esteireconsulting.com\/en\/blog-esteire\/\">Blog<\/a><\/div>\n\n\n\n<div class=\"wp-block-button\"><a class=\"wp-block-button__link has-foreground-color has-background-background-color has-text-color has-background\" href=\"http:\/\/esteireconsulting.com\/en\/contacto\/\">Contact us<\/a><\/div>\n<\/div>\n\n\n\n<p><\/p>\n\n\n\n<hr class=\"wp-block-separator alignfull has-text-color has-background has-foreground-dark-background-color has-foreground-dark-color is-style-wide full_width\"\/>\n\n\n\n<div class=\"wp-block-media-text alignwide is-image-fill is-stacked-on-mobile\" style=\"grid-template-columns:53% auto\"><figure class=\"wp-block-media-text__media\" style=\"background-image:url(http:\/\/esteireconsulting.com\/wp-content\/uploads\/2021\/01\/captura-de-pantalla-2021-01-20-a-las-21.29.23.png);background-position:50% 50%\"><img decoding=\"async\" loading=\"lazy\" width=\"750\" height=\"447\" src=\"http:\/\/esteireconsulting.com\/wp-content\/uploads\/2021\/01\/captura-de-pantalla-2021-01-20-a-las-21.29.23.png\" alt=\"\" class=\"wp-image-1107 size-full\" srcset=\"https:\/\/esteireconsulting.com\/wp-content\/uploads\/2021\/01\/captura-de-pantalla-2021-01-20-a-las-21.29.23.png 750w, https:\/\/esteireconsulting.com\/wp-content\/uploads\/2021\/01\/captura-de-pantalla-2021-01-20-a-las-21.29.23-300x179.png 300w\" sizes=\"(max-width: 750px) 100vw, 750px\" \/><\/figure><div class=\"wp-block-media-text__content\">\n<h2 class=\"wp-block-heading\" id=\"block-d2a8c256-10b9-4652-adbc-ac89527265d5\"><a rel=\"noreferrer noopener\" href=\"http:\/\/eysaservicios.com(abre en una nueva pesta\u00f1a)\" target=\"_blank\">Eysa Servicios<\/a><\/h2>\n\n\n\n<p class=\"has-small-font-size\">Estacionamientos y Servicios (EYSA) is a European smart mobility company established 40 years ago. A leader in the parking management industry, with more than 150 cities in operation in Spain and a growing presence in France, Latin America, Costa Rica, Mexico. and the United States. With 1,600 employees, EYSA manages more than 170,000 parking spaces. Its software tool, ParkXplorer, covers all issues related to application, parking meter maintenance, and revenue collection and reconciliation. Our software can manage big data and report, in real time, what is happening in the service. EYSA has also created disruptive business models and services under a holistic mobility management approach for smart cities.<\/p>\n<\/div><\/div>\n\n\n\n<div class=\"wp-block-media-text alignwide has-media-on-the-right is-image-fill is-stacked-on-mobile\" style=\"grid-template-columns:auto 46%\"><figure class=\"wp-block-media-text__media\" style=\"background-image:url(http:\/\/esteireconsulting.com\/wp-content\/uploads\/2021\/03\/Captura-de-pantalla-2021-03-01-a-las-13.17.47-1024x601.png);background-position:79% 45%\"><img decoding=\"async\" loading=\"lazy\" width=\"1024\" height=\"601\" src=\"http:\/\/esteireconsulting.com\/wp-content\/uploads\/2021\/03\/Captura-de-pantalla-2021-03-01-a-las-13.17.47-1024x601.png\" alt=\"\" class=\"wp-image-2167 size-full\" srcset=\"https:\/\/esteireconsulting.com\/wp-content\/uploads\/2021\/03\/Captura-de-pantalla-2021-03-01-a-las-13.17.47-1024x601.png 1024w, https:\/\/esteireconsulting.com\/wp-content\/uploads\/2021\/03\/Captura-de-pantalla-2021-03-01-a-las-13.17.47-300x176.png 300w, https:\/\/esteireconsulting.com\/wp-content\/uploads\/2021\/03\/Captura-de-pantalla-2021-03-01-a-las-13.17.47-768x451.png 768w, https:\/\/esteireconsulting.com\/wp-content\/uploads\/2021\/03\/Captura-de-pantalla-2021-03-01-a-las-13.17.47.png 1502w\" sizes=\"(max-width: 1024px) 100vw, 1024px\" \/><\/figure><div class=\"wp-block-media-text__content\">\n<h2 class=\"has-text-align-right wp-block-heading\" id=\"block-d2a8c256-10b9-4652-adbc-ac89527265d5\"><a href=\"https:\/\/www.omniflow.io\/\" target=\"_blank\" rel=\"noreferrer noopener\">Omniflow<\/a><\/h2>\n\n\n\n<p class=\"has-text-align-right has-small-font-size\" id=\"block-228ce4d9-be44-42d1-8445-e70d2fa478a4\">Soluciones para construir smart cities. Omniflow ofrece soluciones de movilidad e iluminaci\u00f3n absolutamente disruptivas. La plataforma de energ\u00eda inteligente Omniled, agrega m\u00faltiples capas de servicio para ser utilizadas en muchas aplicaciones como Smart Lighting con integraci\u00f3n de 5G \/ LTE \/ WIFI, soluciones de movilidad, seguridad con an\u00e1lisis inteligente y Edge Computing. Con su soluci\u00f3n, las ciudades pueden transformar una simple farola en un objeto carbono neutral que se puede utilizar para m\u00faltiples prop\u00f3sitos de IoT en una sola infraestructura sin la necesidad de crear nuevas. Proporcion espacio y energ\u00eda \/ UPS para las funcionalidades del futuro, con un modelo de negocio que puede generar ingresos para el propietario del dispositivo alquilando el espacio interior para aplicaciones finales.<\/p>\n<\/div><\/div>\n\n\n\n<div style=\"height:38px\" aria-hidden=\"true\" class=\"wp-block-spacer\"><\/div>\n\n\n\n<h2 class=\"has-text-align-center wp-block-heading\">Efficient mobility for smart cities<\/h2>\n\n\n\n<div style=\"height:136px\" aria-hidden=\"true\" class=\"wp-block-spacer\"><\/div>\n\n\n\n<div class=\"wp-block-columns are-vertically-aligned-center footer_1 is-layout-flex wp-container-core-columns-is-layout-1 wp-block-columns-is-layout-flex\">\n<div class=\"wp-block-column is-layout-flow wp-block-column-is-layout-flow\">\n<p class=\"has-text-align-center\">2021<\/p>\n<\/div>\n\n\n\n<div class=\"wp-block-column is-vertically-aligned-center is-layout-flow wp-block-column-is-layout-flow\">\n<div class=\"wp-block-buttons is-content-justification-center is-layout-flex wp-block-buttons-is-layout-flex\">\n<div class=\"wp-block-button botenes-footer is-style-outline\"><a class=\"wp-block-button__link has-foreground-color has-background-background-color has-text-color has-background\" href=\"http:\/\/esteireconsulting.com\/en\/aviso-legal\/\">Legal warning<\/a><\/div>\n<\/div>\n<\/div>\n\n\n\n<div class=\"wp-block-column is-vertically-aligned-center is-layout-flow wp-block-column-is-layout-flow\">\n<div class=\"wp-block-buttons is-content-justification-center is-layout-flex wp-block-buttons-is-layout-flex\">\n<div class=\"wp-block-button is-style-outline\"><a class=\"wp-block-button__link has-foreground-color has-background-background-color has-text-color has-background\" href=\"http:\/\/esteireconsulting.com\/en\/cookies\/\">Cookies<\/a><\/div>\n<\/div>\n<\/div>\n\n\n\n<div class=\"wp-block-column is-vertically-aligned-center is-layout-flow wp-block-column-is-layout-flow\">\n<div class=\"wp-block-buttons is-content-justification-center is-layout-flex wp-block-buttons-is-layout-flex\">\n<div class=\"wp-block-button is-style-outline\"><a class=\"wp-block-button__link has-foreground-color has-background-background-color has-text-color has-background\" href=\"http:\/\/esteireconsulting.com\/en\/contacto-est\/\">Contact us<\/a><\/div>\n<\/div>\n<\/div>\n<\/div>","protected":false},"excerpt":{"rendered":"<p>Eysa Servicios Estacionamientos y Servicios (EYSA) es una empresa europea de movilidad inteligente establecida desde hace 40 a\u00f1os l\u00edder en la industria de gesti\u00f3n de estacionamiento, con m\u00e1s de 150 ciudades en operaci\u00f3n en Espa\u00f1a y una presencia creciente en Francia, Am\u00e9rica Latina, Costa Rica, M\u00e9xico y los Estados Unidos. Con 1600 trabajadores EYSA gestiona<a class=\"more-link\" href=\"https:\/\/esteireconsulting.com\/en\/movilidad\">Continue reading <span class=\"screen-reader-text\">\u00abMovilidad\u00bb<\/span><\/a><\/p>","protected":false},"author":1,"featured_media":0,"parent":0,"menu_order":0,"comment_status":"closed","ping_status":"closed","template":"","meta":{"footnotes":""},"yoast_head":"<!-- This site is optimized with the Yoast SEO plugin v22.6 - https:\/\/yoast.com\/wordpress\/plugins\/seo\/ -->\n<title>Movilidad -<\/title>\n<meta name=\"robots\" content=\"index, follow, max-snippet:-1, max-image-preview:large, max-video-preview:-1\" \/>\n<link rel=\"canonical\" href=\"https:\/\/esteireconsulting.com\/en\/movilidad\/\" \/>\n<meta property=\"og:locale\" content=\"en_US\" \/>\n<meta property=\"og:type\" content=\"article\" \/>\n<meta property=\"og:title\" content=\"Movilidad -\" \/>\n<meta property=\"og:description\" content=\"Eysa Servicios Estacionamientos y Servicios (EYSA) es una empresa europea de movilidad inteligente establecida desde hace 40 a\u00f1os l\u00edder en la industria de gesti\u00f3n de estacionamiento, con m\u00e1s de 150 ciudades en operaci\u00f3n en Espa\u00f1a y una presencia creciente en Francia, Am\u00e9rica Latina, Costa Rica, M\u00e9xico y los Estados Unidos. Con 1600 trabajadores EYSA gestionaContinue reading &quot;Movilidad&quot;\" \/>\n<meta property=\"og:url\" content=\"https:\/\/esteireconsulting.com\/en\/movilidad\/\" \/>\n<meta property=\"article:modified_time\" content=\"2021-08-16T06:26:05+00:00\" \/>\n<meta property=\"og:image\" content=\"http:\/\/esteireconsulting.com\/wp-content\/uploads\/2021\/01\/captura-de-pantalla-2021-01-20-a-las-21.29.23.png\" \/>\n<meta name=\"twitter:card\" content=\"summary_large_image\" \/>\n<meta name=\"twitter:label1\" content=\"Est. reading time\" \/>\n\t<meta name=\"twitter:data1\" content=\"1 minute\" \/>\n<script type=\"application\/ld+json\" class=\"yoast-schema-graph\">{\"@context\":\"https:\/\/schema.org\",\"@graph\":[{\"@type\":\"WebPage\",\"@id\":\"https:\/\/esteireconsulting.com\/movilidad\",\"url\":\"https:\/\/esteireconsulting.com\/movilidad\",\"name\":\"Movilidad -\",\"isPartOf\":{\"@id\":\"https:\/\/esteireconsulting.com\/#website\"},\"primaryImageOfPage\":{\"@id\":\"https:\/\/esteireconsulting.com\/movilidad#primaryimage\"},\"image\":{\"@id\":\"https:\/\/esteireconsulting.com\/movilidad#primaryimage\"},\"thumbnailUrl\":\"http:\/\/esteireconsulting.com\/wp-content\/uploads\/2021\/01\/captura-de-pantalla-2021-01-20-a-las-21.29.23.png\",\"datePublished\":\"2021-01-28T17:11:30+00:00\",\"dateModified\":\"2021-08-16T06:26:05+00:00\",\"breadcrumb\":{\"@id\":\"https:\/\/esteireconsulting.com\/movilidad#breadcrumb\"},\"inLanguage\":\"en-US\",\"potentialAction\":[{\"@type\":\"ReadAction\",\"target\":[\"https:\/\/esteireconsulting.com\/movilidad\"]}]},{\"@type\":\"ImageObject\",\"inLanguage\":\"en-US\",\"@id\":\"https:\/\/esteireconsulting.com\/movilidad#primaryimage\",\"url\":\"http:\/\/esteireconsulting.com\/wp-content\/uploads\/2021\/01\/captura-de-pantalla-2021-01-20-a-las-21.29.23.png\",\"contentUrl\":\"http:\/\/esteireconsulting.com\/wp-content\/uploads\/2021\/01\/captura-de-pantalla-2021-01-20-a-las-21.29.23.png\"},{\"@type\":\"BreadcrumbList\",\"@id\":\"https:\/\/esteireconsulting.com\/movilidad#breadcrumb\",\"itemListElement\":[{\"@type\":\"ListItem\",\"position\":1,\"name\":\"Portada\",\"item\":\"https:\/\/esteireconsulting.com\/\"},{\"@type\":\"ListItem\",\"position\":2,\"name\":\"Movilidad\"}]},{\"@type\":\"WebSite\",\"@id\":\"https:\/\/esteireconsulting.com\/#website\",\"url\":\"https:\/\/esteireconsulting.com\/\",\"name\":\"\",\"description\":\"\",\"potentialAction\":[{\"@type\":\"SearchAction\",\"target\":{\"@type\":\"EntryPoint\",\"urlTemplate\":\"https:\/\/esteireconsulting.com\/?s={search_term_string}\"},\"query-input\":\"required name=search_term_string\"}],\"inLanguage\":\"en-US\"}]}<\/script>\n<!-- \/ Yoast SEO plugin. -->","yoast_head_json":{"title":"Movilidad -","robots":{"index":"index","follow":"follow","max-snippet":"max-snippet:-1","max-image-preview":"max-image-preview:large","max-video-preview":"max-video-preview:-1"},"canonical":"https:\/\/esteireconsulting.com\/en\/movilidad\/","og_locale":"en_US","og_type":"article","og_title":"Movilidad -","og_description":"Eysa Servicios Estacionamientos y Servicios (EYSA) es una empresa europea de movilidad inteligente establecida desde hace 40 a\u00f1os l\u00edder en la industria de gesti\u00f3n de estacionamiento, con m\u00e1s de 150 ciudades en operaci\u00f3n en Espa\u00f1a y una presencia creciente en Francia, Am\u00e9rica Latina, Costa Rica, M\u00e9xico y los Estados Unidos. Con 1600 trabajadores EYSA gestionaContinue reading \"Movilidad\"","og_url":"https:\/\/esteireconsulting.com\/en\/movilidad\/","article_modified_time":"2021-08-16T06:26:05+00:00","og_image":[{"url":"http:\/\/esteireconsulting.com\/wp-content\/uploads\/2021\/01\/captura-de-pantalla-2021-01-20-a-las-21.29.23.png"}],"twitter_card":"summary_large_image","twitter_misc":{"Est. reading time":"1 minute"},"schema":{"@context":"https:\/\/schema.org","@graph":[{"@type":"WebPage","@id":"https:\/\/esteireconsulting.com\/movilidad","url":"https:\/\/esteireconsulting.com\/movilidad","name":"Movilidad -","isPartOf":{"@id":"https:\/\/esteireconsulting.com\/#website"},"primaryImageOfPage":{"@id":"https:\/\/esteireconsulting.com\/movilidad#primaryimage"},"image":{"@id":"https:\/\/esteireconsulting.com\/movilidad#primaryimage"},"thumbnailUrl":"http:\/\/esteireconsulting.com\/wp-content\/uploads\/2021\/01\/captura-de-pantalla-2021-01-20-a-las-21.29.23.png","datePublished":"2021-01-28T17:11:30+00:00","dateModified":"2021-08-16T06:26:05+00:00","breadcrumb":{"@id":"https:\/\/esteireconsulting.com\/movilidad#breadcrumb"},"inLanguage":"en-US","potentialAction":[{"@type":"ReadAction","target":["https:\/\/esteireconsulting.com\/movilidad"]}]},{"@type":"ImageObject","inLanguage":"en-US","@id":"https:\/\/esteireconsulting.com\/movilidad#primaryimage","url":"http:\/\/esteireconsulting.com\/wp-content\/uploads\/2021\/01\/captura-de-pantalla-2021-01-20-a-las-21.29.23.png","contentUrl":"http:\/\/esteireconsulting.com\/wp-content\/uploads\/2021\/01\/captura-de-pantalla-2021-01-20-a-las-21.29.23.png"},{"@type":"BreadcrumbList","@id":"https:\/\/esteireconsulting.com\/movilidad#breadcrumb","itemListElement":[{"@type":"ListItem","position":1,"name":"Portada","item":"https:\/\/esteireconsulting.com\/"},{"@type":"ListItem","position":2,"name":"Movilidad"}]},{"@type":"WebSite","@id":"https:\/\/esteireconsulting.com\/#website","url":"https:\/\/esteireconsulting.com\/","name":"","description":"","potentialAction":[{"@type":"SearchAction","target":{"@type":"EntryPoint","urlTemplate":"https:\/\/esteireconsulting.com\/?s={search_term_string}"},"query-input":"required name=search_term_string"}],"inLanguage":"en-US"}]}},"_links":{"self":[{"href":"https:\/\/esteireconsulting.com\/en\/wp-json\/wp\/v2\/pages\/1104"}],"collection":[{"href":"https:\/\/esteireconsulting.com\/en\/wp-json\/wp\/v2\/pages"}],"about":[{"href":"https:\/\/esteireconsulting.com\/en\/wp-json\/wp\/v2\/types\/page"}],"author":[{"embeddable":true,"href":"https:\/\/esteireconsulting.com\/en\/wp-json\/wp\/v2\/users\/1"}],"replies":[{"embeddable":true,"href":"https:\/\/esteireconsulting.com\/en\/wp-json\/wp\/v2\/comments?post=1104"}],"version-history":[{"count":17,"href":"https:\/\/esteireconsulting.com\/en\/wp-json\/wp\/v2\/pages\/1104\/revisions"}],"predecessor-version":[{"id":2581,"href":"https:\/\/esteireconsulting.com\/en\/wp-json\/wp\/v2\/pages\/1104\/revisions\/2581"}],"wp:attachment":[{"href":"https:\/\/esteireconsulting.com\/en\/wp-json\/wp\/v2\/media?parent=1104"}],"curies":[{"name":"wp","href":"https:\/\/api.w.org\/{rel}","templated":true}]}}